{"id":3276,"date":"2021-05-31T18:00:14","date_gmt":"2021-05-31T18:00:14","guid":{"rendered":"https:\/\/blogsaverroes.juntadeandalucia.es\/ceipjuan23barbate\/?page_id=3276"},"modified":"2022-03-02T11:59:12","modified_gmt":"2022-03-02T11:59:12","slug":"aula-matinal","status":"publish","type":"page","link":"https:\/\/blogsaverroes.juntadeandalucia.es\/ceipjuan23barbate\/aula-matinal\/","title":{"rendered":"Aula matinal"},"content":{"rendered":"<p style=\"text-align: justify\"><strong>Para el a\u00f1o escolar 2022-2023 volveremos a contar con el servicio de aula matinal.&nbsp;<\/strong><\/p>\n<p style=\"text-align: justify\">Se trata una actividad promovida por la Junta de Andaluc\u00eda para dar respuesta a la creciente demanda originada por las exigencias laborales de los padres y madres, andaluces, para conciliar la vida laboral y escolar, confiando el cuidado de sus hijos durante el horario de 7:30 a 9:00 h., momento en el que da comienzo la actividad escolar.<\/p>\n<p style=\"text-align: justify\">Durante este per\u00edodo de tiempo, los ni\u00f1os realizan diversas actividades de car\u00e1cter l\u00fadico y educativo, adecuadas a su edad y desarrollo madurativo:&nbsp; pl\u00e1stica, dibujo, lectura, psicomotricidad, juegos populares, etc.<\/p>\n<p style=\"text-align: justify\">La atenci\u00f3n al alumnado de aula matinal se realiza por personal cualificado, entre cuyas funciones est\u00e1n las medidas de vigilancia y atenci\u00f3n educativa que precisen los menores en funci\u00f3n de su edad y necesidades.<\/p>\n<p style=\"text-align: justify\">En el CEIP JUAN XXIII, volveremos a ofertar dicho servicio para el pr\u00f3ximo curso escolar 2022- 2023, siendo la empresa adjudicataria la misma del presente curso: ZENDA.<\/p>\n<p>En posteriores fechas iremos actualizando la informaci\u00f3n, a\u00f1adiendo tanto el calendario de procedimiento de admisi\u00f3n como la organizaci\u00f3n y funcionamiento, el precio y los correspondientes impresos.&nbsp;<\/p>\n<p>&nbsp;<\/p>\n","protected":false},"excerpt":{"rendered":"<p>Para el a\u00f1o escolar 2022-2023 volveremos a contar con el servicio de aula matinal.&nbsp; Se trata una actividad promovida por la Junta de Andaluc\u00eda para dar respuesta a la creciente demanda originada por las&#46;&#46;&#46;<\/p>\n","protected":false},"author":4600,"featured_media":0,"parent":0,"menu_order":0,"comment_status":"closed","ping_status":"closed","template":"","meta":{"ngg_post_thumbnail":0,"footnotes":"","_mc_calendar":[]},"aioseo_notices":[],"_links":{"self":[{"href":"https:\/\/blogsaverroes.juntadeandalucia.es\/ceipjuan23barbate\/wp-json\/wp\/v2\/pages\/3276"}],"collection":[{"href":"https:\/\/blogsaverroes.juntadeandalucia.es\/ceipjuan23barbate\/wp-json\/wp\/v2\/pages"}],"about":[{"href":"https:\/\/blogsaverroes.juntadeandalucia.es\/ceipjuan23barbate\/wp-json\/wp\/v2\/types\/page"}],"author":[{"embeddable":true,"href":"https:\/\/blogsaverroes.juntadeandalucia.es\/ceipjuan23barbate\/wp-json\/wp\/v2\/users\/4600"}],"replies":[{"embeddable":true,"href":"https:\/\/blogsaverroes.juntadeandalucia.es\/ceipjuan23barbate\/wp-json\/wp\/v2\/comments?post=3276"}],"version-history":[{"count":4,"href":"https:\/\/blogsaverroes.juntadeandalucia.es\/ceipjuan23barbate\/wp-json\/wp\/v2\/pages\/3276\/revisions"}],"predecessor-version":[{"id":3473,"href":"https:\/\/blogsaverroes.juntadeandalucia.es\/ceipjuan23barbate\/wp-json\/wp\/v2\/pages\/3276\/revisions\/3473"}],"wp:attachment":[{"href":"https:\/\/blogsaverroes.juntadeandalucia.es\/ceipjuan23barbate\/wp-json\/wp\/v2\/media?parent=3276"}],"curies":[{"name":"wp","href":"https:\/\/api.w.org\/{rel}","templated":true}]}}