{"id":3402,"date":"2021-11-29T10:03:17","date_gmt":"2021-11-29T10:03:17","guid":{"rendered":"https:\/\/blogsaverroes.juntadeandalucia.es\/ceipjuan23barbate\/?page_id=3402"},"modified":"2021-11-29T10:03:17","modified_gmt":"2021-11-29T10:03:17","slug":"dia-del-flamenco-2021","status":"publish","type":"page","link":"https:\/\/blogsaverroes.juntadeandalucia.es\/ceipjuan23barbate\/dia-del-flamenco-2021\/","title":{"rendered":"D\u00eda del Flamenco 2021"},"content":{"rendered":"<p><a href=\"https:\/\/blogsaverroes.juntadeandalucia.es\/ceipjuan23barbate\/files\/2021\/11\/WhatsApp-Image-2021-11-22-at-10.58.32.jpeg\"><img loading=\"lazy\" decoding=\"async\" class=\"size-medium wp-image-3403 aligncenter\" src=\"https:\/\/blogsaverroes.juntadeandalucia.es\/ceipjuan23barbate\/files\/2021\/11\/WhatsApp-Image-2021-11-22-at-10.58.32-300x225.jpeg\" alt=\"\" width=\"300\" height=\"225\" srcset=\"https:\/\/blogsaverroes.juntadeandalucia.es\/ceipjuan23barbate\/files\/2021\/11\/WhatsApp-Image-2021-11-22-at-10.58.32-300x225.jpeg 300w, https:\/\/blogsaverroes.juntadeandalucia.es\/ceipjuan23barbate\/files\/2021\/11\/WhatsApp-Image-2021-11-22-at-10.58.32-1024x768.jpeg 1024w, https:\/\/blogsaverroes.juntadeandalucia.es\/ceipjuan23barbate\/files\/2021\/11\/WhatsApp-Image-2021-11-22-at-10.58.32-768x576.jpeg 768w, https:\/\/blogsaverroes.juntadeandalucia.es\/ceipjuan23barbate\/files\/2021\/11\/WhatsApp-Image-2021-11-22-at-10.58.32-1536x1152.jpeg 1536w, https:\/\/blogsaverroes.juntadeandalucia.es\/ceipjuan23barbate\/files\/2021\/11\/WhatsApp-Image-2021-11-22-at-10.58.32.jpeg 1600w\" sizes=\"(max-width: 300px) 100vw, 300px\" \/><\/a><\/p>\n<p>El pasado 16 de noviembre llevamos a cabo la celebraci\u00f3n del d\u00eda del flamenco centr\u00e1ndolo en la mujer. Por clase (excepto infantil que lo hizo por ciclo) se ha trabajado a una cantaora a trav\u00e9s de su biograf\u00eda y una de sus coplas.&nbsp;<\/p>\n<p>Os dejamos los murales realizados.<\/p>\n<p><strong><em>Educaci\u00f3n Infantil<\/em><\/strong><\/p>\n<p><a href=\"https:\/\/blogsaverroes.juntadeandalucia.es\/ceipjuan23barbate\/files\/2021\/11\/Lola-Flores-EI.jpeg\"><img loading=\"lazy\" decoding=\"async\" class=\"wp-image-3411 aligncenter\" src=\"https:\/\/blogsaverroes.juntadeandalucia.es\/ceipjuan23barbate\/files\/2021\/11\/Lola-Flores-EI-225x300.jpeg\" alt=\"\" width=\"291\" height=\"388\" srcset=\"https:\/\/blogsaverroes.juntadeandalucia.es\/ceipjuan23barbate\/files\/2021\/11\/Lola-Flores-EI-225x300.jpeg 225w, https:\/\/blogsaverroes.juntadeandalucia.es\/ceipjuan23barbate\/files\/2021\/11\/Lola-Flores-EI-768x1024.jpeg 768w, https:\/\/blogsaverroes.juntadeandalucia.es\/ceipjuan23barbate\/files\/2021\/11\/Lola-Flores-EI-1152x1536.jpeg 1152w, https:\/\/blogsaverroes.juntadeandalucia.es\/ceipjuan23barbate\/files\/2021\/11\/Lola-Flores-EI.jpeg 1200w\" sizes=\"(max-width: 291px) 100vw, 291px\" \/><\/a><\/p>\n<p><em><strong>Primero de EP<\/strong><\/em><\/p>\n<p><a href=\"https:\/\/blogsaverroes.juntadeandalucia.es\/ceipjuan23barbate\/files\/2021\/11\/Ni\u00f1a-Pastori-1\u00baEP.jpeg\"><img loading=\"lazy\" decoding=\"async\" class=\"wp-image-3412 aligncenter\" src=\"https:\/\/blogsaverroes.juntadeandalucia.es\/ceipjuan23barbate\/files\/2021\/11\/Ni\u00f1a-Pastori-1\u00baEP-225x300.jpeg\" alt=\"\" width=\"291\" height=\"388\" srcset=\"https:\/\/blogsaverroes.juntadeandalucia.es\/ceipjuan23barbate\/files\/2021\/11\/Ni\u00f1a-Pastori-1\u00baEP-225x300.jpeg 225w, https:\/\/blogsaverroes.juntadeandalucia.es\/ceipjuan23barbate\/files\/2021\/11\/Ni\u00f1a-Pastori-1\u00baEP-768x1024.jpeg 768w, https:\/\/blogsaverroes.juntadeandalucia.es\/ceipjuan23barbate\/files\/2021\/11\/Ni\u00f1a-Pastori-1\u00baEP-1152x1536.jpeg 1152w, https:\/\/blogsaverroes.juntadeandalucia.es\/ceipjuan23barbate\/files\/2021\/11\/Ni\u00f1a-Pastori-1\u00baEP.jpeg 1200w\" sizes=\"(max-width: 291px) 100vw, 291px\" \/><\/a><\/p>\n<p><em><strong>Segundo de EP<\/strong><\/em><\/p>\n<p>&nbsp;<a href=\"https:\/\/blogsaverroes.juntadeandalucia.es\/ceipjuan23barbate\/files\/2021\/11\/Mariana-Cornejo-2\u00baEP.jpeg\"><img loading=\"lazy\" decoding=\"async\" class=\"wp-image-3414 aligncenter\" src=\"https:\/\/blogsaverroes.juntadeandalucia.es\/ceipjuan23barbate\/files\/2021\/11\/Mariana-Cornejo-2\u00baEP-225x300.jpeg\" alt=\"\" width=\"292\" height=\"389\" srcset=\"https:\/\/blogsaverroes.juntadeandalucia.es\/ceipjuan23barbate\/files\/2021\/11\/Mariana-Cornejo-2\u00baEP-225x300.jpeg 225w, https:\/\/blogsaverroes.juntadeandalucia.es\/ceipjuan23barbate\/files\/2021\/11\/Mariana-Cornejo-2\u00baEP-768x1024.jpeg 768w, https:\/\/blogsaverroes.juntadeandalucia.es\/ceipjuan23barbate\/files\/2021\/11\/Mariana-Cornejo-2\u00baEP-1152x1536.jpeg 1152w, https:\/\/blogsaverroes.juntadeandalucia.es\/ceipjuan23barbate\/files\/2021\/11\/Mariana-Cornejo-2\u00baEP.jpeg 1200w\" sizes=\"(max-width: 292px) 100vw, 292px\" \/><\/a><\/p>\n<p><em><strong>Tercero de EP<\/strong><\/em><\/p>\n<p><a href=\"https:\/\/blogsaverroes.juntadeandalucia.es\/ceipjuan23barbate\/files\/2021\/11\/Paquera-de-Jer\u00e9z-3\u00baEP.jpeg\"><img loading=\"lazy\" decoding=\"async\" class=\"wp-image-3416 aligncenter\" src=\"https:\/\/blogsaverroes.juntadeandalucia.es\/ceipjuan23barbate\/files\/2021\/11\/Paquera-de-Jer\u00e9z-3\u00baEP-225x300.jpeg\" alt=\"\" width=\"292\" height=\"389\" srcset=\"https:\/\/blogsaverroes.juntadeandalucia.es\/ceipjuan23barbate\/files\/2021\/11\/Paquera-de-Jer\u00e9z-3\u00baEP-225x300.jpeg 225w, https:\/\/blogsaverroes.juntadeandalucia.es\/ceipjuan23barbate\/files\/2021\/11\/Paquera-de-Jer\u00e9z-3\u00baEP-768x1024.jpeg 768w, https:\/\/blogsaverroes.juntadeandalucia.es\/ceipjuan23barbate\/files\/2021\/11\/Paquera-de-Jer\u00e9z-3\u00baEP-1152x1536.jpeg 1152w, https:\/\/blogsaverroes.juntadeandalucia.es\/ceipjuan23barbate\/files\/2021\/11\/Paquera-de-Jer\u00e9z-3\u00baEP.jpeg 1200w\" sizes=\"(max-width: 292px) 100vw, 292px\" \/><\/a>&nbsp;<\/p>\n<p><em><strong>Cuarto de EP<\/strong><\/em><\/p>\n<p>&nbsp;<a href=\"https:\/\/blogsaverroes.juntadeandalucia.es\/ceipjuan23barbate\/files\/2021\/11\/Estrella-Morente-4\u00baEP.jpeg\"><img loading=\"lazy\" decoding=\"async\" class=\"wp-image-3417 aligncenter\" src=\"https:\/\/blogsaverroes.juntadeandalucia.es\/ceipjuan23barbate\/files\/2021\/11\/Estrella-Morente-4\u00baEP-225x300.jpeg\" alt=\"\" width=\"293\" height=\"391\" srcset=\"https:\/\/blogsaverroes.juntadeandalucia.es\/ceipjuan23barbate\/files\/2021\/11\/Estrella-Morente-4\u00baEP-225x300.jpeg 225w, https:\/\/blogsaverroes.juntadeandalucia.es\/ceipjuan23barbate\/files\/2021\/11\/Estrella-Morente-4\u00baEP-768x1024.jpeg 768w, https:\/\/blogsaverroes.juntadeandalucia.es\/ceipjuan23barbate\/files\/2021\/11\/Estrella-Morente-4\u00baEP-1152x1536.jpeg 1152w, https:\/\/blogsaverroes.juntadeandalucia.es\/ceipjuan23barbate\/files\/2021\/11\/Estrella-Morente-4\u00baEP.jpeg 1200w\" sizes=\"(max-width: 293px) 100vw, 293px\" \/><\/a><\/p>\n<p><em><strong>Quinto de EP<\/strong><\/em><\/p>\n<p><a href=\"https:\/\/blogsaverroes.juntadeandalucia.es\/ceipjuan23barbate\/files\/2021\/11\/Roc\u00edo-Jurado-5\u00baEP.jpeg\"><img loading=\"lazy\" decoding=\"async\" class=\"wp-image-3415 aligncenter\" src=\"https:\/\/blogsaverroes.juntadeandalucia.es\/ceipjuan23barbate\/files\/2021\/11\/Roc\u00edo-Jurado-5\u00baEP-225x300.jpeg\" alt=\"\" width=\"292\" height=\"389\" srcset=\"https:\/\/blogsaverroes.juntadeandalucia.es\/ceipjuan23barbate\/files\/2021\/11\/Roc\u00edo-Jurado-5\u00baEP-225x300.jpeg 225w, https:\/\/blogsaverroes.juntadeandalucia.es\/ceipjuan23barbate\/files\/2021\/11\/Roc\u00edo-Jurado-5\u00baEP-768x1024.jpeg 768w, https:\/\/blogsaverroes.juntadeandalucia.es\/ceipjuan23barbate\/files\/2021\/11\/Roc\u00edo-Jurado-5\u00baEP-1152x1536.jpeg 1152w, https:\/\/blogsaverroes.juntadeandalucia.es\/ceipjuan23barbate\/files\/2021\/11\/Roc\u00edo-Jurado-5\u00baEP.jpeg 1200w\" sizes=\"(max-width: 292px) 100vw, 292px\" \/><\/a><\/p>\n<p><em><strong>Sexto de EP<\/strong><\/em><\/p>\n<p><a href=\"https:\/\/blogsaverroes.juntadeandalucia.es\/ceipjuan23barbate\/files\/2021\/11\/Roc\u00edo-M\u00e1rquez-6\u00baEP.jpeg\"><img loading=\"lazy\" decoding=\"async\" class=\"wp-image-3413 aligncenter\" src=\"https:\/\/blogsaverroes.juntadeandalucia.es\/ceipjuan23barbate\/files\/2021\/11\/Roc\u00edo-M\u00e1rquez-6\u00baEP-225x300.jpeg\" alt=\"\" width=\"298\" height=\"397\" srcset=\"https:\/\/blogsaverroes.juntadeandalucia.es\/ceipjuan23barbate\/files\/2021\/11\/Roc\u00edo-M\u00e1rquez-6\u00baEP-225x300.jpeg 225w, https:\/\/blogsaverroes.juntadeandalucia.es\/ceipjuan23barbate\/files\/2021\/11\/Roc\u00edo-M\u00e1rquez-6\u00baEP-768x1024.jpeg 768w, https:\/\/blogsaverroes.juntadeandalucia.es\/ceipjuan23barbate\/files\/2021\/11\/Roc\u00edo-M\u00e1rquez-6\u00baEP-1152x1536.jpeg 1152w, https:\/\/blogsaverroes.juntadeandalucia.es\/ceipjuan23barbate\/files\/2021\/11\/Roc\u00edo-M\u00e1rquez-6\u00baEP.jpeg 1200w\" sizes=\"(max-width: 298px) 100vw, 298px\" \/><\/a><\/p>\n<p>&nbsp;<\/p>\n<p>&nbsp;<\/p>\n<p>&nbsp;<\/p>\n<p>&nbsp;<\/p>\n<p>&nbsp;<\/p>\n<p>&nbsp;<\/p>\n<p>&nbsp;<\/p>\n<p>&nbsp;<\/p>\n<p>&nbsp;<\/p>\n<p>&nbsp;<\/p>\n<p>&nbsp;<\/p>\n<p>&nbsp;<\/p>\n<p>&nbsp;<\/p>\n<p>&nbsp;<\/p>\n<p>&nbsp;<\/p>\n<p>&nbsp;<\/p>\n<p>&nbsp;<\/p>\n<p>&nbsp;<\/p>\n<p>&nbsp;<\/p>\n<p>&nbsp;<\/p>\n<p>&nbsp;<\/p>\n<p>&nbsp;<\/p>\n<p>&nbsp;<\/p>\n<p>&nbsp;<\/p>\n<p>&nbsp;<\/p>\n<p>&nbsp;<\/p>\n<p>&nbsp;<\/p>\n<p>&nbsp;<\/p>\n<p>&nbsp;<\/p>\n<p>&nbsp;<\/p>\n<p>&nbsp;<\/p>\n<p>&nbsp;<\/p>\n<p>&nbsp;<\/p>\n<p>&nbsp;<\/p>\n<p>&nbsp;<\/p>\n<p>&nbsp;<\/p>\n<p>&nbsp;<\/p>\n<p>&nbsp;<\/p>\n<p>&nbsp;<\/p>\n<p>&nbsp;<\/p>\n<p>&nbsp;<\/p>\n<p>&nbsp;<\/p>\n","protected":false},"excerpt":{"rendered":"<p>El pasado 16 de noviembre llevamos a cabo la celebraci\u00f3n del d\u00eda del flamenco centr\u00e1ndolo en la mujer. Por clase (excepto infantil que lo hizo por ciclo) se ha trabajado a una cantaora a&#46;&#46;&#46;<\/p>\n","protected":false},"author":4600,"featured_media":0,"parent":0,"menu_order":0,"comment_status":"closed","ping_status":"closed","template":"","meta":{"ngg_post_thumbnail":0,"footnotes":"","_mc_calendar":[]},"aioseo_notices":[],"_links":{"self":[{"href":"https:\/\/blogsaverroes.juntadeandalucia.es\/ceipjuan23barbate\/wp-json\/wp\/v2\/pages\/3402"}],"collection":[{"href":"https:\/\/blogsaverroes.juntadeandalucia.es\/ceipjuan23barbate\/wp-json\/wp\/v2\/pages"}],"about":[{"href":"https:\/\/blogsaverroes.juntadeandalucia.es\/ceipjuan23barbate\/wp-json\/wp\/v2\/types\/page"}],"author":[{"embeddable":true,"href":"https:\/\/blogsaverroes.juntadeandalucia.es\/ceipjuan23barbate\/wp-json\/wp\/v2\/users\/4600"}],"replies":[{"embeddable":true,"href":"https:\/\/blogsaverroes.juntadeandalucia.es\/ceipjuan23barbate\/wp-json\/wp\/v2\/comments?post=3402"}],"version-history":[{"count":2,"href":"https:\/\/blogsaverroes.juntadeandalucia.es\/ceipjuan23barbate\/wp-json\/wp\/v2\/pages\/3402\/revisions"}],"predecessor-version":[{"id":3419,"href":"https:\/\/blogsaverroes.juntadeandalucia.es\/ceipjuan23barbate\/wp-json\/wp\/v2\/pages\/3402\/revisions\/3419"}],"wp:attachment":[{"href":"https:\/\/blogsaverroes.juntadeandalucia.es\/ceipjuan23barbate\/wp-json\/wp\/v2\/media?parent=3402"}],"curies":[{"name":"wp","href":"https:\/\/api.w.org\/{rel}","templated":true}]}}