{"id":3476,"date":"2022-03-02T12:33:42","date_gmt":"2022-03-02T12:33:42","guid":{"rendered":"https:\/\/blogsaverroes.juntadeandalucia.es\/ceipjuan23barbate\/?page_id=3476"},"modified":"2024-05-27T11:49:31","modified_gmt":"2024-05-27T11:49:31","slug":"pacto-de-estado","status":"publish","type":"page","link":"https:\/\/blogsaverroes.juntadeandalucia.es\/ceipjuan23barbate\/pacto-de-estado\/","title":{"rendered":"Pacto de Estado"},"content":{"rendered":"<p style=\"text-align: justify\">Para el este curso 2024-2025, nuestro centro sigue trabajando dentro del <strong>Pacto de Estado contra la violencia de g\u00e9nero.<\/strong>&nbsp;<\/p>\n<p><a href=\"https:\/\/blogsaverroes.juntadeandalucia.es\/ceipjuan23barbate\/files\/2022\/03\/CartelCuadrado_PactoVG_blanco-1.jpg\"><img loading=\"lazy\" decoding=\"async\" class=\"size-medium wp-image-3477 aligncenter\" src=\"https:\/\/blogsaverroes.juntadeandalucia.es\/ceipjuan23barbate\/files\/2022\/03\/CartelCuadrado_PactoVG_blanco-1-300x300.jpg\" alt=\"\" width=\"300\" height=\"300\" srcset=\"https:\/\/blogsaverroes.juntadeandalucia.es\/ceipjuan23barbate\/files\/2022\/03\/CartelCuadrado_PactoVG_blanco-1-300x300.jpg 300w, https:\/\/blogsaverroes.juntadeandalucia.es\/ceipjuan23barbate\/files\/2022\/03\/CartelCuadrado_PactoVG_blanco-1-150x150.jpg 150w, https:\/\/blogsaverroes.juntadeandalucia.es\/ceipjuan23barbate\/files\/2022\/03\/CartelCuadrado_PactoVG_blanco-1.jpg 572w\" sizes=\"(max-width: 300px) 100vw, 300px\" \/><\/a><\/p>\n<p style=\"text-align: justify\">Se trata de un programa financiado por el&nbsp; Ministerio de Presidencia, Relaciones con las cortes e Igualdad, con el objetivo de educar sobre la lacra de la violencia de g\u00e9nero.<\/p>\n<p>&nbsp;<\/p>\n<p>Con tal motivo se ha realizado un taller en el segundo ciclo, con el entorno digital Minecraft Edu, donde el alumnado se \u00abpone en la piel\u00bb de Malala Yousafzai para aprender todo sobre su pasi\u00f3n y b\u00fasqueda con el objetivo de cambiar la accesibilidad de la educaci\u00f3n para las ni\u00f1as de todo el mundo. La misi\u00f3n del alumnado participante es reconstruir una escuela de ni\u00f1as situada en una aldea de Pakist\u00e1n, que fue destruida por los talibanes. De esta manera las ni\u00f1as de la aldea podr\u00e1n beneficiarse de una educaci\u00f3n gratuita , segura y de alta calidad.<\/p>\n<p>En general, tanto por la plataforma como por el desarrollo de la actividad que consta de una breve explicaci\u00f3n de su objetivo, ha resultado muy gratificante para ellos, mostrando mucha motivaci\u00f3n para seguir trabajando y construyendo la escuela.&nbsp;<br \/>\nHa sido una actividad muy enriquecedora.&nbsp;<\/p>\n<p>Para muestra, os ponemos algunas fotos de la actividad:<br \/>\n<a href=\"https:\/\/blogsaverroes.juntadeandalucia.es\/ceipjuan23barbate\/files\/2024\/05\/WhatsApp-Image-2024-05-24-at-13.36.00.jpeg\"><img loading=\"lazy\" decoding=\"async\" class=\"alignnone size-medium wp-image-3976\" src=\"https:\/\/blogsaverroes.juntadeandalucia.es\/ceipjuan23barbate\/files\/2024\/05\/WhatsApp-Image-2024-05-24-at-13.36.00-169x300.jpeg\" alt=\"\" width=\"169\" height=\"300\" srcset=\"https:\/\/blogsaverroes.juntadeandalucia.es\/ceipjuan23barbate\/files\/2024\/05\/WhatsApp-Image-2024-05-24-at-13.36.00-169x300.jpeg 169w, https:\/\/blogsaverroes.juntadeandalucia.es\/ceipjuan23barbate\/files\/2024\/05\/WhatsApp-Image-2024-05-24-at-13.36.00-576x1024.jpeg 576w, https:\/\/blogsaverroes.juntadeandalucia.es\/ceipjuan23barbate\/files\/2024\/05\/WhatsApp-Image-2024-05-24-at-13.36.00-768x1365.jpeg 768w, https:\/\/blogsaverroes.juntadeandalucia.es\/ceipjuan23barbate\/files\/2024\/05\/WhatsApp-Image-2024-05-24-at-13.36.00-864x1536.jpeg 864w, https:\/\/blogsaverroes.juntadeandalucia.es\/ceipjuan23barbate\/files\/2024\/05\/WhatsApp-Image-2024-05-24-at-13.36.00.jpeg 900w\" sizes=\"(max-width: 169px) 100vw, 169px\" \/><\/a> <a href=\"https:\/\/blogsaverroes.juntadeandalucia.es\/ceipjuan23barbate\/files\/2024\/05\/WhatsApp-Image-2024-05-24-at-13.36.06.jpeg\"><img loading=\"lazy\" decoding=\"async\" class=\"alignnone size-medium wp-image-3977\" src=\"https:\/\/blogsaverroes.juntadeandalucia.es\/ceipjuan23barbate\/files\/2024\/05\/WhatsApp-Image-2024-05-24-at-13.36.06-169x300.jpeg\" alt=\"\" width=\"169\" height=\"300\" srcset=\"https:\/\/blogsaverroes.juntadeandalucia.es\/ceipjuan23barbate\/files\/2024\/05\/WhatsApp-Image-2024-05-24-at-13.36.06-169x300.jpeg 169w, https:\/\/blogsaverroes.juntadeandalucia.es\/ceipjuan23barbate\/files\/2024\/05\/WhatsApp-Image-2024-05-24-at-13.36.06-576x1024.jpeg 576w, https:\/\/blogsaverroes.juntadeandalucia.es\/ceipjuan23barbate\/files\/2024\/05\/WhatsApp-Image-2024-05-24-at-13.36.06-768x1365.jpeg 768w, https:\/\/blogsaverroes.juntadeandalucia.es\/ceipjuan23barbate\/files\/2024\/05\/WhatsApp-Image-2024-05-24-at-13.36.06-864x1536.jpeg 864w, https:\/\/blogsaverroes.juntadeandalucia.es\/ceipjuan23barbate\/files\/2024\/05\/WhatsApp-Image-2024-05-24-at-13.36.06.jpeg 900w\" sizes=\"(max-width: 169px) 100vw, 169px\" \/><\/a> <a href=\"https:\/\/blogsaverroes.juntadeandalucia.es\/ceipjuan23barbate\/files\/2024\/05\/WhatsApp-Image-2024-05-24-at-13.36.23.jpeg\"><img loading=\"lazy\" decoding=\"async\" class=\"alignnone size-medium wp-image-3978\" src=\"https:\/\/blogsaverroes.juntadeandalucia.es\/ceipjuan23barbate\/files\/2024\/05\/WhatsApp-Image-2024-05-24-at-13.36.23-169x300.jpeg\" alt=\"\" width=\"169\" height=\"300\" srcset=\"https:\/\/blogsaverroes.juntadeandalucia.es\/ceipjuan23barbate\/files\/2024\/05\/WhatsApp-Image-2024-05-24-at-13.36.23-169x300.jpeg 169w, https:\/\/blogsaverroes.juntadeandalucia.es\/ceipjuan23barbate\/files\/2024\/05\/WhatsApp-Image-2024-05-24-at-13.36.23-576x1024.jpeg 576w, https:\/\/blogsaverroes.juntadeandalucia.es\/ceipjuan23barbate\/files\/2024\/05\/WhatsApp-Image-2024-05-24-at-13.36.23-768x1365.jpeg 768w, https:\/\/blogsaverroes.juntadeandalucia.es\/ceipjuan23barbate\/files\/2024\/05\/WhatsApp-Image-2024-05-24-at-13.36.23-864x1536.jpeg 864w, https:\/\/blogsaverroes.juntadeandalucia.es\/ceipjuan23barbate\/files\/2024\/05\/WhatsApp-Image-2024-05-24-at-13.36.23.jpeg 900w\" sizes=\"(max-width: 169px) 100vw, 169px\" \/><\/a> <a href=\"https:\/\/blogsaverroes.juntadeandalucia.es\/ceipjuan23barbate\/files\/2024\/05\/WhatsApp-Image-2024-05-24-at-13.36.49.jpeg\"><img loading=\"lazy\" decoding=\"async\" class=\"alignnone size-medium wp-image-3979\" src=\"https:\/\/blogsaverroes.juntadeandalucia.es\/ceipjuan23barbate\/files\/2024\/05\/WhatsApp-Image-2024-05-24-at-13.36.49-169x300.jpeg\" alt=\"\" width=\"169\" height=\"300\" srcset=\"https:\/\/blogsaverroes.juntadeandalucia.es\/ceipjuan23barbate\/files\/2024\/05\/WhatsApp-Image-2024-05-24-at-13.36.49-169x300.jpeg 169w, https:\/\/blogsaverroes.juntadeandalucia.es\/ceipjuan23barbate\/files\/2024\/05\/WhatsApp-Image-2024-05-24-at-13.36.49-576x1024.jpeg 576w, https:\/\/blogsaverroes.juntadeandalucia.es\/ceipjuan23barbate\/files\/2024\/05\/WhatsApp-Image-2024-05-24-at-13.36.49-768x1365.jpeg 768w, https:\/\/blogsaverroes.juntadeandalucia.es\/ceipjuan23barbate\/files\/2024\/05\/WhatsApp-Image-2024-05-24-at-13.36.49-864x1536.jpeg 864w, https:\/\/blogsaverroes.juntadeandalucia.es\/ceipjuan23barbate\/files\/2024\/05\/WhatsApp-Image-2024-05-24-at-13.36.49.jpeg 900w\" sizes=\"(max-width: 169px) 100vw, 169px\" \/><\/a> &nbsp; &nbsp; &nbsp; &nbsp; &nbsp; &nbsp; &nbsp; <a href=\"https:\/\/blogsaverroes.juntadeandalucia.es\/ceipjuan23barbate\/files\/2024\/05\/Malala.jpg\"><img loading=\"lazy\" decoding=\"async\" class=\"alignnone size-medium wp-image-3980\" src=\"https:\/\/blogsaverroes.juntadeandalucia.es\/ceipjuan23barbate\/files\/2024\/05\/Malala-300x196.jpg\" alt=\"\" width=\"300\" height=\"196\" srcset=\"https:\/\/blogsaverroes.juntadeandalucia.es\/ceipjuan23barbate\/files\/2024\/05\/Malala-300x196.jpg 300w, https:\/\/blogsaverroes.juntadeandalucia.es\/ceipjuan23barbate\/files\/2024\/05\/Malala.jpg 550w\" sizes=\"(max-width: 300px) 100vw, 300px\" \/><\/a><\/p>\n<p>&nbsp;<\/p>\n","protected":false},"excerpt":{"rendered":"<p>Para el este curso 2024-2025, nuestro centro sigue trabajando dentro del Pacto de Estado contra la violencia de g\u00e9nero.&nbsp; Se trata de un programa financiado por el&nbsp; Ministerio de Presidencia, Relaciones con las cortes&#46;&#46;&#46;<\/p>\n","protected":false},"author":4600,"featured_media":0,"parent":0,"menu_order":0,"comment_status":"closed","ping_status":"closed","template":"","meta":{"ngg_post_thumbnail":0,"footnotes":"","_mc_calendar":[]},"aioseo_notices":[],"_links":{"self":[{"href":"https:\/\/blogsaverroes.juntadeandalucia.es\/ceipjuan23barbate\/wp-json\/wp\/v2\/pages\/3476"}],"collection":[{"href":"https:\/\/blogsaverroes.juntadeandalucia.es\/ceipjuan23barbate\/wp-json\/wp\/v2\/pages"}],"about":[{"href":"https:\/\/blogsaverroes.juntadeandalucia.es\/ceipjuan23barbate\/wp-json\/wp\/v2\/types\/page"}],"author":[{"embeddable":true,"href":"https:\/\/blogsaverroes.juntadeandalucia.es\/ceipjuan23barbate\/wp-json\/wp\/v2\/users\/4600"}],"replies":[{"embeddable":true,"href":"https:\/\/blogsaverroes.juntadeandalucia.es\/ceipjuan23barbate\/wp-json\/wp\/v2\/comments?post=3476"}],"version-history":[{"count":6,"href":"https:\/\/blogsaverroes.juntadeandalucia.es\/ceipjuan23barbate\/wp-json\/wp\/v2\/pages\/3476\/revisions"}],"predecessor-version":[{"id":3981,"href":"https:\/\/blogsaverroes.juntadeandalucia.es\/ceipjuan23barbate\/wp-json\/wp\/v2\/pages\/3476\/revisions\/3981"}],"wp:attachment":[{"href":"https:\/\/blogsaverroes.juntadeandalucia.es\/ceipjuan23barbate\/wp-json\/wp\/v2\/media?parent=3476"}],"curies":[{"name":"wp","href":"https:\/\/api.w.org\/{rel}","templated":true}]}}