{"id":3775,"date":"2022-05-31T12:00:58","date_gmt":"2022-05-31T12:00:58","guid":{"rendered":"https:\/\/blogsaverroes.juntadeandalucia.es\/ceipjuan23barbate\/?page_id=3775"},"modified":"2024-06-19T07:39:07","modified_gmt":"2024-06-19T07:39:07","slug":"periodico-escolar","status":"publish","type":"page","link":"https:\/\/blogsaverroes.juntadeandalucia.es\/ceipjuan23barbate\/periodico-escolar\/","title":{"rendered":"Peri\u00f3dico escolar"},"content":{"rendered":"<p style=\"text-align: justify\">&nbsp;\ud83d\udca1 <strong>\u00a1EXTRA, EXTRA!<\/strong> \ud83d\udca1&nbsp;<\/p>\n<p style=\"text-align: justify\">Despu\u00e9s de la primera experiencia con el desarrollo del peri\u00f3dico en el curso 2021-2022, proseguimos con esta fant\u00e1stica iniciativa.<\/p>\n<p style=\"text-align: justify\">Aquel a\u00f1o tuvimos entrevistas tan importantes como a Kiko Narv\u00e1ez (ex-jugador de la selecci\u00f3n espa\u00f1ola de f\u00fatbol) y Carlos Cabeza (ex-jugador de baloncesto de la selecci\u00f3n espa\u00f1ola); reportajes locales sobre actividades del centro, sobre el at\u00fan rojo; actualidad y lo m\u00e1s cercano para ellos, actividades y talleres del centro.&nbsp;<\/p>\n<p style=\"text-align: justify\">A continuaci\u00f3n pod\u00e9is verlo:<\/p>\n<p style=\"text-align: justify\">\u27a1 <a href=\"https:\/\/blogsaverroes.juntadeandalucia.es\/ceipjuan23barbate\/files\/2022\/06\/EL-PERI\u00d3DICO-DEL-JUAN-XXIII.pdf\">EL PERI\u00d3DICO DEL JUAN XXIII<\/a><\/p>\n<p><strong>Para este a\u00f1o 2023-2024<\/strong> seguimos intentando mejorar y arraigar esta iniciativa en el trabajo diario. Tal es as\u00ed que para el primer trimestre tenemos una revista: <strong>Beach School Magazine.<\/strong>&nbsp;<\/p>\n<p>A continuaci\u00f3n os dejamos los tres n\u00fameros de este a\u00f1o donde ha participado todo el alumnado del centro. El resultado&#8230;\u00a1incre\u00edble! Disfruten de nuestros periodistas.<\/p>\n<p style=\"text-align: justify\">\u27a1<a href=\"https:\/\/simplebooklet.com\/beachschoolmagazine\">N\u00ba1 Beach School Magazine<\/a><\/p>\n<p>\u27a1 <a href=\"https:\/\/www.calameo.com\/read\/007564824f7531b81198f\">N\u00ba2 Beach School Magazine<\/a><\/p>\n<p>\u27a1 <a href=\"https:\/\/heyzine.com\/flip-book\/16b74ff508.html\">N\u00ba3 Beach School Magazine<\/a><\/p>\n","protected":false},"excerpt":{"rendered":"<p>&nbsp;\ud83d\udca1 \u00a1EXTRA, EXTRA! \ud83d\udca1&nbsp; Despu\u00e9s de la primera experiencia con el desarrollo del peri\u00f3dico en el curso 2021-2022, proseguimos con esta fant\u00e1stica iniciativa. Aquel a\u00f1o tuvimos entrevistas tan importantes como a Kiko Narv\u00e1ez (ex-jugador&#46;&#46;&#46;<\/p>\n","protected":false},"author":4600,"featured_media":0,"parent":0,"menu_order":0,"comment_status":"closed","ping_status":"closed","template":"","meta":{"ngg_post_thumbnail":0,"footnotes":"","_mc_calendar":[]},"aioseo_notices":[],"_links":{"self":[{"href":"https:\/\/blogsaverroes.juntadeandalucia.es\/ceipjuan23barbate\/wp-json\/wp\/v2\/pages\/3775"}],"collection":[{"href":"https:\/\/blogsaverroes.juntadeandalucia.es\/ceipjuan23barbate\/wp-json\/wp\/v2\/pages"}],"about":[{"href":"https:\/\/blogsaverroes.juntadeandalucia.es\/ceipjuan23barbate\/wp-json\/wp\/v2\/types\/page"}],"author":[{"embeddable":true,"href":"https:\/\/blogsaverroes.juntadeandalucia.es\/ceipjuan23barbate\/wp-json\/wp\/v2\/users\/4600"}],"replies":[{"embeddable":true,"href":"https:\/\/blogsaverroes.juntadeandalucia.es\/ceipjuan23barbate\/wp-json\/wp\/v2\/comments?post=3775"}],"version-history":[{"count":11,"href":"https:\/\/blogsaverroes.juntadeandalucia.es\/ceipjuan23barbate\/wp-json\/wp\/v2\/pages\/3775\/revisions"}],"predecessor-version":[{"id":3984,"href":"https:\/\/blogsaverroes.juntadeandalucia.es\/ceipjuan23barbate\/wp-json\/wp\/v2\/pages\/3775\/revisions\/3984"}],"wp:attachment":[{"href":"https:\/\/blogsaverroes.juntadeandalucia.es\/ceipjuan23barbate\/wp-json\/wp\/v2\/media?parent=3775"}],"curies":[{"name":"wp","href":"https:\/\/api.w.org\/{rel}","templated":true}]}}