{"id":3875,"date":"2024-03-04T13:05:12","date_gmt":"2024-03-04T13:05:12","guid":{"rendered":"https:\/\/blogsaverroes.juntadeandalucia.es\/ceipjuan23barbate\/?page_id=3875"},"modified":"2026-03-04T12:28:53","modified_gmt":"2026-03-04T12:28:53","slug":"parcep-2023-2024","status":"publish","type":"page","link":"https:\/\/blogsaverroes.juntadeandalucia.es\/ceipjuan23barbate\/parcep-2023-2024\/","title":{"rendered":"PARCEP 2025-2026"},"content":{"rendered":"<p>Como novedad este a\u00f1o, hemos implementado el desarrollo de tres nuevos talleres en el centro, en horario de tarde.&nbsp;<\/p>\n<p>Se trata de:<\/p>\n<ul>\n<li>Rob\u00f3tica.<\/li>\n<li>Educaci\u00f3n emocional para padres.&nbsp;<\/li>\n<\/ul>\n<p>Estos cursos est\u00e1n impartidos por monitores de la empresa techmakers.<\/p>\n<p>Con ellos, buscamos incentivar la apertura del centro como un punto de referencia para nuestra comunidad; a la vez que trabajamos y desarrollamos aspectos que creemos esenciales para el alumnado como la creatividad, la investigaci\u00f3n, razonamiento, capacidad anal\u00edtica, expresi\u00f3n art\u00edstica, empat\u00eda, socializaci\u00f3n e inteligencia emocional.<\/p>\n<p>A medida que vayamos teniendo contenido visual, iremos public\u00e1ndolo en esta secci\u00f3n.&nbsp;<\/p>\n<p><a href=\"https:\/\/blogsaverroes.juntadeandalucia.es\/ceipjuan23barbate\/files\/2024\/04\/Cartel.png\"><img loading=\"lazy\" decoding=\"async\" class=\"size-medium wp-image-3889 aligncenter\" src=\"https:\/\/blogsaverroes.juntadeandalucia.es\/ceipjuan23barbate\/files\/2024\/04\/Cartel-212x300.png\" alt=\"\" width=\"212\" height=\"300\" srcset=\"https:\/\/blogsaverroes.juntadeandalucia.es\/ceipjuan23barbate\/files\/2024\/04\/Cartel-212x300.png 212w, https:\/\/blogsaverroes.juntadeandalucia.es\/ceipjuan23barbate\/files\/2024\/04\/Cartel-724x1024.png 724w, https:\/\/blogsaverroes.juntadeandalucia.es\/ceipjuan23barbate\/files\/2024\/04\/Cartel-768x1086.png 768w, https:\/\/blogsaverroes.juntadeandalucia.es\/ceipjuan23barbate\/files\/2024\/04\/Cartel-1086x1536.png 1086w, https:\/\/blogsaverroes.juntadeandalucia.es\/ceipjuan23barbate\/files\/2024\/04\/Cartel-1448x2048.png 1448w, https:\/\/blogsaverroes.juntadeandalucia.es\/ceipjuan23barbate\/files\/2024\/04\/Cartel.png 1131w\" sizes=\"(max-width: 212px) 100vw, 212px\" \/><\/a><\/p>\n","protected":false},"excerpt":{"rendered":"<p>Como novedad este a\u00f1o, hemos implementado el desarrollo de tres nuevos talleres en el centro, en horario de tarde.&nbsp; Se trata de: Rob\u00f3tica. Educaci\u00f3n emocional para padres.&nbsp; Estos cursos est\u00e1n impartidos por monitores de&#46;&#46;&#46;<\/p>\n","protected":false},"author":4600,"featured_media":0,"parent":0,"menu_order":0,"comment_status":"closed","ping_status":"closed","template":"","meta":{"ngg_post_thumbnail":0,"footnotes":"","_mc_calendar":[]},"aioseo_notices":[],"_links":{"self":[{"href":"https:\/\/blogsaverroes.juntadeandalucia.es\/ceipjuan23barbate\/wp-json\/wp\/v2\/pages\/3875"}],"collection":[{"href":"https:\/\/blogsaverroes.juntadeandalucia.es\/ceipjuan23barbate\/wp-json\/wp\/v2\/pages"}],"about":[{"href":"https:\/\/blogsaverroes.juntadeandalucia.es\/ceipjuan23barbate\/wp-json\/wp\/v2\/types\/page"}],"author":[{"embeddable":true,"href":"https:\/\/blogsaverroes.juntadeandalucia.es\/ceipjuan23barbate\/wp-json\/wp\/v2\/users\/4600"}],"replies":[{"embeddable":true,"href":"https:\/\/blogsaverroes.juntadeandalucia.es\/ceipjuan23barbate\/wp-json\/wp\/v2\/comments?post=3875"}],"version-history":[{"count":5,"href":"https:\/\/blogsaverroes.juntadeandalucia.es\/ceipjuan23barbate\/wp-json\/wp\/v2\/pages\/3875\/revisions"}],"predecessor-version":[{"id":4053,"href":"https:\/\/blogsaverroes.juntadeandalucia.es\/ceipjuan23barbate\/wp-json\/wp\/v2\/pages\/3875\/revisions\/4053"}],"wp:attachment":[{"href":"https:\/\/blogsaverroes.juntadeandalucia.es\/ceipjuan23barbate\/wp-json\/wp\/v2\/media?parent=3875"}],"curies":[{"name":"wp","href":"https:\/\/api.w.org\/{rel}","templated":true}]}}