{"id":1113,"date":"2015-03-12T11:00:55","date_gmt":"2015-03-12T11:00:55","guid":{"rendered":"http:\/\/blogsaverroes.juntadeandalucia.es\/pre\/ceip\/?page_id=2"},"modified":"2025-06-05T11:07:23","modified_gmt":"2025-06-05T09:07:23","slug":"pagina-ejemplo-2","status":"publish","type":"page","link":"https:\/\/blogsaverroes.juntadeandalucia.es\/ceipjuancarrillo\/","title":{"rendered":"Inicio"},"content":{"rendered":"<h2>&nbsp;<\/h2>\n<p style=\"text-align: justify\"><strong>El CEIP Juan Carrillo, comenz\u00f3 a funcionar en el a\u00f1o 1928, a\u00f1o del que data el edificio antiguo, donde se encuentran&nbsp;las aulas de Educaci\u00f3n Infantil y los despachos de Direcci\u00f3n, Secretar\u00eda, Jefatura de Estudios y Departamento de Orientaci\u00f3n. <\/strong><\/p>\n<p style=\"text-align: justify\"><strong>Se trata de un <span style=\"color: #008000\">centro educativo&nbsp;de dos l\u00edneas, con una capacidad para 450 alumnos y alumnas<\/span> que se encuentra situado en una zona intermedia entre el centro de la ciudad y los barrios del Llano de la Estaci\u00f3n y San Crist\u00f3bal. Es el colegio m\u00e1s antiguo de Ronda en funcionamiento y cuenta con una historia larga y muy interesante.<\/strong><\/p>\n<p style=\"text-align: justify\"><strong>Juan Carrillo&nbsp;<\/strong>f<strong>ue un maestro ronde\u00f1o que ejerci\u00f3 en esta ciudad y posteriormente en Toledo. Fue su hijo D. Francisco Carrillo quien auspici\u00f3 la construcci\u00f3n del colegio desde su cargo de Alto Inspector de Educaci\u00f3n durante la \u00e9poca de la Dictadura de Primo de Rivera, motivo por el cual, posteriormente se dio al centro el nombre de su padre.<\/strong><\/p>\n<p style=\"text-align: justify\"><strong>As\u00ed pues, este centro cuenta con la tradici\u00f3n y la impronta de haber pasado por distintas \u00e9pocas con sus distintos estilos de entender la ense\u00f1anza y la educaci\u00f3n y en sus archivos y biblioteca se guardan recuerdos de todas ellas.<\/strong><\/p>\n<p style=\"text-align: justify\"><strong>Te invitamos a conocernos mejor a trav\u00e9s de este espacio virtual. Aqu\u00ed puedes encontrar gran parte de la informaci\u00f3n que necesites sobre el Centro y su entorno. <\/strong><\/p>\n<p style=\"text-align: justify\"><strong>Para ponerte en <span style=\"color: #008000\">contacto con nosotros<\/span>, puedes hacerlo a trav\u00e9s de:<\/strong><\/p>\n<p>&nbsp;<\/p>\n<p style=\"text-align: center\"><strong>TEL\u00c9FONO &nbsp; &nbsp; &nbsp; &nbsp; &nbsp; 952 16 99 24&nbsp;<\/strong><\/p>\n<p style=\"text-align: center\"><strong>FAX &nbsp; &nbsp; &nbsp; &nbsp; &nbsp; &nbsp; &nbsp; &nbsp; &nbsp; &nbsp; &nbsp;&nbsp; 952 16 99 26&nbsp;<\/strong><\/p>\n<p style=\"text-align: center\"><strong>CORREO ELECTR\u00d3NICO: &nbsp; &nbsp; &nbsp; &nbsp; &nbsp; &nbsp; &nbsp; &nbsp; &nbsp; &nbsp; <a href=\"mailto:29007718.edu@juntadeandalucia.es\">29007718.edu@juntadeandalucia.es&nbsp;<\/a><\/strong><\/p>\n<p style=\"text-align: center\"><b>DIRECCI\u00d3N POSTAL:&nbsp; &nbsp; &nbsp; &nbsp; &nbsp; &nbsp; Avda. de Andaluc\u00eda, 24. Ronda 29400 \u2013 M\u00e1laga<\/b><\/p>\n<p>&nbsp;<br \/>\n<iframe loading=\"lazy\" src=\"https:\/\/www.google.com\/maps\/embed?pb=!1m18!1m12!1m3!1d3196.9585802210177!2d-5.165160124357365!3d36.74756527226221!2m3!1f0!2f0!3f0!3m2!1i1024!2i768!4f13.1!3m3!1m2!1s0xd0d314847b10715%3A0x6b76436854e79c9!2sColegio%20P%C3%BAblico%20Juan%20Carrillo!5e0!3m2!1ses!2ses!4v1749112799216!5m2!1ses!2ses\" width=\"600\" height=\"450\"><\/iframe><\/p>\n<p style=\"text-align: center\">&nbsp;<\/p>\n<div style=\"position: relative;width: 100%;height: 0;padding-bottom: 56.25%\"><iframe loading=\"lazy\" src=\"https:\/\/www.google.com\/maps\/embed?pb=...\" width=\"100%\" height=\"100%\"><br \/>\n<\/iframe><\/div>\n","protected":false},"excerpt":{"rendered":"<p>&nbsp; El CEIP Juan Carrillo, comenz\u00f3 a funcionar en el a\u00f1o 1928, a\u00f1o del que data el edificio antiguo, donde se encuentran&nbsp;las aulas de Educaci\u00f3n Infantil y los despachos de Direcci\u00f3n, Secretar\u00eda, Jefatura de&#46;&#46;&#46;<\/p>\n","protected":false},"author":1,"featured_media":0,"parent":0,"menu_order":0,"comment_status":"open","ping_status":"open","template":"","meta":{"ngg_post_thumbnail":0,"footnotes":"","_mc_calendar":[]},"aioseo_notices":[],"_links":{"self":[{"href":"https:\/\/blogsaverroes.juntadeandalucia.es\/ceipjuancarrillo\/wp-json\/wp\/v2\/pages\/1113"}],"collection":[{"href":"https:\/\/blogsaverroes.juntadeandalucia.es\/ceipjuancarrillo\/wp-json\/wp\/v2\/pages"}],"about":[{"href":"https:\/\/blogsaverroes.juntadeandalucia.es\/ceipjuancarrillo\/wp-json\/wp\/v2\/types\/page"}],"author":[{"embeddable":true,"href":"https:\/\/blogsaverroes.juntadeandalucia.es\/ceipjuancarrillo\/wp-json\/wp\/v2\/users\/1"}],"replies":[{"embeddable":true,"href":"https:\/\/blogsaverroes.juntadeandalucia.es\/ceipjuancarrillo\/wp-json\/wp\/v2\/comments?post=1113"}],"version-history":[{"count":82,"href":"https:\/\/blogsaverroes.juntadeandalucia.es\/ceipjuancarrillo\/wp-json\/wp\/v2\/pages\/1113\/revisions"}],"predecessor-version":[{"id":5450,"href":"https:\/\/blogsaverroes.juntadeandalucia.es\/ceipjuancarrillo\/wp-json\/wp\/v2\/pages\/1113\/revisions\/5450"}],"wp:attachment":[{"href":"https:\/\/blogsaverroes.juntadeandalucia.es\/ceipjuancarrillo\/wp-json\/wp\/v2\/media?parent=1113"}],"curies":[{"name":"wp","href":"https:\/\/api.w.org\/{rel}","templated":true}]}}