{"id":141,"date":"2015-03-17T07:13:24","date_gmt":"2015-03-17T07:13:24","guid":{"rendered":"http:\/\/blogsaverroes.juntadeandalucia.es\/pre\/ceip\/?page_id=141"},"modified":"2025-06-03T12:58:39","modified_gmt":"2025-06-03T10:58:39","slug":"escolarizacion","status":"publish","type":"page","link":"https:\/\/blogsaverroes.juntadeandalucia.es\/ceipjuancarrillo\/escolarizacion\/","title":{"rendered":"Escolarizaci\u00f3n"},"content":{"rendered":"<p style=\"text-align: center\"><a href=\"http:\/\/www.juntadeandalucia.es\/educacion\/portals\/web\/escolarizacion\/inicio?p_p_auth=dLlcnNBz&amp;p_p_id=49&amp;p_p_lifecycle=1&amp;p_p_state=normal&amp;p_p_mode=view&amp;_49_struts_action=%2Fmy_sites%2Fview&amp;_49_groupId=22069&amp;_49_privateLayout=false\"><img loading=\"lazy\" decoding=\"async\" class=\"alignnone size-medium wp-image-3619\" src=\"https:\/\/blogsaverroes.juntadeandalucia.es\/ceipjuancarrillo\/files\/2015\/03\/logoescolarizacion-300x90.png\" alt=\"\" width=\"300\" height=\"90\" srcset=\"https:\/\/blogsaverroes.juntadeandalucia.es\/ceipjuancarrillo\/files\/2015\/03\/logoescolarizacion-300x90.png 300w, https:\/\/blogsaverroes.juntadeandalucia.es\/ceipjuancarrillo\/files\/2015\/03\/logoescolarizacion-24x7.png 24w, https:\/\/blogsaverroes.juntadeandalucia.es\/ceipjuancarrillo\/files\/2015\/03\/logoescolarizacion-36x11.png 36w, https:\/\/blogsaverroes.juntadeandalucia.es\/ceipjuancarrillo\/files\/2015\/03\/logoescolarizacion-48x14.png 48w, https:\/\/blogsaverroes.juntadeandalucia.es\/ceipjuancarrillo\/files\/2015\/03\/logoescolarizacion.png 395w\" sizes=\"(max-width: 300px) 100vw, 300px\" \/><\/a><\/p>\n<p>El proceso de escolarizaci\u00f3n (preinscripci\u00f3n nuevo alumnado y matr\u00edcula) generalmente se pone en marcha desde el d\u00eda 1 de marzo en todo el territorio andaluz. Toda la informaci\u00f3n est\u00e1 disponible en la secretar\u00eda del centro, en la que se aclarara cualquier duda que las familias puedan tener en todo lo referente a: Zonas de escolarizaci\u00f3n, plazas, baremos, procedimientos, documentaci\u00f3n, etc. Toda esta informaci\u00f3n tambi\u00e9n est\u00e1 disponible en el&nbsp;<a href=\"http:\/\/www.juntadeandalucia.es\/educacion\/portals\/web\/escolarizacion\" target=\"_blank\" rel=\"noopener noreferrer\">portal de escolarizaci\u00f3n de la Consejer\u00eda de Educaci\u00f3n<\/a>.&nbsp;<span style=\"color: #999999\">El calendario general a tener en cuenta es el siguiente:<\/span><\/p>\n<ul>\n<li><span style=\"color: #999999\">Del 1 al 31 de marzo: Presentaci\u00f3n de las solicitudes de admisi\u00f3n.&nbsp;<\/span><\/li>\n<li><span style=\"color: #999999\">El 14 de abril: Publicaci\u00f3n de la Resoluci\u00f3n del procedimiento de admisi\u00f3n.<\/span><\/li>\n<li><span style=\"color: #999999\">El 21 de abril: Publicaci\u00f3n de la Resoluci\u00f3n de adjudicaci\u00f3n de plaza del alumnado no admitido en el centro docente elegido como prioritario (reubicaci\u00f3n).<\/span><\/li>\n<li><span style=\"color: #999999\">Del 1 al 10 de junio: Matriculaci\u00f3n del alumnado de 2\u00ba Ciclo de Educaci\u00f3n Infantil y Educaci\u00f3n Primaria<\/span>.<\/li>\n<\/ul>\n","protected":false},"excerpt":{"rendered":"<p>El proceso de escolarizaci\u00f3n (preinscripci\u00f3n nuevo alumnado y matr\u00edcula) generalmente se pone en marcha desde el d\u00eda 1 de marzo en todo el territorio andaluz. Toda la informaci\u00f3n est\u00e1 disponible en la secretar\u00eda del&#46;&#46;&#46;<\/p>\n","protected":false},"author":1,"featured_media":0,"parent":0,"menu_order":0,"comment_status":"open","ping_status":"open","template":"page-templates\/child-menu.php","meta":{"ngg_post_thumbnail":0,"footnotes":"","_mc_calendar":[]},"aioseo_notices":[],"_links":{"self":[{"href":"https:\/\/blogsaverroes.juntadeandalucia.es\/ceipjuancarrillo\/wp-json\/wp\/v2\/pages\/141"}],"collection":[{"href":"https:\/\/blogsaverroes.juntadeandalucia.es\/ceipjuancarrillo\/wp-json\/wp\/v2\/pages"}],"about":[{"href":"https:\/\/blogsaverroes.juntadeandalucia.es\/ceipjuancarrillo\/wp-json\/wp\/v2\/types\/page"}],"author":[{"embeddable":true,"href":"https:\/\/blogsaverroes.juntadeandalucia.es\/ceipjuancarrillo\/wp-json\/wp\/v2\/users\/1"}],"replies":[{"embeddable":true,"href":"https:\/\/blogsaverroes.juntadeandalucia.es\/ceipjuancarrillo\/wp-json\/wp\/v2\/comments?post=141"}],"version-history":[{"count":25,"href":"https:\/\/blogsaverroes.juntadeandalucia.es\/ceipjuancarrillo\/wp-json\/wp\/v2\/pages\/141\/revisions"}],"predecessor-version":[{"id":5433,"href":"https:\/\/blogsaverroes.juntadeandalucia.es\/ceipjuancarrillo\/wp-json\/wp\/v2\/pages\/141\/revisions\/5433"}],"wp:attachment":[{"href":"https:\/\/blogsaverroes.juntadeandalucia.es\/ceipjuancarrillo\/wp-json\/wp\/v2\/media?parent=141"}],"curies":[{"name":"wp","href":"https:\/\/api.w.org\/{rel}","templated":true}]}}