{"id":2,"date":"2014-08-25T11:09:05","date_gmt":"2014-08-25T11:09:05","guid":{"rendered":"http:\/\/blogsaverroes.juntadeandalucia.es\/igge\/?page_id=2"},"modified":"2016-03-07T15:47:21","modified_gmt":"2016-03-07T15:47:21","slug":"inicio2","status":"publish","type":"page","link":"https:\/\/blogsaverroes.juntadeandalucia.es\/ceipjuancarrillo\/inicio2\/","title":{"rendered":"Inicio2"},"content":{"rendered":"<p><a href=\"http:\/\/blogsaverroes.juntadeandalucia.es\/ceipjuancarrillo\/files\/2015\/03\/inicio.png\"><img loading=\"lazy\" decoding=\"async\" class=\"alignnone wp-image-2132 size-full\" src=\"http:\/\/blogsaverroes.juntadeandalucia.es\/ceipjuancarrillo\/files\/2015\/03\/inicio.png\" alt=\"inicio\" width=\"923\" height=\"267\" srcset=\"https:\/\/blogsaverroes.juntadeandalucia.es\/ceipjuancarrillo\/files\/2015\/03\/inicio.png 923w, https:\/\/blogsaverroes.juntadeandalucia.es\/ceipjuancarrillo\/files\/2015\/03\/inicio-300x87.png 300w\" sizes=\"(max-width: 923px) 100vw, 923px\" \/><\/a><\/p>\n<p><strong>El CEIP Juan Carrillo, comenz\u00f3 a funcionar en el a\u00f1o 1928, a\u00f1o del que data el edificio antiguo, donde se encuentran\u00a0las aulas de Educaci\u00f3n Infantil y los despachos de Direcci\u00f3n, Secretar\u00eda, Jefatura de Estudios y Departamento de Orientaci\u00f3n. Es el colegio m\u00e1s antiguo de Ronda en funcionamiento y cuenta con una historia larga y muy interesante.<\/strong><\/p>\n<p><strong>Te invitamos a conocernos mejor a trav\u00e9s de este espacio virtual. Aqu\u00ed puedes encontrar toda la informaci\u00f3n que necesites sobre el Centro y su entorno. Si necesitas ponerte en contacto con nosotros, puedes hacerlo por tel\u00e9fono llamando al 952 16 99 24; o por fax en el n\u00famero 952 16 99 26; o escribiendo al correo electr\u00f3nico 29007718.edu@juntadeandalucia.es<\/strong><\/p>\n","protected":false},"excerpt":{"rendered":"<p>El CEIP Juan Carrillo, comenz\u00f3 a funcionar en el a\u00f1o 1928, a\u00f1o del que data el edificio antiguo, donde se encuentran\u00a0las aulas de Educaci\u00f3n Infantil y los despachos de Direcci\u00f3n, Secretar\u00eda, Jefatura de Estudios&#46;&#46;&#46;<\/p>\n","protected":false},"author":1,"featured_media":0,"parent":0,"menu_order":0,"comment_status":"open","ping_status":"open","template":"","meta":{"ngg_post_thumbnail":0,"footnotes":"","_mc_calendar":[]},"aioseo_notices":[],"_links":{"self":[{"href":"https:\/\/blogsaverroes.juntadeandalucia.es\/ceipjuancarrillo\/wp-json\/wp\/v2\/pages\/2"}],"collection":[{"href":"https:\/\/blogsaverroes.juntadeandalucia.es\/ceipjuancarrillo\/wp-json\/wp\/v2\/pages"}],"about":[{"href":"https:\/\/blogsaverroes.juntadeandalucia.es\/ceipjuancarrillo\/wp-json\/wp\/v2\/types\/page"}],"author":[{"embeddable":true,"href":"https:\/\/blogsaverroes.juntadeandalucia.es\/ceipjuancarrillo\/wp-json\/wp\/v2\/users\/1"}],"replies":[{"embeddable":true,"href":"https:\/\/blogsaverroes.juntadeandalucia.es\/ceipjuancarrillo\/wp-json\/wp\/v2\/comments?post=2"}],"version-history":[{"count":4,"href":"https:\/\/blogsaverroes.juntadeandalucia.es\/ceipjuancarrillo\/wp-json\/wp\/v2\/pages\/2\/revisions"}],"predecessor-version":[{"id":2357,"href":"https:\/\/blogsaverroes.juntadeandalucia.es\/ceipjuancarrillo\/wp-json\/wp\/v2\/pages\/2\/revisions\/2357"}],"wp:attachment":[{"href":"https:\/\/blogsaverroes.juntadeandalucia.es\/ceipjuancarrillo\/wp-json\/wp\/v2\/media?parent=2"}],"curies":[{"name":"wp","href":"https:\/\/api.w.org\/{rel}","templated":true}]}}