{"id":2163,"date":"2016-02-05T12:32:37","date_gmt":"2016-02-05T12:32:37","guid":{"rendered":"http:\/\/blogsaverroes.juntadeandalucia.es\/ceipjuancarrillo\/?page_id=2163"},"modified":"2016-05-17T07:56:51","modified_gmt":"2016-05-17T07:56:51","slug":"un-poco-de-historia","status":"publish","type":"page","link":"https:\/\/blogsaverroes.juntadeandalucia.es\/ceipjuancarrillo\/un-poco-de-historia\/","title":{"rendered":"Un poco de historia"},"content":{"rendered":"<p style=\"text-align: justify\"><strong>Juan Carrillo es el nombre de un maestro ronde\u00f1o que naci\u00f3 el 1 de enero de 1829 dedicando toda su vida a la ense\u00f1anza. Tras varios a\u00f1os como maestro en Ronda, y tras pasar un a\u00f1o en Jerez de la Frontera, se traslad\u00f3 a Madrid, donde hab\u00eda obtenido una escuela en propiedad mediante concurso de ascenso, en la que se jubilar\u00eda en 1894.<\/strong><\/p>\n<p style=\"text-align: justify\"><strong><a href=\"http:\/\/blogsaverroes.juntadeandalucia.es\/ceipjuancarrillo\/files\/2016\/02\/JuanCarrillo01.jpg\"><img loading=\"lazy\" decoding=\"async\" class=\" size-medium wp-image-2824 alignleft\" src=\"http:\/\/blogsaverroes.juntadeandalucia.es\/ceipjuancarrillo\/files\/2016\/02\/JuanCarrillo01-225x300.jpg\" alt=\"JuanCarrillo01\" width=\"225\" height=\"300\" srcset=\"https:\/\/blogsaverroes.juntadeandalucia.es\/ceipjuancarrillo\/files\/2016\/02\/JuanCarrillo01-225x300.jpg 225w, https:\/\/blogsaverroes.juntadeandalucia.es\/ceipjuancarrillo\/files\/2016\/02\/JuanCarrillo01.jpg 300w\" sizes=\"(max-width: 225px) 100vw, 225px\" \/><\/a>Tuvo Juan Carrillo nueve hijos e hijas, de los cuales cinco tambi\u00e9n ejercieron como maestros, aunque todos fueron obligados por D. Juan a ser maestros aunque luego estudiaran o se dedicaran a otras profesiones.<\/strong><\/p>\n<p style=\"text-align: justify\"><strong>A principios del nuevo siglo, se traslad\u00f3 a Toledo, donde\u00a0su hija Margarita ejerc\u00eda de profesora. \u00c9sta le cuidar\u00eda hasta su muerte, el 3 de abril de 1910, a la edad de 81 a\u00f1os.<\/strong><\/p>\n<p style=\"text-align: justify\"><strong>Francisco Carrillo Guerrero, el menor de sus hijos, tras desempe\u00f1ar la profesi\u00f3n de maestro por varias provincias, lleg\u00f3 a ser Inspector Jefe de la provincia de Madrid. Tambi\u00e9n ten\u00eda el t\u00edtulo de profesor especial de sordomudos y ciegos y obtuvo doctorados en Derecho y Filosof\u00eda y Letras.<\/strong><\/p>\n<p style=\"text-align: justify\"><strong>Francisco Carrillo fue quien promovi\u00f3 en 1928, desde su alto cargo de Inspector, la construcci\u00f3n de este Centro que agrup\u00f3 alumnos de al menos cinco peque\u00f1as escuelas dispersas por la ciudad. <\/strong><\/p>\n<p style=\"text-align: justify\"><strong>El 22 de septiembre de 1928, el Excmo. Ayuntamiento de Ronda, en sesi\u00f3n extraordinaria, acuerda nombrar a D. Francisco Carrillo Guerrero hijo predilecto de la ciudad y otorgar el nombre de su padre, Juan Carrillo, al grupo escolar reci\u00e9n construido.<\/strong><\/p>\n<p style=\"text-align: justify\"><strong>El colegio funcion\u00f3 con 6 profesores y tal como se termin\u00f3, pasando por la Monarqu\u00eda de Alfonso XIII, Segunda Rep\u00fablica, vicisitudes de la Guerra Civil y dictadura del general Franco, hasta los a\u00f1os sesenta en que se ampl\u00eda la plantilla con un profesor m\u00e1s. El centro segu\u00eda atendiendo s\u00f3lo alumnado masculino como desde su inicio.<\/strong><\/p>\n<p style=\"text-align: justify\"><strong>\u00a0<\/strong><strong>A principios de los setenta y coincidiendo con la implantaci\u00f3n de la Democracia, se ampl\u00eda en cuatro unidades anexando al centro los dormitorios que exist\u00edan en el patio trasero y que hab\u00edan sido construidos por \u201cColonias Escolares\u201d para este fin. Estas dependencias fueron derruidas a\u00f1os despu\u00e9s, coincidiendo con la incorporaci\u00f3n al centro de gran parte del edificio que acog\u00eda la Escuela de Maestr\u00eda Industrial. Es tambi\u00e9n en esta \u00e9poca, cuando el colegio se convierte en mixto de manera escalonada, comenzando por Preescolar.<\/strong><\/p>\n<p style=\"text-align: justify\"><strong>\u00a0<\/strong><strong>En septiembre de 1986, se ampl\u00eda la plantilla del profesorado en 14 profesores y profesoras, en septiembre del a\u00f1o siguiente a 17 y en el curso 1989\/90 hasta 20, continuando, por la demanda de matr\u00edcula existente en aumento hasta las 26 personas que formamos hoy el Claustro de Profesorado.<\/strong><\/p>\n<p style=\"text-align: justify\"><strong>\u00a0<\/strong><strong>En el curso 1997\/98 comenzaron a funcionar la Biblioteca y el Laboratorio del centro. En el curso 1998\/99, con motivo del 70\u00aa aniversario de la fundaci\u00f3n del colegio, se llevaron a cabo una serie de actos con la participaci\u00f3n de antiguos alumnos de todas las \u00e9pocas y las autoridades educativas, estando presente D\u00aa M\u00aa del Pilar Carrillo, sobrina nieta de D. Juan Carrillo. Tambi\u00e9n cabe destacar que en este curso se puso en marcha el comedor escolar como consecuencia de la entrada del centro en el Plan de Apoyo a las Familias Andaluzas.<\/strong><\/p>\n<p style=\"text-align: justify\"><strong>\u00a0<\/strong><strong>En el curso 1999\/2000 se anticipa la ense\u00f1anza del Ingl\u00e9s al Primer Ciclo de Primaria con car\u00e1cter experimental. Ese mismo a\u00f1o, se produce el hermanamiento con el colegio Francisco Carrillo de San Sebasti\u00e1n de los Reyes.<\/strong><\/p>\n<p style=\"text-align: justify\"><strong>\u00a0<\/strong><strong>En el curso 2010\/11, el centro pasa a ser biling\u00fce, aunque con anterioridad ven\u00edamos trabajando de manera especial todo lo referido al idioma Ingl\u00e9s. As\u00ed desde el curso 2005\/06 hasta el 2014\/15 hemos participado en distintos Programa Europeos enmarcados en Proyectos Comenius, con la participaci\u00f3n de centros del Reino Unido, Francia, Italia, Alemania, Lituania, Turqu\u00eda, Finlandia, Chipre y Polonia: \u201cDeveloping Europeans\u201d, \u201cUnder one sky\u201d y \u201cWho wants to be a stereotype?\u201d<\/strong><\/p>\n","protected":false},"excerpt":{"rendered":"<p>Juan Carrillo es el nombre de un maestro ronde\u00f1o que naci\u00f3 el 1 de enero de 1829 dedicando toda su vida a la ense\u00f1anza. Tras varios a\u00f1os como maestro en Ronda, y tras pasar&#46;&#46;&#46;<\/p>\n","protected":false},"author":2337,"featured_media":0,"parent":0,"menu_order":0,"comment_status":"open","ping_status":"open","template":"","meta":{"ngg_post_thumbnail":0,"footnotes":"","_mc_calendar":[]},"aioseo_notices":[],"_links":{"self":[{"href":"https:\/\/blogsaverroes.juntadeandalucia.es\/ceipjuancarrillo\/wp-json\/wp\/v2\/pages\/2163"}],"collection":[{"href":"https:\/\/blogsaverroes.juntadeandalucia.es\/ceipjuancarrillo\/wp-json\/wp\/v2\/pages"}],"about":[{"href":"https:\/\/blogsaverroes.juntadeandalucia.es\/ceipjuancarrillo\/wp-json\/wp\/v2\/types\/page"}],"author":[{"embeddable":true,"href":"https:\/\/blogsaverroes.juntadeandalucia.es\/ceipjuancarrillo\/wp-json\/wp\/v2\/users\/2337"}],"replies":[{"embeddable":true,"href":"https:\/\/blogsaverroes.juntadeandalucia.es\/ceipjuancarrillo\/wp-json\/wp\/v2\/comments?post=2163"}],"version-history":[{"count":12,"href":"https:\/\/blogsaverroes.juntadeandalucia.es\/ceipjuancarrillo\/wp-json\/wp\/v2\/pages\/2163\/revisions"}],"predecessor-version":[{"id":2826,"href":"https:\/\/blogsaverroes.juntadeandalucia.es\/ceipjuancarrillo\/wp-json\/wp\/v2\/pages\/2163\/revisions\/2826"}],"wp:attachment":[{"href":"https:\/\/blogsaverroes.juntadeandalucia.es\/ceipjuancarrillo\/wp-json\/wp\/v2\/media?parent=2163"}],"curies":[{"name":"wp","href":"https:\/\/api.w.org\/{rel}","templated":true}]}}