{"id":2600,"date":"2016-04-25T11:09:47","date_gmt":"2016-04-25T11:09:47","guid":{"rendered":"http:\/\/blogsaverroes.juntadeandalucia.es\/ceipjuancarrillo\/?page_id=2600"},"modified":"2016-11-15T12:48:22","modified_gmt":"2016-11-15T12:48:22","slug":"procedimientos-de-evaluacion-interna","status":"publish","type":"page","link":"https:\/\/blogsaverroes.juntadeandalucia.es\/ceipjuancarrillo\/proyecto-educativo\/procedimientos-de-evaluacion-interna\/","title":{"rendered":"Procedimientos de evaluaci\u00f3n interna"},"content":{"rendered":"<p style=\"text-align: justify\">Al finalizar cada curso escolar,\u00a0 en el Centro se proceder\u00e1 al an\u00e1lisis, evaluaci\u00f3n y actualizaci\u00f3n de los\u00a0 apartados del Plan\u00a0 del Centro que determina el TITULO VI del Decreto 328\/2010 de 31 de julio y el que se especifica que la Evaluaci\u00f3n se efectuar\u00e1 sobre los procesos educativos y sobre los resultados obtenidos, tanto en lo relativo a la organizaci\u00f3n, gesti\u00f3n y funcionamiento como al conjunto de las actividades de ense\u00f1anza y aprendizaje.<\/p>\n<p style=\"text-align: justify\">En estas revisiones se har\u00e1\u00a0 especial referencia a aquellos que influyen especialmente en los resultados escolares<\/p>\n<p style=\"text-align: justify\">En\u00a0 Mayo comenzar\u00e1n los trabajos para el an\u00e1lisis del Plan de Autoevaluaci\u00f3n Anual, recogiendo el resultado del proceso de evaluaci\u00f3n interna que el Centro realizar\u00e1 sobre su propio funcionamiento. El Equipo de Evaluaci\u00f3n, creado de acuerdo al art\u00edculo 26.5 del Decreto 328\/2010, de 13 de julio, y de acuerdo con el procedimiento establecido en el Reglamento de Organizaci\u00f3n y Funcionamiento, en esta fecha, establecer\u00e1 las directrices b\u00e1sicas para la aplicaci\u00f3n de esta revisi\u00f3n final. El plan b\u00e1sico de actuaci\u00f3n quedar\u00e1 recogido en el calendario final de curso.<\/p>\n<p style=\"text-align: justify\">\n<p>OBJETIVOS DE LA EVALUACI\u00d3N DEL CENTRO<\/p>\n<ol>\n<li>Lograr una descripci\u00f3n lo m\u00e1s completa posible de la situaci\u00f3n del centro que comprenda tanto los aspectos personales, como los materiales y de funcionamiento.<\/li>\n<\/ol>\n<ol start=\"2\">\n<li>Detectar los aspectos que destacan por su calidad y aquellos otros que necesitar\u00edan ser revisados y mejorados.<\/li>\n<\/ol>\n<ol start=\"3\">\n<li>Formular las propuestas de mejora que es estiman necesarias para que el Claustro y el Consejo Escolar tuvieran unas referencias (o indicadores) m\u00e1s o menos objetivas sobre lo que funciona bien y aquello que debe mejorarse. De esta manera se pueden iniciar o favorecer procesos de perfeccionamiento profesional y de autoevaluaci\u00f3n.<\/li>\n<\/ol>\n<ol start=\"4\">\n<li>Formular las propuestas de mejora que competen a la Administraci\u00f3n, para su valoraci\u00f3n e inclusi\u00f3n en sucesivos planes de actuaci\u00f3n.<\/li>\n<\/ol>\n<p>&nbsp;<\/p>\n<p>EVALUACI\u00d3N INTERNA DEL CENTRO. CARACTERIZACI\u00d3N DE LOS INDICADORES.<\/p>\n<p>Para la Evaluaci\u00f3n de cada indicador se aplicara la siguiente estrategia:<\/p>\n<p>Aspectos que se consideran:<\/p>\n<p>* Coherencia\u00a0\u00a0 con las Necesidades Educativas del Centro y con las propuestas de mejora\u00a0 establecidas\u00a0 en el Proyecto Educativo.<\/p>\n<p>* Funcionalidad (concreci\u00f3n y realismo)<\/p>\n<p>* Previsi\u00f3n de las estrategias (actuaciones, calendario, responsables, recursos) para alcanzarlos.<\/p>\n<p>* La participaci\u00f3n de la Comunidad Educativa:<\/p>\n<p>&nbsp;<\/p>\n<ol>\n<li>a) La participaci\u00f3n del alumnado.<\/li>\n<li>b) La participaci\u00f3n de los tutores\/as.<\/li>\n<li>c) La participaci\u00f3n de los padres y madres del alumnado.<\/li>\n<li>d) La participaci\u00f3n de equipos de apoyo externo (EOE, CEP, Inspecci\u00f3n).<\/li>\n<\/ol>\n<p>&nbsp;<\/p>\n<p>* Propuestas de mejora:<\/p>\n<ol>\n<li>a) Encaminadas a reforzar los logros.<\/li>\n<li>b) Encaminadas a solucionar las deficiencias detectadas.<\/li>\n<\/ol>\n<p>&nbsp;<\/p>\n<p>AUTOEVALUACI\u00d3N DEL CENTRO<\/p>\n<p>Atendiendo a los objetivos de evaluaci\u00f3n del centro, se elaborar\u00e1n una serie de formularios donde se valorar\u00e1 del 0 al 5 el grado de satisfacci\u00f3n o consecuci\u00f3n de los distintos indicadores para cada uno de los aspectos a evaluar.<\/p>\n<p>&nbsp;<\/p>\n<ol>\n<li>OBJETIVOS PROPIOS PARA LA MEJORA DEL RENDIMIENTO ESCOLAR<\/li>\n<\/ol>\n<p>&nbsp;<\/p>\n<p>A.1. Se aplican los criterios pedag\u00f3gicos establecidos en el centro para la asignaci\u00f3n de tutor\u00edas y formaci\u00f3n de grupos.<\/p>\n<p>A.2.Coherencia entre los objetivos propuestos y las deficiencias detectadas en el alumnado.<\/p>\n<p>A.3.Grado de consecuci\u00f3n de los objetivos propuestos.<\/p>\n<p>A.4.Realizaci\u00f3n de las actividades propuestas en todos los niveles del Centro.<\/p>\n<p>A.5 Reuni\u00f3n mensual del E.T.C.P.\u00a0 para realizar su seguimiento y mejora.<\/p>\n<p>A.6.Aplicaci\u00f3n de criterios pedag\u00f3gico comunes en la realizaci\u00f3n de las actividades.<\/p>\n<p>A.7. Consecuci\u00f3n de la secuencia de los contenidos programados en todos los niveles.<\/p>\n<p>A.8.Existencia de criterios de evaluaci\u00f3n y promoci\u00f3n comunes, que son conocidos por la Comunidad Educativa.<\/p>\n<p>A.9.\u00a0 Puesta en pr\u00e1ctica\u00a0 de las formas de atenci\u00f3n a la diversidad del alumnado y\u00a0 de la organizaci\u00f3n de las actividades de refuerzo y recuperaci\u00f3n.<\/p>\n<p>A.10.Realizaci\u00f3n por parte del centro de\u00a0 sesiones de\u00a0 evaluaci\u00f3n, an\u00e1lisis de los resultados\u00a0 y adopci\u00f3n de medidas de mejora.<\/p>\n<p>A.11. Direcci\u00f3n y coordinaci\u00f3n\u00a0 desde el Equipo Directivo de la actividad Educativa del Centro.<\/p>\n<ol>\n<li>EQUIPO T\u00c9CNICO DE COORDINACI\u00d3N PEDAG\u00d3GICA<\/li>\n<\/ol>\n<p>B.1. Establecimiento de las directrices generales para la realizaci\u00f3n de los documentos educativos del Centro y su modificaci\u00f3n.<\/p>\n<p>B.2. Colaboraci\u00f3n en la elaboraci\u00f3n del Plan de Centro.<\/p>\n<p>B.3. Establecimiento de directrices para elaborar y revisar las programaciones.<\/p>\n<p>B.4. Colaboraci\u00f3n para organizar la formaci\u00f3n del profesorado.<\/p>\n<p>B.5. Elaboraci\u00f3n y seguimiento del Plan de Mejora.<\/p>\n<p>B.6. Elaboraci\u00f3n del las Actividades\u00a0 Complementarias.<\/p>\n<p>B.7. Coordinaci\u00f3n de\u00a0 las l\u00edneas de Actuaci\u00f3n pedag\u00f3gica del Centro.<\/p>\n<p>B.8. Aprobaci\u00f3n del Calendario de actividades mensuales del Centro.<\/p>\n<p>B.9. Propuesta al Equipo Directivo y Claustro de Profesores planes de Mejora como resultado de las evaluaciones.<\/p>\n<p>&nbsp;<\/p>\n<ol>\n<li>EQUIPOS DE CICLOS<\/li>\n<\/ol>\n<p>C.1. Realizaci\u00f3n de las reuniones establecidas por el Centro.<\/p>\n<p>C.2. Cumplimiento de acuerdos.<\/p>\n<p>C.3. Revisi\u00f3n mensual del Plan de Mejora<\/p>\n<p>C.4. Realizaci\u00f3n de un trabajo en equipo para la elaboraci\u00f3n de la programaci\u00f3n docente.<\/p>\n<p>C.5. Seguimiento y revisi\u00f3n de la programaci\u00f3n docente.<\/p>\n<p>C.6. Unificaci\u00f3n de criterios para la evaluaci\u00f3n.<\/p>\n<p>C.7. An\u00e1lisis y valoraci\u00f3n de los resultados escolares.<\/p>\n<p>C.8. Propuesta de mejoras ante las dificultades encontradas.<\/p>\n<p>C.9. Elaboraci\u00f3n de actividades de refuerzo.<\/p>\n<p>C.10. Actualizaci\u00f3n de la metodolog\u00eda did\u00e1ctica.<\/p>\n<p>C.11. Elaboraci\u00f3n de\u00a0 las actividades Extraescolares y Complementarias.<\/p>\n<p>C.12. Valoraci\u00f3n de los resultados del proceso de ense\u00f1anza-aprendizaje y elaboraci\u00f3n de las actividades de refuerzo.<\/p>\n<p>&nbsp;<\/p>\n<ol>\n<li>EQUIPOS DOCENTES<\/li>\n<\/ol>\n<p>D.1. Seguimiento global del alumnado de su grupo.<\/p>\n<p>D.2. Realizaci\u00f3n de forma colegida la evaluaci\u00f3n del alumnado.<\/p>\n<p>D.3. Fijaci\u00f3n de actuaciones para mejorar el clima de Convivencia.<\/p>\n<p>D.4. Propuesta y elaboraci\u00f3n\u00a0 de los\u00a0 Programas de Adaptaciones curriculares no significativas.<\/p>\n<p>D.5. Ejecuci\u00f3n de actuaciones para mejorar el clima de convivencia del Centro.<\/p>\n<p>D.6. Coordinaci\u00f3n de las actuaciones llevadas a cabo con el grupo.<\/p>\n<p>D.7. Conocimiento y participaci\u00f3n\u00a0 en la informaci\u00f3n que reciben los padres \/madres.<\/p>\n<p>&nbsp;<\/p>\n<ol>\n<li>EQUIPO DE ORIENTACI\u00d3N EDUCATIVA.<\/li>\n<\/ol>\n<p>E.1. Ejecuci\u00f3n de\u00a0 la forma de atenci\u00f3n a la Diversidad del alumnado adecuada a sus necesidades.<\/p>\n<p>E.2. Atenci\u00f3n a los alumnos con NEAE.<\/p>\n<p>E.3. Colaboraci\u00f3n para elaborar los Programas de Adaptaci\u00f3n Curricular Significativa.<\/p>\n<p>E.4. Asesoramiento\u00a0 y colaboraci\u00f3n\u00a0 en el Plan de orientaci\u00f3n y acci\u00f3n Tutorial.<\/p>\n<p>E.5. Atenci\u00f3n a padres y tutores.<\/p>\n<p>E.6.Horario de dedicaci\u00f3n al Centro del\u00a0 Orientador\/a del Equipo de orientaci\u00f3n Educativa.<\/p>\n<p>E.7. Organizaci\u00f3n de las actividades se organizan en funci\u00f3n de la evaluaci\u00f3n Inicial y continua.<\/p>\n<p>E.8. Resoluci\u00f3n de las actuaciones llevadas a cabo para la mejora del resultado del alumnado.<\/p>\n<p>E.9. Realizaci\u00f3n\u00a0 de\u00a0 todos los planes y programas de refuerzo elaborados por el Centro.<\/p>\n<p>&nbsp;<\/p>\n<ol>\n<li>LA ORGANIZACI\u00d3N Y EL FUNCIONAMIENTO DE LA TUTOR\u00cdA<\/li>\n<\/ol>\n<p>F.1. E Desarrollo de las actividades previstas en el Plan de Acci\u00f3n tutorial del Centro.<\/p>\n<p>F.2. Conocimiento del alumnado con objeto de orientarlo en su proceso de aprendizaje.<\/p>\n<p>F.3.Coordinaci\u00f3n de las intervenciones del E. Docente de su grupo.<\/p>\n<p>F.4.Coordinaci\u00f3n del proceso de Evaluaci\u00f3n del alumnado de su tutor\u00eda.<\/p>\n<p>F.5.Organizaci\u00f3n\u00a0 y asistencia a las reuniones\u00a0 mensuales de E. Docente de su grupo<\/p>\n<p>F.6. Cumplimentaci\u00f3n de la documentaci\u00f3n\u00a0 personal y acad\u00e9mica de su alumnado.<\/p>\n<p>F.7. Informaci\u00f3n al alumnado sobre el desarrollo de su aprendizaje, as\u00ed como a sus padres, madres.<\/p>\n<p>F.8.Recogida de la opini\u00f3n del alumnado a su cargo sobre el proceso de ense\u00f1anza \u2013aprendizaje.<\/p>\n<p>F.9. Prestaci\u00f3n de una actitud cooperativa entre los miembros de la Comunidad Escolar.<\/p>\n<p>F.10. Relaci\u00f3n permanente con las familias de su alumnado.<\/p>\n<p>F.11. Implicaci\u00f3n en la integraci\u00f3n de los alumnos\/as en el grupo.<\/p>\n<p>F.12. Colaboraci\u00f3n\u00a0 en la gesti\u00f3n del programa de gratuidad de libros de texto.<\/p>\n<p>&nbsp;<\/p>\n<ol>\n<li>FORMACI\u00d3N DEL PROFESORADO<\/li>\n<\/ol>\n<p>G.1. Oferta formativa por parte del CEP.<\/p>\n<p>G.2. Grado de participaci\u00f3n del profesorado.<\/p>\n<p>G.3. Atenci\u00f3n recibida desde los asesores del CEP.<\/p>\n<p>G.4. Organizaci\u00f3n y propuesta de actividades de formaci\u00f3n desde el E.T.C.P.<\/p>\n<p>&nbsp;<\/p>\n<ol>\n<li>ORGANIZACI\u00d3N Y FUNCIONAMIENTO DEL COMEDOR ESCOLAR<\/li>\n<\/ol>\n<p>H.1. Prestaci\u00f3n del Servicio.<\/p>\n<p>H.2. Atenci\u00f3n al alumnado en per\u00edodo de permanencia en el Centro.<\/p>\n<p>H.3. Actuaci\u00f3n del personal de atenci\u00f3n.<\/p>\n<p>H.4. Atenci\u00f3n horaria que ofrece el servicio de comedor escolar.<\/p>\n<p>&nbsp;<\/p>\n<ol>\n<li>PLAN DE REUNIONES DE LOS \u00d3RGANOS COLEGIADOS DE GOBIERNO DEL CENTRO.<\/li>\n<\/ol>\n<p>&nbsp;<\/p>\n<p>I.1. CONSEJO ESCOLAR<\/p>\n<p>I.1.1 Aprobaci\u00f3n del Plan de Centro.<\/p>\n<p>I.1.2 Revisi\u00f3n Anual del Plan de Centro.<\/p>\n<p>I.1.3 Aprobaci\u00f3n del presupuesto del Centro y justificaci\u00f3n de las cuentas.<\/p>\n<p>I.1.4 Aprobaci\u00f3n de actividades extraescolares.<\/p>\n<p>I.1.5. Aprobaci\u00f3n del R.O.F. y Proyecto de Gesti\u00f3n.<\/p>\n<p>I.1.6. Seguimiento de los compromisos educativos y conocimiento de la resoluci\u00f3n de conflictos.<\/p>\n<p>I.1.7. Propuesta de medidas para favorecer la convivencia e igualdad.<\/p>\n<p>I.1.8. An\u00e1lisis y valoraci\u00f3n del funcionamiento del Centro.<\/p>\n<p>I.1.9. Participaci\u00f3n en la conservaci\u00f3n y renovaci\u00f3n de las instalaciones.<\/p>\n<p>I.1.10. Reprobaci\u00f3n\u00a0 de\u00a0 las personas que causen da\u00f1o e injurias al profesorado.<\/p>\n<p>I.1.11. Participaci\u00f3n en la elecci\u00f3n del director\/a.<\/p>\n<p>&nbsp;<\/p>\n<p>I.2. CLAUSTRO<\/p>\n<p>I.2.1. Aprobaci\u00f3n\u00a0 y Evaluaci\u00f3n de los aspectos educativos del Plan de Centro.<\/p>\n<p>I.2.2. An\u00e1lisis y evaluaci\u00f3n el funcionamiento del Centro.<\/p>\n<p>I.2.3. Propuesta de iniciativas en el \u00e1mbito de la experimentaci\u00f3n e investigaci\u00f3n.<\/p>\n<p>I.2.4. Realizaci\u00f3n anual de la autoevaluaci\u00f3n del\u00a0 Centro.<\/p>\n<p>I.2.5. Propuesta de actividades complementarias y extraescolares.<\/p>\n<p>I.2.6. Participaci\u00f3n en temas de formaci\u00f3n.<\/p>\n<p>I.2.7. Promoci\u00f3n de medidas que favorezcan la convivencia.<\/p>\n<p>I.2.8. Elecci\u00f3n de sus representantes en el C. Escolar.<\/p>\n<p>I.2.9. Conocimiento de la resoluci\u00f3n de conflictos disciplinarios y la imposici\u00f3n de sanciones.<\/p>\n<p>I.2.10. Conocimiento de las candidaturas a direcci\u00f3n y los proyectos.<\/p>\n<p>&nbsp;<\/p>\n<ol>\n<li>EQUIPO DIRECTIVO: Sobre el desarrollo de funciones que le competen seg\u00fan Decreto 328\/2010 de 31 de julio.<\/li>\n<\/ol>\n<p>J.1. Ejecuci\u00f3n de actuaciones para el buen funcionamiento del Centro.<\/p>\n<p>J.2. Organizaci\u00f3n del horario del Centro.<\/p>\n<p>J.3. Adopci\u00f3n de las medidas necesarias para llevar a cabo los acuerdos adoptados por los \u00d3rganos de gobierno y de coordinaci\u00f3n Docente del Centro.<\/p>\n<p>J.4. Actuaci\u00f3n coordinada con otros Centros Educativos de la zona.<\/p>\n<p>J.5. Elaboraci\u00f3n del Plan de Centro y otros documentos del Centro.<\/p>\n<p>J.6. Colaboraci\u00f3n con la Consejer\u00eda y dem\u00e1s instituciones.<\/p>\n<p>&nbsp;<\/p>\n<ol>\n<li>RESULTADOS ACAD\u00c9MICOS DEL ALUMNADO<\/li>\n<\/ol>\n<p>K.1. Aplicaci\u00f3n de criterios de evaluaci\u00f3n y promoci\u00f3n del alumnado.<\/p>\n<p>K.2. Valoraci\u00f3n de resultados generales.<\/p>\n<p>K.3. Valoraci\u00f3n de los resultados de los alumnos con N.E.E. con PAC significativa\u00a0 elaborada.<\/p>\n<p>K.4. Valoraci\u00f3n de los resultados de alumnos\/as de integraci\u00f3n en aulas ordinarias.<\/p>\n<p>&nbsp;<\/p>\n<ol>\n<li>GRADO DE CUMPLIMIENTO DE LOS PLANES ESTRATEGICOS DEL CENTRO.<\/li>\n<\/ol>\n<p>L.1. Cumplimiento de los Objetivos generales.<\/p>\n<p>L.2. Planificaci\u00f3n de actuaciones.<\/p>\n<p>L.3. Seguimiento y revisi\u00f3n.<\/p>\n<p>L.4. Mejora de los resultados escolares.<\/p>\n<p>L.5. Valoraci\u00f3n del proyecto Biling\u00fce.<\/p>\n<p>L.6.Funcionamiento del Plan de Apertura de Centros.<\/p>\n<p>L.7. Valoraci\u00f3n del Proyecto T.I.C.<\/p>\n<p>L.8. Valoraci\u00f3n del Plan de Igualdad entre hombres y mujeres.<\/p>\n<p>L.9. Efectividad del Acompa\u00f1amiento Escolar.<\/p>\n<p>L.10. Puesta en pr\u00e1ctica del Plan de lectura y Biblioteca.<\/p>\n<p>&nbsp;<\/p>\n<ol>\n<li>HORARIO GENERAL DEL CENTRO.<\/li>\n<\/ol>\n<p>M.1. Cumplimiento del horario del Centro establecido en el Proyecto Educativo.<\/p>\n<p>M.2. Puntualidad\u00a0 en las entradas y salidas\u00a0 del Centro por parte de su personal.<\/p>\n<ol start=\"3\">\n<li>3. Incidencia de las ausencias del profesorado y alumnado en el rendimiento del alumnado.<\/li>\n<\/ol>\n<p>M.4. Interrupci\u00f3n de la actividad del aula.<\/p>\n<p>M.5. Recogida de las salidas y entradas del alumnado.<\/p>\n<p>M.6.Registro de ausencias de los trabajadores y de las sustituciones.<\/p>\n<p>&nbsp;<\/p>\n<ol>\n<li>REGLAMENTO DE ORGANIZACI\u00d3N Y FUNCIONAMIENTO<\/li>\n<\/ol>\n<p>N.1. Puesta en pr\u00e1ctica del reglamento.<\/p>\n<p>N.2.Recogida de todos los aspectos del\u00a0 funcionamiento del Centro.<\/p>\n<p>N.3. Grado de conocimiento por parte de la Comunidad Educativa.<\/p>\n<p>N.4.Seguimiento y actualizaci\u00f3n del documento.<\/p>\n<p>N.5.Aceptaci\u00f3n y cumplimiento de la normativa.<\/p>\n<p>N.6. Colaboraci\u00f3n\u00a0 del Equipo Directivo y el Claustro de Profesores en la elaboraci\u00f3n del documento.<\/p>\n<p>&nbsp;<\/p>\n<p>\u00d1. CLIMA DE CONVIVENCIA EN EL CENTRO-PLAN DE CONVIVENCIA.<\/p>\n<p>\u00d1.1. Interacci\u00f3n entre los miembros de la comunidad educativa.<\/p>\n<p>\u00d1.2. Aplicaci\u00f3n de las Normas de Convivencia.<\/p>\n<p>\u00d1.3. Colaboraci\u00f3n con las familias.<\/p>\n<p>\u00d1.4. Colaboraci\u00f3n y participaci\u00f3n de los alumnos en la vida del Centro.<\/p>\n<p>\u00d1.5. Inclusi\u00f3n de actividades preventivas para la mejora de la Convivencia.<\/p>\n<p>\u00d1.6. Divulgaci\u00f3n del Plan de convivencia del Centro.<\/p>\n<p>\u00d1.7 Concreci\u00f3n de un Plan de reuniones por parte de la Comisi\u00f3n de convivencia.<\/p>\n<p>\u00d1.8. Realizaci\u00f3n de actividades de acogida para el profesorado y el alumnado.<\/p>\n<p>&nbsp;<\/p>\n<ol>\n<li>ACTUACIONES EN RELACI\u00d3N CON EL PROYECTO DEL PLAN DE AUTOPROTECCI\u00d3N ELABORADO POR\u00a0 EL\u00a0 CENTRO<\/li>\n<\/ol>\n<p>O.1. Realizaci\u00f3n de un simulacro por trimestre<\/p>\n<p>O.2.Actualizaci\u00f3n del documento.<\/p>\n<p>O.3.Participaci\u00f3n del personal del Centro.<\/p>\n<p>O.4. Efectividad del Proyecto.<\/p>\n<p>&nbsp;<\/p>\n<ol>\n<li>RELACIONES CON EL AYUNTAMIENTO, INSPECCI\u00d3N EDUCATIVA Y OTRAS INSTITUCIONES<\/li>\n<\/ol>\n<p>P.1. Colaboraci\u00f3n del Ayuntamiento en las demandas del Centro.<\/p>\n<p>P.2. Participaci\u00f3n del Centro en actividades organizadas por el Ayuntamiento.<\/p>\n<p>P.3.Atenci\u00f3n a consultas y asesoramiento.<\/p>\n<p>P.4. Presencia en el Centro e implicaci\u00f3n con las tareas y proyectos.<\/p>\n<p>P.5. Realizaci\u00f3n de tareas de supervisi\u00f3n y control.<\/p>\n<p>P.6. Participaci\u00f3n como agente de evaluaci\u00f3n externa.<\/p>\n<p>P.7. Colaboraci\u00f3n del Centro con empresas de la localidad.<\/p>\n<p>P.8. Relaci\u00f3n con otras Instituciones y Asociaciones.<\/p>\n<p>&nbsp;<\/p>\n<ol>\n<li>ADECUACI\u00d3N DE ESPACIOS, MATERIALES Y TIEMPOS.<\/li>\n<\/ol>\n<p>Q.1. Presencia cuidada de las instalaciones\u00a0 exteriores del Centro.<\/p>\n<p>Q.2. Reflejo de la vida del Centro en el interior del edificio (aulas, espacios comunes\u2026)<\/p>\n<ol start=\"3\">\n<li>3. Mantenimiento adecuado del edificio.<\/li>\n<\/ol>\n<p>Q.4. Existencia de un buen servicio de limpieza.<\/p>\n<p>Q.5.\u00a0 Cumplimiento del plan de limpieza del Centro.<\/p>\n<p>Q.6. Actuaci\u00f3n del profesorado para concienciar al alumnado hacia la conservaci\u00f3n del Centro.<\/p>\n","protected":false},"excerpt":{"rendered":"<p>Al finalizar cada curso escolar,\u00a0 en el Centro se proceder\u00e1 al an\u00e1lisis, evaluaci\u00f3n y actualizaci\u00f3n de los\u00a0 apartados del Plan\u00a0 del Centro que determina el TITULO VI del Decreto 328\/2010 de 31 de julio&#46;&#46;&#46;<\/p>\n","protected":false},"author":2337,"featured_media":0,"parent":49,"menu_order":14,"comment_status":"open","ping_status":"closed","template":"page-templates\/child-menu.php","meta":{"ngg_post_thumbnail":0,"footnotes":"","_mc_calendar":[]},"aioseo_notices":[],"_links":{"self":[{"href":"https:\/\/blogsaverroes.juntadeandalucia.es\/ceipjuancarrillo\/wp-json\/wp\/v2\/pages\/2600"}],"collection":[{"href":"https:\/\/blogsaverroes.juntadeandalucia.es\/ceipjuancarrillo\/wp-json\/wp\/v2\/pages"}],"about":[{"href":"https:\/\/blogsaverroes.juntadeandalucia.es\/ceipjuancarrillo\/wp-json\/wp\/v2\/types\/page"}],"author":[{"embeddable":true,"href":"https:\/\/blogsaverroes.juntadeandalucia.es\/ceipjuancarrillo\/wp-json\/wp\/v2\/users\/2337"}],"replies":[{"embeddable":true,"href":"https:\/\/blogsaverroes.juntadeandalucia.es\/ceipjuancarrillo\/wp-json\/wp\/v2\/comments?post=2600"}],"version-history":[{"count":1,"href":"https:\/\/blogsaverroes.juntadeandalucia.es\/ceipjuancarrillo\/wp-json\/wp\/v2\/pages\/2600\/revisions"}],"predecessor-version":[{"id":2601,"href":"https:\/\/blogsaverroes.juntadeandalucia.es\/ceipjuancarrillo\/wp-json\/wp\/v2\/pages\/2600\/revisions\/2601"}],"up":[{"embeddable":true,"href":"https:\/\/blogsaverroes.juntadeandalucia.es\/ceipjuancarrillo\/wp-json\/wp\/v2\/pages\/49"}],"wp:attachment":[{"href":"https:\/\/blogsaverroes.juntadeandalucia.es\/ceipjuancarrillo\/wp-json\/wp\/v2\/media?parent=2600"}],"curies":[{"name":"wp","href":"https:\/\/api.w.org\/{rel}","templated":true}]}}