{"id":2645,"date":"2016-04-26T09:02:15","date_gmt":"2016-04-26T09:02:15","guid":{"rendered":"http:\/\/blogsaverroes.juntadeandalucia.es\/ceipjuancarrillo\/?page_id=2645"},"modified":"2016-11-15T13:12:58","modified_gmt":"2016-11-15T13:12:58","slug":"presupuestos-anuales-y-cuentas-de-gestion","status":"publish","type":"page","link":"https:\/\/blogsaverroes.juntadeandalucia.es\/ceipjuancarrillo\/el-proyecto-de-gestion\/presupuestos-anuales-y-cuentas-de-gestion\/","title":{"rendered":"Presupuestos anuales y cuentas de gesti\u00f3n"},"content":{"rendered":"<p style=\"text-align: justify\">\u00a0\u00a0\u00a0\u00a0\u00a0\u00a0\u00a0\u00a0\u00a0\u00a0 Las\u00a0 operaciones\u00a0 realizadas\u00a0 por\u00a0 el\u00a0 centro\u00a0 en\u00a0 ejecuci\u00f3n\u00a0 de\u00a0 su\u00a0 presupuesto,\u00a0 tanto\u00a0 de ingresos como de gastos, contar\u00e1n siempre con el oportuno soporte documental que acredite la legalidad de los ingresos y la justificaci\u00f3n de los gastos. La contabilizaci\u00f3n de los ingresos se efectuar\u00e1 con aplicaci\u00f3n del criterio de prudencia.<\/p>\n<p style=\"text-align: justify\">\n<ul>\n<li style=\"text-align: justify\">Las cuentas y los documentos justificativos deben recoger la totalidad de los\u00a0 gastos\u00a0 e\u00a0 ingresos\u00a0 habidos,\u00a0 con\u00a0 los\u00a0 asientos\u00a0 contables\u00a0 correspondientes\u00a0 y\u00a0 deben reunir los requisitos legales.<\/li>\n<li style=\"text-align: justify\">Las operaciones y anotaciones contables realizadas en medios inform\u00e1ticos ser\u00e1n\u00a0 encuadernadas\u00a0 correlativamente\u00a0 para\u00a0 formar\u00a0 los\u00a0 libros\u00a0 contables. Ser\u00e1n\u00a0 firmados\u00a0 y\u00a0 sellados\u00a0 cuando\u00a0 termine\u00a0 cada\u00a0 ejercicio.\u00a0 El\u00a0 centro mantendr\u00e1 en custodia esta documentaci\u00f3n durante un per\u00edodo m\u00ednimo de cinco a\u00f1os, desde la aprobaci\u00f3n de la cuenta de gesti\u00f3n.<\/li>\n<li style=\"text-align: justify\">Las compras las realizar\u00e1 el secretario\/a o el miembro del equipo directivo responsable de la gesti\u00f3n econ\u00f3mica.<\/li>\n<li style=\"text-align: justify\">El profesorado a trav\u00e9s de la coordinaci\u00f3n de los equipos de ciclo elevar\u00e1 las necesidades de recursos humanos, materiales y de uso de espacios al equipo directivo. Se priorizar\u00e1n y se atender\u00e1n seg\u00fan los presupuestos y los recursos humanos con los que cuente el centro. Para mayor agilizaci\u00f3n todo lo relacionado con\u00a0 materiales se presentar\u00e1 a la Secretar\u00eda del cento y lo relacionado con recursos humanos y espacio-temporales a la Jefatura de Estudios.<\/li>\n<li style=\"text-align: justify\">Aprobaci\u00f3n del presupuesto: La Direcci\u00f3n presentar\u00e1 al Consejo Escolar, por escrito, los documentos expedidos de S\u00e9neca que presentan el presupuesto de ingresos y gastos. \u00a0 Se aprobar\u00e1 junto con los planes y programaciones anuales a finales del mes de noviembre en el seno del Consejo Escolar por votaci\u00f3n, que quedar\u00e1 recogida en su correspondiente acta.<\/li>\n<li style=\"text-align: justify\">\u00a0Rendici\u00f3n de cuentas al consejo escolar: En el mes de marzo, la Direcci\u00f3n rendir\u00e1 cuentas, indicado el estado de las mismas a esta fecha. En el mes de octubre se presentar\u00e1 el cierre contable efectuado a 30 de septiembre mediante la aprobaci\u00f3n, mediante votaci\u00f3n, del ANEXO XI. Se presentar\u00e1n los documentos correspondientes a la contabilidad expedidos de S\u00e9neca con las justificaciones espec\u00edficas correspondientes y las facturas. Quedar\u00e1n custodiadas por la secretar\u00eda y a disposici\u00f3n del \u00f3rgano de control.<\/li>\n<\/ul>\n","protected":false},"excerpt":{"rendered":"<p>\u00a0\u00a0\u00a0\u00a0\u00a0\u00a0\u00a0\u00a0\u00a0\u00a0 Las\u00a0 operaciones\u00a0 realizadas\u00a0 por\u00a0 el\u00a0 centro\u00a0 en\u00a0 ejecuci\u00f3n\u00a0 de\u00a0 su\u00a0 presupuesto,\u00a0 tanto\u00a0 de ingresos como de gastos, contar\u00e1n siempre con el oportuno soporte documental que acredite la legalidad de los ingresos y la&#46;&#46;&#46;<\/p>\n","protected":false},"author":2337,"featured_media":0,"parent":2625,"menu_order":8,"comment_status":"open","ping_status":"closed","template":"page-templates\/child-menu.php","meta":{"ngg_post_thumbnail":0,"footnotes":"","_mc_calendar":[]},"aioseo_notices":[],"_links":{"self":[{"href":"https:\/\/blogsaverroes.juntadeandalucia.es\/ceipjuancarrillo\/wp-json\/wp\/v2\/pages\/2645"}],"collection":[{"href":"https:\/\/blogsaverroes.juntadeandalucia.es\/ceipjuancarrillo\/wp-json\/wp\/v2\/pages"}],"about":[{"href":"https:\/\/blogsaverroes.juntadeandalucia.es\/ceipjuancarrillo\/wp-json\/wp\/v2\/types\/page"}],"author":[{"embeddable":true,"href":"https:\/\/blogsaverroes.juntadeandalucia.es\/ceipjuancarrillo\/wp-json\/wp\/v2\/users\/2337"}],"replies":[{"embeddable":true,"href":"https:\/\/blogsaverroes.juntadeandalucia.es\/ceipjuancarrillo\/wp-json\/wp\/v2\/comments?post=2645"}],"version-history":[{"count":1,"href":"https:\/\/blogsaverroes.juntadeandalucia.es\/ceipjuancarrillo\/wp-json\/wp\/v2\/pages\/2645\/revisions"}],"predecessor-version":[{"id":2646,"href":"https:\/\/blogsaverroes.juntadeandalucia.es\/ceipjuancarrillo\/wp-json\/wp\/v2\/pages\/2645\/revisions\/2646"}],"up":[{"embeddable":true,"href":"https:\/\/blogsaverroes.juntadeandalucia.es\/ceipjuancarrillo\/wp-json\/wp\/v2\/pages\/2625"}],"wp:attachment":[{"href":"https:\/\/blogsaverroes.juntadeandalucia.es\/ceipjuancarrillo\/wp-json\/wp\/v2\/media?parent=2645"}],"curies":[{"name":"wp","href":"https:\/\/api.w.org\/{rel}","templated":true}]}}