{"id":2787,"date":"2016-05-10T09:08:54","date_gmt":"2016-05-10T09:08:54","guid":{"rendered":"http:\/\/blogsaverroes.juntadeandalucia.es\/ceipjuancarrillo\/?page_id=2787"},"modified":"2016-11-15T13:33:15","modified_gmt":"2016-11-15T13:33:15","slug":"8-funciones-de-los-delegados-y-delegadas-del-alumnado","status":"publish","type":"page","link":"https:\/\/blogsaverroes.juntadeandalucia.es\/ceipjuancarrillo\/plan-de-convivencia\/8-funciones-de-los-delegados-y-delegadas-del-alumnado\/","title":{"rendered":"8.- Funciones de los delegados y delegadas del alumnado"},"content":{"rendered":"<p style=\"text-align: justify\">\u00a0\u00a0\u00a0\u00a0\u00a0\u00a0\u00a0\u00a0\u00a0\u00a0\u00a0 Por cada clase habr\u00e1 un delegado o delegada del alumnado para las cuestiones de convivencia. Esta figura ser\u00e1 escogida por el resto de sus compa\u00f1eros y compa\u00f1eras de manera democr\u00e1tica, que determinar\u00e1 el tutor o tutora de cada grupo. Sus principales funciones ser\u00e1n:<\/p>\n<ul style=\"text-align: justify\">\n<li>Mediaci\u00f3n para la resoluci\u00f3n pac\u00edfica de los conflictos que pudieran presentarse en su grupo<\/li>\n<li>Colaboraci\u00f3n con el tutor o tutora del grupo en la resoluci\u00f3n de conflictos<\/li>\n<li>Promover y dar a conocer entre el resto del grupo las normas de convivencia del centro y las espec\u00edficas del aula.<\/li>\n<\/ul>\n<p style=\"text-align: justify\">Ser\u00e1 el tutor o tutora de cada grupo quien tome la decisi\u00f3n, en funci\u00f3n de la gravedad de los hechos en los que mediar, de que se haga cargo de este proceso el delegado o delegada del alumnado como primera opci\u00f3n, o un alumno o alumno o alumna neutral en el conflicto.<\/p>\n","protected":false},"excerpt":{"rendered":"<p>\u00a0\u00a0\u00a0\u00a0\u00a0\u00a0\u00a0\u00a0\u00a0\u00a0\u00a0 Por cada clase habr\u00e1 un delegado o delegada del alumnado para las cuestiones de convivencia. Esta figura ser\u00e1 escogida por el resto de sus compa\u00f1eros y compa\u00f1eras de manera democr\u00e1tica, que determinar\u00e1 el&#46;&#46;&#46;<\/p>\n","protected":false},"author":2337,"featured_media":0,"parent":3265,"menu_order":8,"comment_status":"open","ping_status":"closed","template":"page-templates\/child-menu.php","meta":{"ngg_post_thumbnail":0,"footnotes":"","_mc_calendar":[]},"aioseo_notices":[],"_links":{"self":[{"href":"https:\/\/blogsaverroes.juntadeandalucia.es\/ceipjuancarrillo\/wp-json\/wp\/v2\/pages\/2787"}],"collection":[{"href":"https:\/\/blogsaverroes.juntadeandalucia.es\/ceipjuancarrillo\/wp-json\/wp\/v2\/pages"}],"about":[{"href":"https:\/\/blogsaverroes.juntadeandalucia.es\/ceipjuancarrillo\/wp-json\/wp\/v2\/types\/page"}],"author":[{"embeddable":true,"href":"https:\/\/blogsaverroes.juntadeandalucia.es\/ceipjuancarrillo\/wp-json\/wp\/v2\/users\/2337"}],"replies":[{"embeddable":true,"href":"https:\/\/blogsaverroes.juntadeandalucia.es\/ceipjuancarrillo\/wp-json\/wp\/v2\/comments?post=2787"}],"version-history":[{"count":1,"href":"https:\/\/blogsaverroes.juntadeandalucia.es\/ceipjuancarrillo\/wp-json\/wp\/v2\/pages\/2787\/revisions"}],"predecessor-version":[{"id":2788,"href":"https:\/\/blogsaverroes.juntadeandalucia.es\/ceipjuancarrillo\/wp-json\/wp\/v2\/pages\/2787\/revisions\/2788"}],"up":[{"embeddable":true,"href":"https:\/\/blogsaverroes.juntadeandalucia.es\/ceipjuancarrillo\/wp-json\/wp\/v2\/pages\/3265"}],"wp:attachment":[{"href":"https:\/\/blogsaverroes.juntadeandalucia.es\/ceipjuancarrillo\/wp-json\/wp\/v2\/media?parent=2787"}],"curies":[{"name":"wp","href":"https:\/\/api.w.org\/{rel}","templated":true}]}}