{"id":2797,"date":"2016-05-10T09:14:49","date_gmt":"2016-05-10T09:14:49","guid":{"rendered":"http:\/\/blogsaverroes.juntadeandalucia.es\/ceipjuancarrillo\/?page_id=2797"},"modified":"2016-11-15T13:34:22","modified_gmt":"2016-11-15T13:34:22","slug":"13-procedimiento-de-recogida-de-incidencias","status":"publish","type":"page","link":"https:\/\/blogsaverroes.juntadeandalucia.es\/ceipjuancarrillo\/plan-de-convivencia\/13-procedimiento-de-recogida-de-incidencias\/","title":{"rendered":"13.- Procedimiento de recogida de incidencias"},"content":{"rendered":"<p style=\"text-align: justify\">De conformidad con lo dispuesto en el art\u00edculo 13.1 d) del Decreto 285\/2010, de 11 de mayo, los centros docentes p\u00fablicos facilitar\u00e1n a la Administraci\u00f3n educativa, a trav\u00e9s del Sistema de Informaci\u00f3n S\u00e9neca, la informaci\u00f3n referida al seguimiento de las conductas contrarias a la convivencia escolar. A tales efectos, los centros registrar\u00e1n tanto las conductas gravemente perjudiciales para la convivencia que se produzcan y sus correspondientes medidas disciplinarias, como aquellas conductas contrarias a la convivencia que comporten la imposici\u00f3n de correcciones a las mismas, as\u00ed como, en su caso, la asistencia del alumnado al aula de convivencia.<\/p>\n<p style=\"text-align: justify\">El an\u00e1lisis de la informaci\u00f3n recogida servir\u00e1 de base para la adopci\u00f3n de las medidas de planificaci\u00f3n de recursos, asesoramiento, orientaci\u00f3n, formaci\u00f3n e intervenci\u00f3n que correspondan a cada centro.<\/p>\n<p style=\"text-align: justify\">Cualquier incidencia que se produzca en el \u00e1mbito de la convivencia, ser\u00e1 registrada por escrito por la persona a cargo de la tutor\u00eda del alumnado implicado o por el profesorado a cargo del mismo en ese momento. Este registro obrar\u00e1 en poder del tutor o tutora.<\/p>\n<p style=\"text-align: justify\">Llegado el momento de imponer una sanci\u00f3n y si la misma excede de las competencias de la persona a cargo de la tutor\u00eda, esta informaci\u00f3n se pasar\u00e1 a la jefatura de estudios y despu\u00e9s, si hubiese lugar, a la direcci\u00f3n del centro y a la comisi\u00f3n de convivencia.<\/p>\n<p style=\"text-align: justify\">En cualquier caso, se estar\u00e1 en lo dispuesto en el punto 3.3. de este Plan de Convivencia.<\/p>\n<p style=\"text-align: justify\">La persona a cargo de la jefatura de estudios, ser\u00e1 la encargada de grabar en el sistema de informaci\u00f3n S\u00e9neca el registro de estas incidencias. Dicha grabaci\u00f3n se llevar\u00e1 a cabo en un plazo m\u00e1ximo de treinta d\u00edas h\u00e1biles desde que se produzcan.<\/p>\n","protected":false},"excerpt":{"rendered":"<p>De conformidad con lo dispuesto en el art\u00edculo 13.1 d) del Decreto 285\/2010, de 11 de mayo, los centros docentes p\u00fablicos facilitar\u00e1n a la Administraci\u00f3n educativa, a trav\u00e9s del Sistema de Informaci\u00f3n S\u00e9neca, la&#46;&#46;&#46;<\/p>\n","protected":false},"author":2337,"featured_media":0,"parent":3265,"menu_order":13,"comment_status":"open","ping_status":"closed","template":"page-templates\/child-menu.php","meta":{"ngg_post_thumbnail":0,"footnotes":"","_mc_calendar":[]},"aioseo_notices":[],"_links":{"self":[{"href":"https:\/\/blogsaverroes.juntadeandalucia.es\/ceipjuancarrillo\/wp-json\/wp\/v2\/pages\/2797"}],"collection":[{"href":"https:\/\/blogsaverroes.juntadeandalucia.es\/ceipjuancarrillo\/wp-json\/wp\/v2\/pages"}],"about":[{"href":"https:\/\/blogsaverroes.juntadeandalucia.es\/ceipjuancarrillo\/wp-json\/wp\/v2\/types\/page"}],"author":[{"embeddable":true,"href":"https:\/\/blogsaverroes.juntadeandalucia.es\/ceipjuancarrillo\/wp-json\/wp\/v2\/users\/2337"}],"replies":[{"embeddable":true,"href":"https:\/\/blogsaverroes.juntadeandalucia.es\/ceipjuancarrillo\/wp-json\/wp\/v2\/comments?post=2797"}],"version-history":[{"count":1,"href":"https:\/\/blogsaverroes.juntadeandalucia.es\/ceipjuancarrillo\/wp-json\/wp\/v2\/pages\/2797\/revisions"}],"predecessor-version":[{"id":2798,"href":"https:\/\/blogsaverroes.juntadeandalucia.es\/ceipjuancarrillo\/wp-json\/wp\/v2\/pages\/2797\/revisions\/2798"}],"up":[{"embeddable":true,"href":"https:\/\/blogsaverroes.juntadeandalucia.es\/ceipjuancarrillo\/wp-json\/wp\/v2\/pages\/3265"}],"wp:attachment":[{"href":"https:\/\/blogsaverroes.juntadeandalucia.es\/ceipjuancarrillo\/wp-json\/wp\/v2\/media?parent=2797"}],"curies":[{"name":"wp","href":"https:\/\/api.w.org\/{rel}","templated":true}]}}