{"id":35,"date":"2015-03-13T08:21:43","date_gmt":"2015-03-13T08:21:43","guid":{"rendered":"http:\/\/blogsaverroes.juntadeandalucia.es\/pre\/ceip\/?page_id=35"},"modified":"2020-11-26T04:49:24","modified_gmt":"2020-11-26T03:49:24","slug":"el-centro-2","status":"publish","type":"page","link":"https:\/\/blogsaverroes.juntadeandalucia.es\/ceipjuancarrillo\/el-centro-2\/","title":{"rendered":"Datos del centro"},"content":{"rendered":"<p>[googlemaps https:\/\/www.google.com\/maps\/embed?pb=!1m18!1m12!1m3!1d6393.8877404892555!2d-5.158968226907907!3d36.74791834773652!2m3!1f0!2f0!3f0!3m2!1i1024!2i768!4f13.1!3m3!1m2!1s0xd0d314847b10715%3A0x6b76436854e79c9!2sColegio+P%C3%BAblico+Juan+Carrillo!5e0!3m2!1ses!2ses!4v1453192030125&amp;w=600&amp;h=450]<\/p>\n<p><strong>C.E.I.P. Juan Carrillo, centro perteneciente a la Consejer\u00eda de Educaci\u00f3n de la Junta de Andaluc\u00eda<\/strong><\/p>\n<p><strong>DIRECCI\u00d3N:<\/strong>&nbsp;&nbsp;Avda. de Andaluc\u00eda, 24. Ronda 29400 &#8211; M\u00e1laga<\/p>\n<p><strong>TEL\u00c9FONO&nbsp;\/ FAX: 952 16 99 24 \/ 952 16 99 26<\/strong><br \/>\n<strong>Email:<\/strong>&nbsp;29007718.edu@juntadeandalucia.es<\/p>\n<h4><strong>HORARIOS:<\/strong><\/h4>\n<ul>\n<li><strong>Aula matinal:<\/strong> De 7:30 a 9:00 horas<\/li>\n<li><strong>Horario lectivo:<\/strong> De 9:00 a 14:00 horas<\/li>\n<li><strong>Comedor escolar:<\/strong> De 14:00 a 16:00 horas<\/li>\n<li><strong>Actividades extraescolares:<\/strong> De lunes a jueves 16:00 a 18:00 horas, en d\u00edas alternos y dependiendo del tipo de actividad.<\/li>\n<li><strong>Plan de acompa\u00f1amiento:<\/strong> Martes y jueves de 16:00 a 18:00 horas.<\/li>\n<\/ul>\n<h4><strong>OFERTA EDUCATIVA<\/strong><\/h4>\n<p>Segundo Ciclo de Educaci\u00f3n Infantil (de 3 a 5 a\u00f1os) y Educaci\u00f3n Primaria (de 1\u00ba a 6\u00ba)<\/p>\n<p><!-- default-view.php -->\n<div\n\tclass=\"ngg-galleryoverview default-view\n\t ngg-ajax-pagination-none\t\"\n\tid=\"ngg-gallery-232beeba3ea21232e1dc224ec8dc21f6-1\">\n\n\t\t<!-- Thumbnails -->\n\t\t\t\t<div id=\"ngg-image-0\" class=\"ngg-gallery-thumbnail-box\n\t\t\t\t\t\t\t\t\t\t\t\"\n\t\t\t>\n\t\t\t\t\t\t<div class=\"ngg-gallery-thumbnail\">\n\t\t\t<a href=\"https:\/\/blogsaverroes.juntadeandalucia.es\/ceipjuancarrillo\/wp-content\/uploads\/sites\/1243\/nggallery\/Instalaciiones\/Patio02.jpg\"\n\t\t\t\ttitle=\"\"\n\t\t\t\tdata-src=\"https:\/\/blogsaverroes.juntadeandalucia.es\/ceipjuancarrillo\/wp-content\/uploads\/sites\/1243\/nggallery\/Instalaciiones\/Patio02.jpg\"\n\t\t\t\tdata-thumbnail=\"https:\/\/blogsaverroes.juntadeandalucia.es\/ceipjuancarrillo\/wp-content\/uploads\/sites\/1243\/nggallery\/Instalaciiones\/thumbs\/thumbs_Patio02.jpg\"\n\t\t\t\tdata-image-id=\"134\"\n\t\t\t\tdata-title=\"Edificio y patio delantero\"\n\t\t\t\tdata-description=\"\"\n\t\t\t\tdata-image-slug=\"patio02\"\n\t\t\t\tclass=\"ngg-fancybox\" rel=\"232beeba3ea21232e1dc224ec8dc21f6\">\n\t\t\t\t<img\n\t\t\t\t\ttitle=\"Edificio y patio delantero\"\n\t\t\t\t\talt=\"Edificio y patio delantero\"\n\t\t\t\t\tsrc=\"https:\/\/blogsaverroes.juntadeandalucia.es\/ceipjuancarrillo\/wp-content\/uploads\/sites\/1243\/nggallery\/Instalaciiones\/thumbs\/thumbs_Patio02.jpg\"\n\t\t\t\t\twidth=\"120\"\n\t\t\t\t\theight=\"90\"\n\t\t\t\t\tstyle=\"max-width:100%;\"\n\t\t\t\t\/>\n\t\t\t<\/a>\n\t\t<\/div>\n\t\t\t\t\t\t\t<\/div>\n\t\t\t\n\t\t\t\t<div id=\"ngg-image-1\" class=\"ngg-gallery-thumbnail-box\n\t\t\t\t\t\t\t\t\t\t\t\"\n\t\t\t>\n\t\t\t\t\t\t<div class=\"ngg-gallery-thumbnail\">\n\t\t\t<a href=\"https:\/\/blogsaverroes.juntadeandalucia.es\/ceipjuancarrillo\/wp-content\/uploads\/sites\/1243\/nggallery\/Instalaciiones\/Patio04.jpg\"\n\t\t\t\ttitle=\"\"\n\t\t\t\tdata-src=\"https:\/\/blogsaverroes.juntadeandalucia.es\/ceipjuancarrillo\/wp-content\/uploads\/sites\/1243\/nggallery\/Instalaciiones\/Patio04.jpg\"\n\t\t\t\tdata-thumbnail=\"https:\/\/blogsaverroes.juntadeandalucia.es\/ceipjuancarrillo\/wp-content\/uploads\/sites\/1243\/nggallery\/Instalaciiones\/thumbs\/thumbs_Patio04.jpg\"\n\t\t\t\tdata-image-id=\"147\"\n\t\t\t\tdata-title=\"Patio delantero\"\n\t\t\t\tdata-description=\"\"\n\t\t\t\tdata-image-slug=\"patio04\"\n\t\t\t\tclass=\"ngg-fancybox\" rel=\"232beeba3ea21232e1dc224ec8dc21f6\">\n\t\t\t\t<img\n\t\t\t\t\ttitle=\"Patio delantero\"\n\t\t\t\t\talt=\"Patio delantero\"\n\t\t\t\t\tsrc=\"https:\/\/blogsaverroes.juntadeandalucia.es\/ceipjuancarrillo\/wp-content\/uploads\/sites\/1243\/nggallery\/Instalaciiones\/thumbs\/thumbs_Patio04.jpg\"\n\t\t\t\t\twidth=\"120\"\n\t\t\t\t\theight=\"90\"\n\t\t\t\t\tstyle=\"max-width:100%;\"\n\t\t\t\t\/>\n\t\t\t<\/a>\n\t\t<\/div>\n\t\t\t\t\t\t\t<\/div>\n\t\t\t\n\t\t\t\t<div id=\"ngg-image-2\" class=\"ngg-gallery-thumbnail-box\n\t\t\t\t\t\t\t\t\t\t\t\"\n\t\t\t>\n\t\t\t\t\t\t<div class=\"ngg-gallery-thumbnail\">\n\t\t\t<a href=\"https:\/\/blogsaverroes.juntadeandalucia.es\/ceipjuancarrillo\/wp-content\/uploads\/sites\/1243\/nggallery\/Instalaciiones\/Patio06.jpg\"\n\t\t\t\ttitle=\"\"\n\t\t\t\tdata-src=\"https:\/\/blogsaverroes.juntadeandalucia.es\/ceipjuancarrillo\/wp-content\/uploads\/sites\/1243\/nggallery\/Instalaciiones\/Patio06.jpg\"\n\t\t\t\tdata-thumbnail=\"https:\/\/blogsaverroes.juntadeandalucia.es\/ceipjuancarrillo\/wp-content\/uploads\/sites\/1243\/nggallery\/Instalaciiones\/thumbs\/thumbs_Patio06.jpg\"\n\t\t\t\tdata-image-id=\"148\"\n\t\t\t\tdata-title=\"Patio pista polideportiva\"\n\t\t\t\tdata-description=\"\"\n\t\t\t\tdata-image-slug=\"patio06\"\n\t\t\t\tclass=\"ngg-fancybox\" rel=\"232beeba3ea21232e1dc224ec8dc21f6\">\n\t\t\t\t<img\n\t\t\t\t\ttitle=\"Patio pista polideportiva\"\n\t\t\t\t\talt=\"Patio pista polideportiva\"\n\t\t\t\t\tsrc=\"https:\/\/blogsaverroes.juntadeandalucia.es\/ceipjuancarrillo\/wp-content\/uploads\/sites\/1243\/nggallery\/Instalaciiones\/thumbs\/thumbs_Patio06.jpg\"\n\t\t\t\t\twidth=\"120\"\n\t\t\t\t\theight=\"90\"\n\t\t\t\t\tstyle=\"max-width:100%;\"\n\t\t\t\t\/>\n\t\t\t<\/a>\n\t\t<\/div>\n\t\t\t\t\t\t\t<\/div>\n\t\t\t\n\t\t\t\t<div id=\"ngg-image-3\" class=\"ngg-gallery-thumbnail-box\n\t\t\t\t\t\t\t\t\t\t\t\"\n\t\t\t>\n\t\t\t\t\t\t<div class=\"ngg-gallery-thumbnail\">\n\t\t\t<a href=\"https:\/\/blogsaverroes.juntadeandalucia.es\/ceipjuancarrillo\/wp-content\/uploads\/sites\/1243\/nggallery\/Instalaciiones\/Patiotrasero.jpg\"\n\t\t\t\ttitle=\"\"\n\t\t\t\tdata-src=\"https:\/\/blogsaverroes.juntadeandalucia.es\/ceipjuancarrillo\/wp-content\/uploads\/sites\/1243\/nggallery\/Instalaciiones\/Patiotrasero.jpg\"\n\t\t\t\tdata-thumbnail=\"https:\/\/blogsaverroes.juntadeandalucia.es\/ceipjuancarrillo\/wp-content\/uploads\/sites\/1243\/nggallery\/Instalaciiones\/thumbs\/thumbs_Patiotrasero.jpg\"\n\t\t\t\tdata-image-id=\"149\"\n\t\t\t\tdata-title=\"Patio trasero\"\n\t\t\t\tdata-description=\"\"\n\t\t\t\tdata-image-slug=\"patiotrasero\"\n\t\t\t\tclass=\"ngg-fancybox\" rel=\"232beeba3ea21232e1dc224ec8dc21f6\">\n\t\t\t\t<img\n\t\t\t\t\ttitle=\"Patio trasero\"\n\t\t\t\t\talt=\"Patio trasero\"\n\t\t\t\t\tsrc=\"https:\/\/blogsaverroes.juntadeandalucia.es\/ceipjuancarrillo\/wp-content\/uploads\/sites\/1243\/nggallery\/Instalaciiones\/thumbs\/thumbs_Patiotrasero.jpg\"\n\t\t\t\t\twidth=\"120\"\n\t\t\t\t\theight=\"90\"\n\t\t\t\t\tstyle=\"max-width:100%;\"\n\t\t\t\t\/>\n\t\t\t<\/a>\n\t\t<\/div>\n\t\t\t\t\t\t\t<\/div>\n\t\t\t\n\t\t\t\t<div id=\"ngg-image-4\" class=\"ngg-gallery-thumbnail-box\n\t\t\t\t\t\t\t\t\t\t\t\"\n\t\t\t>\n\t\t\t\t\t\t<div class=\"ngg-gallery-thumbnail\">\n\t\t\t<a href=\"https:\/\/blogsaverroes.juntadeandalucia.es\/ceipjuancarrillo\/wp-content\/uploads\/sites\/1243\/nggallery\/Instalaciiones\/Hall.jpg\"\n\t\t\t\ttitle=\"\"\n\t\t\t\tdata-src=\"https:\/\/blogsaverroes.juntadeandalucia.es\/ceipjuancarrillo\/wp-content\/uploads\/sites\/1243\/nggallery\/Instalaciiones\/Hall.jpg\"\n\t\t\t\tdata-thumbnail=\"https:\/\/blogsaverroes.juntadeandalucia.es\/ceipjuancarrillo\/wp-content\/uploads\/sites\/1243\/nggallery\/Instalaciiones\/thumbs\/thumbs_Hall.jpg\"\n\t\t\t\tdata-image-id=\"145\"\n\t\t\t\tdata-title=\"Hall\"\n\t\t\t\tdata-description=\"\"\n\t\t\t\tdata-image-slug=\"hall\"\n\t\t\t\tclass=\"ngg-fancybox\" rel=\"232beeba3ea21232e1dc224ec8dc21f6\">\n\t\t\t\t<img\n\t\t\t\t\ttitle=\"Hall\"\n\t\t\t\t\talt=\"Hall\"\n\t\t\t\t\tsrc=\"https:\/\/blogsaverroes.juntadeandalucia.es\/ceipjuancarrillo\/wp-content\/uploads\/sites\/1243\/nggallery\/Instalaciiones\/thumbs\/thumbs_Hall.jpg\"\n\t\t\t\t\twidth=\"120\"\n\t\t\t\t\theight=\"90\"\n\t\t\t\t\tstyle=\"max-width:100%;\"\n\t\t\t\t\/>\n\t\t\t<\/a>\n\t\t<\/div>\n\t\t\t\t\t\t\t<\/div>\n\t\t\t\n\t\t\t\t<div id=\"ngg-image-5\" class=\"ngg-gallery-thumbnail-box\n\t\t\t\t\t\t\t\t\t\t\t\"\n\t\t\t>\n\t\t\t\t\t\t<div class=\"ngg-gallery-thumbnail\">\n\t\t\t<a href=\"https:\/\/blogsaverroes.juntadeandalucia.es\/ceipjuancarrillo\/wp-content\/uploads\/sites\/1243\/nggallery\/Instalaciiones\/Aulamatinal.jpg\"\n\t\t\t\ttitle=\"\"\n\t\t\t\tdata-src=\"https:\/\/blogsaverroes.juntadeandalucia.es\/ceipjuancarrillo\/wp-content\/uploads\/sites\/1243\/nggallery\/Instalaciiones\/Aulamatinal.jpg\"\n\t\t\t\tdata-thumbnail=\"https:\/\/blogsaverroes.juntadeandalucia.es\/ceipjuancarrillo\/wp-content\/uploads\/sites\/1243\/nggallery\/Instalaciiones\/thumbs\/thumbs_Aulamatinal.jpg\"\n\t\t\t\tdata-image-id=\"137\"\n\t\t\t\tdata-title=\"Aula matinal\"\n\t\t\t\tdata-description=\"\"\n\t\t\t\tdata-image-slug=\"aulamatinal\"\n\t\t\t\tclass=\"ngg-fancybox\" rel=\"232beeba3ea21232e1dc224ec8dc21f6\">\n\t\t\t\t<img\n\t\t\t\t\ttitle=\"Aula matinal\"\n\t\t\t\t\talt=\"Aula matinal\"\n\t\t\t\t\tsrc=\"https:\/\/blogsaverroes.juntadeandalucia.es\/ceipjuancarrillo\/wp-content\/uploads\/sites\/1243\/nggallery\/Instalaciiones\/thumbs\/thumbs_Aulamatinal.jpg\"\n\t\t\t\t\twidth=\"120\"\n\t\t\t\t\theight=\"90\"\n\t\t\t\t\tstyle=\"max-width:100%;\"\n\t\t\t\t\/>\n\t\t\t<\/a>\n\t\t<\/div>\n\t\t\t\t\t\t\t<\/div>\n\t\t\t\n\t\t\t\t<div id=\"ngg-image-6\" class=\"ngg-gallery-thumbnail-box\n\t\t\t\t\t\t\t\t\t\t\t\"\n\t\t\t>\n\t\t\t\t\t\t<div class=\"ngg-gallery-thumbnail\">\n\t\t\t<a href=\"https:\/\/blogsaverroes.juntadeandalucia.es\/ceipjuancarrillo\/wp-content\/uploads\/sites\/1243\/nggallery\/Instalaciiones\/Aulainfantil01.jpg\"\n\t\t\t\ttitle=\"\"\n\t\t\t\tdata-src=\"https:\/\/blogsaverroes.juntadeandalucia.es\/ceipjuancarrillo\/wp-content\/uploads\/sites\/1243\/nggallery\/Instalaciiones\/Aulainfantil01.jpg\"\n\t\t\t\tdata-thumbnail=\"https:\/\/blogsaverroes.juntadeandalucia.es\/ceipjuancarrillo\/wp-content\/uploads\/sites\/1243\/nggallery\/Instalaciiones\/thumbs\/thumbs_Aulainfantil01.jpg\"\n\t\t\t\tdata-image-id=\"136\"\n\t\t\t\tdata-title=\"Aula de Infantil\"\n\t\t\t\tdata-description=\"\"\n\t\t\t\tdata-image-slug=\"aulainfantil01\"\n\t\t\t\tclass=\"ngg-fancybox\" rel=\"232beeba3ea21232e1dc224ec8dc21f6\">\n\t\t\t\t<img\n\t\t\t\t\ttitle=\"Aula de Infantil\"\n\t\t\t\t\talt=\"Aula de Infantil\"\n\t\t\t\t\tsrc=\"https:\/\/blogsaverroes.juntadeandalucia.es\/ceipjuancarrillo\/wp-content\/uploads\/sites\/1243\/nggallery\/Instalaciiones\/thumbs\/thumbs_Aulainfantil01.jpg\"\n\t\t\t\t\twidth=\"120\"\n\t\t\t\t\theight=\"90\"\n\t\t\t\t\tstyle=\"max-width:100%;\"\n\t\t\t\t\/>\n\t\t\t<\/a>\n\t\t<\/div>\n\t\t\t\t\t\t\t<\/div>\n\t\t\t\n\t\t\t\t<div id=\"ngg-image-7\" class=\"ngg-gallery-thumbnail-box\n\t\t\t\t\t\t\t\t\t\t\t\"\n\t\t\t>\n\t\t\t\t\t\t<div class=\"ngg-gallery-thumbnail\">\n\t\t\t<a href=\"https:\/\/blogsaverroes.juntadeandalucia.es\/ceipjuancarrillo\/wp-content\/uploads\/sites\/1243\/nggallery\/Instalaciiones\/Aulaprimaria01.jpg\"\n\t\t\t\ttitle=\"\"\n\t\t\t\tdata-src=\"https:\/\/blogsaverroes.juntadeandalucia.es\/ceipjuancarrillo\/wp-content\/uploads\/sites\/1243\/nggallery\/Instalaciiones\/Aulaprimaria01.jpg\"\n\t\t\t\tdata-thumbnail=\"https:\/\/blogsaverroes.juntadeandalucia.es\/ceipjuancarrillo\/wp-content\/uploads\/sites\/1243\/nggallery\/Instalaciiones\/thumbs\/thumbs_Aulaprimaria01.jpg\"\n\t\t\t\tdata-image-id=\"138\"\n\t\t\t\tdata-title=\"Aula de primaria 01\"\n\t\t\t\tdata-description=\"\"\n\t\t\t\tdata-image-slug=\"aulaprimaria01\"\n\t\t\t\tclass=\"ngg-fancybox\" rel=\"232beeba3ea21232e1dc224ec8dc21f6\">\n\t\t\t\t<img\n\t\t\t\t\ttitle=\"Aula de primaria 01\"\n\t\t\t\t\talt=\"Aula de primaria 01\"\n\t\t\t\t\tsrc=\"https:\/\/blogsaverroes.juntadeandalucia.es\/ceipjuancarrillo\/wp-content\/uploads\/sites\/1243\/nggallery\/Instalaciiones\/thumbs\/thumbs_Aulaprimaria01.jpg\"\n\t\t\t\t\twidth=\"120\"\n\t\t\t\t\theight=\"90\"\n\t\t\t\t\tstyle=\"max-width:100%;\"\n\t\t\t\t\/>\n\t\t\t<\/a>\n\t\t<\/div>\n\t\t\t\t\t\t\t<\/div>\n\t\t\t\n\t\t\t\t<div id=\"ngg-image-8\" class=\"ngg-gallery-thumbnail-box\n\t\t\t\t\t\t\t\t\t\t\t\"\n\t\t\t>\n\t\t\t\t\t\t<div class=\"ngg-gallery-thumbnail\">\n\t\t\t<a href=\"https:\/\/blogsaverroes.juntadeandalucia.es\/ceipjuancarrillo\/wp-content\/uploads\/sites\/1243\/nggallery\/Instalaciiones\/Aulaprimaria03.jpg\"\n\t\t\t\ttitle=\"\"\n\t\t\t\tdata-src=\"https:\/\/blogsaverroes.juntadeandalucia.es\/ceipjuancarrillo\/wp-content\/uploads\/sites\/1243\/nggallery\/Instalaciiones\/Aulaprimaria03.jpg\"\n\t\t\t\tdata-thumbnail=\"https:\/\/blogsaverroes.juntadeandalucia.es\/ceipjuancarrillo\/wp-content\/uploads\/sites\/1243\/nggallery\/Instalaciiones\/thumbs\/thumbs_Aulaprimaria03.jpg\"\n\t\t\t\tdata-image-id=\"139\"\n\t\t\t\tdata-title=\"Aula de primaria 02\"\n\t\t\t\tdata-description=\"\"\n\t\t\t\tdata-image-slug=\"aulaprimaria03\"\n\t\t\t\tclass=\"ngg-fancybox\" rel=\"232beeba3ea21232e1dc224ec8dc21f6\">\n\t\t\t\t<img\n\t\t\t\t\ttitle=\"Aula de primaria 02\"\n\t\t\t\t\talt=\"Aula de primaria 02\"\n\t\t\t\t\tsrc=\"https:\/\/blogsaverroes.juntadeandalucia.es\/ceipjuancarrillo\/wp-content\/uploads\/sites\/1243\/nggallery\/Instalaciiones\/thumbs\/thumbs_Aulaprimaria03.jpg\"\n\t\t\t\t\twidth=\"120\"\n\t\t\t\t\theight=\"90\"\n\t\t\t\t\tstyle=\"max-width:100%;\"\n\t\t\t\t\/>\n\t\t\t<\/a>\n\t\t<\/div>\n\t\t\t\t\t\t\t<\/div>\n\t\t\t\n\t\t\t\t<div id=\"ngg-image-9\" class=\"ngg-gallery-thumbnail-box\n\t\t\t\t\t\t\t\t\t\t\t\"\n\t\t\t>\n\t\t\t\t\t\t<div class=\"ngg-gallery-thumbnail\">\n\t\t\t<a href=\"https:\/\/blogsaverroes.juntadeandalucia.es\/ceipjuancarrillo\/wp-content\/uploads\/sites\/1243\/nggallery\/Instalaciiones\/Aulaapoyo01.jpg\"\n\t\t\t\ttitle=\"\"\n\t\t\t\tdata-src=\"https:\/\/blogsaverroes.juntadeandalucia.es\/ceipjuancarrillo\/wp-content\/uploads\/sites\/1243\/nggallery\/Instalaciiones\/Aulaapoyo01.jpg\"\n\t\t\t\tdata-thumbnail=\"https:\/\/blogsaverroes.juntadeandalucia.es\/ceipjuancarrillo\/wp-content\/uploads\/sites\/1243\/nggallery\/Instalaciiones\/thumbs\/thumbs_Aulaapoyo01.jpg\"\n\t\t\t\tdata-image-id=\"135\"\n\t\t\t\tdata-title=\"Aula de Apoyo\"\n\t\t\t\tdata-description=\"\"\n\t\t\t\tdata-image-slug=\"aulaapoyo01\"\n\t\t\t\tclass=\"ngg-fancybox\" rel=\"232beeba3ea21232e1dc224ec8dc21f6\">\n\t\t\t\t<img\n\t\t\t\t\ttitle=\"Aula de Apoyo\"\n\t\t\t\t\talt=\"Aula de Apoyo\"\n\t\t\t\t\tsrc=\"https:\/\/blogsaverroes.juntadeandalucia.es\/ceipjuancarrillo\/wp-content\/uploads\/sites\/1243\/nggallery\/Instalaciiones\/thumbs\/thumbs_Aulaapoyo01.jpg\"\n\t\t\t\t\twidth=\"120\"\n\t\t\t\t\theight=\"90\"\n\t\t\t\t\tstyle=\"max-width:100%;\"\n\t\t\t\t\/>\n\t\t\t<\/a>\n\t\t<\/div>\n\t\t\t\t\t\t\t<\/div>\n\t\t\t\n\t\t\t\t<div id=\"ngg-image-10\" class=\"ngg-gallery-thumbnail-box\n\t\t\t\t\t\t\t\t\t\t\t\"\n\t\t\t>\n\t\t\t\t\t\t<div class=\"ngg-gallery-thumbnail\">\n\t\t\t<a href=\"https:\/\/blogsaverroes.juntadeandalucia.es\/ceipjuancarrillo\/wp-content\/uploads\/sites\/1243\/nggallery\/Instalaciiones\/Biblioteca01.jpg\"\n\t\t\t\ttitle=\"\"\n\t\t\t\tdata-src=\"https:\/\/blogsaverroes.juntadeandalucia.es\/ceipjuancarrillo\/wp-content\/uploads\/sites\/1243\/nggallery\/Instalaciiones\/Biblioteca01.jpg\"\n\t\t\t\tdata-thumbnail=\"https:\/\/blogsaverroes.juntadeandalucia.es\/ceipjuancarrillo\/wp-content\/uploads\/sites\/1243\/nggallery\/Instalaciiones\/thumbs\/thumbs_Biblioteca01.jpg\"\n\t\t\t\tdata-image-id=\"140\"\n\t\t\t\tdata-title=\"Biblioteca\"\n\t\t\t\tdata-description=\"\"\n\t\t\t\tdata-image-slug=\"biblioteca01\"\n\t\t\t\tclass=\"ngg-fancybox\" rel=\"232beeba3ea21232e1dc224ec8dc21f6\">\n\t\t\t\t<img\n\t\t\t\t\ttitle=\"Biblioteca\"\n\t\t\t\t\talt=\"Biblioteca\"\n\t\t\t\t\tsrc=\"https:\/\/blogsaverroes.juntadeandalucia.es\/ceipjuancarrillo\/wp-content\/uploads\/sites\/1243\/nggallery\/Instalaciiones\/thumbs\/thumbs_Biblioteca01.jpg\"\n\t\t\t\t\twidth=\"120\"\n\t\t\t\t\theight=\"90\"\n\t\t\t\t\tstyle=\"max-width:100%;\"\n\t\t\t\t\/>\n\t\t\t<\/a>\n\t\t<\/div>\n\t\t\t\t\t\t\t<\/div>\n\t\t\t\n\t\t\t\t<div id=\"ngg-image-11\" class=\"ngg-gallery-thumbnail-box\n\t\t\t\t\t\t\t\t\t\t\t\"\n\t\t\t>\n\t\t\t\t\t\t<div class=\"ngg-gallery-thumbnail\">\n\t\t\t<a href=\"https:\/\/blogsaverroes.juntadeandalucia.es\/ceipjuancarrillo\/wp-content\/uploads\/sites\/1243\/nggallery\/Instalaciiones\/Bibliotecainfantil.jpg\"\n\t\t\t\ttitle=\"\"\n\t\t\t\tdata-src=\"https:\/\/blogsaverroes.juntadeandalucia.es\/ceipjuancarrillo\/wp-content\/uploads\/sites\/1243\/nggallery\/Instalaciiones\/Bibliotecainfantil.jpg\"\n\t\t\t\tdata-thumbnail=\"https:\/\/blogsaverroes.juntadeandalucia.es\/ceipjuancarrillo\/wp-content\/uploads\/sites\/1243\/nggallery\/Instalaciiones\/thumbs\/thumbs_Bibliotecainfantil.jpg\"\n\t\t\t\tdata-image-id=\"141\"\n\t\t\t\tdata-title=\"Biblioteca de infantil\"\n\t\t\t\tdata-description=\"\"\n\t\t\t\tdata-image-slug=\"bibliotecainfantil\"\n\t\t\t\tclass=\"ngg-fancybox\" rel=\"232beeba3ea21232e1dc224ec8dc21f6\">\n\t\t\t\t<img\n\t\t\t\t\ttitle=\"Biblioteca de infantil\"\n\t\t\t\t\talt=\"Biblioteca de infantil\"\n\t\t\t\t\tsrc=\"https:\/\/blogsaverroes.juntadeandalucia.es\/ceipjuancarrillo\/wp-content\/uploads\/sites\/1243\/nggallery\/Instalaciiones\/thumbs\/thumbs_Bibliotecainfantil.jpg\"\n\t\t\t\t\twidth=\"120\"\n\t\t\t\t\theight=\"90\"\n\t\t\t\t\tstyle=\"max-width:100%;\"\n\t\t\t\t\/>\n\t\t\t<\/a>\n\t\t<\/div>\n\t\t\t\t\t\t\t<\/div>\n\t\t\t\n\t\t\t\t<div id=\"ngg-image-12\" class=\"ngg-gallery-thumbnail-box\n\t\t\t\t\t\t\t\t\t\t\t\"\n\t\t\t>\n\t\t\t\t\t\t<div class=\"ngg-gallery-thumbnail\">\n\t\t\t<a href=\"https:\/\/blogsaverroes.juntadeandalucia.es\/ceipjuancarrillo\/wp-content\/uploads\/sites\/1243\/nggallery\/Instalaciiones\/Gimnasio01.jpg\"\n\t\t\t\ttitle=\"\"\n\t\t\t\tdata-src=\"https:\/\/blogsaverroes.juntadeandalucia.es\/ceipjuancarrillo\/wp-content\/uploads\/sites\/1243\/nggallery\/Instalaciiones\/Gimnasio01.jpg\"\n\t\t\t\tdata-thumbnail=\"https:\/\/blogsaverroes.juntadeandalucia.es\/ceipjuancarrillo\/wp-content\/uploads\/sites\/1243\/nggallery\/Instalaciiones\/thumbs\/thumbs_Gimnasio01.jpg\"\n\t\t\t\tdata-image-id=\"144\"\n\t\t\t\tdata-title=\"Gimnasio\"\n\t\t\t\tdata-description=\"\"\n\t\t\t\tdata-image-slug=\"gimnasio01\"\n\t\t\t\tclass=\"ngg-fancybox\" rel=\"232beeba3ea21232e1dc224ec8dc21f6\">\n\t\t\t\t<img\n\t\t\t\t\ttitle=\"Gimnasio\"\n\t\t\t\t\talt=\"Gimnasio\"\n\t\t\t\t\tsrc=\"https:\/\/blogsaverroes.juntadeandalucia.es\/ceipjuancarrillo\/wp-content\/uploads\/sites\/1243\/nggallery\/Instalaciiones\/thumbs\/thumbs_Gimnasio01.jpg\"\n\t\t\t\t\twidth=\"120\"\n\t\t\t\t\theight=\"90\"\n\t\t\t\t\tstyle=\"max-width:100%;\"\n\t\t\t\t\/>\n\t\t\t<\/a>\n\t\t<\/div>\n\t\t\t\t\t\t\t<\/div>\n\t\t\t\n\t\t\t\t<div id=\"ngg-image-13\" class=\"ngg-gallery-thumbnail-box\n\t\t\t\t\t\t\t\t\t\t\t\"\n\t\t\t>\n\t\t\t\t\t\t<div class=\"ngg-gallery-thumbnail\">\n\t\t\t<a href=\"https:\/\/blogsaverroes.juntadeandalucia.es\/ceipjuancarrillo\/wp-content\/uploads\/sites\/1243\/nggallery\/Instalaciiones\/Cocina01.jpg\"\n\t\t\t\ttitle=\"\"\n\t\t\t\tdata-src=\"https:\/\/blogsaverroes.juntadeandalucia.es\/ceipjuancarrillo\/wp-content\/uploads\/sites\/1243\/nggallery\/Instalaciiones\/Cocina01.jpg\"\n\t\t\t\tdata-thumbnail=\"https:\/\/blogsaverroes.juntadeandalucia.es\/ceipjuancarrillo\/wp-content\/uploads\/sites\/1243\/nggallery\/Instalaciiones\/thumbs\/thumbs_Cocina01.jpg\"\n\t\t\t\tdata-image-id=\"142\"\n\t\t\t\tdata-title=\"Cocina\"\n\t\t\t\tdata-description=\"\"\n\t\t\t\tdata-image-slug=\"cocina01\"\n\t\t\t\tclass=\"ngg-fancybox\" rel=\"232beeba3ea21232e1dc224ec8dc21f6\">\n\t\t\t\t<img\n\t\t\t\t\ttitle=\"Cocina\"\n\t\t\t\t\talt=\"Cocina\"\n\t\t\t\t\tsrc=\"https:\/\/blogsaverroes.juntadeandalucia.es\/ceipjuancarrillo\/wp-content\/uploads\/sites\/1243\/nggallery\/Instalaciiones\/thumbs\/thumbs_Cocina01.jpg\"\n\t\t\t\t\twidth=\"120\"\n\t\t\t\t\theight=\"90\"\n\t\t\t\t\tstyle=\"max-width:100%;\"\n\t\t\t\t\/>\n\t\t\t<\/a>\n\t\t<\/div>\n\t\t\t\t\t\t\t<\/div>\n\t\t\t\n\t\t\t\t<div id=\"ngg-image-14\" class=\"ngg-gallery-thumbnail-box\n\t\t\t\t\t\t\t\t\t\t\t\"\n\t\t\t>\n\t\t\t\t\t\t<div class=\"ngg-gallery-thumbnail\">\n\t\t\t<a href=\"https:\/\/blogsaverroes.juntadeandalucia.es\/ceipjuancarrillo\/wp-content\/uploads\/sites\/1243\/nggallery\/Instalaciiones\/Comedor01.jpg\"\n\t\t\t\ttitle=\"\"\n\t\t\t\tdata-src=\"https:\/\/blogsaverroes.juntadeandalucia.es\/ceipjuancarrillo\/wp-content\/uploads\/sites\/1243\/nggallery\/Instalaciiones\/Comedor01.jpg\"\n\t\t\t\tdata-thumbnail=\"https:\/\/blogsaverroes.juntadeandalucia.es\/ceipjuancarrillo\/wp-content\/uploads\/sites\/1243\/nggallery\/Instalaciiones\/thumbs\/thumbs_Comedor01.jpg\"\n\t\t\t\tdata-image-id=\"143\"\n\t\t\t\tdata-title=\"Comedor\"\n\t\t\t\tdata-description=\"\"\n\t\t\t\tdata-image-slug=\"comedor01\"\n\t\t\t\tclass=\"ngg-fancybox\" rel=\"232beeba3ea21232e1dc224ec8dc21f6\">\n\t\t\t\t<img\n\t\t\t\t\ttitle=\"Comedor\"\n\t\t\t\t\talt=\"Comedor\"\n\t\t\t\t\tsrc=\"https:\/\/blogsaverroes.juntadeandalucia.es\/ceipjuancarrillo\/wp-content\/uploads\/sites\/1243\/nggallery\/Instalaciiones\/thumbs\/thumbs_Comedor01.jpg\"\n\t\t\t\t\twidth=\"120\"\n\t\t\t\t\theight=\"90\"\n\t\t\t\t\tstyle=\"max-width:100%;\"\n\t\t\t\t\/>\n\t\t\t<\/a>\n\t\t<\/div>\n\t\t\t\t\t\t\t<\/div>\n\t\t\t\n\t\n\t<br style=\"clear: both\" \/>\n\n\t\t<div class=\"slideshowlink\">\n\t\t<a href='https:\/\/blogsaverroes.juntadeandalucia.es\/ceipjuancarrillo\/el-centro-2\/nggallery\/slideshow'>[Mostrar presentaci\u00f3n de diapositivas]<\/a>\n\n\t<\/div>\n\t\n\t\t<!-- Pagination -->\n\t\t<div class='ngg-clear'><\/div>\t<\/div>\n<\/p>\n","protected":false},"excerpt":{"rendered":"<p>[googlemaps https:\/\/www.google.com\/maps\/embed?pb=!1m18!1m12!1m3!1d6393.8877404892555!2d-5.158968226907907!3d36.74791834773652!2m3!1f0!2f0!3f0!3m2!1i1024!2i768!4f13.1!3m3!1m2!1s0xd0d314847b10715%3A0x6b76436854e79c9!2sColegio+P%C3%BAblico+Juan+Carrillo!5e0!3m2!1ses!2ses!4v1453192030125&amp;w=600&amp;h=450] C.E.I.P. Juan Carrillo, centro perteneciente a la Consejer\u00eda de Educaci\u00f3n de la Junta de Andaluc\u00eda DIRECCI\u00d3N:&nbsp;&nbsp;Avda. de Andaluc\u00eda, 24. Ronda 29400 &#8211; M\u00e1laga TEL\u00c9FONO&nbsp;\/ FAX: 952 16 99 24 \/ 952 16&#46;&#46;&#46;<\/p>\n","protected":false},"author":1,"featured_media":0,"parent":0,"menu_order":0,"comment_status":"open","ping_status":"open","template":"","meta":{"ngg_post_thumbnail":0,"footnotes":"","_mc_calendar":[]},"aioseo_notices":[],"_links":{"self":[{"href":"https:\/\/blogsaverroes.juntadeandalucia.es\/ceipjuancarrillo\/wp-json\/wp\/v2\/pages\/35"}],"collection":[{"href":"https:\/\/blogsaverroes.juntadeandalucia.es\/ceipjuancarrillo\/wp-json\/wp\/v2\/pages"}],"about":[{"href":"https:\/\/blogsaverroes.juntadeandalucia.es\/ceipjuancarrillo\/wp-json\/wp\/v2\/types\/page"}],"author":[{"embeddable":true,"href":"https:\/\/blogsaverroes.juntadeandalucia.es\/ceipjuancarrillo\/wp-json\/wp\/v2\/users\/1"}],"replies":[{"embeddable":true,"href":"https:\/\/blogsaverroes.juntadeandalucia.es\/ceipjuancarrillo\/wp-json\/wp\/v2\/comments?post=35"}],"version-history":[{"count":44,"href":"https:\/\/blogsaverroes.juntadeandalucia.es\/ceipjuancarrillo\/wp-json\/wp\/v2\/pages\/35\/revisions"}],"predecessor-version":[{"id":4848,"href":"https:\/\/blogsaverroes.juntadeandalucia.es\/ceipjuancarrillo\/wp-json\/wp\/v2\/pages\/35\/revisions\/4848"}],"wp:attachment":[{"href":"https:\/\/blogsaverroes.juntadeandalucia.es\/ceipjuancarrillo\/wp-json\/wp\/v2\/media?parent=35"}],"curies":[{"name":"wp","href":"https:\/\/api.w.org\/{rel}","templated":true}]}}