{"id":42,"date":"2015-03-13T08:40:47","date_gmt":"2015-03-13T08:40:47","guid":{"rendered":"http:\/\/blogsaverroes.juntadeandalucia.es\/pre\/ceip\/?page_id=42"},"modified":"2025-06-03T11:15:24","modified_gmt":"2025-06-03T09:15:24","slug":"equipo-directivo","status":"publish","type":"page","link":"https:\/\/blogsaverroes.juntadeandalucia.es\/ceipjuancarrillo\/equipo-directivo\/","title":{"rendered":"Equipo directivo"},"content":{"rendered":"<table style=\"width: 944px;height: 42px\">\n<tbody>\n<tr>\n<td style=\"width: 523.12px\">&nbsp;<\/td>\n<td style=\"width: 10px;text-align: right\">\n<h3 style=\"text-align: center\"><span style=\"color: #008000\">DIRECCI\u00d3N<\/span><\/h3>\n<\/td>\n<td style=\"width: 148px\">&nbsp;<\/td>\n<\/tr>\n<tr>\n<td style=\"width: 523.12px;text-align: right\">Juan Francisco Almagro<\/td>\n<td style=\"width: 10px\">\n<p style=\"text-align: center\"><a href=\"mailto:direccion@ceipjuancarrillo.com\">direccion@ceipjuancarrillo.com<\/a><\/p>\n<\/td>\n<td style=\"width: 148px\"><a href=\"mailto:29007718.edu@juntadeandalucia.es\">29007718.edu@juntadeandalucia.es<\/a><\/td>\n<\/tr>\n<tr>\n<td style=\"width: 523.12px;text-align: right\">&nbsp;<\/td>\n<td style=\"width: 10px\">&nbsp;<\/td>\n<td style=\"width: 148px\">&nbsp;<\/td>\n<\/tr>\n<tr>\n<td style=\"width: 523.12px;text-align: right\">\n<h4 style=\"text-align: left\">&nbsp;<\/h4>\n<\/td>\n<td style=\"width: 10px\">\n<h4 style=\"text-align: center\"><span style=\"color: #0000ff\">JEFATURA DE ESTUDIOS<\/span><\/h4>\n<\/td>\n<td style=\"width: 148px\">&nbsp;<\/td>\n<\/tr>\n<tr>\n<td style=\"width: 523.12px;text-align: right\">Yolanda Cantano S\u00e1nchez<\/td>\n<td style=\"width: 10px\">\n<p style=\"text-align: center\"><a href=\"mailto:jefatura@ceipjuancarrillo.com\">jefatura@ceipjuancarrillo.com<\/a><\/p>\n<\/td>\n<td style=\"width: 148px\">&nbsp;<\/td>\n<\/tr>\n<tr>\n<td style=\"width: 523.12px\">\n<h4>&nbsp;<\/h4>\n<\/td>\n<td style=\"width: 10px\">\n<h4 style=\"text-align: center\"><span style=\"color: #ff0000\">SECRETAR\u00cdA<\/span><\/h4>\n<\/td>\n<td style=\"width: 148px\">&nbsp;<\/td>\n<\/tr>\n<tr>\n<td style=\"width: 523.12px;text-align: right\">Rocio Auxiliadora S\u00e1nchez<\/td>\n<td style=\"width: 10px\"><a href=\"mailto:29007718.edu@juntadeandalucia.es\">29007718.edu@juntadeandalucia.es<\/a><\/td>\n<td style=\"width: 148px\">&nbsp;<\/td>\n<\/tr>\n<\/tbody>\n<\/table>\n<p style=\"text-align: center\">FUNCIONES DEL EQUIPO DIRECTIVO<\/p>\n<ol>\n<li>Velar por el buen funcionamiento del centro.<\/li>\n<li>Establecer el horario que corresponde a cada \u00e1rea y, en general, el de cualquier otra actividad docente y no docente.<\/li>\n<li>Adoptar las medidas necesarias para la ejecuci\u00f3n coordinada de los acuerdos adoptados por el Consejo Escolar y el Claustro de Profesorado, as\u00ed como velar por el cumplimiento de las decisiones de los \u00f3rganos de coordinaci\u00f3n docente, en el \u00e1mbito de sus respectivas competencias.<\/li>\n<li>Elaborar el Plan de Centro y la memoria de autoevaluaci\u00f3n, de conformidad con lo establecido en los art\u00edculos 20.2 y 3 y 26.5 del Decreto 328\/2010 de 13 de Julio.<\/li>\n<li>Impulsar la actuaci\u00f3n coordinada del centro con el resto de centros docentes de su zona educativa, especialmente con el instituto de educaci\u00f3n secundaria al que est\u00e9 adscrito.<\/li>\n<li>Favorecer la participaci\u00f3n del centro en redes de centros que promuevan planes y proyectos educativos para la mejora permanente de la ense\u00f1anza.<\/li>\n<li>Colaborar con la Consejer\u00eda competente en materia de educaci\u00f3n en aquellos \u00f3rganos de participaci\u00f3n que, a tales efectos, se establezcan.<\/li>\n<li>Cumplimentar la documentaci\u00f3n solicitada por los \u00f3rganos y entidades dependientes de la Consejer\u00eda competente en materia de educaci\u00f3n.<\/li>\n<li>Cualesquiera otras que le sean atribuidas por Orden de la persona titular de la Consejer\u00eda competente en materia de educaci\u00f3n.<\/li>\n<\/ol>\n<p style=\"text-align: center\">FUNCIONES DE LA PERSONA A CARGO DE LA JEFATURA DE ESTUDIOS<\/p>\n<ol>\n<li style=\"text-align: justify\">Ejercer, por delegaci\u00f3n de la direcci\u00f3n y bajo su autoridad, la jefatura del personal docente en todo lo relativo al r\u00e9gimen acad\u00e9mico y controlar la asistencia al trabajo del mismo.<\/li>\n<li style=\"text-align: justify\">Sustituir al director o directora en caso de vacante, ausencia o enfermedad.<\/li>\n<li style=\"text-align: justify\">Ejercer, por delegaci\u00f3n de la direcci\u00f3n, la presidencia de las sesiones del equipo t\u00e9cnico de coordinaci\u00f3n pedag\u00f3gica.<\/li>\n<li style=\"text-align: justify\">Proponer a la direcci\u00f3n del centro el nombramiento y cese de los tutores y tutoras de grupo.<\/li>\n<li style=\"text-align: justify\">Coordinar las actividades de car\u00e1cter acad\u00e9mico y de orientaci\u00f3n, incluidas las derivadas de la coordinaci\u00f3n con los institutos de educaci\u00f3n secundaria a los que se encuentre adscrito el centro.<\/li>\n<li style=\"text-align: justify\">Elaborar, en colaboraci\u00f3n con los restantes miembros del equipo directivo, el horario general del centro, as\u00ed como el horario lectivo del alumnado y el individual de cada maestro y maestra, de acuerdo con los criterios incluidos en el proyecto educativo, as\u00ed como velar por su estricto cumplimiento.<\/li>\n<li style=\"text-align: justify\">Elaborar el plan de reuniones de los \u00f3rganos de coordinaci\u00f3n docente.<\/li>\n<li style=\"text-align: justify\">Elaborar la planificaci\u00f3n general de las sesiones de evaluaci\u00f3n.<\/li>\n<li style=\"text-align: justify\">Coordinar las actividades de los coordinadores de ciclo.<\/li>\n<li style=\"text-align: justify\">Garantizar el cumplimiento de las programaciones did\u00e1cticas.<\/li>\n<li style=\"text-align: justify\">Organizar los actos acad\u00e9micos.<\/li>\n<li style=\"text-align: justify\">Organizar la atenci\u00f3n y el cuidado del alumnado en los per\u00edodos de recreo y en las actividades no lectivas.<\/li>\n<li style=\"text-align: justify\">Cualesquiera otras que le sean atribuidas en el Plan de Centro o por Orden de la persona titular de la Consejer\u00eda competente en materia de educaci\u00f3n.<\/li>\n<li style=\"text-align: justify\">Cualesquiera otras delegadas por la persona que ejerza la direcci\u00f3n del centro.<\/li>\n<\/ol>\n<p style=\"text-align: center\">FUNCIONES DE LA PERSONA&nbsp;A CARGO DE LA SECRETAR\u00cdA<\/p>\n<ol>\n<li style=\"text-align: justify\">Ordenar el r\u00e9gimen administrativo del centro, de conformidad con las directrices de la direcci\u00f3n.<\/li>\n<li style=\"text-align: justify\">Ejercer la secretar\u00eda de los \u00f3rganos colegiados de gobierno del centro, establecer el plan de reuniones de dichos \u00f3rganos, levantar acta de las sesiones y dar fe de los acuerdos, todo ello con el visto bueno de la direcci\u00f3n.<\/li>\n<li style=\"text-align: justify\">Custodiar los libros oficiales y archivos del centro.<\/li>\n<li style=\"text-align: justify\">Expedir, con el visto bueno de la direcci\u00f3n, las certificaciones que soliciten las autoridades y las personas interesadas.<\/li>\n<li style=\"text-align: justify\">Realizar el inventario general del centro y mantenerlo actualizado.<\/li>\n<li style=\"text-align: justify\">Adquirir el material y el equipamiento del centro, custodiar y gestionar la utilizaci\u00f3n del mismo y velar por su mantenimiento en todos los aspectos, de acuerdo con la normativa vigente y las indicaciones de la direcci\u00f3n, sin perjuicio de las facultades que en materia de contrataci\u00f3n corresponden a la persona titular de la direcci\u00f3n, de conformidad con lo recogido en el art\u00edculo 70.1.k) del Decreto 328\/2010 de 13 de Julio<\/li>\n<li style=\"text-align: justify\">Ejercer, por delegaci\u00f3n de la direcci\u00f3n y bajo su autoridad, la jefatura del personal de administraci\u00f3n y servicios y de atenci\u00f3n educativa complementaria adscrito al centro y controlar la asistencia al trabajo del mismo.<\/li>\n<li style=\"text-align: justify\">Elaborar, en colaboraci\u00f3n con los restantes miembros del equipo directivo, el horario del personal de administraci\u00f3n y servicios y de atenci\u00f3n educativa complementaria, as\u00ed como velar por su estricto cumplimiento.<\/li>\n<li style=\"text-align: justify\">Elaborar el anteproyecto de presupuesto de ingresos y gastos del centro.<\/li>\n<li style=\"text-align: justify\">Ordenar el r\u00e9gimen econ\u00f3mico del centro, de conformidad con las instrucciones de la direcci\u00f3n, realizar la contabilidad y rendir cuentas ante la Consejer\u00eda competente en materia de educaci\u00f3n y los \u00f3rganos a los que se refiere el art\u00edculo 25.4. del Decreto 328\/2010 de 13 de Julio.<\/li>\n<li style=\"text-align: justify\">Cualesquiera otras que le sean atribuidas en el Plan de Centro o por Orden de la persona titular de la Consejer\u00eda competente en materia de educaci\u00f3n.<\/li>\n<li style=\"text-align: justify\">Cualesquiera otras delegadas por la persona que ejerza la direcci\u00f3n del centro<\/li>\n<\/ol>\n","protected":false},"excerpt":{"rendered":"<p>&nbsp; DIRECCI\u00d3N &nbsp; Juan Francisco Almagro direccion@ceipjuancarrillo.com 29007718.edu@juntadeandalucia.es &nbsp; &nbsp; &nbsp; &nbsp; JEFATURA DE ESTUDIOS &nbsp; Yolanda Cantano S\u00e1nchez jefatura@ceipjuancarrillo.com &nbsp; &nbsp; SECRETAR\u00cdA &nbsp; Rocio Auxiliadora S\u00e1nchez 29007718.edu@juntadeandalucia.es &nbsp; FUNCIONES DEL EQUIPO DIRECTIVO Velar&#46;&#46;&#46;<\/p>\n","protected":false},"author":1,"featured_media":0,"parent":0,"menu_order":0,"comment_status":"open","ping_status":"open","template":"page-templates\/child-menu.php","meta":{"ngg_post_thumbnail":0,"footnotes":"","_mc_calendar":[]},"aioseo_notices":[],"_links":{"self":[{"href":"https:\/\/blogsaverroes.juntadeandalucia.es\/ceipjuancarrillo\/wp-json\/wp\/v2\/pages\/42"}],"collection":[{"href":"https:\/\/blogsaverroes.juntadeandalucia.es\/ceipjuancarrillo\/wp-json\/wp\/v2\/pages"}],"about":[{"href":"https:\/\/blogsaverroes.juntadeandalucia.es\/ceipjuancarrillo\/wp-json\/wp\/v2\/types\/page"}],"author":[{"embeddable":true,"href":"https:\/\/blogsaverroes.juntadeandalucia.es\/ceipjuancarrillo\/wp-json\/wp\/v2\/users\/1"}],"replies":[{"embeddable":true,"href":"https:\/\/blogsaverroes.juntadeandalucia.es\/ceipjuancarrillo\/wp-json\/wp\/v2\/comments?post=42"}],"version-history":[{"count":21,"href":"https:\/\/blogsaverroes.juntadeandalucia.es\/ceipjuancarrillo\/wp-json\/wp\/v2\/pages\/42\/revisions"}],"predecessor-version":[{"id":5432,"href":"https:\/\/blogsaverroes.juntadeandalucia.es\/ceipjuancarrillo\/wp-json\/wp\/v2\/pages\/42\/revisions\/5432"}],"wp:attachment":[{"href":"https:\/\/blogsaverroes.juntadeandalucia.es\/ceipjuancarrillo\/wp-json\/wp\/v2\/media?parent=42"}],"curies":[{"name":"wp","href":"https:\/\/api.w.org\/{rel}","templated":true}]}}