{"id":4424,"date":"2020-05-14T17:05:05","date_gmt":"2020-05-14T15:05:05","guid":{"rendered":"http:\/\/blogsaverroes.juntadeandalucia.es\/ceipjuancarrillo\/?page_id=4424"},"modified":"2025-06-04T11:04:03","modified_gmt":"2025-06-04T09:04:03","slug":"secretaria-online","status":"publish","type":"page","link":"https:\/\/blogsaverroes.juntadeandalucia.es\/ceipjuancarrillo\/secretaria-online\/","title":{"rendered":"Secretar\u00eda Online"},"content":{"rendered":"<h2><span style=\"color: #008000\">Tr\u00e1mites administrativos por v\u00eda telem\u00e1tica<\/span><\/h2>\n<p>Aqu\u00ed puedes encontrar los tr\u00e1mites telem\u00e1ticos a realizar en la Secretar\u00eda de nuestro centro.<\/p>\n<p><span style=\"float: none;background-color: #fafafa;color: #333333;cursor: text;font-family: 'Titillium Web',Arial,sans-serif;font-size: 16px;font-style: normal;font-variant: normal;font-weight: 400;letter-spacing: normal;text-align: left;text-decoration: none;text-indent: 0px;text-transform: none\">Con objeto de asegurar las medidas de prevenci\u00f3n frente al COVID-19 y evitar cualquier aglomeraci\u00f3n de personas en el centro, <strong><span style=\"color: #ff0000\">se atender\u00e1 con <a href=\"https:\/\/calendly.com\/29007718-edu-secretaria\/cita-escolarizacion-o-atencion-telefonica?month=2020-06\">Cita Previa <\/a><\/span><\/strong><span style=\"color: #ff0000\"><span style=\"color: #000000\">(solicitar en el tel\u00e9fono en 952 16 99 24 o en el correo electr\u00f3nico siguiente&nbsp;<a href=\"mailto:29007718.edu@juntadeandalucia.es\"> 29007718.edu@juntadeandalucia.es<\/a> ).<\/span><\/span><\/span><\/p>\n<p>El colegio permanecer\u00e1 abierto para tr\u00e1mites administrativos en <span style=\"color: #000000\">horario<\/span> \u00fanico de ma\u00f1ana de 9:15h a 13:45h.<\/p>\n<ul>\n<li>Informaci\u00f3n sobre preinscripci\u00f3n, matriculaci\u00f3n y solicitud de servicios complementarios (aula matinal, comedor y actividades extraescolares).<\/li>\n<li>Gesti\u00f3n administrativa de expedientes, traslados, certificaciones, etc.<\/li>\n<\/ul>\n<h3>Elija entre las siguientes opciones:<\/h3>\n<p><strong>Consulta resoluci\u00f3n definitiva de bonificaciones para los Servicios Complementarios curso 2025-2026:<\/strong><\/p>\n<p><a href=\"https:\/\/juntadeandalucia.es\/servicios\/sede\/tramites\/procedimientos\/detalle\/25586.html\">Secretar\u00eda Virtual (En la pesta\u00f1a de Servicios Complementarios).<\/a><\/p>\n<h4><strong>Para recoger documentos como Boletines de Notas, Informes, Historiales de 6\u00ba de Primaria, etc.:<\/strong><\/h4>\n<p><a href=\"https:\/\/wp.me\/p7bk7B-1eS\">Ir a Punto de Recogida de Documentos<\/a><\/p>\n<h4>Para otros tr\u00e1mites de Secretar\u00eda pedir cita telef\u00f3nica:<\/h4>\n<p><a href=\"https:\/\/calendly.com\/29007718-edu-secretaria\/cita-escolarizacion-o-atencion-telefonica\">Solicitar Cita Previa (Atenci\u00f3n telef\u00f3nica)<\/a><\/p>\n<h4>Para autogestionar su clave <span style=\"color: #008000\"><strong>iPasen<\/strong><\/span>:<\/h4>\n<p><a href=\"https:\/\/www.youtube.com\/watch?v=cHLova48ULE&amp;t=2\">V\u00eddeo sobre como realizar el autologin en la app iPasen (darse de alta uno mismo).<\/a><\/p>\n<h4>Para presentar documentos en la Secretar\u00eda por v\u00eda telem\u00e1tica:<\/h4>\n<p><a href=\"https:\/\/blogsaverroes.juntadeandalucia.es\/ceipjuancarrillo\/files\/2020\/05\/REGISTRO-VIRTUAL-JUAN-CARRILLO-1.pdf\">REGISTRO VIRTUAL JUAN CARRILLO (tutorial).<\/a><\/p>\n<p><a href=\"https:\/\/www.juntadeandalucia.es\/educacion\/secretariavirtual\/solicitudes\/\">Acceso a la Secretaria Virtual (Tr\u00e1mite General: &nbsp; Presentaci\u00f3n Electr\u00f3nica General en Centros Educativos)<\/a><\/p>\n<h4>Otra informaci\u00f3n sobre tr\u00e1mites de secretar\u00eda:<\/h4>\n<p><a href=\"https:\/\/portales.ced.junta-andalucia.es\/educacion\/portales\/web\/escolarizacion\/0-a-3-anos\/preguntas-frecuentes\">Preguntas frecuentes (FAQ) sobre el proceso de escolarizaci\u00f3n (admisi\u00f3n y matr\u00edcula).<\/a><\/p>\n<h4>Para solicitar plaza por v\u00eda telem\u00e1tica:<\/h4>\n<p><a href=\"https:\/\/blogsaverroes.juntadeandalucia.es\/ceipjuancarrillo\/files\/2020\/05\/REGISTRO-VIRTUAL-JUAN-CARRILLO.pdf\">Instrucciones para la presentaci\u00f3n electr\u00f3nica de una solicitud (Manual de ayuda).<\/a><\/p>\n<p><a href=\"https:\/\/youtu.be\/0jzsoje-GyQ\">Videotutorial para solicitar plaza telem\u00e1ticamente en los centros andaluces<\/a> (Curso 2025-2026)<\/p>\n<p>&nbsp;<\/p>\n<p>&nbsp;<\/p>\n","protected":false},"excerpt":{"rendered":"<p>Tr\u00e1mites administrativos por v\u00eda telem\u00e1tica Aqu\u00ed puedes encontrar los tr\u00e1mites telem\u00e1ticos a realizar en la Secretar\u00eda de nuestro centro. Con objeto de asegurar las medidas de prevenci\u00f3n frente al COVID-19 y evitar cualquier aglomeraci\u00f3n&#46;&#46;&#46;<\/p>\n","protected":false},"author":5125,"featured_media":0,"parent":0,"menu_order":0,"comment_status":"closed","ping_status":"closed","template":"","meta":{"ngg_post_thumbnail":0,"footnotes":"","_mc_calendar":[]},"aioseo_notices":[],"_links":{"self":[{"href":"https:\/\/blogsaverroes.juntadeandalucia.es\/ceipjuancarrillo\/wp-json\/wp\/v2\/pages\/4424"}],"collection":[{"href":"https:\/\/blogsaverroes.juntadeandalucia.es\/ceipjuancarrillo\/wp-json\/wp\/v2\/pages"}],"about":[{"href":"https:\/\/blogsaverroes.juntadeandalucia.es\/ceipjuancarrillo\/wp-json\/wp\/v2\/types\/page"}],"author":[{"embeddable":true,"href":"https:\/\/blogsaverroes.juntadeandalucia.es\/ceipjuancarrillo\/wp-json\/wp\/v2\/users\/5125"}],"replies":[{"embeddable":true,"href":"https:\/\/blogsaverroes.juntadeandalucia.es\/ceipjuancarrillo\/wp-json\/wp\/v2\/comments?post=4424"}],"version-history":[{"count":61,"href":"https:\/\/blogsaverroes.juntadeandalucia.es\/ceipjuancarrillo\/wp-json\/wp\/v2\/pages\/4424\/revisions"}],"predecessor-version":[{"id":5443,"href":"https:\/\/blogsaverroes.juntadeandalucia.es\/ceipjuancarrillo\/wp-json\/wp\/v2\/pages\/4424\/revisions\/5443"}],"wp:attachment":[{"href":"https:\/\/blogsaverroes.juntadeandalucia.es\/ceipjuancarrillo\/wp-json\/wp\/v2\/media?parent=4424"}],"curies":[{"name":"wp","href":"https:\/\/api.w.org\/{rel}","templated":true}]}}