{"id":77,"date":"2015-03-16T06:54:56","date_gmt":"2015-03-16T06:54:56","guid":{"rendered":"http:\/\/blogsaverroes.juntadeandalucia.es\/pre\/ceip\/?page_id=77"},"modified":"2025-06-03T11:12:45","modified_gmt":"2025-06-03T09:12:45","slug":"secretaria","status":"publish","type":"page","link":"https:\/\/blogsaverroes.juntadeandalucia.es\/ceipjuancarrillo\/secretaria\/","title":{"rendered":"Secretar\u00eda"},"content":{"rendered":"<p>En la&nbsp;<strong>Secretar\u00eda<\/strong> del centro, se desarrollan todas las funciones y tr\u00e1mites administrativos indicados m\u00e1s abajo (matr\u00edculas, certificados, solicitudes, etc.)<\/p>\n<p>En el centro el <span style=\"color: #800000\"><strong>Horario de Atenci\u00f3n de la Secretar\u00eda<\/strong><\/span> ser\u00e1:<\/p>\n<ul>\n<li><span style=\"color: #800000\"><strong>De lunes a viernes.<\/strong><\/span><\/li>\n<li><span style=\"color: #800000\"><strong>Entre las 9:15h y 11:00h y las 11:45h \u2013 12:45h<\/strong>. <\/span><\/li>\n<li><span style=\"color: #800000\"><strong>Siempre a trav\u00e9s de cita previa en el tel\u00e9fono 952 16 99 24,<\/strong><\/span> evitando la aglomeraci\u00f3n.<\/li>\n<\/ul>\n<p>&nbsp;<\/p>\n<p><strong>&nbsp;<\/strong><\/p>\n<p>Se puede <strong>contactar a trav\u00e9s de:<\/strong><\/p>\n<p style=\"text-align: center\">Email:&nbsp;<a href=\"mailto:29007718.edu@juntadeandalucia.es\"> 29007718.edu@juntadeandalucia.es<\/a><\/p>\n<p style=\"text-align: center\">&nbsp; &nbsp; Tel: &nbsp; &nbsp; &nbsp; 952 16 99 24 &nbsp; &nbsp;<\/p>\n<p style=\"text-align: center\">Fax: &nbsp; &nbsp; 952 16 99 26<\/p>\n<p style=\"text-align: center\">M\u00f3vil: &nbsp; 671 56 69 35<\/p>\n<p>&nbsp;<\/p>\n<p>Tambi\u00e9n puedes realizar tus tr\u00e1mites a trav\u00e9s de nuestra<a href=\"https:\/\/wp.me\/P7bk7B-19m\"><strong> Secretar\u00eda Online,<\/strong><\/a> para acceder<a href=\"https:\/\/wp.me\/P7bk7B-19m\"> pulsa aqu\u00ed.<\/a><\/p>\n<p>&nbsp;<\/p>\n<p>Los <strong>principales tr\u00e1mites<\/strong> que se llevan a cabo en la Secretar\u00eda son:<\/p>\n<ul>\n<li>Certificaciones relativas al alumnado y al profesorado del centro<\/li>\n<li>Gesti\u00f3n econ\u00f3mica: Presupuestos, pagos, presentaci\u00f3n de cuentas a la administraci\u00f3n, etc.<\/li>\n<li>Preinscripci\u00f3n del alumnado nuevo de cara al curso siguiente (Todo el mes de marzo)<\/li>\n<li>Gesti\u00f3n de la admisi\u00f3n y escolarizaci\u00f3n del alumnado.<\/li>\n<li>Matriculaci\u00f3n para el curso siguiente (Primera semana de junio)<\/li>\n<li>Tramitaci\u00f3n de solicitudes y ayudas de los distintos servicios del centro: Comedor, aula matinal y actividades extraescolares (Primera semana de junio)<\/li>\n<li>Tramitaci\u00f3n de ayudas y becas de diversa \u00edndole convocadas por las distintas administraciones educativas.<\/li>\n<li>Tramitaci\u00f3n de los expedientes acad\u00e9micos del alumnado inmerso en procesos de traslado de centro.<\/li>\n<li>Gesti\u00f3n de la documentaci\u00f3n del alumnado: Expediente personal, historial acad\u00e9mico.<\/li>\n<li>Cumplimentaci\u00f3n y custodia de las Actas oficiales de evaluaci\u00f3n de los diferentes cursos.<\/li>\n<li>Orden y custodia del archivo hist\u00f3rico del centro.<\/li>\n<li>Dep\u00f3sito de los libros de Actas de los \u00f3rganos colegiados.<\/li>\n<\/ul>\n<p>&nbsp;<\/p>\n","protected":false},"excerpt":{"rendered":"<p>En la&nbsp;Secretar\u00eda del centro, se desarrollan todas las funciones y tr\u00e1mites administrativos indicados m\u00e1s abajo (matr\u00edculas, certificados, solicitudes, etc.) En el centro el Horario de Atenci\u00f3n de la Secretar\u00eda ser\u00e1: De lunes a viernes.&#46;&#46;&#46;<\/p>\n","protected":false},"author":1,"featured_media":0,"parent":0,"menu_order":0,"comment_status":"open","ping_status":"open","template":"page-templates\/child-menu.php","meta":{"ngg_post_thumbnail":0,"footnotes":"","_mc_calendar":[]},"aioseo_notices":[],"_links":{"self":[{"href":"https:\/\/blogsaverroes.juntadeandalucia.es\/ceipjuancarrillo\/wp-json\/wp\/v2\/pages\/77"}],"collection":[{"href":"https:\/\/blogsaverroes.juntadeandalucia.es\/ceipjuancarrillo\/wp-json\/wp\/v2\/pages"}],"about":[{"href":"https:\/\/blogsaverroes.juntadeandalucia.es\/ceipjuancarrillo\/wp-json\/wp\/v2\/types\/page"}],"author":[{"embeddable":true,"href":"https:\/\/blogsaverroes.juntadeandalucia.es\/ceipjuancarrillo\/wp-json\/wp\/v2\/users\/1"}],"replies":[{"embeddable":true,"href":"https:\/\/blogsaverroes.juntadeandalucia.es\/ceipjuancarrillo\/wp-json\/wp\/v2\/comments?post=77"}],"version-history":[{"count":23,"href":"https:\/\/blogsaverroes.juntadeandalucia.es\/ceipjuancarrillo\/wp-json\/wp\/v2\/pages\/77\/revisions"}],"predecessor-version":[{"id":5431,"href":"https:\/\/blogsaverroes.juntadeandalucia.es\/ceipjuancarrillo\/wp-json\/wp\/v2\/pages\/77\/revisions\/5431"}],"wp:attachment":[{"href":"https:\/\/blogsaverroes.juntadeandalucia.es\/ceipjuancarrillo\/wp-json\/wp\/v2\/media?parent=77"}],"curies":[{"name":"wp","href":"https:\/\/api.w.org\/{rel}","templated":true}]}}