{"id":82,"date":"2015-03-16T06:59:55","date_gmt":"2015-03-16T06:59:55","guid":{"rendered":"http:\/\/blogsaverroes.juntadeandalucia.es\/pre\/ceip\/?page_id=82"},"modified":"2019-09-22T21:33:07","modified_gmt":"2019-09-22T19:33:07","slug":"horarios","status":"publish","type":"page","link":"https:\/\/blogsaverroes.juntadeandalucia.es\/ceipjuancarrillo\/horarios\/","title":{"rendered":"Horarios"},"content":{"rendered":"<p><img loading=\"lazy\" decoding=\"async\" class=\" size-medium wp-image-1675 alignleft\" src=\"http:\/\/blogsaverroes.juntadeandalucia.es\/ceipjuancarrillo\/files\/2015\/03\/horario2-300x211.jpg\" alt=\"horario2\" width=\"300\" height=\"211\" srcset=\"https:\/\/blogsaverroes.juntadeandalucia.es\/ceipjuancarrillo\/files\/2015\/03\/horario2-300x211.jpg 300w, https:\/\/blogsaverroes.juntadeandalucia.es\/ceipjuancarrillo\/files\/2015\/03\/horario2.jpg 640w\" sizes=\"(max-width: 300px) 100vw, 300px\" \/><\/p>\n<p>&nbsp;<\/p>\n<p style=\"text-align: center\"><strong>HORARIO DEL CENTRO<\/strong><\/p>\n<p>El C.E.I.P. JUAN CARRILLO, permanece abierto desde las 7:30 de la ma\u00f1ana hasta las 18:00 horas de la tarde de lunes a viernes. De 7:30 a 9:00 horas, permanece abierto el servicio de aula matinal para atender a aquel alumnado que lo hubiese solicitado.<\/p>\n<p>A las 9:00 horas comienza el r\u00e9gimen ordinario de clases tanto en Educaci\u00f3n Infantil como en Educaci\u00f3n Primaria, prolong\u00e1ndose el horario lectivo hasta las 14:00 horas.<\/p>\n<p>A partir de ese momento, el alumnado que est\u00e9 inscrito en el servicio de comedor puede hacer uso del mismo, pudiendo ser recogido por sus tutores legales hasta las 16:00 horas.<\/p>\n<p>A partir de esta hora y hasta las 18:00 (generalmente) se llevan a cabo distintas actividades extraescolares as\u00ed como el Programa de Acompa\u00f1amiento.<\/p>\n<p><strong>HORARIO LECTIVO DE EDUCACI\u00d3N INFANTIL:<\/strong><\/p>\n<p>De lunes a viernes de 9:00 a 14:00 horas, distribuy\u00e9ndose en sesiones de trabajo de 45 minutos cada una y dos recreos de 15 minutos, el primero de 11:15 a 11:30 horas y el segundo de 13:00 a 13:15 horas.<\/p>\n<p><strong>HORARIO LECTIVO DE EDUCACI\u00d3N PRIMARIA<\/strong><\/p>\n<p>De lunes a viernes de 9:00 a 14:00 horas, distribuy\u00e9ndose las distintas asignaturas en sesiones de 30 y 60&nbsp; minutos. El tiempo de recreo (30 min.) est\u00e1 comprendido entre las 11:30 y las 12:00 horas.<\/p>\n","protected":false},"excerpt":{"rendered":"<p>&nbsp; HORARIO DEL CENTRO El C.E.I.P. JUAN CARRILLO, permanece abierto desde las 7:30 de la ma\u00f1ana hasta las 18:00 horas de la tarde de lunes a viernes. De 7:30 a 9:00 horas, permanece abierto&#46;&#46;&#46;<\/p>\n","protected":false},"author":1,"featured_media":0,"parent":0,"menu_order":0,"comment_status":"open","ping_status":"open","template":"page-templates\/child-menu.php","meta":{"ngg_post_thumbnail":0,"footnotes":"","_mc_calendar":[]},"aioseo_notices":[],"_links":{"self":[{"href":"https:\/\/blogsaverroes.juntadeandalucia.es\/ceipjuancarrillo\/wp-json\/wp\/v2\/pages\/82"}],"collection":[{"href":"https:\/\/blogsaverroes.juntadeandalucia.es\/ceipjuancarrillo\/wp-json\/wp\/v2\/pages"}],"about":[{"href":"https:\/\/blogsaverroes.juntadeandalucia.es\/ceipjuancarrillo\/wp-json\/wp\/v2\/types\/page"}],"author":[{"embeddable":true,"href":"https:\/\/blogsaverroes.juntadeandalucia.es\/ceipjuancarrillo\/wp-json\/wp\/v2\/users\/1"}],"replies":[{"embeddable":true,"href":"https:\/\/blogsaverroes.juntadeandalucia.es\/ceipjuancarrillo\/wp-json\/wp\/v2\/comments?post=82"}],"version-history":[{"count":7,"href":"https:\/\/blogsaverroes.juntadeandalucia.es\/ceipjuancarrillo\/wp-json\/wp\/v2\/pages\/82\/revisions"}],"predecessor-version":[{"id":3687,"href":"https:\/\/blogsaverroes.juntadeandalucia.es\/ceipjuancarrillo\/wp-json\/wp\/v2\/pages\/82\/revisions\/3687"}],"wp:attachment":[{"href":"https:\/\/blogsaverroes.juntadeandalucia.es\/ceipjuancarrillo\/wp-json\/wp\/v2\/media?parent=82"}],"curies":[{"name":"wp","href":"https:\/\/api.w.org\/{rel}","templated":true}]}}