{"id":869,"date":"2015-03-16T07:03:52","date_gmt":"2015-03-16T07:03:52","guid":{"rendered":"http:\/\/blogsaverroes.juntadeandalucia.es\/pre\/ceip\/?page_id=84"},"modified":"2025-05-29T13:28:05","modified_gmt":"2025-05-29T11:28:05","slug":"calendario-escolar","status":"publish","type":"page","link":"https:\/\/blogsaverroes.juntadeandalucia.es\/ceipjuancarrillo\/calendario-escolar\/","title":{"rendered":"Calendario escolar"},"content":{"rendered":"<p><a href=\"https:\/\/portales.ced.junta-andalucia.es\/educacion\/portales\/documents\/1197067\/2004218\/CALENDARIO%20COLOR%202025-2026.pdf\/21d408ff-c1d7-196d-8ca3-a4f4276f9787?version=1.0\">CALENDARIO ESCOLAR PROVINCIA DE M\u00c1LAGA CURSO 2025-2026<\/a><\/p>\n<p>Se establece en todos los centros docentes de la provincia el m\u00ednimo&nbsp;de d\u00edas lectivos sea de 178 en las ense\u00f1anzas de segundo ciclo de educaci\u00f3n infantil, educaci\u00f3n&nbsp;primaria y educaci\u00f3n especial, y de 175 en el resto de las ense\u00f1anzas.&nbsp;<\/p>\n<p><b>Calendario 2025-2026<\/b><\/p>\n<p style=\"text-align: justify\">El periodo lectivo comenzar\u00e1 el d\u00eda 10 de septiembre de 2025 y finalizar\u00e1 el 22 de junio de 2026 (ambos inclusive).<\/p>\n<p><b>PERIODOS VACACIONALES <\/b><\/p>\n<p>NAVIDAD: El periodo no lectivo de Navidad estar\u00e1 comprendido entre los d\u00edas 19 de diciembre de 2025 y 8 de enero de 2022 ambos inclusive.<\/p>\n<p>SEMANA BLANCA: Se considerar\u00e1 no lectivos los d\u00edas 23 al 27 de febrero de 2026<\/p>\n<p>SEMANA SANTA: Son d\u00edas no lectivos de Semana Santa los d\u00edas 30 de marzo al 5 de abril de 2026.<\/p>\n<p><b>FESTIVIDADES: <\/b><\/p>\n<p><b>De \u00e1mbito nacional y auton\u00f3mico: <\/b><\/p>\n<p>12 de octubre de 2025 (domingo que pasa al lunes 13 de octubre). Fiesta Nacional de Espa\u00f1a.<\/p>\n<p>1 de noviembre de 2026 (s\u00e1bado). Todos los Santos.<\/p>\n<p>6 de diciembre de 2026 (s\u00e1bado). D\u00eda de la Constituci\u00f3n Espa\u00f1ola.<\/p>\n<p>8 de diciembre de 2026 (lunes). La Inmaculada Concepci\u00f3n.<\/p>\n<p>28 de febrero de 2026 (s\u00e1bado). D\u00eda de Andaluc\u00eda.<\/p>\n<p>2 de abril de 2026 (jueves). Jueves Santo.<\/p>\n<p>3 de abril de 2026 (viernes). Viernes Santo.<\/p>\n<p>1 de mayo de 2026 (viernes). Fiesta del Trabajo.<\/p>\n<p><b>De \u00e1mbito provincial: <\/b><\/p>\n<p>7 de enero de 2026 (mi\u00e9rcoles). D\u00eda de la Comunidad Educativa (para todos los niveles educativos).<\/p>\n<p>&nbsp;<\/p>\n","protected":false},"excerpt":{"rendered":"<p>CALENDARIO ESCOLAR PROVINCIA DE M\u00c1LAGA CURSO 2025-2026 Se establece en todos los centros docentes de la provincia el m\u00ednimo&nbsp;de d\u00edas lectivos sea de 178 en las ense\u00f1anzas de segundo ciclo de educaci\u00f3n infantil, educaci\u00f3n&nbsp;primaria&#46;&#46;&#46;<\/p>\n","protected":false},"author":1,"featured_media":0,"parent":0,"menu_order":0,"comment_status":"open","ping_status":"open","template":"page-templates\/child-menu.php","meta":{"ngg_post_thumbnail":0,"footnotes":"","_mc_calendar":{"weekends":"true","shortcode":"[my_calendar weekends=&quot;true&quot;]","append":""}},"aioseo_notices":[],"_links":{"self":[{"href":"https:\/\/blogsaverroes.juntadeandalucia.es\/ceipjuancarrillo\/wp-json\/wp\/v2\/pages\/869"}],"collection":[{"href":"https:\/\/blogsaverroes.juntadeandalucia.es\/ceipjuancarrillo\/wp-json\/wp\/v2\/pages"}],"about":[{"href":"https:\/\/blogsaverroes.juntadeandalucia.es\/ceipjuancarrillo\/wp-json\/wp\/v2\/types\/page"}],"author":[{"embeddable":true,"href":"https:\/\/blogsaverroes.juntadeandalucia.es\/ceipjuancarrillo\/wp-json\/wp\/v2\/users\/1"}],"replies":[{"embeddable":true,"href":"https:\/\/blogsaverroes.juntadeandalucia.es\/ceipjuancarrillo\/wp-json\/wp\/v2\/comments?post=869"}],"version-history":[{"count":35,"href":"https:\/\/blogsaverroes.juntadeandalucia.es\/ceipjuancarrillo\/wp-json\/wp\/v2\/pages\/869\/revisions"}],"predecessor-version":[{"id":5397,"href":"https:\/\/blogsaverroes.juntadeandalucia.es\/ceipjuancarrillo\/wp-json\/wp\/v2\/pages\/869\/revisions\/5397"}],"wp:attachment":[{"href":"https:\/\/blogsaverroes.juntadeandalucia.es\/ceipjuancarrillo\/wp-json\/wp\/v2\/media?parent=869"}],"curies":[{"name":"wp","href":"https:\/\/api.w.org\/{rel}","templated":true}]}}