{"id":870,"date":"2015-03-16T07:24:27","date_gmt":"2015-03-16T07:24:27","guid":{"rendered":"http:\/\/blogsaverroes.juntadeandalucia.es\/pre\/ceip\/?page_id=103"},"modified":"2025-06-05T10:33:59","modified_gmt":"2025-06-05T08:33:59","slug":"aula-matinal","status":"publish","type":"page","link":"https:\/\/blogsaverroes.juntadeandalucia.es\/ceipjuancarrillo\/aula-matinal\/","title":{"rendered":"Aula Matinal"},"content":{"rendered":"<p style=\"text-align: justify\"><a href=\"http:\/\/blogsaverroes.juntadeandalucia.es\/ceipjuancarrillo\/files\/2014\/12\/aula_matinal.jpg\"><img loading=\"lazy\" decoding=\"async\" class=\" size-medium wp-image-533 alignleft\" src=\"http:\/\/blogsaverroes.juntadeandalucia.es\/ceipjuancarrillo\/files\/2014\/12\/aula_matinal-300x185.jpg\" alt=\"aula_matinal\" width=\"300\" height=\"185\" srcset=\"https:\/\/blogsaverroes.juntadeandalucia.es\/ceipjuancarrillo\/files\/2014\/12\/aula_matinal-300x185.jpg 300w, https:\/\/blogsaverroes.juntadeandalucia.es\/ceipjuancarrillo\/files\/2014\/12\/aula_matinal.jpg 709w\" sizes=\"(max-width: 300px) 100vw, 300px\" \/><\/a><strong>De acuerdo a lo recogido en el Decreto de Apoyo a las Familias Andaluzas y su posterior desarrollo, el servicio de Aula Matinal viene a facilitar la conciliaci\u00f3n de la vida familiar y laboral, as\u00ed como&nbsp;la integraci\u00f3n de la mujer y el hombre en la vida laboral en condiciones de igualdad.<\/strong><\/p>\n<p style=\"text-align: justify\"><strong>El tiempo comprendido entre las 7,30 y la hora de comienzo del horario lectivo ser\u00e1 considerado como aula matinal.&nbsp;El acceso a este servicio podr\u00e1 solicitarse para d\u00edas determinados o con car\u00e1cter continuado, ejerci\u00e9ndose la opci\u00f3n que se desee al presentar la solicitud del servicio. <\/strong><\/p>\n<p style=\"text-align: justify\"><strong>La solicitud de baja en el servicio de aula matinal se comunicar\u00e1 con una antelaci\u00f3n de, al menos, una semana del inicio del mes en que se pretenda hacer efectiva la baja. Asimismo, la opci\u00f3n inicialmente elegida podr\u00e1 modificarse a lo largo del curso, lo que se comunicar\u00e1 en el plazo mencionado anteriormente.<\/strong><\/p>\n<p style=\"text-align: justify\"><strong>La atenci\u00f3n al alumnado en el aula matinal se realizar\u00e1 por personal que, al menos, est\u00e9 en posesi\u00f3n de alguno de los siguientes t\u00edtulos de Formaci\u00f3n Profesional: <\/strong><\/p>\n<p style=\"text-align: justify\"><strong>a) T\u00e9cnico Superior en Educaci\u00f3n Infantil, en Animaci\u00f3n Sociocultural, en Integraci\u00f3n Social o titulaci\u00f3n equivalente a efectos profesionales. <\/strong><\/p>\n<p style=\"text-align: justify\"><strong>b) T\u00e9cnico en Atenci\u00f3n Sociosanitaria o titulaci\u00f3n equivalente a efectos profesionales. <\/strong><\/p>\n<p style=\"text-align: justify\"><strong>La solicitud de este servicio educativo se realizar\u00e1 al formalizar la matr\u00edcula cada curso.<\/strong><\/p>\n<p style=\"text-align: justify\"><strong>La empresa encargada de este servicio en nuestro centro es <a href=\"https:\/\/www.gruposenda.es\/\">Grupo Senda<\/a><\/strong><\/p>\n<p style=\"text-align: justify\"><strong>La normativa que regula este servicio son&nbsp;el&nbsp;<a href=\"http:\/\/juntadeandalucia.es\/eboja\/2017\/20\/BOJA17-020-00009-1424-01_00106823.pdf\" target=\"_blank\" rel=\"noopener\">Decreto 6\/2017, de 16 de enero<\/a> y la <a href=\"http:\/\/juntadeandalucia.es\/eboja\/2017\/78\/BOJA17-078-00027-7095-01_00112396.pdf\" target=\"_blank\" rel=\"noopener\">Orden de 17 de abril de 2017<\/a> por los que se regulan los servicios complementarios de aula matinal, comedor escolar y actividades extraescolares, as\u00ed como el uso de las instalaciones de los centros docentes p\u00fablicos de la Comunidad Aut\u00f3noma de Andaluc\u00eda fuera del horario escolar.<\/strong><\/p>\n","protected":false},"excerpt":{"rendered":"<p>De acuerdo a lo recogido en el Decreto de Apoyo a las Familias Andaluzas y su posterior desarrollo, el servicio de Aula Matinal viene a facilitar la conciliaci\u00f3n de la vida familiar y laboral,&#46;&#46;&#46;<\/p>\n","protected":false},"author":1,"featured_media":0,"parent":0,"menu_order":0,"comment_status":"open","ping_status":"open","template":"page-templates\/child-menu.php","meta":{"ngg_post_thumbnail":0,"footnotes":"","_mc_calendar":[]},"aioseo_notices":[],"_links":{"self":[{"href":"https:\/\/blogsaverroes.juntadeandalucia.es\/ceipjuancarrillo\/wp-json\/wp\/v2\/pages\/870"}],"collection":[{"href":"https:\/\/blogsaverroes.juntadeandalucia.es\/ceipjuancarrillo\/wp-json\/wp\/v2\/pages"}],"about":[{"href":"https:\/\/blogsaverroes.juntadeandalucia.es\/ceipjuancarrillo\/wp-json\/wp\/v2\/types\/page"}],"author":[{"embeddable":true,"href":"https:\/\/blogsaverroes.juntadeandalucia.es\/ceipjuancarrillo\/wp-json\/wp\/v2\/users\/1"}],"replies":[{"embeddable":true,"href":"https:\/\/blogsaverroes.juntadeandalucia.es\/ceipjuancarrillo\/wp-json\/wp\/v2\/comments?post=870"}],"version-history":[{"count":9,"href":"https:\/\/blogsaverroes.juntadeandalucia.es\/ceipjuancarrillo\/wp-json\/wp\/v2\/pages\/870\/revisions"}],"predecessor-version":[{"id":5447,"href":"https:\/\/blogsaverroes.juntadeandalucia.es\/ceipjuancarrillo\/wp-json\/wp\/v2\/pages\/870\/revisions\/5447"}],"wp:attachment":[{"href":"https:\/\/blogsaverroes.juntadeandalucia.es\/ceipjuancarrillo\/wp-json\/wp\/v2\/media?parent=870"}],"curies":[{"name":"wp","href":"https:\/\/api.w.org\/{rel}","templated":true}]}}