{"id":871,"date":"2015-03-16T07:25:46","date_gmt":"2015-03-16T07:25:46","guid":{"rendered":"http:\/\/blogsaverroes.juntadeandalucia.es\/pre\/ceip\/?page_id=106"},"modified":"2025-06-04T12:56:02","modified_gmt":"2025-06-04T10:56:02","slug":"actividades-extraescolares","status":"publish","type":"page","link":"https:\/\/blogsaverroes.juntadeandalucia.es\/ceipjuancarrillo\/actividades-extraescolares\/","title":{"rendered":"Actividades extraescolares"},"content":{"rendered":"<h4><strong>La normativa que regula este servicio son&nbsp;el&nbsp;<a href=\"http:\/\/juntadeandalucia.es\/eboja\/2017\/20\/BOJA17-020-00009-1424-01_00106823.pdf\" target=\"_blank\" rel=\"noopener noreferrer\">Decreto 6\/2017, de 16 de enero,<\/a>&nbsp;la <a href=\"http:\/\/juntadeandalucia.es\/eboja\/2017\/78\/BOJA17-078-00027-7095-01_00112396.pdf\" target=\"_blank\" rel=\"noopener noreferrer\">Orden de 17 de abril de 2017<\/a>&nbsp; y la&nbsp;<\/strong><strong><a href=\"https:\/\/www.juntadeandalucia.es\/boja\/2019\/70\/BOJA19-070-00015-5172-01_00153551.pdf\">Orden de 27 de marzo de 2019, por la que se modifica la Orden de 17 de abril de 2017<\/a>&nbsp;<\/strong><strong>por los que se regulan los servicios complementarios de aula matinal, comedor escolar y actividades extraescolares, as\u00ed como el uso de las instalaciones de los centros docentes p\u00fablicos de la Comunidad Aut\u00f3noma de Andaluc\u00eda fuera del horario escolar.&nbsp;<\/strong><\/h4>\n<ul style=\"list-style-type: square\">\n<li>El horario general permitido para estas actividades es de 16:00h a 18:00h.&nbsp;<\/li>\n<li>Las actividades se comenzar\u00e1n el d\u00eda 1 de octubre de 2025 y finalizar\u00e1n el 29 de mayo de 2026.<\/li>\n<li>Los grupos deber\u00e1n tener un m\u00ednimo de 10 participantes para poderse llevar a cabo (en caso de no llegarse a 10 participantes la actividad ser\u00e1 suspendida, pudiendo reiniciarse cuando se tenga el m\u00ednimo de 10 alumnos\/as)<\/li>\n<li>Las actividades se desarrollan por una empresa autorizada por la Junta de Andaluc\u00eda para tal fin, que proporciona el personal y se encarga de la gesti\u00f3n del control de asistencia y facturaci\u00f3n. En nuestro centro son llevadas a cabo por la <strong style=\"text-align: justify\">empresa Aulas Extraescolares Andaluzas (acredi<\/strong><strong style=\"text-align: justify\">tada por la Agencia P\u00fablica Andaluza de Educaci\u00f3n &#8211; APAE).<\/strong><\/li>\n<li>La solicitud de altas y bajas de estas actividades se deber\u00e1 realizar en la Secretar\u00eda del centro en el horario de atenci\u00f3n al p\u00fablico presencial. Contactar para cita previa en el tel\u00e9fono 952169924.\n<ul>\n<li style=\"list-style-type: none\">\n<ul>\n<li style=\"list-style-type: none\">\n<ul>\n<li style=\"list-style-type: none\">\n<ul style=\"list-style-type: square\">\n<li>Para solicitar actividad presentar: <a href=\"https:\/\/www.juntadeandalucia.es\/educacion\/portals\/delegate\/content\/6c4342f7-1581-4c26-bc7e-2e49b4b64cee\/Anexo%20II.-%20Servicio%20de%20Aula%20Matinal,%20Comedor%20Escolar%20y%20actividades%20Extraescolares\">Anexo II de Solicitud de Servicios Complementarios<\/a>.&nbsp;<\/li>\n<li>Para dar de baja una actividad: <a href=\"https:\/\/blogsaverroes.juntadeandalucia.es\/ceipjuancarrillo\/files\/2021\/09\/Documento-baja-servicios-complementarios.pdf\">Documento baja servicios complementarios<\/a>.<\/li>\n<\/ul>\n<\/li>\n<\/ul>\n<\/li>\n<\/ul>\n<\/li>\n<\/ul>\n<\/li>\n<li>El precio de la actividad es de 16.10 Euros \/mes por actividad o grupo. En caso de bonificaci\u00f3n del 100% solo se bonificar\u00e1 una actividad, teniendo que ser abonadas las dem\u00e1s actividades a las que se asista.<\/li>\n<\/ul>\n<p style=\"text-align: justify\"><strong>El CEIP Juan Carrillo oferta en este horario las siguientes actividades extraescolares en el curso 2021-2022:<\/strong><\/p>\n<p><span style=\"color: #ff6600\"><b>Baile:<\/b><\/span><\/p>\n<p><span style=\"text-decoration: underline\">Orientada a<\/span>: alumnado de Educaci\u00f3n Infantil y Primaria.<\/p>\n<p><span style=\"text-decoration: underline\">Contenido:<\/span> En esta actividad se trata de aunar las anteriores actividades de <em>Bailes<\/em> y <em>Gimnasia R\u00edtmica<\/em> de forma que se introduzca a los ni\u00f1os y ni\u00f1as a una actividad f\u00edsica a trav\u00e9s del movimiento r\u00edtmico del cuerpo&nbsp; integrando las posibilidades expresivas del propio cuerpo, la m\u00fasica, el espacio, la coordinaci\u00f3n con los compa\u00f1eros, la formaci\u00f3n de equipo, etc.<\/p>\n<p><span style=\"text-decoration: underline\">Horario:<\/span><\/p>\n<p style=\"padding-left: 40px\">Martes y jueves, comienzo a las 16:00 y finalizaci\u00f3n a las 17:00.<\/p>\n<p><span style=\"color: #ff0000\"><b>Ingles:<\/b><\/span><\/p>\n<p><span style=\"text-decoration: underline\">Orientada a<\/span>: alumnado de Educaci\u00f3n Infantil y Primaria.<\/p>\n<p><span style=\"text-decoration: underline\">Contenido:<\/span> En esta actividad se trata de reforzar el aprendizaje del idioma ingl\u00e9s atraves de juegos y actividades.<\/p>\n<p><span style=\"text-decoration: underline\">Horario:<\/span><\/p>\n<p style=\"padding-left: 40px\">Martes y jueves, comienzo a las 17:00 y finalizaci\u00f3n a las 18:00.<\/p>\n<p>&nbsp;<\/p>\n<p><span style=\"color: #33cccc\"><strong>Multideporte:&nbsp;<\/strong><\/span><\/p>\n<p><span style=\"text-decoration: underline\">Orientada a<\/span>: alumnado de Educaci\u00f3n Infantil y Primaria.<\/p>\n<p><span style=\"text-decoration: underline\">Contenido:<\/span> En esta actividad se trata de proporcionar a los ni\u00f1os y ni\u00f1as la iniciaci\u00f3n a la actividad f\u00edsica con la practica de los diferentes deportes.<\/p>\n<p><span style=\"text-decoration: underline\">Horario:<\/span><\/p>\n<p style=\"padding-left: 40px\">Lunes y miercoles, comienzo a las 16:00 y finalizaci\u00f3n a las 17:00.<\/p>\n<p>&nbsp;<\/p>\n<p><span style=\"color: #800080\"><b>Patinaje:<\/b><\/span><\/p>\n<p><span style=\"text-decoration: underline\">Orientada a<\/span>: alumnado de Educaci\u00f3n Infantil y Primaria.<\/p>\n<p><span style=\"text-decoration: underline\">Contenido:<\/span> En esta actividad se trata de proporcionar a los ni\u00f1os y ni\u00f1as la iniciaci\u00f3n a la actividad f\u00edsica de patinaje.<\/p>\n<p><span style=\"text-decoration: underline\">Horario:<\/span>&nbsp;<\/p>\n<p>&nbsp; &nbsp; &nbsp; Lunes y miercoles, comienzo a las 17:00 y finalizaci\u00f3n a las 18:00.<\/p>\n<p>&nbsp;<\/p>\n<p style=\"text-align: center\"><strong>Horario gr\u00e1fico de las actividades extraescolares 2025-2026:<\/strong><\/p>\n<p><a href=\"https:\/\/blogsaverroes.juntadeandalucia.es\/ceipjuancarrillo\/actividades-extraescolares\/jueves\/\" rel=\"attachment wp-att-5444\"><img loading=\"lazy\" decoding=\"async\" class=\"aligncenter wp-image-5444 \" src=\"https:\/\/blogsaverroes.juntadeandalucia.es\/ceipjuancarrillo\/files\/2025\/06\/Jueves-e1749034528282-300x125.jpg\" alt=\"\" width=\"693\" height=\"289\" srcset=\"https:\/\/blogsaverroes.juntadeandalucia.es\/ceipjuancarrillo\/files\/2025\/06\/Jueves-e1749034528282-300x125.jpg 300w, https:\/\/blogsaverroes.juntadeandalucia.es\/ceipjuancarrillo\/files\/2025\/06\/Jueves-e1749034528282-1024x425.jpg 1024w, https:\/\/blogsaverroes.juntadeandalucia.es\/ceipjuancarrillo\/files\/2025\/06\/Jueves-e1749034528282-768x319.jpg 768w, https:\/\/blogsaverroes.juntadeandalucia.es\/ceipjuancarrillo\/files\/2025\/06\/Jueves-e1749034528282.jpg 1478w\" sizes=\"(max-width: 693px) 100vw, 693px\" \/><\/a><\/p>\n<p>&nbsp;<\/p>\n<p>&nbsp;<\/p>\n<p>Para mayor informaci\u00f3n se puede consultar la <a href=\"https:\/\/www.juntadeandalucia.es\/educacion\/portals\/web\/ced\/servicios-complementarios\">p\u00e1gina de Servicios Complementarios de la Consejer\u00eda de Educaci\u00f3n de la Junta de Andaluc\u00eda.<\/a><\/p>\n","protected":false},"excerpt":{"rendered":"<p>La normativa que regula este servicio son&nbsp;el&nbsp;Decreto 6\/2017, de 16 de enero,&nbsp;la Orden de 17 de abril de 2017&nbsp; y la&nbsp;Orden de 27 de marzo de 2019, por la que se modifica la Orden&#46;&#46;&#46;<\/p>\n","protected":false},"author":1,"featured_media":0,"parent":0,"menu_order":0,"comment_status":"open","ping_status":"open","template":"page-templates\/child-menu.php","meta":{"ngg_post_thumbnail":0,"footnotes":"","_mc_calendar":[]},"aioseo_notices":[],"_links":{"self":[{"href":"https:\/\/blogsaverroes.juntadeandalucia.es\/ceipjuancarrillo\/wp-json\/wp\/v2\/pages\/871"}],"collection":[{"href":"https:\/\/blogsaverroes.juntadeandalucia.es\/ceipjuancarrillo\/wp-json\/wp\/v2\/pages"}],"about":[{"href":"https:\/\/blogsaverroes.juntadeandalucia.es\/ceipjuancarrillo\/wp-json\/wp\/v2\/types\/page"}],"author":[{"embeddable":true,"href":"https:\/\/blogsaverroes.juntadeandalucia.es\/ceipjuancarrillo\/wp-json\/wp\/v2\/users\/1"}],"replies":[{"embeddable":true,"href":"https:\/\/blogsaverroes.juntadeandalucia.es\/ceipjuancarrillo\/wp-json\/wp\/v2\/comments?post=871"}],"version-history":[{"count":30,"href":"https:\/\/blogsaverroes.juntadeandalucia.es\/ceipjuancarrillo\/wp-json\/wp\/v2\/pages\/871\/revisions"}],"predecessor-version":[{"id":5445,"href":"https:\/\/blogsaverroes.juntadeandalucia.es\/ceipjuancarrillo\/wp-json\/wp\/v2\/pages\/871\/revisions\/5445"}],"wp:attachment":[{"href":"https:\/\/blogsaverroes.juntadeandalucia.es\/ceipjuancarrillo\/wp-json\/wp\/v2\/media?parent=871"}],"curies":[{"name":"wp","href":"https:\/\/api.w.org\/{rel}","templated":true}]}}