{"id":872,"date":"2015-03-16T12:50:42","date_gmt":"2015-03-16T12:50:42","guid":{"rendered":"http:\/\/blogsaverroes.juntadeandalucia.es\/pre\/ceip\/?page_id=120"},"modified":"2021-10-20T19:32:03","modified_gmt":"2021-10-20T17:32:03","slug":"contactar","status":"publish","type":"page","link":"https:\/\/blogsaverroes.juntadeandalucia.es\/ceipjuancarrillo\/contactar\/","title":{"rendered":"Contactar"},"content":{"rendered":"<p>Si desea contactar con nosotros, puede ponerse en contacto con nosotros en las siguientes direcci\u00f3n electr\u00f3nica<\/p>\n<h3 style=\"text-align: center\"><a href=\"mailto:29007718.edu@juntadeandalucia.es\"><span style=\"color: #0000ff\">29007718.edu@juntadeandalucia.es<\/span><\/a><\/h3>\n<p>&nbsp;<\/p>\n<p>o llamando al tel\u00e9fono del centro: <span style=\"color: #008000\"><strong>952 16 99 24<\/strong><\/span><\/p>\n<p>Intentaremos contestarle a la mayor brevedad posible, aunque si no recibiese contestaci\u00f3n en el plazo de una semana le sugerimos que vuelva a escribirnos.<\/p>\n<p>&nbsp;<\/p>\n","protected":false},"excerpt":{"rendered":"<p>Si desea contactar con nosotros, puede ponerse en contacto con nosotros en las siguientes direcci\u00f3n electr\u00f3nica 29007718.edu@juntadeandalucia.es &nbsp; o llamando al tel\u00e9fono del centro: 952 16 99 24 Intentaremos contestarle a la mayor brevedad&#46;&#46;&#46;<\/p>\n","protected":false},"author":1,"featured_media":0,"parent":0,"menu_order":0,"comment_status":"open","ping_status":"open","template":"","meta":{"ngg_post_thumbnail":0,"footnotes":"","_mc_calendar":[]},"aioseo_notices":[],"_links":{"self":[{"href":"https:\/\/blogsaverroes.juntadeandalucia.es\/ceipjuancarrillo\/wp-json\/wp\/v2\/pages\/872"}],"collection":[{"href":"https:\/\/blogsaverroes.juntadeandalucia.es\/ceipjuancarrillo\/wp-json\/wp\/v2\/pages"}],"about":[{"href":"https:\/\/blogsaverroes.juntadeandalucia.es\/ceipjuancarrillo\/wp-json\/wp\/v2\/types\/page"}],"author":[{"embeddable":true,"href":"https:\/\/blogsaverroes.juntadeandalucia.es\/ceipjuancarrillo\/wp-json\/wp\/v2\/users\/1"}],"replies":[{"embeddable":true,"href":"https:\/\/blogsaverroes.juntadeandalucia.es\/ceipjuancarrillo\/wp-json\/wp\/v2\/comments?post=872"}],"version-history":[{"count":15,"href":"https:\/\/blogsaverroes.juntadeandalucia.es\/ceipjuancarrillo\/wp-json\/wp\/v2\/pages\/872\/revisions"}],"predecessor-version":[{"id":5102,"href":"https:\/\/blogsaverroes.juntadeandalucia.es\/ceipjuancarrillo\/wp-json\/wp\/v2\/pages\/872\/revisions\/5102"}],"wp:attachment":[{"href":"https:\/\/blogsaverroes.juntadeandalucia.es\/ceipjuancarrillo\/wp-json\/wp\/v2\/media?parent=872"}],"curies":[{"name":"wp","href":"https:\/\/api.w.org\/{rel}","templated":true}]}}