{"id":99,"date":"2015-03-16T07:22:54","date_gmt":"2015-03-16T07:22:54","guid":{"rendered":"http:\/\/blogsaverroes.juntadeandalucia.es\/pre\/ceip\/?page_id=99"},"modified":"2025-06-03T10:55:25","modified_gmt":"2025-06-03T08:55:25","slug":"comedor-escolar","status":"publish","type":"page","link":"https:\/\/blogsaverroes.juntadeandalucia.es\/ceipjuancarrillo\/comedor-escolar\/","title":{"rendered":"Comedor escolar"},"content":{"rendered":"<p><strong>El comedor escolar es&nbsp;un servicio complementario que resulta de gran utilidad a padres y madres para ayudarles a&nbsp;conciliar la vida laboral y familiar. Tienen una duraci\u00f3n de hasta dos horas desde que acaba la jornada escolar de la ma\u00f1ana (de 14.00 a 16.00 horas).<\/strong><\/p>\n<p><strong>El comedor es adem\u00e1s una pieza importante&nbsp;en todas las medidas dirigidas a mejorar los h\u00e1bitos alimenticios de los ni\u00f1os y ni\u00f1as y prevenir problemas de salud como la obesidad.<\/strong><\/p>\n<p><strong>Los comedores escolares de los centros p\u00fablicos andaluces promueven una alimentaci\u00f3n saludable que est\u00e1 supervisada por nutricionistas y que, entre otros aspectos, se caracteriza por:<\/strong><\/p>\n<ul>\n<li><strong>Una mayor proporci\u00f3n de verdura en los men\u00fas<\/strong><\/li>\n<li><strong>Fruta fresca como postre al menos cuatro d\u00edas a la semana<\/strong><\/li>\n<li><strong>Uso de aceite de oliva virgen extra<\/strong><\/li>\n<li><strong>M\u00e1s pescado que carne, que debe ser magra<\/strong><\/li>\n<li><strong>Prohibici\u00f3n de los alimentos precocinados y limitaci\u00f3n de los fritos<\/strong><\/li>\n<li><strong>Apuesta por la dieta mediterr\u00e1nea y los productos ecol\u00f3gicos<\/strong><\/li>\n<\/ul>\n<p>Para m\u00e1s informaci\u00f3n acceder a:<\/p>\n<p><a href=\"https:\/\/www.aramark.es\/home\">https:\/\/www.aramark.es\/home<\/a><\/p>\n<p>&nbsp;<\/p>\n<p><strong>El servicio de comedor escolar se solicita con la matr\u00edcula y el acceso al mismo est\u00e1 condicionado por el n\u00famero de plazas. Si hay m\u00e1s solicitudes que plazas, tenemos que aplicar los baremos previstos en la normativa para establecer un orden de acceso a este servicio.<\/strong><\/p>\n<p><strong>Tambi\u00e9n la Administraci\u00f3n Educativa subvenciona este servicio de acuerdo a los ingresos y renta de la unidad familiar, pudiendo llegar a ser subvencionado en el 100% de su importe, que en la actualidad es de 5,54 \u20ac por comida\/d\u00eda.<\/strong><\/p>\n<h4 style=\"text-align: justify\"><strong>La normativa que regula este servicio son&nbsp;el&nbsp;<a href=\"http:\/\/juntadeandalucia.es\/eboja\/2017\/20\/BOJA17-020-00009-1424-01_00106823.pdf\" target=\"_blank\" rel=\"noopener noreferrer\">Decreto 6\/2017, de 16 de enero<\/a> , la <a href=\"http:\/\/juntadeandalucia.es\/eboja\/2017\/78\/BOJA17-078-00027-7095-01_00112396.pdf\" target=\"_blank\" rel=\"noopener noreferrer\">Orden de 17 de abril de 2017<\/a>&nbsp; y la&nbsp;<\/strong><a href=\"https:\/\/www.juntadeandalucia.es\/boja\/2019\/70\/BOJA19-070-00015-5172-01_00153551.pdf\">Orden de 27 de marzo de 2019, por la que se modifica la Orden de 17 de abril de 2017&nbsp;<\/a><strong>por los que se regulan los servicios complementarios de aula matinal, comedor escolar y actividades extraescolares, as\u00ed como el uso de las instalaciones de los centros docentes p\u00fablicos de la Comunidad Aut\u00f3noma de Andaluc\u00eda fuera del horario escolar.<\/strong><\/h4>\n<p>&nbsp;<\/p>\n<p><strong><span style=\"color: #ff0000\">Para evitar cobros indebidos, aportar informaci\u00f3n sobre posibles intolerancias o alergias alimentarias de tu hijo\/a, as\u00ed como para las altas bajas, justificaci\u00f3n de ausencias, etc., es IMPORTANTE conocer la operativa de comedores escolares y contactos de la empresa<\/span>. <\/strong><\/p>\n<p>&nbsp;<\/p>\n<p>&nbsp;<\/p>\n","protected":false},"excerpt":{"rendered":"<p>El comedor escolar es&nbsp;un servicio complementario que resulta de gran utilidad a padres y madres para ayudarles a&nbsp;conciliar la vida laboral y familiar. Tienen una duraci\u00f3n de hasta dos horas desde que acaba la&#46;&#46;&#46;<\/p>\n","protected":false},"author":1,"featured_media":0,"parent":0,"menu_order":0,"comment_status":"open","ping_status":"open","template":"page-templates\/child-menu.php","meta":{"ngg_post_thumbnail":0,"footnotes":"","_mc_calendar":[]},"aioseo_notices":[],"_links":{"self":[{"href":"https:\/\/blogsaverroes.juntadeandalucia.es\/ceipjuancarrillo\/wp-json\/wp\/v2\/pages\/99"}],"collection":[{"href":"https:\/\/blogsaverroes.juntadeandalucia.es\/ceipjuancarrillo\/wp-json\/wp\/v2\/pages"}],"about":[{"href":"https:\/\/blogsaverroes.juntadeandalucia.es\/ceipjuancarrillo\/wp-json\/wp\/v2\/types\/page"}],"author":[{"embeddable":true,"href":"https:\/\/blogsaverroes.juntadeandalucia.es\/ceipjuancarrillo\/wp-json\/wp\/v2\/users\/1"}],"replies":[{"embeddable":true,"href":"https:\/\/blogsaverroes.juntadeandalucia.es\/ceipjuancarrillo\/wp-json\/wp\/v2\/comments?post=99"}],"version-history":[{"count":76,"href":"https:\/\/blogsaverroes.juntadeandalucia.es\/ceipjuancarrillo\/wp-json\/wp\/v2\/pages\/99\/revisions"}],"predecessor-version":[{"id":5429,"href":"https:\/\/blogsaverroes.juntadeandalucia.es\/ceipjuancarrillo\/wp-json\/wp\/v2\/pages\/99\/revisions\/5429"}],"wp:attachment":[{"href":"https:\/\/blogsaverroes.juntadeandalucia.es\/ceipjuancarrillo\/wp-json\/wp\/v2\/media?parent=99"}],"curies":[{"name":"wp","href":"https:\/\/api.w.org\/{rel}","templated":true}]}}