{"id":2302,"date":"2017-10-15T18:22:27","date_gmt":"2017-10-15T16:22:27","guid":{"rendered":"https:\/\/blogsaverroes.juntadeandalucia.es\/ceipjuandemena\/?page_id=2302"},"modified":"2020-01-21T14:06:56","modified_gmt":"2020-01-21T12:06:56","slug":"aula-de-pt","status":"publish","type":"page","link":"https:\/\/blogsaverroes.juntadeandalucia.es\/ceipjuandemena\/aula-de-pt\/","title":{"rendered":"Aula de PT"},"content":{"rendered":"<p style=\"text-align: justify\">Nuestra aula de Pedagog\u00eda Terap\u00e9utica (PT) se plantea como un recurso m\u00e1s para atender a la diversidad del alumnado en el centro educativo. A \u00e9sta acuden alumnos y alumnas con dificultades de aprendizaje o con necesidades educativas especiales de muy distinta \u00edndole. Por lo general, acuden un n\u00famero de sesiones determinado a lo largo de la semana para recibir la atenci\u00f3n especializada del maestro o maestra de PT en aquellas \u00e1reas o \u00e1mbitos que lo requieran. Sin embargo, se trabaja m\u00e1s de manera inclusiva, atendiendo al alumnado NEAE dentro del aula ordinaria.<\/p>\n<p><a href=\"https:\/\/blogsaverroes.juntadeandalucia.es\/ceipjuandemena\/files\/2020\/01\/IMG_20200121_125734.jpg\"><img loading=\"lazy\" decoding=\"async\" class=\"aligncenter size-medium wp-image-2725\" src=\"https:\/\/blogsaverroes.juntadeandalucia.es\/ceipjuandemena\/files\/2020\/01\/IMG_20200121_125734-300x261.jpg\" alt=\"\" width=\"300\" height=\"261\" srcset=\"https:\/\/blogsaverroes.juntadeandalucia.es\/ceipjuandemena\/files\/2020\/01\/IMG_20200121_125734-300x261.jpg 300w, https:\/\/blogsaverroes.juntadeandalucia.es\/ceipjuandemena\/files\/2020\/01\/IMG_20200121_125734-768x668.jpg 768w, https:\/\/blogsaverroes.juntadeandalucia.es\/ceipjuandemena\/files\/2020\/01\/IMG_20200121_125734-1024x890.jpg 1024w, https:\/\/blogsaverroes.juntadeandalucia.es\/ceipjuandemena\/files\/2020\/01\/IMG_20200121_125734-24x21.jpg 24w, https:\/\/blogsaverroes.juntadeandalucia.es\/ceipjuandemena\/files\/2020\/01\/IMG_20200121_125734-36x31.jpg 36w, https:\/\/blogsaverroes.juntadeandalucia.es\/ceipjuandemena\/files\/2020\/01\/IMG_20200121_125734-48x42.jpg 48w, https:\/\/blogsaverroes.juntadeandalucia.es\/ceipjuandemena\/files\/2020\/01\/IMG_20200121_125734.jpg 1134w\" sizes=\"(max-width: 300px) 100vw, 300px\" \/><\/a><\/p>\n<p style=\"text-align: justify\">De ninguna manera se ha de entender como un espacio aislado, sino como una herramienta m\u00e1s para proporcionar recursos , del tipo que sean. Los procesos educativos del alumnado que se atiende se encaminan hacia una visi\u00f3n normalizadora con el fin de potenciar al m\u00e1ximo:<\/p>\n<ul style=\"text-align: justify\">\n<li>El desarrollo global de los alumnos y alumnas con NEAE.<\/li>\n<li>La participaci\u00f3n en su grupo de referencia.<\/li>\n<li>La participaci\u00f3n en la din\u00e1mica general del centro.<\/li>\n<\/ul>\n<p><a href=\"https:\/\/blogsaverroes.juntadeandalucia.es\/ceipjuandemena\/files\/2020\/01\/IMG-20200121-WA0006.jpg\"><img loading=\"lazy\" decoding=\"async\" class=\"aligncenter size-medium wp-image-2730\" src=\"https:\/\/blogsaverroes.juntadeandalucia.es\/ceipjuandemena\/files\/2020\/01\/IMG-20200121-WA0006-225x300.jpg\" alt=\"\" width=\"225\" height=\"300\" srcset=\"https:\/\/blogsaverroes.juntadeandalucia.es\/ceipjuandemena\/files\/2020\/01\/IMG-20200121-WA0006-225x300.jpg 225w, https:\/\/blogsaverroes.juntadeandalucia.es\/ceipjuandemena\/files\/2020\/01\/IMG-20200121-WA0006-768x1024.jpg 768w, https:\/\/blogsaverroes.juntadeandalucia.es\/ceipjuandemena\/files\/2020\/01\/IMG-20200121-WA0006-18x24.jpg 18w, https:\/\/blogsaverroes.juntadeandalucia.es\/ceipjuandemena\/files\/2020\/01\/IMG-20200121-WA0006-27x36.jpg 27w, https:\/\/blogsaverroes.juntadeandalucia.es\/ceipjuandemena\/files\/2020\/01\/IMG-20200121-WA0006-36x48.jpg 36w, https:\/\/blogsaverroes.juntadeandalucia.es\/ceipjuandemena\/files\/2020\/01\/IMG-20200121-WA0006.jpg 1200w\" sizes=\"(max-width: 225px) 100vw, 225px\" \/><\/a> <a href=\"https:\/\/blogsaverroes.juntadeandalucia.es\/ceipjuandemena\/files\/2020\/01\/IMG-20200121-WA0005.jpg\"><img loading=\"lazy\" decoding=\"async\" class=\"aligncenter size-medium wp-image-2729\" src=\"https:\/\/blogsaverroes.juntadeandalucia.es\/ceipjuandemena\/files\/2020\/01\/IMG-20200121-WA0005-225x300.jpg\" alt=\"\" width=\"225\" height=\"300\" srcset=\"https:\/\/blogsaverroes.juntadeandalucia.es\/ceipjuandemena\/files\/2020\/01\/IMG-20200121-WA0005-225x300.jpg 225w, https:\/\/blogsaverroes.juntadeandalucia.es\/ceipjuandemena\/files\/2020\/01\/IMG-20200121-WA0005-768x1024.jpg 768w, https:\/\/blogsaverroes.juntadeandalucia.es\/ceipjuandemena\/files\/2020\/01\/IMG-20200121-WA0005-18x24.jpg 18w, https:\/\/blogsaverroes.juntadeandalucia.es\/ceipjuandemena\/files\/2020\/01\/IMG-20200121-WA0005-27x36.jpg 27w, https:\/\/blogsaverroes.juntadeandalucia.es\/ceipjuandemena\/files\/2020\/01\/IMG-20200121-WA0005-36x48.jpg 36w, https:\/\/blogsaverroes.juntadeandalucia.es\/ceipjuandemena\/files\/2020\/01\/IMG-20200121-WA0005.jpg 1200w\" sizes=\"(max-width: 225px) 100vw, 225px\" \/><\/a><\/p>\n<p style=\"text-align: justify\">Las actividades que se realizan en el aula de Pedagog\u00eda Terap\u00e9utica (ya sea dentro de la misma o de forma inclusiva en el aula ordinaria) son muy diversas, dependiendo siempre de las caracter\u00edsticas, la necesidades y el nivel de competencia curricular que posea el alumno o la alumna.<\/p>\n<p style=\"text-align: justify\">As\u00ed, para unos ser\u00e1 una labor de refuerzo y afianzamiento continuado de los contenidos que integran las adaptaciones curriculares&nbsp; (detectando dificultades, cubriendo lagunas, practicando actividades de manera reiterativa, usando recursos manipulativos, utilizando diferentes t\u00e9cnicas metodol\u00f3gicas,\u2026), aproxim\u00e1ndolos lo m\u00e1s posible a los niveles de exigencia escolar propios de su grupo, ciclo y etapa.<\/p>\n<p style=\"text-align: justify\">Para otros, se tratar\u00e1 de extraer el m\u00e1ximo potencial de aprendizaje, persiguiendo la aplicaci\u00f3n funcional de los contenidos escolares en el desenvolvimiento de su vida diaria. En este caso ser\u00e1 necesario un ajuste curricular y did\u00e1ctico a las necesidades educativas del alumno o alumna.<\/p>\n<p style=\"text-align: justify\">Por lo general y tal y como marca la ley, las actividades se centran en las \u00e1reas instrumentales (si se trabaja en base a adaptaciones curriculares)&nbsp; o en \u00e1reas del desarrollo (a trav\u00e9s de los programas espec\u00edficos).<\/p>\n<p><a href=\"https:\/\/blogsaverroes.juntadeandalucia.es\/ceipjuandemena\/files\/2020\/01\/IMG-20200121-WA0002.jpg\"><img loading=\"lazy\" decoding=\"async\" class=\"aligncenter size-medium wp-image-2727\" src=\"https:\/\/blogsaverroes.juntadeandalucia.es\/ceipjuandemena\/files\/2020\/01\/IMG-20200121-WA0002-225x300.jpg\" alt=\"\" width=\"225\" height=\"300\" srcset=\"https:\/\/blogsaverroes.juntadeandalucia.es\/ceipjuandemena\/files\/2020\/01\/IMG-20200121-WA0002-225x300.jpg 225w, https:\/\/blogsaverroes.juntadeandalucia.es\/ceipjuandemena\/files\/2020\/01\/IMG-20200121-WA0002-768x1024.jpg 768w, https:\/\/blogsaverroes.juntadeandalucia.es\/ceipjuandemena\/files\/2020\/01\/IMG-20200121-WA0002-18x24.jpg 18w, https:\/\/blogsaverroes.juntadeandalucia.es\/ceipjuandemena\/files\/2020\/01\/IMG-20200121-WA0002-27x36.jpg 27w, https:\/\/blogsaverroes.juntadeandalucia.es\/ceipjuandemena\/files\/2020\/01\/IMG-20200121-WA0002-36x48.jpg 36w, https:\/\/blogsaverroes.juntadeandalucia.es\/ceipjuandemena\/files\/2020\/01\/IMG-20200121-WA0002.jpg 1200w\" sizes=\"(max-width: 225px) 100vw, 225px\" \/><\/a> <a href=\"https:\/\/blogsaverroes.juntadeandalucia.es\/ceipjuandemena\/files\/2020\/01\/IMG-20200121-WA0003.jpg\"><img loading=\"lazy\" decoding=\"async\" class=\"aligncenter size-medium wp-image-2728\" src=\"https:\/\/blogsaverroes.juntadeandalucia.es\/ceipjuandemena\/files\/2020\/01\/IMG-20200121-WA0003-225x300.jpg\" alt=\"\" width=\"225\" height=\"300\" srcset=\"https:\/\/blogsaverroes.juntadeandalucia.es\/ceipjuandemena\/files\/2020\/01\/IMG-20200121-WA0003-225x300.jpg 225w, https:\/\/blogsaverroes.juntadeandalucia.es\/ceipjuandemena\/files\/2020\/01\/IMG-20200121-WA0003-768x1024.jpg 768w, https:\/\/blogsaverroes.juntadeandalucia.es\/ceipjuandemena\/files\/2020\/01\/IMG-20200121-WA0003-18x24.jpg 18w, https:\/\/blogsaverroes.juntadeandalucia.es\/ceipjuandemena\/files\/2020\/01\/IMG-20200121-WA0003-27x36.jpg 27w, https:\/\/blogsaverroes.juntadeandalucia.es\/ceipjuandemena\/files\/2020\/01\/IMG-20200121-WA0003-36x48.jpg 36w, https:\/\/blogsaverroes.juntadeandalucia.es\/ceipjuandemena\/files\/2020\/01\/IMG-20200121-WA0003.jpg 1200w\" sizes=\"(max-width: 225px) 100vw, 225px\" \/><\/a><\/p>\n","protected":false},"excerpt":{"rendered":"<p>Nuestra aula de Pedagog\u00eda Terap\u00e9utica (PT) se plantea como un recurso m\u00e1s para atender a la diversidad del alumnado en el centro educativo. A \u00e9sta acuden alumnos y alumnas con dificultades de aprendizaje o&#46;&#46;&#46;<\/p>\n","protected":false},"author":2167,"featured_media":0,"parent":0,"menu_order":0,"comment_status":"closed","ping_status":"closed","template":"","meta":{"ngg_post_thumbnail":0,"footnotes":"","_mc_calendar":[]},"aioseo_notices":[],"_links":{"self":[{"href":"https:\/\/blogsaverroes.juntadeandalucia.es\/ceipjuandemena\/wp-json\/wp\/v2\/pages\/2302"}],"collection":[{"href":"https:\/\/blogsaverroes.juntadeandalucia.es\/ceipjuandemena\/wp-json\/wp\/v2\/pages"}],"about":[{"href":"https:\/\/blogsaverroes.juntadeandalucia.es\/ceipjuandemena\/wp-json\/wp\/v2\/types\/page"}],"author":[{"embeddable":true,"href":"https:\/\/blogsaverroes.juntadeandalucia.es\/ceipjuandemena\/wp-json\/wp\/v2\/users\/2167"}],"replies":[{"embeddable":true,"href":"https:\/\/blogsaverroes.juntadeandalucia.es\/ceipjuandemena\/wp-json\/wp\/v2\/comments?post=2302"}],"version-history":[{"count":4,"href":"https:\/\/blogsaverroes.juntadeandalucia.es\/ceipjuandemena\/wp-json\/wp\/v2\/pages\/2302\/revisions"}],"predecessor-version":[{"id":2731,"href":"https:\/\/blogsaverroes.juntadeandalucia.es\/ceipjuandemena\/wp-json\/wp\/v2\/pages\/2302\/revisions\/2731"}],"wp:attachment":[{"href":"https:\/\/blogsaverroes.juntadeandalucia.es\/ceipjuandemena\/wp-json\/wp\/v2\/media?parent=2302"}],"curies":[{"name":"wp","href":"https:\/\/api.w.org\/{rel}","templated":true}]}}