{"id":2303,"date":"2017-10-15T18:22:27","date_gmt":"2017-10-15T16:22:27","guid":{"rendered":"https:\/\/blogsaverroes.juntadeandalucia.es\/ceipjuandemena\/?page_id=2303"},"modified":"2020-01-21T13:53:10","modified_gmt":"2020-01-21T11:53:10","slug":"aula-de-al","status":"publish","type":"page","link":"https:\/\/blogsaverroes.juntadeandalucia.es\/ceipjuandemena\/aula-de-al\/","title":{"rendered":"Aula de AL"},"content":{"rendered":"<p style=\"text-align: justify\">En nuestra aula se realiza una <em>intervenci\u00f3n directa c<\/em>on el alumnados NEAE, previo informe del Orientador y la maestra\/o de Audici\u00f3n y Lenguaje del Equipo de Orientaci\u00f3n, que se encargan de la evaluaci\u00f3n. En esta intervenci\u00f3n directa se trabajan, dependiendo del informe de Evaluaci\u00f3n Psicopedag\u00f3gica, los siguientes aspectos en los que el alumnado puede presentar dificultades:<\/p>\n<ul style=\"text-align: justify\">\n<li>Prerrequisitos del lenguaje ( memoria, discriminaci\u00f3n visual, atenci\u00f3n\u2026).<\/li>\n<li>Bases anat\u00f3micas funcionales ( respiraci\u00f3n, ritmo, discriminaci\u00f3n auditiva\u2026)<\/li>\n<li>\u00c1reas del Lenguaje:<\/li>\n<\/ul>\n<p style=\"text-align: justify\">&nbsp;&nbsp;&nbsp;&nbsp;&nbsp;&nbsp;&nbsp;&nbsp;&nbsp;&nbsp;&nbsp;&nbsp;&nbsp; &#8211; Forma: articulaci\u00f3n, morfolog\u00eda y sintaxis.<\/p>\n<p style=\"text-align: justify\">&nbsp;&nbsp;&nbsp;&nbsp;&nbsp;&nbsp;&nbsp;&nbsp;&nbsp;&nbsp;&nbsp;&nbsp;&nbsp; &#8211; Contenido: l\u00e9xico y sem\u00e1ntica.<\/p>\n<p style=\"text-align: justify\">&nbsp;&nbsp;&nbsp;&nbsp;&nbsp;&nbsp;&nbsp;&nbsp;&nbsp;&nbsp;&nbsp;&nbsp;&nbsp; &#8211; Uso: pragm\u00e1tica del lenguaje.<\/p>\n<p style=\"text-align: justify\">Independientemente de la intervenci\u00f3n directa, tambi\u00e9n se llevan a cabo <em>intervenciones indirectas <\/em>de asesoramiento y facilitaci\u00f3n de materiales tanto a tutores\/as como a las familias.<\/p>\n<p style=\"text-align: justify\">Por \u00faltimo, tambi\u00e9n se realizan los<em> Programas de Prevenci\u00f3n y Estimulaci\u00f3n del Lenguaje en Infantil<\/em>. Estos programas se facilitan a los\/as tutores\/as, que son los encargados de implementarlos&nbsp; con el asesoramiento de los maestros\/as de A.L.<\/p>\n","protected":false},"excerpt":{"rendered":"<p>En nuestra aula se realiza una intervenci\u00f3n directa con el alumnados NEAE, previo informe del Orientador y la maestra\/o de Audici\u00f3n y Lenguaje del Equipo de Orientaci\u00f3n, que se encargan de la evaluaci\u00f3n. En&#46;&#46;&#46;<\/p>\n","protected":false},"author":2167,"featured_media":0,"parent":0,"menu_order":0,"comment_status":"closed","ping_status":"closed","template":"","meta":{"ngg_post_thumbnail":0,"footnotes":"","_mc_calendar":[]},"aioseo_notices":[],"_links":{"self":[{"href":"https:\/\/blogsaverroes.juntadeandalucia.es\/ceipjuandemena\/wp-json\/wp\/v2\/pages\/2303"}],"collection":[{"href":"https:\/\/blogsaverroes.juntadeandalucia.es\/ceipjuandemena\/wp-json\/wp\/v2\/pages"}],"about":[{"href":"https:\/\/blogsaverroes.juntadeandalucia.es\/ceipjuandemena\/wp-json\/wp\/v2\/types\/page"}],"author":[{"embeddable":true,"href":"https:\/\/blogsaverroes.juntadeandalucia.es\/ceipjuandemena\/wp-json\/wp\/v2\/users\/2167"}],"replies":[{"embeddable":true,"href":"https:\/\/blogsaverroes.juntadeandalucia.es\/ceipjuandemena\/wp-json\/wp\/v2\/comments?post=2303"}],"version-history":[{"count":3,"href":"https:\/\/blogsaverroes.juntadeandalucia.es\/ceipjuandemena\/wp-json\/wp\/v2\/pages\/2303\/revisions"}],"predecessor-version":[{"id":2722,"href":"https:\/\/blogsaverroes.juntadeandalucia.es\/ceipjuandemena\/wp-json\/wp\/v2\/pages\/2303\/revisions\/2722"}],"wp:attachment":[{"href":"https:\/\/blogsaverroes.juntadeandalucia.es\/ceipjuandemena\/wp-json\/wp\/v2\/media?parent=2303"}],"curies":[{"name":"wp","href":"https:\/\/api.w.org\/{rel}","templated":true}]}}