{"id":2306,"date":"2017-10-15T18:22:27","date_gmt":"2017-10-15T16:22:27","guid":{"rendered":"https:\/\/blogsaverroes.juntadeandalucia.es\/ceipjuandemena\/?page_id=2306"},"modified":"2022-08-30T15:48:35","modified_gmt":"2022-08-30T13:48:35","slug":"consejo-escolar","status":"publish","type":"page","link":"https:\/\/blogsaverroes.juntadeandalucia.es\/ceipjuandemena\/consejo-escolar\/","title":{"rendered":"Consejo Escolar"},"content":{"rendered":"<p style=\"text-align: justify\">Nuestro Consejo Escolar fue renovado en el curso 2021\/22; est\u00e1 compuesto por veintid\u00f3s miembros, de los cuales, tres pertenecen al sector de equipo directivo; ocho son del sector del profesorado, siendo una de ellas la persona impulsora de medidas de Igualdad; nueve son representantes del sector de madres\/padres\/tutores legales; una persona representa al personal de administraci\u00f3n y servicios; por \u00faltimo, otra persona pertenece al sector del Ayuntamiento.<\/p>\n<p style=\"text-align: justify\">Dentro de nuestro Consejo Escolar quedan establecidas cuatro comisiones con competencias muy importantes, como son:<\/p>\n<ul>\n<li style=\"text-align: justify\">Comisi\u00f3n permanente.<\/li>\n<li style=\"text-align: justify\">Comisi\u00f3n de convivencia.<\/li>\n<li style=\"text-align: justify\">Comisi\u00f3n de Programa de Gratuidad de Libros de Texto.<\/li>\n<li style=\"text-align: justify\">Equipo de evaluaci\u00f3n.<\/li>\n<li>Comisi\u00f3n del Plan de Autoprotecci\u00f3n Escolar, Salud y Prevenci\u00f3n de Riesgos Laborales.<\/li>\n<\/ul>\n","protected":false},"excerpt":{"rendered":"<p>Nuestro Consejo Escolar fue renovado en el curso 2021\/22; est\u00e1 compuesto por veintid\u00f3s miembros, de los cuales, tres pertenecen al sector de equipo directivo; ocho son del sector del profesorado, siendo una de ellas&#46;&#46;&#46;<\/p>\n","protected":false},"author":2167,"featured_media":0,"parent":0,"menu_order":0,"comment_status":"closed","ping_status":"closed","template":"","meta":{"ngg_post_thumbnail":0,"footnotes":"","_mc_calendar":[]},"aioseo_notices":[],"_links":{"self":[{"href":"https:\/\/blogsaverroes.juntadeandalucia.es\/ceipjuandemena\/wp-json\/wp\/v2\/pages\/2306"}],"collection":[{"href":"https:\/\/blogsaverroes.juntadeandalucia.es\/ceipjuandemena\/wp-json\/wp\/v2\/pages"}],"about":[{"href":"https:\/\/blogsaverroes.juntadeandalucia.es\/ceipjuandemena\/wp-json\/wp\/v2\/types\/page"}],"author":[{"embeddable":true,"href":"https:\/\/blogsaverroes.juntadeandalucia.es\/ceipjuandemena\/wp-json\/wp\/v2\/users\/2167"}],"replies":[{"embeddable":true,"href":"https:\/\/blogsaverroes.juntadeandalucia.es\/ceipjuandemena\/wp-json\/wp\/v2\/comments?post=2306"}],"version-history":[{"count":7,"href":"https:\/\/blogsaverroes.juntadeandalucia.es\/ceipjuandemena\/wp-json\/wp\/v2\/pages\/2306\/revisions"}],"predecessor-version":[{"id":3730,"href":"https:\/\/blogsaverroes.juntadeandalucia.es\/ceipjuandemena\/wp-json\/wp\/v2\/pages\/2306\/revisions\/3730"}],"wp:attachment":[{"href":"https:\/\/blogsaverroes.juntadeandalucia.es\/ceipjuandemena\/wp-json\/wp\/v2\/media?parent=2306"}],"curies":[{"name":"wp","href":"https:\/\/api.w.org\/{rel}","templated":true}]}}