{"id":2319,"date":"2017-10-15T18:34:18","date_gmt":"2017-10-15T16:34:18","guid":{"rendered":"https:\/\/blogsaverroes.juntadeandalucia.es\/ceipjuandemena\/?page_id=2319"},"modified":"2022-04-05T11:35:20","modified_gmt":"2022-04-05T09:35:20","slug":"bilinguismo","status":"publish","type":"page","link":"https:\/\/blogsaverroes.juntadeandalucia.es\/ceipjuandemena\/bilinguismo\/","title":{"rendered":"Centro biling\u00fce\/Auxiliares de conversaci\u00f3n"},"content":{"rendered":"<p style=\"text-align: justify\">En nuestro centro se imparte la ense\u00f1anza biling\u00fce en Ingl\u00e9s como segundo idioma en toda la Ed. Primaria en las siguientes asignaturas: Ciencias Naturales, Ciencias Sociales, M\u00fasica y Educaci\u00f3n F\u00edsica. As\u00ed mismo, ofertamos la anticipaci\u00f3n del Ingl\u00e9s en los tres cursos de Ed. Infantil.<\/p>\n<p style=\"text-align: justify\">Por otro lado, disponemos de dos auxiliares de conversaci\u00f3n desde octubre a mayo cuyo objetivo prioritario es potenciar las destrezas orales de nuestro alumnado.<\/p>\n<p><em><strong>Informaci\u00f3n de nuestro centro para los auxiliares de conversaci\u00f3n:<\/strong><\/em><\/p>\n<p><a href=\"https:\/\/blogsaverroes.juntadeandalucia.es\/ceipjuandemena\/files\/2022\/04\/Ficha-de-Informaci\u00f3n-para-Auxiliares-de-Conversaci\u00f3n-Isaiah.pdf\">Ficha de Informaci\u00f3n para Auxiliares de Conversaci\u00f3n 1<\/a><\/p>\n<p><a href=\"https:\/\/blogsaverroes.juntadeandalucia.es\/ceipjuandemena\/files\/2022\/04\/Information-Sheet-for-LANGUAGE-Assistants-Beatrice.pdf\">Information Sheet for LANGUAGE Assistants 2<\/a><\/p>\n<p style=\"text-align: justify\">&nbsp;<\/p>\n","protected":false},"excerpt":{"rendered":"<p>En nuestro centro se imparte la ense\u00f1anza biling\u00fce en Ingl\u00e9s como segundo idioma en toda la Ed. Primaria en las siguientes asignaturas: Ciencias Naturales, Ciencias Sociales, M\u00fasica y Educaci\u00f3n F\u00edsica. As\u00ed mismo, ofertamos la&#46;&#46;&#46;<\/p>\n","protected":false},"author":2167,"featured_media":0,"parent":0,"menu_order":0,"comment_status":"closed","ping_status":"closed","template":"","meta":{"ngg_post_thumbnail":0,"footnotes":"","_mc_calendar":[]},"aioseo_notices":[],"_links":{"self":[{"href":"https:\/\/blogsaverroes.juntadeandalucia.es\/ceipjuandemena\/wp-json\/wp\/v2\/pages\/2319"}],"collection":[{"href":"https:\/\/blogsaverroes.juntadeandalucia.es\/ceipjuandemena\/wp-json\/wp\/v2\/pages"}],"about":[{"href":"https:\/\/blogsaverroes.juntadeandalucia.es\/ceipjuandemena\/wp-json\/wp\/v2\/types\/page"}],"author":[{"embeddable":true,"href":"https:\/\/blogsaverroes.juntadeandalucia.es\/ceipjuandemena\/wp-json\/wp\/v2\/users\/2167"}],"replies":[{"embeddable":true,"href":"https:\/\/blogsaverroes.juntadeandalucia.es\/ceipjuandemena\/wp-json\/wp\/v2\/comments?post=2319"}],"version-history":[{"count":9,"href":"https:\/\/blogsaverroes.juntadeandalucia.es\/ceipjuandemena\/wp-json\/wp\/v2\/pages\/2319\/revisions"}],"predecessor-version":[{"id":3646,"href":"https:\/\/blogsaverroes.juntadeandalucia.es\/ceipjuandemena\/wp-json\/wp\/v2\/pages\/2319\/revisions\/3646"}],"wp:attachment":[{"href":"https:\/\/blogsaverroes.juntadeandalucia.es\/ceipjuandemena\/wp-json\/wp\/v2\/media?parent=2319"}],"curies":[{"name":"wp","href":"https:\/\/api.w.org\/{rel}","templated":true}]}}