{"id":2396,"date":"2018-07-10T23:55:28","date_gmt":"2018-07-10T21:55:28","guid":{"rendered":"https:\/\/blogsaverroes.juntadeandalucia.es\/ceipjuandemena\/?page_id=2396"},"modified":"2026-04-15T11:07:49","modified_gmt":"2026-04-15T09:07:49","slug":"proyecto-bilingue","status":"publish","type":"page","link":"https:\/\/blogsaverroes.juntadeandalucia.es\/ceipjuandemena\/proyecto-bilingue\/","title":{"rendered":"Proyecto ense\u00f1anza biling\u00fce"},"content":{"rendered":"<p>En nuestro centro se imparte la ense\u00f1anza biling\u00fce en Ingl\u00e9s como segundo idioma en toda la Ed. Primaria en las siguientes asignaturas: Ciencias Naturales, Ciencias Sociales, M\u00fasica y Educaci\u00f3n F\u00edsica. As\u00ed mismo, ofertamos la anticipaci\u00f3n del Ingl\u00e9s en los tres cursos de Ed. Infantil.<\/p>\n<p>Se adjunta ficha RICE:<\/p>\n<p><a href=\"https:\/\/blogsaverroes.juntadeandalucia.es\/ceipjuandemena\/files\/2026\/04\/RICE_2.pdf\">RICE_2<\/a><\/p>\n<p>Por otro lado, disponemos de dos auxiliares de conversaci\u00f3n desde octubre a mayo cuyo objetivo prioritario es potenciar las destrezas orales de nuestro alumnado.<\/p>\n<p><em><strong>Informaci\u00f3n de nuestro centro para los auxiliares de conversaci\u00f3n:<\/strong><\/em><\/p>\n<p><a href=\"https:\/\/blogsaverroes.juntadeandalucia.es\/ceipjuandemena\/files\/2022\/04\/Ficha-de-Informaci%C3%B3n-para-Auxiliares-de-Conversaci%C3%B3n-Isaiah.pdf\">Ficha de Informaci\u00f3n para Auxiliares de Conversaci\u00f3n 1<\/a><\/p>\n<p><a href=\"https:\/\/blogsaverroes.juntadeandalucia.es\/ceipjuandemena\/files\/2022\/04\/Information-Sheet-for-LANGUAGE-Assistants-Beatrice.pdf\">Information Sheet for LANGUAGE Assistants 2<\/a><\/p>\n<p>CURSO 24-25<\/p>\n<p>V\u00eddeo del trabajo realizado con motivo del D\u00eda de Europa<\/p>\n<div style=\"width: 848px;\" class=\"wp-video\"><!--[if lt IE 9]><script>document.createElement('video');<\/script><![endif]-->\n<video class=\"wp-video-shortcode\" id=\"video-2396-1\" width=\"848\" height=\"478\" preload=\"metadata\" controls=\"controls\"><source type=\"video\/mp4\" src=\"https:\/\/blogsaverroes.juntadeandalucia.es\/ceipjuandemena\/files\/2025\/05\/Video-Europa.mp4?_=1\" \/><a href=\"https:\/\/blogsaverroes.juntadeandalucia.es\/ceipjuandemena\/files\/2025\/05\/Video-Europa.mp4\">https:\/\/blogsaverroes.juntadeandalucia.es\/ceipjuandemena\/files\/2025\/05\/Video-Europa.mp4<\/a><\/video><\/div>\n<p>MATERIAL AUXILIAR DE CONVERSACI\u00d3N<\/p>\n<p><a href=\"https:\/\/blogsaverroes.juntadeandalucia.es\/ceipjuandemena\/files\/2025\/05\/Warming-up-presentation.pptx\">Warming up presentation<\/a><\/p>\n<p><a href=\"https:\/\/blogsaverroes.juntadeandalucia.es\/ceipjuandemena\/files\/2025\/05\/To-be-presentation.pptx\">To be presentation<\/a><\/p>\n<p><a href=\"https:\/\/blogsaverroes.juntadeandalucia.es\/ceipjuandemena\/files\/2025\/05\/Introduction-presentation.pptx\">Introduction presentation<\/a><\/p>\n<p><a href=\"https:\/\/blogsaverroes.juntadeandalucia.es\/ceipjuandemena\/files\/2025\/05\/Halloween-presentation-seniors.pptx\">Halloween presentation (seniors)<\/a><\/p>\n<p><a href=\"https:\/\/blogsaverroes.juntadeandalucia.es\/ceipjuandemena\/files\/2025\/05\/Halloween-presentation-juniors.pptx\">Halloween presentation (juniors)<\/a><\/p>\n<p><a href=\"https:\/\/blogsaverroes.juntadeandalucia.es\/ceipjuandemena\/files\/2025\/05\/Guess-the-form-of-energy.pptx\">Guess the form of energy<\/a><\/p>\n<p><a href=\"https:\/\/blogsaverroes.juntadeandalucia.es\/ceipjuandemena\/files\/2025\/05\/Easter-Presentation-3-6th-grade.pptx\">Easter Presentation (3-6th grade)<\/a><\/p>\n<p><a href=\"https:\/\/blogsaverroes.juntadeandalucia.es\/ceipjuandemena\/files\/2025\/05\/Easter-in-England-1-2.pptx\">Easter in England 1-2<\/a><\/p>\n<p><a href=\"https:\/\/blogsaverroes.juntadeandalucia.es\/ceipjuandemena\/files\/2025\/05\/Christmas-Presentation.pptx\">Christmas Presentation<\/a><\/p>\n<p>&nbsp;<\/p>\n<p>CURSO 23-24<\/p>\n<p>Materiales de auxiliares de conversaci\u00f3n:<\/p>\n<p>Natalie:<\/p>\n<p><a href=\"https:\/\/blogsaverroes.juntadeandalucia.es\/ceipjuandemena\/files\/2024\/06\/Amelia-Earhart.pptx\">Amelia Earhart<\/a><\/p>\n<p><a href=\"https:\/\/blogsaverroes.juntadeandalucia.es\/ceipjuandemena\/files\/2024\/06\/Animals.pdf\">Animals<\/a><\/p>\n<p><a href=\"https:\/\/blogsaverroes.juntadeandalucia.es\/ceipjuandemena\/files\/2024\/06\/Christmas-Traditions-in-the-US-1.pptx\">Christmas Traditions in the US (1)<\/a><\/p>\n<p><a href=\"https:\/\/blogsaverroes.juntadeandalucia.es\/ceipjuandemena\/files\/2024\/06\/COOKING-VOCABULARY-Aux-alo.pptx\">COOKING VOCABULARY Aux alo<\/a><\/p>\n<p><a href=\"https:\/\/blogsaverroes.juntadeandalucia.es\/ceipjuandemena\/files\/2024\/06\/Day-of-the-Dead-vocabulary.pdf\">Day of the Dead vocabulary<\/a><\/p>\n<p><a href=\"https:\/\/blogsaverroes.juntadeandalucia.es\/ceipjuandemena\/files\/2024\/06\/Food-from-the-United-States.pdf\">Food from the United States<\/a><\/p>\n<p><a href=\"https:\/\/blogsaverroes.juntadeandalucia.es\/ceipjuandemena\/files\/2024\/06\/prepositions-1st-grade.pptx\">prepositions 1st grade<\/a><\/p>\n<p><a href=\"https:\/\/blogsaverroes.juntadeandalucia.es\/ceipjuandemena\/files\/2024\/06\/The-5-senses.pdf\">The 5 senses<\/a><\/p>\n<p>&nbsp;<\/p>\n<p>Alondra:<\/p>\n<p><a href=\"https:\/\/blogsaverroes.juntadeandalucia.es\/ceipjuandemena\/files\/2024\/06\/Healthy-Mexican-Recipes-Aux-Alondra.pptx\">Healthy Mexican Recipes Aux Alondra<\/a><\/p>\n<p><a href=\"https:\/\/blogsaverroes.juntadeandalucia.es\/ceipjuandemena\/files\/2024\/06\/vegetables-vocabulary-AUX-Alondra.pptx\">vegetables vocabulary AUX Alondra<\/a><\/p>\n<p>&nbsp;<\/p>\n<p>&nbsp;<\/p>\n<p>&nbsp;<\/p>\n<p>CUROS 20-21<\/p>\n<p><a href=\"https:\/\/drive.google.com\/drive\/u\/0\/folders\/1caLm-ZXvE4qV1KRjjSvRIIBsftbjPzqS\">Materiales auxiliar de conversaci\u00f3n Lorenzo curso 2020\/21<\/a><\/p>\n<p><a href=\"https:\/\/drive.google.com\/drive\/folders\/1Pk2PqrsWX_M731eFJGB-ozHb6jhptLcG?usp=sharing\">Materiales auxiliar de conversaci\u00f3n Beatrice curso 2020\/21<\/a><\/p>\n<p>V\u00eddeo mujeres cient\u00edficas a lo largo de la historia:&nbsp;<\/p>\n<p><a href=\"https:\/\/drive.google.com\/file\/d\/1DtgctQC_zJaPnLHCrT7oaADzj5_yVY0p\/view?usp=drivesdk\">https:\/\/drive.google.com\/file\/d\/1DtgctQC_zJaPnLHCrT7oaADzj5_yVY0p\/view?usp=drivesdk<\/a><\/p>\n<p>&nbsp;<\/p>\n<p>CURSO 22-23<\/p>\n<p>Cartel \u00abUgly Sweater Day 2022\u00bb.<\/p>\n<p><a href=\"https:\/\/blogsaverroes.juntadeandalucia.es\/ceipjuandemena\/files\/2022\/12\/ugly-sweater-day-2022.jpg\"><img loading=\"lazy\" decoding=\"async\" class=\"alignnone size-medium wp-image-3872\" src=\"https:\/\/blogsaverroes.juntadeandalucia.es\/ceipjuandemena\/files\/2022\/12\/ugly-sweater-day-2022-213x300.jpg\" alt=\"\" width=\"213\" height=\"300\" srcset=\"https:\/\/blogsaverroes.juntadeandalucia.es\/ceipjuandemena\/files\/2022\/12\/ugly-sweater-day-2022-213x300.jpg 213w, https:\/\/blogsaverroes.juntadeandalucia.es\/ceipjuandemena\/files\/2022\/12\/ugly-sweater-day-2022-726x1024.jpg 726w, https:\/\/blogsaverroes.juntadeandalucia.es\/ceipjuandemena\/files\/2022\/12\/ugly-sweater-day-2022-768x1083.jpg 768w, https:\/\/blogsaverroes.juntadeandalucia.es\/ceipjuandemena\/files\/2022\/12\/ugly-sweater-day-2022-1090x1536.jpg 1090w, https:\/\/blogsaverroes.juntadeandalucia.es\/ceipjuandemena\/files\/2022\/12\/ugly-sweater-day-2022.jpg 1135w\" sizes=\"(max-width: 213px) 100vw, 213px\" \/><\/a><\/p>\n<p><a href=\"https:\/\/blogsaverroes.juntadeandalucia.es\/ceipjuandemena\/files\/2023\/03\/Information-Sheet-for-LANGUAGE-Assistants.pdf\">Information Sheet for LANGUAGE Assistants<\/a><\/p>\n<p>PROYECTS<\/p>\n<p><a href=\"https:\/\/blogsaverroes.juntadeandalucia.es\/ceipjuandemena\/files\/2023\/03\/IMG_20221110_103454-scaled.jpg\"><img loading=\"lazy\" decoding=\"async\" class=\"alignnone size-medium wp-image-3936\" src=\"https:\/\/blogsaverroes.juntadeandalucia.es\/ceipjuandemena\/files\/2023\/03\/IMG_20221110_103454-300x225.jpg\" alt=\"\" width=\"300\" height=\"225\" srcset=\"https:\/\/blogsaverroes.juntadeandalucia.es\/ceipjuandemena\/files\/2023\/03\/IMG_20221110_103454-300x225.jpg 300w, https:\/\/blogsaverroes.juntadeandalucia.es\/ceipjuandemena\/files\/2023\/03\/IMG_20221110_103454-1024x768.jpg 1024w, https:\/\/blogsaverroes.juntadeandalucia.es\/ceipjuandemena\/files\/2023\/03\/IMG_20221110_103454-768x576.jpg 768w, https:\/\/blogsaverroes.juntadeandalucia.es\/ceipjuandemena\/files\/2023\/03\/IMG_20221110_103454-1536x1152.jpg 1536w, https:\/\/blogsaverroes.juntadeandalucia.es\/ceipjuandemena\/files\/2023\/03\/IMG_20221110_103454-2048x1536.jpg 2048w, https:\/\/blogsaverroes.juntadeandalucia.es\/ceipjuandemena\/files\/2023\/03\/IMG_20221110_103454-scaled.jpg 1600w\" sizes=\"(max-width: 300px) 100vw, 300px\" \/><\/a><a href=\"https:\/\/blogsaverroes.juntadeandalucia.es\/ceipjuandemena\/files\/2023\/03\/IMG_20221110_103501-scaled.jpg\"><img loading=\"lazy\" decoding=\"async\" class=\"alignnone size-medium wp-image-3937\" src=\"https:\/\/blogsaverroes.juntadeandalucia.es\/ceipjuandemena\/files\/2023\/03\/IMG_20221110_103501-225x300.jpg\" alt=\"\" width=\"225\" height=\"300\" srcset=\"https:\/\/blogsaverroes.juntadeandalucia.es\/ceipjuandemena\/files\/2023\/03\/IMG_20221110_103501-225x300.jpg 225w, https:\/\/blogsaverroes.juntadeandalucia.es\/ceipjuandemena\/files\/2023\/03\/IMG_20221110_103501-768x1024.jpg 768w, https:\/\/blogsaverroes.juntadeandalucia.es\/ceipjuandemena\/files\/2023\/03\/IMG_20221110_103501-1152x1536.jpg 1152w, https:\/\/blogsaverroes.juntadeandalucia.es\/ceipjuandemena\/files\/2023\/03\/IMG_20221110_103501-1536x2048.jpg 1536w, https:\/\/blogsaverroes.juntadeandalucia.es\/ceipjuandemena\/files\/2023\/03\/IMG_20221110_103501-scaled.jpg 1200w\" sizes=\"(max-width: 225px) 100vw, 225px\" \/><\/a><a href=\"https:\/\/blogsaverroes.juntadeandalucia.es\/ceipjuandemena\/files\/2023\/03\/IMG_20221110_103555-scaled.jpg\"><img loading=\"lazy\" decoding=\"async\" class=\"alignnone size-medium wp-image-3938\" src=\"https:\/\/blogsaverroes.juntadeandalucia.es\/ceipjuandemena\/files\/2023\/03\/IMG_20221110_103555-300x225.jpg\" alt=\"\" width=\"300\" height=\"225\" srcset=\"https:\/\/blogsaverroes.juntadeandalucia.es\/ceipjuandemena\/files\/2023\/03\/IMG_20221110_103555-300x225.jpg 300w, https:\/\/blogsaverroes.juntadeandalucia.es\/ceipjuandemena\/files\/2023\/03\/IMG_20221110_103555-1024x768.jpg 1024w, https:\/\/blogsaverroes.juntadeandalucia.es\/ceipjuandemena\/files\/2023\/03\/IMG_20221110_103555-768x576.jpg 768w, https:\/\/blogsaverroes.juntadeandalucia.es\/ceipjuandemena\/files\/2023\/03\/IMG_20221110_103555-1536x1152.jpg 1536w, https:\/\/blogsaverroes.juntadeandalucia.es\/ceipjuandemena\/files\/2023\/03\/IMG_20221110_103555-2048x1536.jpg 2048w, https:\/\/blogsaverroes.juntadeandalucia.es\/ceipjuandemena\/files\/2023\/03\/IMG_20221110_103555-scaled.jpg 1600w\" sizes=\"(max-width: 300px) 100vw, 300px\" \/><\/a><a href=\"https:\/\/blogsaverroes.juntadeandalucia.es\/ceipjuandemena\/files\/2023\/03\/IMG_20230125_092706-scaled.jpg\"><img loading=\"lazy\" decoding=\"async\" class=\"alignnone size-medium wp-image-3939\" src=\"https:\/\/blogsaverroes.juntadeandalucia.es\/ceipjuandemena\/files\/2023\/03\/IMG_20230125_092706-300x225.jpg\" alt=\"\" width=\"300\" height=\"225\" srcset=\"https:\/\/blogsaverroes.juntadeandalucia.es\/ceipjuandemena\/files\/2023\/03\/IMG_20230125_092706-300x225.jpg 300w, https:\/\/blogsaverroes.juntadeandalucia.es\/ceipjuandemena\/files\/2023\/03\/IMG_20230125_092706-1024x768.jpg 1024w, https:\/\/blogsaverroes.juntadeandalucia.es\/ceipjuandemena\/files\/2023\/03\/IMG_20230125_092706-768x576.jpg 768w, https:\/\/blogsaverroes.juntadeandalucia.es\/ceipjuandemena\/files\/2023\/03\/IMG_20230125_092706-1536x1152.jpg 1536w, https:\/\/blogsaverroes.juntadeandalucia.es\/ceipjuandemena\/files\/2023\/03\/IMG_20230125_092706-2048x1536.jpg 2048w, https:\/\/blogsaverroes.juntadeandalucia.es\/ceipjuandemena\/files\/2023\/03\/IMG_20230125_092706-scaled.jpg 1600w\" sizes=\"(max-width: 300px) 100vw, 300px\" \/><\/a><\/p>\n<p>&nbsp;<\/p>\n<p>HALLOWEEN<\/p>\n<p><a href=\"https:\/\/blogsaverroes.juntadeandalucia.es\/ceipjuandemena\/files\/2023\/03\/Hallowe\u00b4en.docx.pdf\">Hallowe\u00b4en.docx<\/a><\/p>\n<p>&nbsp;<\/p>\n<p>&nbsp;<\/p>\n<p>&nbsp;<\/p>\n<p>&nbsp;<\/p>\n","protected":false},"excerpt":{"rendered":"<p>En nuestro centro se imparte la ense\u00f1anza biling\u00fce en Ingl\u00e9s como segundo idioma en toda la Ed. Primaria en las siguientes asignaturas: Ciencias Naturales, Ciencias Sociales, M\u00fasica y Educaci\u00f3n F\u00edsica. As\u00ed mismo, ofertamos la&#46;&#46;&#46;<\/p>\n","protected":false},"author":2167,"featured_media":0,"parent":0,"menu_order":0,"comment_status":"closed","ping_status":"closed","template":"","meta":{"ngg_post_thumbnail":0,"footnotes":"","_mc_calendar":[]},"aioseo_notices":[],"_links":{"self":[{"href":"https:\/\/blogsaverroes.juntadeandalucia.es\/ceipjuandemena\/wp-json\/wp\/v2\/pages\/2396"}],"collection":[{"href":"https:\/\/blogsaverroes.juntadeandalucia.es\/ceipjuandemena\/wp-json\/wp\/v2\/pages"}],"about":[{"href":"https:\/\/blogsaverroes.juntadeandalucia.es\/ceipjuandemena\/wp-json\/wp\/v2\/types\/page"}],"author":[{"embeddable":true,"href":"https:\/\/blogsaverroes.juntadeandalucia.es\/ceipjuandemena\/wp-json\/wp\/v2\/users\/2167"}],"replies":[{"embeddable":true,"href":"https:\/\/blogsaverroes.juntadeandalucia.es\/ceipjuandemena\/wp-json\/wp\/v2\/comments?post=2396"}],"version-history":[{"count":27,"href":"https:\/\/blogsaverroes.juntadeandalucia.es\/ceipjuandemena\/wp-json\/wp\/v2\/pages\/2396\/revisions"}],"predecessor-version":[{"id":4940,"href":"https:\/\/blogsaverroes.juntadeandalucia.es\/ceipjuandemena\/wp-json\/wp\/v2\/pages\/2396\/revisions\/4940"}],"wp:attachment":[{"href":"https:\/\/blogsaverroes.juntadeandalucia.es\/ceipjuandemena\/wp-json\/wp\/v2\/media?parent=2396"}],"curies":[{"name":"wp","href":"https:\/\/api.w.org\/{rel}","templated":true}]}}