{"id":2478,"date":"2019-07-08T14:57:22","date_gmt":"2019-07-08T12:57:22","guid":{"rendered":"https:\/\/blogsaverroes.juntadeandalucia.es\/ceipjuandemena\/?page_id=2478"},"modified":"2023-09-05T17:12:42","modified_gmt":"2023-09-05T15:12:42","slug":"programa-de-gratuidad-de-libros-de-texto","status":"publish","type":"page","link":"https:\/\/blogsaverroes.juntadeandalucia.es\/ceipjuandemena\/programa-de-gratuidad-de-libros-de-texto\/","title":{"rendered":"Programa de Gratuidad de Libros de Texto"},"content":{"rendered":"<p>Para acceder al enlace web de la p\u00e1gina de la Consejer\u00eda de Educaci\u00f3n relacionada con este Programa, haga click <a href=\"http:\/\/www.juntadeandalucia.es\/educacion\/portals\/web\/becas-y-ayudas\/gratuidad-de-libros\">aqu\u00ed<\/a>.<\/p>\n<p>&nbsp;<\/p>\n","protected":false},"excerpt":{"rendered":"<p>Para acceder al enlace web de la p\u00e1gina de la Consejer\u00eda de Educaci\u00f3n relacionada con este Programa, haga click aqu\u00ed. &nbsp;<\/p>\n","protected":false},"author":2167,"featured_media":0,"parent":0,"menu_order":0,"comment_status":"closed","ping_status":"closed","template":"","meta":{"ngg_post_thumbnail":0,"footnotes":"","_mc_calendar":[]},"aioseo_notices":[],"_links":{"self":[{"href":"https:\/\/blogsaverroes.juntadeandalucia.es\/ceipjuandemena\/wp-json\/wp\/v2\/pages\/2478"}],"collection":[{"href":"https:\/\/blogsaverroes.juntadeandalucia.es\/ceipjuandemena\/wp-json\/wp\/v2\/pages"}],"about":[{"href":"https:\/\/blogsaverroes.juntadeandalucia.es\/ceipjuandemena\/wp-json\/wp\/v2\/types\/page"}],"author":[{"embeddable":true,"href":"https:\/\/blogsaverroes.juntadeandalucia.es\/ceipjuandemena\/wp-json\/wp\/v2\/users\/2167"}],"replies":[{"embeddable":true,"href":"https:\/\/blogsaverroes.juntadeandalucia.es\/ceipjuandemena\/wp-json\/wp\/v2\/comments?post=2478"}],"version-history":[{"count":6,"href":"https:\/\/blogsaverroes.juntadeandalucia.es\/ceipjuandemena\/wp-json\/wp\/v2\/pages\/2478\/revisions"}],"predecessor-version":[{"id":4022,"href":"https:\/\/blogsaverroes.juntadeandalucia.es\/ceipjuandemena\/wp-json\/wp\/v2\/pages\/2478\/revisions\/4022"}],"wp:attachment":[{"href":"https:\/\/blogsaverroes.juntadeandalucia.es\/ceipjuandemena\/wp-json\/wp\/v2\/media?parent=2478"}],"curies":[{"name":"wp","href":"https:\/\/api.w.org\/{rel}","templated":true}]}}