{"id":35,"date":"2015-03-13T08:21:43","date_gmt":"2015-03-13T08:21:43","guid":{"rendered":"http:\/\/blogsaverroes.juntadeandalucia.es\/pre\/ceip\/?page_id=35"},"modified":"2024-02-11T20:26:47","modified_gmt":"2024-02-11T18:26:47","slug":"el-centro-2","status":"publish","type":"page","link":"https:\/\/blogsaverroes.juntadeandalucia.es\/ceipjuandemena\/el-centro-2\/","title":{"rendered":"Datos del centro"},"content":{"rendered":"<h1>Datos de contacto<\/h1>\n<p>CEIP Juan de Mena<\/p>\n<p><strong>Direcci\u00f3n:<\/strong>&nbsp; Avda. Carlos III, s\/n. CP 14014, C\u00f3rdoba.<\/p>\n<p><strong>Tel\u00e9fono: <\/strong>957-734-986 (corp. 580 986).<\/p>\n<p><strong>Correo electr\u00f3nico:<\/strong> 14001682.edu@juntadeandalucia.es<\/p>\n<h4>&nbsp;<\/h4>\n<h4><strong>Oferta educativa<\/strong><\/h4>\n<p style=\"text-align: justify\">Nuestro centro educativo se sit\u00faa en la capital cordobesa, concretamente, en la zona este de la ciudad, en el barrio de Levante.<\/p>\n<p style=\"text-align: justify\">Ofertamos las ense\u00f1anzas de Ed. Infantil (3, 4 y 5 a\u00f1os) y Ed. Primaria en todos sus niveles. Actualmente, posee cuatro unidades en la etapa de Ed. Infantil, diecisiete en la etapa de Ed. Primaria y dos Aulas Espec\u00edficas plurideficientes.<\/p>\n<p style=\"text-align: justify\">Somos un centro TIC que imparte ense\u00f1anza biling\u00fce en el idioma Ingl\u00e9s, contando adem\u00e1s con dos auxiliares de conversaci\u00f3n que desarrollan su labor de lunes a viernes durante doce horas semanales de docencia directa con el alumnado cada una de ellas.<\/p>\n<p style=\"text-align: justify\">As\u00ed mismo, nuestra AMPA es una entidad muy importante dentro de nuestro centro; colabora activamente en todo lo que se le propone y se tiene una relaci\u00f3n muy cercana con ella.<\/p>\n<p><a href=\"https:\/\/goo.gl\/maps\/8iWchWfNsSMH5RPK9\">Nuestra ubicaci\u00f3n<\/a><\/p>\n<p>&nbsp;<\/p>\n","protected":false},"excerpt":{"rendered":"<p>Datos de contacto CEIP Juan de Mena Direcci\u00f3n:&nbsp; Avda. Carlos III, s\/n. CP 14014, C\u00f3rdoba. Tel\u00e9fono: 957-734-986 (corp. 580 986). Correo electr\u00f3nico: 14001682.edu@juntadeandalucia.es &nbsp; Oferta educativa Nuestro centro educativo se sit\u00faa en la capital&#46;&#46;&#46;<\/p>\n","protected":false},"author":1,"featured_media":0,"parent":0,"menu_order":0,"comment_status":"closed","ping_status":"open","template":"page-cs.php","meta":{"ngg_post_thumbnail":0,"footnotes":"","_mc_calendar":[]},"aioseo_notices":[],"_links":{"self":[{"href":"https:\/\/blogsaverroes.juntadeandalucia.es\/ceipjuandemena\/wp-json\/wp\/v2\/pages\/35"}],"collection":[{"href":"https:\/\/blogsaverroes.juntadeandalucia.es\/ceipjuandemena\/wp-json\/wp\/v2\/pages"}],"about":[{"href":"https:\/\/blogsaverroes.juntadeandalucia.es\/ceipjuandemena\/wp-json\/wp\/v2\/types\/page"}],"author":[{"embeddable":true,"href":"https:\/\/blogsaverroes.juntadeandalucia.es\/ceipjuandemena\/wp-json\/wp\/v2\/users\/1"}],"replies":[{"embeddable":true,"href":"https:\/\/blogsaverroes.juntadeandalucia.es\/ceipjuandemena\/wp-json\/wp\/v2\/comments?post=35"}],"version-history":[{"count":34,"href":"https:\/\/blogsaverroes.juntadeandalucia.es\/ceipjuandemena\/wp-json\/wp\/v2\/pages\/35\/revisions"}],"predecessor-version":[{"id":4092,"href":"https:\/\/blogsaverroes.juntadeandalucia.es\/ceipjuandemena\/wp-json\/wp\/v2\/pages\/35\/revisions\/4092"}],"wp:attachment":[{"href":"https:\/\/blogsaverroes.juntadeandalucia.es\/ceipjuandemena\/wp-json\/wp\/v2\/media?parent=35"}],"curies":[{"name":"wp","href":"https:\/\/api.w.org\/{rel}","templated":true}]}}