{"id":82,"date":"2015-03-16T06:59:55","date_gmt":"2015-03-16T06:59:55","guid":{"rendered":"http:\/\/blogsaverroes.juntadeandalucia.es\/pre\/ceip\/?page_id=82"},"modified":"2024-02-11T16:28:32","modified_gmt":"2024-02-11T14:28:32","slug":"horarios","status":"publish","type":"page","link":"https:\/\/blogsaverroes.juntadeandalucia.es\/ceipjuandemena\/horarios\/","title":{"rendered":"Horarios del centro"},"content":{"rendered":"<p><strong>Horario Aula matinal<\/strong>: 07:30 &#8211; 09:00 horas. (Por organizaci\u00f3n del centro, no se admitir\u00e1 a m\u00e1s alumnado a partir de las 8:45h, con lo que tendr\u00e1n que esperar a que se abran las puertas para la organizaci\u00f3n de las filas).<\/p>\n<p><strong>Horario lectivo<\/strong>: 09:00 &#8211; 14:00 horas.<\/p>\n<p><strong>Comedor<\/strong>: 14:00 &#8211; 16:00 horas. (Por organizaci\u00f3n del centro, tanto la puerta de Carlos III, como la puerta de la C\/ Hermanos Fern\u00e1ndez, se abrir\u00e1 a las 15:00h).<\/p>\n<p><strong>Actividades extraescolares<\/strong>: 16:00 &#8211; 18:00 horas.<\/p>\n<p><strong>Horario de atenci\u00f3n al p\u00fablico (secretar\u00eda)<\/strong>: 09:15 &#8211; 12:00 horas (previa cita).<\/p>\n","protected":false},"excerpt":{"rendered":"<p>Horario Aula matinal: 07:30 &#8211; 09:00 horas. (Por organizaci\u00f3n del centro, no se admitir\u00e1 a m\u00e1s alumnado a partir de las 8:45h, con lo que tendr\u00e1n que esperar a que se abran las puertas&#46;&#46;&#46;<\/p>\n","protected":false},"author":1,"featured_media":0,"parent":0,"menu_order":0,"comment_status":"closed","ping_status":"open","template":"page-cs.php","meta":{"ngg_post_thumbnail":0,"footnotes":"","_mc_calendar":[]},"aioseo_notices":[],"_links":{"self":[{"href":"https:\/\/blogsaverroes.juntadeandalucia.es\/ceipjuandemena\/wp-json\/wp\/v2\/pages\/82"}],"collection":[{"href":"https:\/\/blogsaverroes.juntadeandalucia.es\/ceipjuandemena\/wp-json\/wp\/v2\/pages"}],"about":[{"href":"https:\/\/blogsaverroes.juntadeandalucia.es\/ceipjuandemena\/wp-json\/wp\/v2\/types\/page"}],"author":[{"embeddable":true,"href":"https:\/\/blogsaverroes.juntadeandalucia.es\/ceipjuandemena\/wp-json\/wp\/v2\/users\/1"}],"replies":[{"embeddable":true,"href":"https:\/\/blogsaverroes.juntadeandalucia.es\/ceipjuandemena\/wp-json\/wp\/v2\/comments?post=82"}],"version-history":[{"count":11,"href":"https:\/\/blogsaverroes.juntadeandalucia.es\/ceipjuandemena\/wp-json\/wp\/v2\/pages\/82\/revisions"}],"predecessor-version":[{"id":4064,"href":"https:\/\/blogsaverroes.juntadeandalucia.es\/ceipjuandemena\/wp-json\/wp\/v2\/pages\/82\/revisions\/4064"}],"wp:attachment":[{"href":"https:\/\/blogsaverroes.juntadeandalucia.es\/ceipjuandemena\/wp-json\/wp\/v2\/media?parent=82"}],"curies":[{"name":"wp","href":"https:\/\/api.w.org\/{rel}","templated":true}]}}