{"id":870,"date":"2015-03-16T07:24:27","date_gmt":"2015-03-16T07:24:27","guid":{"rendered":"http:\/\/blogsaverroes.juntadeandalucia.es\/pre\/ceip\/?page_id=103"},"modified":"2024-02-11T20:11:05","modified_gmt":"2024-02-11T18:11:05","slug":"aula-matinal","status":"publish","type":"page","link":"https:\/\/blogsaverroes.juntadeandalucia.es\/ceipjuandemena\/aula-matinal\/","title":{"rendered":"Aula Matinal"},"content":{"rendered":"<p>El aula matinal es un servicio complementario que resulta de gran utilidad a padres\/madres\/tutores legales para ayudarles a conciliar la vida laboral y familiar. Tiene una duraci\u00f3n de hasta una hora y media antes de que comience la jornada lectiva escolar (de 07:30 a 9:00 horas).<\/p>\n<p>Las familias no podr\u00e1n acceder a las instalaciones del centro, esperando en la verja de la entrada de Carlos III a que el\/la monitor\/a recoja al alumnado. En caso de lluvia podr\u00e1n acceder tan s\u00f3lo al porche de entrada del edificio principal, donde la monitora recoger\u00e1 igualmente al alumnado.<\/p>\n<p><strong>Por organizaci\u00f3n del centro, no se admitir\u00e1 ning\u00fan\/a alumno\/ a partir de las 8:45h, las familias que lleguen m\u00e1s tarde de esta hora deber\u00e1n esperar a la hora de entrada donde el alumnado realiza sus filas.<\/strong><\/p>\n<p style=\"text-align: justify\">En esta secci\u00f3n ir\u00e1n apareciendo todas las novedades respecto a la gesti\u00f3n de este servicio complementario: solicitudes, plazos, informaci\u00f3n de inter\u00e9s&#8230;<\/p>\n<p>&nbsp;<\/p>\n","protected":false},"excerpt":{"rendered":"<p>El aula matinal es un servicio complementario que resulta de gran utilidad a padres\/madres\/tutores legales para ayudarles a conciliar la vida laboral y familiar. Tiene una duraci\u00f3n de hasta una hora y media antes&#46;&#46;&#46;<\/p>\n","protected":false},"author":1,"featured_media":0,"parent":0,"menu_order":0,"comment_status":"closed","ping_status":"open","template":"page-cs.php","meta":{"ngg_post_thumbnail":0,"footnotes":"","_mc_calendar":[]},"aioseo_notices":[],"_links":{"self":[{"href":"https:\/\/blogsaverroes.juntadeandalucia.es\/ceipjuandemena\/wp-json\/wp\/v2\/pages\/870"}],"collection":[{"href":"https:\/\/blogsaverroes.juntadeandalucia.es\/ceipjuandemena\/wp-json\/wp\/v2\/pages"}],"about":[{"href":"https:\/\/blogsaverroes.juntadeandalucia.es\/ceipjuandemena\/wp-json\/wp\/v2\/types\/page"}],"author":[{"embeddable":true,"href":"https:\/\/blogsaverroes.juntadeandalucia.es\/ceipjuandemena\/wp-json\/wp\/v2\/users\/1"}],"replies":[{"embeddable":true,"href":"https:\/\/blogsaverroes.juntadeandalucia.es\/ceipjuandemena\/wp-json\/wp\/v2\/comments?post=870"}],"version-history":[{"count":15,"href":"https:\/\/blogsaverroes.juntadeandalucia.es\/ceipjuandemena\/wp-json\/wp\/v2\/pages\/870\/revisions"}],"predecessor-version":[{"id":4082,"href":"https:\/\/blogsaverroes.juntadeandalucia.es\/ceipjuandemena\/wp-json\/wp\/v2\/pages\/870\/revisions\/4082"}],"wp:attachment":[{"href":"https:\/\/blogsaverroes.juntadeandalucia.es\/ceipjuandemena\/wp-json\/wp\/v2\/media?parent=870"}],"curies":[{"name":"wp","href":"https:\/\/api.w.org\/{rel}","templated":true}]}}