{"id":871,"date":"2015-03-16T07:25:46","date_gmt":"2015-03-16T07:25:46","guid":{"rendered":"http:\/\/blogsaverroes.juntadeandalucia.es\/pre\/ceip\/?page_id=106"},"modified":"2023-09-11T14:10:12","modified_gmt":"2023-09-11T12:10:12","slug":"actividades-extraescolares","status":"publish","type":"page","link":"https:\/\/blogsaverroes.juntadeandalucia.es\/ceipjuandemena\/actividades-extraescolares\/","title":{"rendered":"Actividades extraescolares"},"content":{"rendered":"<p>Estimadas familias:<\/p>\n<p>Se les env\u00eda el nuevo horario para las actividades extraescolares, precios y contactos para poder inscribir a vuestros\/as hijos\/as.<\/p>\n<p>Informaros que la actividad de baloncesto deben inscribirse en el siguiente enlace:&nbsp;<a href=\"https:\/\/docs.google.com\/forms\/d\/e\/1FAIpQLSfa0vNCMjZavGqjYuDfWWcWC5V2KrNuO3kv2PQiyJjGwwx6oQ\/viewform\" target=\"_blank\" rel=\"noopener noreferrer\">https:\/\/docs.google.com\/forms\/d\/e\/1FAIpQLSfa0vNCMjZavGqjYuDfWWcWC5V2KrNuO3kv2PQiyJjGwwx6oQ\/viewform<\/a><\/p>\n<p>y que las actividades que realiza la empresa naveservievent ser\u00e1 mediante la ficha de inscripci\u00f3n que les pasamos como dato adjunto y que deber\u00e1n imprimir, rellenar y enviar al enlace que hay al final de la ficha de inscripci\u00f3n.<\/p>\n<p>Igualmente, les informamos que contamos con un Aula de mediod\u00eda, destinada a atender al alumnado que quiera quedarse en horario de 14:00 a 15:00-15:30h con actividades l\u00fadicas.<\/p>\n<p style=\"text-align: left\">Las actividades extraescolares tienen lugar de lunes a viernes en horario de tarde de 16:00 a 18.00 horas.<\/p>\n<p style=\"text-align: left\">Para visualizar la planificaci\u00f3n semanal de las numerosas actividades extraescolares que ofertamos haga click en el siguiente enlace:<\/p>\n<p>&nbsp;<\/p>\n<p style=\"text-align: left\"><a href=\"https:\/\/blogsaverroes.juntadeandalucia.es\/ceipjuandemena\/files\/2023\/09\/HORARIO-EXTRAESCOLARES.pdf\">HORARIO EXTRAESCOLARES<\/a><\/p>\n<p><a href=\"https:\/\/blogsaverroes.juntadeandalucia.es\/ceipjuandemena\/files\/2023\/09\/INSCRIPCION-AAEE-23-24-CEIP-JUAN-DE-MENA-1.pdf\">INSCRIPCION AAEE 23-24 &#8211; CEIP JUAN DE MENA (1)<\/a><\/p>\n<p><a href=\"https:\/\/blogsaverroes.juntadeandalucia.es\/ceipjuandemena\/files\/2023\/09\/Aula-mediod\u00eda.jpg\"><img loading=\"lazy\" decoding=\"async\" class=\"alignnone size-medium wp-image-4042\" src=\"https:\/\/blogsaverroes.juntadeandalucia.es\/ceipjuandemena\/files\/2023\/09\/Aula-mediod\u00eda-212x300.jpg\" alt=\"\" width=\"212\" height=\"300\" srcset=\"https:\/\/blogsaverroes.juntadeandalucia.es\/ceipjuandemena\/files\/2023\/09\/Aula-mediod\u00eda-212x300.jpg 212w, https:\/\/blogsaverroes.juntadeandalucia.es\/ceipjuandemena\/files\/2023\/09\/Aula-mediod\u00eda-724x1024.jpg 724w, https:\/\/blogsaverroes.juntadeandalucia.es\/ceipjuandemena\/files\/2023\/09\/Aula-mediod\u00eda-768x1086.jpg 768w, https:\/\/blogsaverroes.juntadeandalucia.es\/ceipjuandemena\/files\/2023\/09\/Aula-mediod\u00eda-1086x1536.jpg 1086w, https:\/\/blogsaverroes.juntadeandalucia.es\/ceipjuandemena\/files\/2023\/09\/Aula-mediod\u00eda.jpg 1131w\" sizes=\"(max-width: 212px) 100vw, 212px\" \/><\/a><\/p>\n<p><a href=\"https:\/\/blogsaverroes.juntadeandalucia.es\/ceipjuandemena\/files\/2023\/09\/inscripcion-aula-de-mediod\u00eda.pdf\">inscripcion aula de mediod\u00eda<\/a><\/p>\n<p>&nbsp;<\/p>\n","protected":false},"excerpt":{"rendered":"<p>Estimadas familias: Se les env\u00eda el nuevo horario para las actividades extraescolares, precios y contactos para poder inscribir a vuestros\/as hijos\/as. Informaros que la actividad de baloncesto deben inscribirse en el siguiente enlace:&nbsp;https:\/\/docs.google.com\/forms\/d\/e\/1FAIpQLSfa0vNCMjZavGqjYuDfWWcWC5V2KrNuO3kv2PQiyJjGwwx6oQ\/viewform y&#46;&#46;&#46;<\/p>\n","protected":false},"author":1,"featured_media":0,"parent":0,"menu_order":0,"comment_status":"closed","ping_status":"open","template":"page-cs.php","meta":{"ngg_post_thumbnail":0,"footnotes":"","_mc_calendar":[]},"aioseo_notices":[],"_links":{"self":[{"href":"https:\/\/blogsaverroes.juntadeandalucia.es\/ceipjuandemena\/wp-json\/wp\/v2\/pages\/871"}],"collection":[{"href":"https:\/\/blogsaverroes.juntadeandalucia.es\/ceipjuandemena\/wp-json\/wp\/v2\/pages"}],"about":[{"href":"https:\/\/blogsaverroes.juntadeandalucia.es\/ceipjuandemena\/wp-json\/wp\/v2\/types\/page"}],"author":[{"embeddable":true,"href":"https:\/\/blogsaverroes.juntadeandalucia.es\/ceipjuandemena\/wp-json\/wp\/v2\/users\/1"}],"replies":[{"embeddable":true,"href":"https:\/\/blogsaverroes.juntadeandalucia.es\/ceipjuandemena\/wp-json\/wp\/v2\/comments?post=871"}],"version-history":[{"count":16,"href":"https:\/\/blogsaverroes.juntadeandalucia.es\/ceipjuandemena\/wp-json\/wp\/v2\/pages\/871\/revisions"}],"predecessor-version":[{"id":4044,"href":"https:\/\/blogsaverroes.juntadeandalucia.es\/ceipjuandemena\/wp-json\/wp\/v2\/pages\/871\/revisions\/4044"}],"wp:attachment":[{"href":"https:\/\/blogsaverroes.juntadeandalucia.es\/ceipjuandemena\/wp-json\/wp\/v2\/media?parent=871"}],"curies":[{"name":"wp","href":"https:\/\/api.w.org\/{rel}","templated":true}]}}