{"id":141,"date":"2015-03-17T07:13:24","date_gmt":"2015-03-17T07:13:24","guid":{"rendered":"http:\/\/blogsaverroes.juntadeandalucia.es\/pre\/ceip\/?page_id=141"},"modified":"2024-03-04T19:02:17","modified_gmt":"2024-03-04T18:02:17","slug":"escolarizacion","status":"publish","type":"page","link":"https:\/\/blogsaverroes.juntadeandalucia.es\/ceipjuanmartinpinzon\/escolarizacion\/","title":{"rendered":"Escolarizaci\u00f3n y admisi\u00f3n curso 2024-2025"},"content":{"rendered":"<p>FOLLETO INFORMATIVO PROCESO DE ADMISI\u00d3N Y ESCOLARIZACI\u00d3N PARA EL CURSO ESCOLAR 2024\/2025<br \/>\n<a href=\"https:\/\/drive.google.com\/file\/d\/1trZDpmIhggeuXk_rD0G_fInBmNsFvlZO\/view?usp=sharing\">https:\/\/drive.google.com\/file\/d\/1trZDpmIhggeuXk_rD0G_fInBmNsFvlZO\/view?usp=sharing<\/a><\/p>\n<p>CALENDARIO Y BAREMACI\u00d3N<\/p>\n<p><a href=\"https:\/\/drive.google.com\/file\/d\/163guwbPQ-8Bifvy6uMZ9ZvdOa0g344EU\/view?usp=sharing\">https:\/\/drive.google.com\/file\/d\/163guwbPQ-8Bifvy6uMZ9ZvdOa0g344EU\/view?usp=sharing<\/a><\/p>\n<p>IMPRESO ADMISI\u00d3N : ANEXO III<\/p>\n<p><a href=\"https:\/\/drive.google.com\/file\/d\/1jdDaDIOTaUeUmuILunxdG7jVOuPRFX95\/view?usp=sharing\">https:\/\/drive.google.com\/file\/d\/1jdDaDIOTaUeUmuILunxdG7jVOuPRFX95\/view?usp=sharing<\/a><\/p>\n<p>CALLEJERO<\/p>\n<p><a href=\"https:\/\/drive.google.com\/file\/d\/1CWGRl_DYsuht7CMbXxH4ITTh_8IRYheJ\/view?usp=sharing\">https:\/\/drive.google.com\/file\/d\/1CWGRl_DYsuht7CMbXxH4ITTh_8IRYheJ\/view?usp=sharing<\/a><\/p>\n<p>DOCUMENTACI\u00d3N INICIAL<\/p>\n<p><a href=\"https:\/\/drive.google.com\/file\/d\/1-nn0qlUdip9-e5VN442-nwdFeuns7vJ1\/view?usp=sharing\">https:\/\/drive.google.com\/file\/d\/1-nn0qlUdip9-e5VN442-nwdFeuns7vJ1\/view?usp=sharing<\/a> <\/p>\n","protected":false},"excerpt":{"rendered":"<p>FOLLETO INFORMATIVO PROCESO DE ADMISI\u00d3N Y ESCOLARIZACI\u00d3N PARA EL CURSO ESCOLAR 2024\/2025 https:\/\/drive.google.com\/file\/d\/1trZDpmIhggeuXk_rD0G_fInBmNsFvlZO\/view?usp=sharing CALENDARIO Y BAREMACI\u00d3N https:\/\/drive.google.com\/file\/d\/163guwbPQ-8Bifvy6uMZ9ZvdOa0g344EU\/view?usp=sharing IMPRESO ADMISI\u00d3N : ANEXO III https:\/\/drive.google.com\/file\/d\/1jdDaDIOTaUeUmuILunxdG7jVOuPRFX95\/view?usp=sharing CALLEJERO https:\/\/drive.google.com\/file\/d\/1CWGRl_DYsuht7CMbXxH4ITTh_8IRYheJ\/view?usp=sharing DOCUMENTACI\u00d3N INICIAL https:\/\/drive.google.com\/file\/d\/1-nn0qlUdip9-e5VN442-nwdFeuns7vJ1\/view?usp=sharing<\/p>\n","protected":false},"author":1,"featured_media":3169,"parent":0,"menu_order":0,"comment_status":"open","ping_status":"open","template":"page-templates\/child-menu.php","meta":{"ngg_post_thumbnail":0,"footnotes":"","_mc_calendar":[]},"aioseo_notices":[],"_links":{"self":[{"href":"https:\/\/blogsaverroes.juntadeandalucia.es\/ceipjuanmartinpinzon\/wp-json\/wp\/v2\/pages\/141"}],"collection":[{"href":"https:\/\/blogsaverroes.juntadeandalucia.es\/ceipjuanmartinpinzon\/wp-json\/wp\/v2\/pages"}],"about":[{"href":"https:\/\/blogsaverroes.juntadeandalucia.es\/ceipjuanmartinpinzon\/wp-json\/wp\/v2\/types\/page"}],"author":[{"embeddable":true,"href":"https:\/\/blogsaverroes.juntadeandalucia.es\/ceipjuanmartinpinzon\/wp-json\/wp\/v2\/users\/1"}],"replies":[{"embeddable":true,"href":"https:\/\/blogsaverroes.juntadeandalucia.es\/ceipjuanmartinpinzon\/wp-json\/wp\/v2\/comments?post=141"}],"version-history":[{"count":9,"href":"https:\/\/blogsaverroes.juntadeandalucia.es\/ceipjuanmartinpinzon\/wp-json\/wp\/v2\/pages\/141\/revisions"}],"predecessor-version":[{"id":3685,"href":"https:\/\/blogsaverroes.juntadeandalucia.es\/ceipjuanmartinpinzon\/wp-json\/wp\/v2\/pages\/141\/revisions\/3685"}],"wp:featuredmedia":[{"embeddable":true,"href":"https:\/\/blogsaverroes.juntadeandalucia.es\/ceipjuanmartinpinzon\/wp-json\/wp\/v2\/media\/3169"}],"wp:attachment":[{"href":"https:\/\/blogsaverroes.juntadeandalucia.es\/ceipjuanmartinpinzon\/wp-json\/wp\/v2\/media?parent=141"}],"curies":[{"name":"wp","href":"https:\/\/api.w.org\/{rel}","templated":true}]}}