{"id":2329,"date":"2019-09-24T11:51:20","date_gmt":"2019-09-24T10:51:20","guid":{"rendered":"https:\/\/blogsaverroes.juntadeandalucia.es\/ceipjuanmartinpinzon\/?page_id=2329"},"modified":"2019-09-25T10:18:49","modified_gmt":"2019-09-25T09:18:49","slug":"programa-de-actividades-del-ampa-para-el-curso-2019-2020","status":"publish","type":"page","link":"https:\/\/blogsaverroes.juntadeandalucia.es\/ceipjuanmartinpinzon\/programa-de-actividades-del-ampa-para-el-curso-2019-2020\/","title":{"rendered":"Programa de actividades del AMPA para el curso 2019-2020"},"content":{"rendered":"<p><u>PROGRAMA DE ACTIVIDADES<\/u><\/p>\n<p>El plan de trabajo para el curso escolar 2019\/2020 que desea llevar a cabo la Junta Directiva del AMPA \u201cSan Rafael\u201d del colegio Juan Mart\u00edn Pinz\u00f3n ser\u00e1 el que se detalla a continuaci\u00f3n:<\/p>\n<p><strong>1. Fiesta de Halloween y Tost\u00f3n de casta\u00f1as.<\/strong> Consistir\u00eda en disfrazarnos de Halloween para repartir entre los alumnos\/as algunas chuches. A la vez celebrar el D\u00eda de Todos los Santos de la forma tradicional espa\u00f1ola, es decir, con un Tost\u00f3n, dando as\u00ed a conocer nuestras costumbres adem\u00e1s de las adquiridas del extranjero.<\/p>\n<p><strong>2. Reyes Magos.<\/strong> Se tratar\u00eda de hacer uso de los disfraces que hay disponibles y repartir chuches a todos los alumnos\/as.<\/p>\n<p><strong>3. Desayuno Navide\u00f1o. <\/strong>En colaboraci\u00f3n con algunos\/as padres\/madres de cada curso, se preparar\u00edan mesas con productos t\u00edpicos navide\u00f1os o dulces caseros proporcionados por los mismos para degustaci\u00f3n de todos los alumnos\/as. Aunque para este a\u00f1o queremos innovar ofreciendo a todos los alumnos\/as churros con chocolate. Se decidir\u00e1 m\u00e1s adelante.<\/p>\n<p><strong>4. Rifa de Navidad-papeletas.<\/strong> Venta de papeletas a todas las familias del colegio para una rifa de la cesta de Navidad con contenido por determinar o su equivalencia en efectivo como premio.<\/p>\n<p><strong>5. D\u00eda de Andaluc\u00eda-molletes con aceite de oliva.<\/strong> Celebramos el d\u00eda de nuestra Comunidad Aut\u00f3noma ofreciendo a todo el colegio pan\/molletes con aceite de oliva virgen extra. El aceite es una donaci\u00f3n de la Almazara de Ronda.<\/p>\n<p><strong>6 .D\u00eda de la Fruta.<\/strong>Seguiremos realizando tres d\u00edas de la fruta durante el curso (ser\u00e1 uno por trimestre):<\/p>\n<p>-Un D\u00eda de la Fruta en oto\u00f1o, ofreciendo la fruta de esta temporada.<\/p>\n<p>-Un D\u00eda de la Fruta en primavera, ofreciendo la fruta de esta temporada.<\/p>\n<p>-Un D\u00eda de la Fruta en verano, ofreciendo la fruta de esta temporada y a poder ser, repetiremos con el zumo de naranja natural.<\/p>\n<p><strong>7. Viajes-autob\u00fas.<\/strong> El AMPA seguir\u00e1 colaborando con una parte del precio de los autobuses contratados para las excursiones o viajes fuera del centro. Solo para los socios del AMPA.<\/p>\n<p><strong>8. Viaje de fin de curso (6\u00ba).<\/strong> El AMPA colaborar\u00e1 de forma econ\u00f3mica (cantidad en efectivo por determinar) en el caso de que los padres\/madres de los alumnos\/as de sexto organicen tal viaje. Solo para los socios del AMPA y los que s\u00ed decidan ir al viaje.<\/p>\n<p><strong>9. Orlas 5 a\u00f1os de Infantil y 6\u00ba de Primaria. <\/strong>El AMPA se har\u00eda cargo del pago de las orlas de 5 a\u00f1os de Infantil y 6\u00ba de Primaria al finalizar el ciclo educativo. As\u00ed como las bandas con el escudo del colegio para cada alumno\/a que se grad\u00faa.<\/p>\n<p><strong>10. Agendas escolares. <\/strong>El AMPA se har\u00e1 cargo de los gastos por la compra de estuches y agendas: los estuches ser\u00e1n para los alumnos\/as de 3 a\u00f1os, 4 a\u00f1os y 5 a\u00f1os de Infantil, adem\u00e1s de 1\u00ba y 2\u00ba de Primaria; y las agendas ser\u00edan para los alumnos\/as de 3\u00ba, 4\u00ba, 5\u00ba y 6\u00ba. Solo para los socios del AMPA.<\/p>\n<p><strong>11. Fiesta de fin de curso.<\/strong> La idea es repetir lo que se realiz\u00f3 para la fiesta del curso anterior:talleres de manualidades, castillos hinchables, ca\u00f1\u00f3n de espuma, roc\u00f3dromo y tirolina, sorteo de un jam\u00f3n entre los asistentes como una forma de recaudar dinero para el AMPA \u2026<\/p>\n<p>Adem\u00e1s, ofrecer la gesti\u00f3n de la barra a los padres\/madres de sexto por si desearan recaudar dinero para el viaje de fin de curso de sus hijos\/as.<\/p>\n<p><u>NUEVOS PROYECTOS<\/u><\/p>\n<p><strong>12. Programa educativo orientado al alumnado de 1\u00ba de Primaria. <\/strong><\/p>\n<p>Con la colaboraci\u00f3n de la profesora de este curso, se llevar\u00e1 a cabo un proyecto llamado \u201cLa Prehistoria en las clases\u201d.<\/p>\n<p><strong>13. <\/strong>Posibilidad de organizar alg\u00fan viaje con alumnos\/as y sus respectivos padres\/madres de forma conjunta en horario no lectivo, o sea, con car\u00e1cter familiar y haci\u00e9ndose responsable cada padre\/madre de sus hijos\/as. Pueden participar tantas familias como lo deseen as\u00ed como los profesores\/as del centro.<\/p>\n<p><strong>14. Pintura del patio con la colaboraci\u00f3n de los alumnos\/as.<\/strong> Proyecto que nos gustar\u00eda cumplir por la implicaci\u00f3n emotiva que conlleva. La idea es cubrir parte de los muros del patio con pinturas que representan \u00e1rboles y flores realizadas con las manos. Los \u00e1rboles podr\u00edan ser para los cursos de Primaria y las flores para los cursos de Infantil.<\/p>\n<p>Se organizar\u00eda este plan de forma que hubiera un \u00e1rbol por curso, siendo las manos de los alumnos\/as de ese curso las hojas para ese \u00e1rbol. Los alumnos\/as de Infantil pintar\u00edan con sus manos flores a los pies de los \u00e1rboles, dos flores cada uno\/a.<\/p>\n<p>Las pinturas ser\u00edan de colores variados. De esta forma se le dar\u00e1 un aspecto totalmente personalizado al patio del colegio y todos los alumnos\/as podr\u00e1n sentirse parte de \u00e9l.<\/p>\n<p>Las fechas posibles para poder realizar estas actividades est\u00e1n por concretar con la direcci\u00f3n y el profesorado del centro, ya que habr\u00e1 que ajustarlas al calendario lectivo del colegio.<\/p>\n<p>Un saludo de la presidenta de la AMPA: Sonia Carrasco Garc\u00eda.<\/p>\n","protected":false},"excerpt":{"rendered":"<p>PROGRAMA DE ACTIVIDADES El plan de trabajo para el curso escolar 2019\/2020 que desea llevar a cabo la Junta Directiva del AMPA \u201cSan Rafael\u201d del colegio Juan Mart\u00edn Pinz\u00f3n ser\u00e1 el que se detalla&#46;&#46;&#46;<\/p>\n","protected":false},"author":7094,"featured_media":0,"parent":0,"menu_order":0,"comment_status":"closed","ping_status":"closed","template":"","meta":{"ngg_post_thumbnail":0,"footnotes":"","_mc_calendar":[]},"aioseo_notices":[],"_links":{"self":[{"href":"https:\/\/blogsaverroes.juntadeandalucia.es\/ceipjuanmartinpinzon\/wp-json\/wp\/v2\/pages\/2329"}],"collection":[{"href":"https:\/\/blogsaverroes.juntadeandalucia.es\/ceipjuanmartinpinzon\/wp-json\/wp\/v2\/pages"}],"about":[{"href":"https:\/\/blogsaverroes.juntadeandalucia.es\/ceipjuanmartinpinzon\/wp-json\/wp\/v2\/types\/page"}],"author":[{"embeddable":true,"href":"https:\/\/blogsaverroes.juntadeandalucia.es\/ceipjuanmartinpinzon\/wp-json\/wp\/v2\/users\/7094"}],"replies":[{"embeddable":true,"href":"https:\/\/blogsaverroes.juntadeandalucia.es\/ceipjuanmartinpinzon\/wp-json\/wp\/v2\/comments?post=2329"}],"version-history":[{"count":3,"href":"https:\/\/blogsaverroes.juntadeandalucia.es\/ceipjuanmartinpinzon\/wp-json\/wp\/v2\/pages\/2329\/revisions"}],"predecessor-version":[{"id":2333,"href":"https:\/\/blogsaverroes.juntadeandalucia.es\/ceipjuanmartinpinzon\/wp-json\/wp\/v2\/pages\/2329\/revisions\/2333"}],"wp:attachment":[{"href":"https:\/\/blogsaverroes.juntadeandalucia.es\/ceipjuanmartinpinzon\/wp-json\/wp\/v2\/media?parent=2329"}],"curies":[{"name":"wp","href":"https:\/\/api.w.org\/{rel}","templated":true}]}}