{"id":42,"date":"2015-03-13T08:40:47","date_gmt":"2015-03-13T08:40:47","guid":{"rendered":"http:\/\/blogsaverroes.juntadeandalucia.es\/pre\/ceip\/?page_id=42"},"modified":"2022-09-07T17:55:37","modified_gmt":"2022-09-07T16:55:37","slug":"equipo-directivo","status":"publish","type":"page","link":"https:\/\/blogsaverroes.juntadeandalucia.es\/ceipjuanmartinpinzon\/equipo-directivo\/","title":{"rendered":"Equipo directivo"},"content":{"rendered":"<p><strong>Direcci\u00f3n:Bartolom\u00e9 Ortega Gamarro<\/strong><\/p>\n<p><strong>Jefatura de estudios:Francisco Llamas Palacios<\/strong><\/p>\n<p><strong>Secretar\u00eda:Francisco Gonz\u00e1lez del Moral<\/strong><\/p>\n","protected":false},"excerpt":{"rendered":"<p>Direcci\u00f3n:Bartolom\u00e9 Ortega Gamarro Jefatura de estudios:Francisco Llamas Palacios Secretar\u00eda:Francisco Gonz\u00e1lez del Moral<\/p>\n","protected":false},"author":1,"featured_media":0,"parent":0,"menu_order":0,"comment_status":"open","ping_status":"open","template":"page-templates\/child-menu.php","meta":{"ngg_post_thumbnail":0,"footnotes":"","_mc_calendar":[]},"aioseo_notices":[],"_links":{"self":[{"href":"https:\/\/blogsaverroes.juntadeandalucia.es\/ceipjuanmartinpinzon\/wp-json\/wp\/v2\/pages\/42"}],"collection":[{"href":"https:\/\/blogsaverroes.juntadeandalucia.es\/ceipjuanmartinpinzon\/wp-json\/wp\/v2\/pages"}],"about":[{"href":"https:\/\/blogsaverroes.juntadeandalucia.es\/ceipjuanmartinpinzon\/wp-json\/wp\/v2\/types\/page"}],"author":[{"embeddable":true,"href":"https:\/\/blogsaverroes.juntadeandalucia.es\/ceipjuanmartinpinzon\/wp-json\/wp\/v2\/users\/1"}],"replies":[{"embeddable":true,"href":"https:\/\/blogsaverroes.juntadeandalucia.es\/ceipjuanmartinpinzon\/wp-json\/wp\/v2\/comments?post=42"}],"version-history":[{"count":6,"href":"https:\/\/blogsaverroes.juntadeandalucia.es\/ceipjuanmartinpinzon\/wp-json\/wp\/v2\/pages\/42\/revisions"}],"predecessor-version":[{"id":3281,"href":"https:\/\/blogsaverroes.juntadeandalucia.es\/ceipjuanmartinpinzon\/wp-json\/wp\/v2\/pages\/42\/revisions\/3281"}],"wp:attachment":[{"href":"https:\/\/blogsaverroes.juntadeandalucia.es\/ceipjuanmartinpinzon\/wp-json\/wp\/v2\/media?parent=42"}],"curies":[{"name":"wp","href":"https:\/\/api.w.org\/{rel}","templated":true}]}}