{"id":49,"date":"2015-03-13T08:47:05","date_gmt":"2015-03-13T08:47:05","guid":{"rendered":"http:\/\/blogsaverroes.juntadeandalucia.es\/pre\/ceip\/?page_id=49"},"modified":"2025-12-08T21:08:17","modified_gmt":"2025-12-08T20:08:17","slug":"proyecto-educativo","status":"publish","type":"page","link":"https:\/\/blogsaverroes.juntadeandalucia.es\/ceipjuanmartinpinzon\/proyecto-educativo\/","title":{"rendered":"Proyecto Educativo Curso 2025-2026"},"content":{"rendered":"<p><a href=\"https:\/\/blogsaverroes.juntadeandalucia.es\/ceipjuanmartinpinzon\/colegio-partada2\/\"><img loading=\"lazy\" decoding=\"async\" class=\"wp-image-2217 aligncenter\" src=\"https:\/\/blogsaverroes.juntadeandalucia.es\/ceipjuanmartinpinzon\/files\/2019\/04\/colegio-partada2-300x118.jpg\" alt=\"\" width=\"599\" height=\"235\" srcset=\"https:\/\/blogsaverroes.juntadeandalucia.es\/ceipjuanmartinpinzon\/files\/2019\/04\/colegio-partada2-300x118.jpg 300w, https:\/\/blogsaverroes.juntadeandalucia.es\/ceipjuanmartinpinzon\/files\/2019\/04\/colegio-partada2-1024x403.jpg 1024w, https:\/\/blogsaverroes.juntadeandalucia.es\/ceipjuanmartinpinzon\/files\/2019\/04\/colegio-partada2-24x9.jpg 24w, https:\/\/blogsaverroes.juntadeandalucia.es\/ceipjuanmartinpinzon\/files\/2019\/04\/colegio-partada2-36x14.jpg 36w, https:\/\/blogsaverroes.juntadeandalucia.es\/ceipjuanmartinpinzon\/files\/2019\/04\/colegio-partada2-48x19.jpg 48w, https:\/\/blogsaverroes.juntadeandalucia.es\/ceipjuanmartinpinzon\/files\/2019\/04\/colegio-partada2.jpg 1280w\" sizes=\"(max-width: 599px) 100vw, 599px\" \/><\/a><\/p>\n<p>Un centro se define en gran medida por su <strong>Proyecto Educativo<\/strong>. En \u00e9l se plasma el modelo educativo y la concreci\u00f3n de la normativa que un centro realiza respecto a las ense\u00f1anzas que imparte.&nbsp;<\/p>\n<p>El proyecto educativo constituye las se\u00f1as de identidad del centro, expresa la educaci\u00f3n que se desea realizar y que se va a desarrollar en unas condiciones concretas, por lo que deber\u00e1 contemplar los valores, los objetivos y las prioridades de actuaci\u00f3n, no limit\u00e1ndose s\u00f3lo a los aspectos curriculares, sino que en todo momento deber\u00e1 tener en cuenta las caracter\u00edsticas contextuales y necesidades espec\u00edficas del Centro. Es el documento que da \u201cIdentidad Propia\u201d a un Centro.<\/p>\n<p>En nuestro proyecto educativo analizamos los siguientes aspectos: (Pincha en el enlace para acceder al Proyecto educativo del centro para el curso 2025-2026) Se incluyen las Programaciones de este curso por \u00e1reas y nivel.<\/p>\n<p><a href=\"https:\/\/drive.google.com\/drive\/folders\/1NDolROVdwCBlsJsJ6-nO_8WWiEpLb1pn?usp=sharing\">PROYECTO EDUCATIVO CURSO 2025-2026<\/a><\/p>\n","protected":false},"excerpt":{"rendered":"<p>Un centro se define en gran medida por su Proyecto Educativo. En \u00e9l se plasma el modelo educativo y la concreci\u00f3n de la normativa que un centro realiza respecto a las ense\u00f1anzas que imparte.&nbsp;&#46;&#46;&#46;<\/p>\n","protected":false},"author":1,"featured_media":0,"parent":0,"menu_order":0,"comment_status":"open","ping_status":"open","template":"page-templates\/child-menu.php","meta":{"ngg_post_thumbnail":0,"footnotes":"","_mc_calendar":[]},"aioseo_notices":[],"_links":{"self":[{"href":"https:\/\/blogsaverroes.juntadeandalucia.es\/ceipjuanmartinpinzon\/wp-json\/wp\/v2\/pages\/49"}],"collection":[{"href":"https:\/\/blogsaverroes.juntadeandalucia.es\/ceipjuanmartinpinzon\/wp-json\/wp\/v2\/pages"}],"about":[{"href":"https:\/\/blogsaverroes.juntadeandalucia.es\/ceipjuanmartinpinzon\/wp-json\/wp\/v2\/types\/page"}],"author":[{"embeddable":true,"href":"https:\/\/blogsaverroes.juntadeandalucia.es\/ceipjuanmartinpinzon\/wp-json\/wp\/v2\/users\/1"}],"replies":[{"embeddable":true,"href":"https:\/\/blogsaverroes.juntadeandalucia.es\/ceipjuanmartinpinzon\/wp-json\/wp\/v2\/comments?post=49"}],"version-history":[{"count":20,"href":"https:\/\/blogsaverroes.juntadeandalucia.es\/ceipjuanmartinpinzon\/wp-json\/wp\/v2\/pages\/49\/revisions"}],"predecessor-version":[{"id":3914,"href":"https:\/\/blogsaverroes.juntadeandalucia.es\/ceipjuanmartinpinzon\/wp-json\/wp\/v2\/pages\/49\/revisions\/3914"}],"wp:attachment":[{"href":"https:\/\/blogsaverroes.juntadeandalucia.es\/ceipjuanmartinpinzon\/wp-json\/wp\/v2\/media?parent=49"}],"curies":[{"name":"wp","href":"https:\/\/api.w.org\/{rel}","templated":true}]}}