{"id":2240,"date":"2020-09-20T12:43:03","date_gmt":"2020-09-20T12:43:03","guid":{"rendered":"https:\/\/blogsaverroes.juntadeandalucia.es\/ceipjuanporras\/?page_id=2240"},"modified":"2020-09-20T15:47:16","modified_gmt":"2020-09-20T15:47:16","slug":"pasen","status":"publish","type":"page","link":"https:\/\/blogsaverroes.juntadeandalucia.es\/ceipjuanporras\/pasen\/","title":{"rendered":"PASEN"},"content":{"rendered":"<p><em><strong>PASEN<\/strong><\/em>&nbsp;es servicio de la Consejer\u00eda de Educaci\u00f3n&nbsp;que permite la&nbsp;comunicaci\u00f3n entre los distintos miembros de la comunidad educativa&nbsp;(tutores\/as legales, alumnado, cargos directivos y profesorado).&nbsp;<\/p>\n<p>Este servicio de valor a\u00f1adido se apoya en una aplicaci\u00f3n Web que act\u00faa de canal de comunicaci\u00f3n y que ofrece a todos los agentes de&nbsp;&nbsp;la Comunidad Educativa la posibilidad de mantener un di\u00e1logo fluido y cotidiano, a\u00fan para aquellos que por diversos motivos, &nbsp;ya &nbsp;sean &nbsp;personales, &nbsp;laborales &nbsp;o &nbsp;de &nbsp;cualquier &nbsp;otro &nbsp;origen, &nbsp;no puedan llevarlo a cabo del modo tradicional haciendo efectiva el concepto de la tutor\u00eda electr\u00f3nica.<\/p>\n<p><iframe loading=\"lazy\" src=\"\/\/www.youtube.com\/embed\/7ShGT1uK_Wg\" width=\"560\" height=\"314\"><\/iframe><\/p>\n<p>Est\u00e1 disponible un nuevo procedimiento de&nbsp;<strong>\u00abautologin\u00bb o \u00abautorregistro\u00bb<\/strong>&nbsp;(sin necesidad de que el centro te proporcione las credenciales) para usuarios con perfiles tutor\/a legal y alumnado (tanto emancipado como no), mediante el cual cualquier padre\/madre o alumno\/a podr\u00e1 realizar un proceso de \u00abautologin\u00bb para obtener las credenciales de acceso a PASEN.<\/p>\n<p>Para realizar el \u00abautologin\u00bb a trav\u00e9s de la aplicaci\u00f3n web o de la app iPasen, las familias deber\u00e1n pinchar en el enlace \u2018No tengo acceso\u2019 de la pantalla de login. Se requerir\u00e1n tres datos: El NIF, una fecha de nacimiento (de algunos de sus hijos\/as o la suya propia) y un n\u00famero de tel\u00e9fono m\u00f3vil donde recibir\u00e1 por SMS las credenciales. Este \u00faltimo deber\u00e1 coincidir con el que consta en S\u00e9neca para los tutores legales o para el alumnado.<\/p>\n<p><a href=\"https:\/\/blogsaverroes.juntadeandalucia.es\/ceipjuanporras\/files\/2020\/09\/Pasen.png\"><img loading=\"lazy\" decoding=\"async\" class=\"alignnone size-full wp-image-2251\" src=\"https:\/\/blogsaverroes.juntadeandalucia.es\/ceipjuanporras\/files\/2020\/09\/Pasen.png\" alt=\"\" width=\"251\" height=\"288\" srcset=\"https:\/\/blogsaverroes.juntadeandalucia.es\/ceipjuanporras\/files\/2020\/09\/Pasen.png 251w, https:\/\/blogsaverroes.juntadeandalucia.es\/ceipjuanporras\/files\/2020\/09\/Pasen-21x24.png 21w, https:\/\/blogsaverroes.juntadeandalucia.es\/ceipjuanporras\/files\/2020\/09\/Pasen-31x36.png 31w, https:\/\/blogsaverroes.juntadeandalucia.es\/ceipjuanporras\/files\/2020\/09\/Pasen-42x48.png 42w\" sizes=\"(max-width: 251px) 100vw, 251px\" \/><\/a><\/p>\n<p>Aqu\u00ed tiene un tutorial explicativo para el&nbsp;<strong>autorregistro<\/strong>&nbsp;en&nbsp;PASEN.<\/p>\n<p><iframe loading=\"lazy\" src=\"\/\/www.youtube.com\/embed\/cHLova48ULE\" width=\"560\" height=\"314\"><\/iframe><\/p>\n","protected":false},"excerpt":{"rendered":"<p>PASEN&nbsp;es servicio de la Consejer\u00eda de Educaci\u00f3n&nbsp;que permite la&nbsp;comunicaci\u00f3n entre los distintos miembros de la comunidad educativa&nbsp;(tutores\/as legales, alumnado, cargos directivos y profesorado).&nbsp; Este servicio de valor a\u00f1adido se apoya en una aplicaci\u00f3n Web&#46;&#46;&#46;<\/p>\n","protected":false},"author":10532,"featured_media":0,"parent":0,"menu_order":0,"comment_status":"closed","ping_status":"closed","template":"","meta":{"ngg_post_thumbnail":0,"footnotes":"","_mc_calendar":[]},"aioseo_notices":[],"_links":{"self":[{"href":"https:\/\/blogsaverroes.juntadeandalucia.es\/ceipjuanporras\/wp-json\/wp\/v2\/pages\/2240"}],"collection":[{"href":"https:\/\/blogsaverroes.juntadeandalucia.es\/ceipjuanporras\/wp-json\/wp\/v2\/pages"}],"about":[{"href":"https:\/\/blogsaverroes.juntadeandalucia.es\/ceipjuanporras\/wp-json\/wp\/v2\/types\/page"}],"author":[{"embeddable":true,"href":"https:\/\/blogsaverroes.juntadeandalucia.es\/ceipjuanporras\/wp-json\/wp\/v2\/users\/10532"}],"replies":[{"embeddable":true,"href":"https:\/\/blogsaverroes.juntadeandalucia.es\/ceipjuanporras\/wp-json\/wp\/v2\/comments?post=2240"}],"version-history":[{"count":5,"href":"https:\/\/blogsaverroes.juntadeandalucia.es\/ceipjuanporras\/wp-json\/wp\/v2\/pages\/2240\/revisions"}],"predecessor-version":[{"id":2261,"href":"https:\/\/blogsaverroes.juntadeandalucia.es\/ceipjuanporras\/wp-json\/wp\/v2\/pages\/2240\/revisions\/2261"}],"wp:attachment":[{"href":"https:\/\/blogsaverroes.juntadeandalucia.es\/ceipjuanporras\/wp-json\/wp\/v2\/media?parent=2240"}],"curies":[{"name":"wp","href":"https:\/\/api.w.org\/{rel}","templated":true}]}}