{"id":77,"date":"2015-03-16T06:54:56","date_gmt":"2015-03-16T06:54:56","guid":{"rendered":"http:\/\/blogsaverroes.juntadeandalucia.es\/pre\/ceip\/?page_id=77"},"modified":"2016-03-14T15:17:03","modified_gmt":"2016-03-14T15:17:03","slug":"secretaria","status":"publish","type":"page","link":"https:\/\/blogsaverroes.juntadeandalucia.es\/ceipjuanramonbeas\/secretaria\/","title":{"rendered":"Secretar\u00eda"},"content":{"rendered":"<p><strong>\u00a0Nuestra secretar\u00eda cuenta con la labor de una Monitora Escolar, con un horario de atenci\u00f3n al p\u00fablico de 9:00h a 14:00h. Aqu\u00ed podr\u00e1 obtener la informaci\u00f3n necesaria en cuanto a:<br \/>\n<\/strong><\/p>\n<p>Certificaciones: Durante todo el curso.<\/p>\n<p>Admisi\u00f3n: Periodo del 1 al 31 de marzo.<\/p>\n<p>Matriculaci\u00f3n: Periodo del 1 al 8 de Junio<\/p>\n<p>Uso de las prestaciones del Centro: Aula Matinal, Comedor Escolar, Actividades Extraescolares, Transporte Escolar.<\/p>\n<p>&nbsp;<\/p>\n","protected":false},"excerpt":{"rendered":"<p>\u00a0Nuestra secretar\u00eda cuenta con la labor de una Monitora Escolar, con un horario de atenci\u00f3n al p\u00fablico de 9:00h a 14:00h. Aqu\u00ed podr\u00e1 obtener la informaci\u00f3n necesaria en cuanto a: Certificaciones: Durante todo el&#46;&#46;&#46;<\/p>\n","protected":false},"author":1,"featured_media":0,"parent":0,"menu_order":0,"comment_status":"closed","ping_status":"open","template":"","meta":{"ngg_post_thumbnail":0,"footnotes":"","_mc_calendar":[]},"aioseo_notices":[],"_links":{"self":[{"href":"https:\/\/blogsaverroes.juntadeandalucia.es\/ceipjuanramonbeas\/wp-json\/wp\/v2\/pages\/77"}],"collection":[{"href":"https:\/\/blogsaverroes.juntadeandalucia.es\/ceipjuanramonbeas\/wp-json\/wp\/v2\/pages"}],"about":[{"href":"https:\/\/blogsaverroes.juntadeandalucia.es\/ceipjuanramonbeas\/wp-json\/wp\/v2\/types\/page"}],"author":[{"embeddable":true,"href":"https:\/\/blogsaverroes.juntadeandalucia.es\/ceipjuanramonbeas\/wp-json\/wp\/v2\/users\/1"}],"replies":[{"embeddable":true,"href":"https:\/\/blogsaverroes.juntadeandalucia.es\/ceipjuanramonbeas\/wp-json\/wp\/v2\/comments?post=77"}],"version-history":[{"count":3,"href":"https:\/\/blogsaverroes.juntadeandalucia.es\/ceipjuanramonbeas\/wp-json\/wp\/v2\/pages\/77\/revisions"}],"predecessor-version":[{"id":2229,"href":"https:\/\/blogsaverroes.juntadeandalucia.es\/ceipjuanramonbeas\/wp-json\/wp\/v2\/pages\/77\/revisions\/2229"}],"wp:attachment":[{"href":"https:\/\/blogsaverroes.juntadeandalucia.es\/ceipjuanramonbeas\/wp-json\/wp\/v2\/media?parent=77"}],"curies":[{"name":"wp","href":"https:\/\/api.w.org\/{rel}","templated":true}]}}