{"id":35,"date":"2015-03-13T08:21:43","date_gmt":"2015-03-13T08:21:43","guid":{"rendered":"http:\/\/blogsaverroes.juntadeandalucia.es\/pre\/ceip\/?page_id=35"},"modified":"2024-01-26T11:31:45","modified_gmt":"2024-01-26T10:31:45","slug":"el-centro-2","status":"publish","type":"page","link":"https:\/\/blogsaverroes.juntadeandalucia.es\/ceipjuanramonjimenezviveros\/el-centro-2\/","title":{"rendered":"Datos del centro"},"content":{"rendered":"<h2>Datos de contacto<\/h2>\n<p><strong>C.E.I.P. Juan Ram\u00f3n Jim\u00e9nez-Viveros<\/strong><\/p>\n<p><strong>DIRECCI\u00d3N<\/strong>: &nbsp;C\/ San Jos\u00e9 de Calasanz s\/n. 41010 Sevilla<\/p>\n<p><small><a style=\"color: #0000ff;text-align: left\" href=\"http:\/\/maps.google.es\/maps?client=safari&amp;oe=UTF-8&amp;ie=UTF8&amp;q=colegio+juan+ramon+jimenez+sevilla&amp;fb=1&amp;gl=es&amp;hq=colegio+juan+ramon+jimenez&amp;hnear=0xd126c1114be6291:0x34f018621cfe5648,Sevilla&amp;cid=0,0,7236310897356696884&amp;t=m&amp;ll=37.376513,-6.012883&amp;spn=0.005968,0.00912&amp;z=16&amp;source=embed\" target=\"_blank\" rel=\"noopener noreferrer\">Ver mapa en GoogleMaps<\/a><\/small><\/p>\n<p><strong>TEL\u00c9FONO \/ FAX: 955 62 34 96<\/strong><\/p>\n<p><strong>EMAIL:<\/strong> 41007311.edu@juntadeandalucia.es<\/p>\n<h4><strong>Oferta educativa<\/strong><\/h4>\n<p>Ense\u00f1anza p\u00fablica para Infantil, Primaria y dos aulas espec\u00edficas de atenci\u00f3n al alumnado TEA.<\/p>\n<p>Centro Biling\u00fce.<\/p>\n<p>Comedor de gesti\u00f3n propia.<\/p>\n<h4>&nbsp;<\/h4>\n<p>&nbsp;<\/p>\n","protected":false},"excerpt":{"rendered":"<p>Datos de contacto C.E.I.P. Juan Ram\u00f3n Jim\u00e9nez-Viveros DIRECCI\u00d3N: &nbsp;C\/ San Jos\u00e9 de Calasanz s\/n. 41010 Sevilla Ver mapa en GoogleMaps TEL\u00c9FONO \/ FAX: 955 62 34 96 EMAIL: 41007311.edu@juntadeandalucia.es Oferta educativa Ense\u00f1anza p\u00fablica para Infantil, Primaria y dos aulas espec\u00edficas de atenci\u00f3n al alumnado TEA. Centro Biling\u00fce. Comedor de gesti\u00f3n propia. &nbsp; &nbsp;<\/p>\n","protected":false},"author":1,"featured_media":2647,"parent":0,"menu_order":0,"comment_status":"closed","ping_status":"open","template":"","meta":{"ngg_post_thumbnail":0,"footnotes":"","_mc_calendar":[]},"aioseo_notices":[],"_links":{"self":[{"href":"https:\/\/blogsaverroes.juntadeandalucia.es\/ceipjuanramonjimenezviveros\/wp-json\/wp\/v2\/pages\/35"}],"collection":[{"href":"https:\/\/blogsaverroes.juntadeandalucia.es\/ceipjuanramonjimenezviveros\/wp-json\/wp\/v2\/pages"}],"about":[{"href":"https:\/\/blogsaverroes.juntadeandalucia.es\/ceipjuanramonjimenezviveros\/wp-json\/wp\/v2\/types\/page"}],"author":[{"embeddable":true,"href":"https:\/\/blogsaverroes.juntadeandalucia.es\/ceipjuanramonjimenezviveros\/wp-json\/wp\/v2\/users\/1"}],"replies":[{"embeddable":true,"href":"https:\/\/blogsaverroes.juntadeandalucia.es\/ceipjuanramonjimenezviveros\/wp-json\/wp\/v2\/comments?post=35"}],"version-history":[{"count":20,"href":"https:\/\/blogsaverroes.juntadeandalucia.es\/ceipjuanramonjimenezviveros\/wp-json\/wp\/v2\/pages\/35\/revisions"}],"predecessor-version":[{"id":6749,"href":"https:\/\/blogsaverroes.juntadeandalucia.es\/ceipjuanramonjimenezviveros\/wp-json\/wp\/v2\/pages\/35\/revisions\/6749"}],"wp:featuredmedia":[{"embeddable":true,"href":"https:\/\/blogsaverroes.juntadeandalucia.es\/ceipjuanramonjimenezviveros\/wp-json\/wp\/v2\/media\/2647"}],"wp:attachment":[{"href":"https:\/\/blogsaverroes.juntadeandalucia.es\/ceipjuanramonjimenezviveros\/wp-json\/wp\/v2\/media?parent=35"}],"curies":[{"name":"wp","href":"https:\/\/api.w.org\/{rel}","templated":true}]}}