{"id":6101,"date":"2022-10-25T08:31:59","date_gmt":"2022-10-25T06:31:59","guid":{"rendered":"https:\/\/blogsaverroes.juntadeandalucia.es\/ceipjuanramonjimenezviveros\/?page_id=6101"},"modified":"2022-10-25T08:46:59","modified_gmt":"2022-10-25T06:46:59","slug":"contacto","status":"publish","type":"page","link":"https:\/\/blogsaverroes.juntadeandalucia.es\/ceipjuanramonjimenezviveros\/contacto\/","title":{"rendered":"CONTACTO"},"content":{"rendered":"<p><strong>C.E.I.P. Juan Ram\u00f3n Jim\u00e9nez-Viveros<\/strong><\/p>\n<p><strong>Direcci\u00f3n<\/strong>: &nbsp;C\/ San Jos\u00e9 de Calasanz s\/n. 41010 Sevilla (<small><a href=\"http:\/\/maps.google.es\/maps?client=safari&amp;oe=UTF-8&amp;ie=UTF8&amp;q=colegio+juan+ramon+jimenez+sevilla&amp;fb=1&amp;gl=es&amp;hq=colegio+juan+ramon+jimenez&amp;hnear=0xd126c1114be6291:0x34f018621cfe5648,Sevilla&amp;cid=0,0,7236310897356696884&amp;t=m&amp;ll=37.376513,-6.012883&amp;spn=0.005968,0.00912&amp;z=16&amp;source=embed\" target=\"_blank\" rel=\"noopener noreferrer\">Ver mapa en GoogleMaps)<\/a><\/small><\/p>\n<p><strong>Tel\u00e9fono \/ Fax: <\/strong>955 62 34 96<\/p>\n<p><strong>Correo electr\u00f3nico:<\/strong>&nbsp;<a href=\"mailto:41007311.edu@juntadeandalucia.es\">41007311.edu@juntadeandalucia.es<\/a><\/p>\n<p><strong>Secretar\u00eda a distancia<\/strong>: <a title=\"41007311.viveros.edu@juntadeandalucia.es\" href=\"mailto:41007311.viveros.edu@juntadeandalucia.es\">41007311.viveros.edu@juntadeandalucia.es<\/a><\/p>\n<p><em>Si tiene que adjuntar alg\u00fan documento h\u00e1galo en <strong>formato PDF<\/strong>. Gracias.<\/em><\/p>\n","protected":false},"excerpt":{"rendered":"<p>C.E.I.P. Juan Ram\u00f3n Jim\u00e9nez-Viveros Direcci\u00f3n: &nbsp;C\/ San Jos\u00e9 de Calasanz s\/n. 41010 Sevilla (Ver mapa en GoogleMaps) Tel\u00e9fono \/ Fax: 955 62 34 96 Correo electr\u00f3nico:&nbsp;41007311.edu@juntadeandalucia.es Secretar\u00eda a distancia: 41007311.viveros.edu@juntadeandalucia.es Si tiene que adjuntar alg\u00fan documento h\u00e1galo en formato PDF. Gracias.<\/p>\n","protected":false},"author":3109,"featured_media":0,"parent":0,"menu_order":0,"comment_status":"closed","ping_status":"closed","template":"","meta":{"ngg_post_thumbnail":0,"footnotes":"","_mc_calendar":[]},"aioseo_notices":[],"_links":{"self":[{"href":"https:\/\/blogsaverroes.juntadeandalucia.es\/ceipjuanramonjimenezviveros\/wp-json\/wp\/v2\/pages\/6101"}],"collection":[{"href":"https:\/\/blogsaverroes.juntadeandalucia.es\/ceipjuanramonjimenezviveros\/wp-json\/wp\/v2\/pages"}],"about":[{"href":"https:\/\/blogsaverroes.juntadeandalucia.es\/ceipjuanramonjimenezviveros\/wp-json\/wp\/v2\/types\/page"}],"author":[{"embeddable":true,"href":"https:\/\/blogsaverroes.juntadeandalucia.es\/ceipjuanramonjimenezviveros\/wp-json\/wp\/v2\/users\/3109"}],"replies":[{"embeddable":true,"href":"https:\/\/blogsaverroes.juntadeandalucia.es\/ceipjuanramonjimenezviveros\/wp-json\/wp\/v2\/comments?post=6101"}],"version-history":[{"count":5,"href":"https:\/\/blogsaverroes.juntadeandalucia.es\/ceipjuanramonjimenezviveros\/wp-json\/wp\/v2\/pages\/6101\/revisions"}],"predecessor-version":[{"id":6112,"href":"https:\/\/blogsaverroes.juntadeandalucia.es\/ceipjuanramonjimenezviveros\/wp-json\/wp\/v2\/pages\/6101\/revisions\/6112"}],"wp:attachment":[{"href":"https:\/\/blogsaverroes.juntadeandalucia.es\/ceipjuanramonjimenezviveros\/wp-json\/wp\/v2\/media?parent=6101"}],"curies":[{"name":"wp","href":"https:\/\/api.w.org\/{rel}","templated":true}]}}