{"id":1118,"date":"2022-11-29T17:12:33","date_gmt":"2022-11-29T16:12:33","guid":{"rendered":"https:\/\/blogsaverroes.juntadeandalucia.es\/ceipjupiter\/?page_id=1118"},"modified":"2023-05-23T16:33:51","modified_gmt":"2023-05-23T15:33:51","slug":"equipo-de-orientacion","status":"publish","type":"page","link":"https:\/\/blogsaverroes.juntadeandalucia.es\/ceipjupiter\/equipo-de-orientacion\/","title":{"rendered":"Apoyo Educativo"},"content":{"rendered":"<p>El equipo de Apoyo Educativo lo forman:<\/p>\n<p>&#8211;&nbsp;&nbsp;ISABEL M\u00aa L\u00d3PEZ ROM\u00c1N\/ Educaci\u00f3n Primaria\/ Profesora de Refuerzo Educativo<\/p>\n<p>&#8211; FERNANDO RAM\u00d3N CORDOB\u00c9S \/ Educaci\u00f3n Infantil \/ Profesor de Apoyo Covid<\/p>\n<p>El n\u00famero de alumnos que son atendidos por aula suele ser cuatro, para que el tiempo que se dedica a cada uno\/a sea suficiente para poder incidir en sus necesidades.<\/p>\n<p>Debido a las sustituciones que sobrevienen a lo largo del curso y que tendr\u00e1n que cubrir estos docentes, el apoyo puede quedar sin llevarse a cabo, durante periodos de tiempo indefinidos. Por lo que la dedicaci\u00f3n en estos planes de apoyo, variar\u00e1 seg\u00fan las circunstancias.<\/p>\n<p>La forma de trabajar de este equipo de Apoyo Educativo se basa en: la atenci\u00f3n individualizada, a partir de la informaci\u00f3n de los tutores\/as y la valoraci\u00f3n de estos maestros\/as. Se realiza preferentemente dentro del grupo clase, trabajando con materiales y de forma m\u00e1s manipulativa y visual.&nbsp;<\/p>\n<p>Programas de actuaci\u00f3n variar\u00e1 seg\u00fan la etapa educativa y las necesidades del alumnado, incluyendo un informe trimestral sobre sus logros y dificultades, as\u00ed como las actividades realizadas con estos discentes.<\/p>\n<p><img loading=\"lazy\" decoding=\"async\" class=\"aligncenter size-full wp-image-1710\" src=\"https:\/\/blogsaverroes.juntadeandalucia.es\/ceipjupiter\/files\/2023\/01\/RefuerzoCOVID.jpg\" alt=\"\" width=\"706\" height=\"520\" srcset=\"https:\/\/blogsaverroes.juntadeandalucia.es\/ceipjupiter\/files\/2023\/01\/RefuerzoCOVID.jpg 706w, https:\/\/blogsaverroes.juntadeandalucia.es\/ceipjupiter\/files\/2023\/01\/RefuerzoCOVID-480x354.jpg 480w\" sizes=\"(min-width: 0px) and (max-width: 480px) 480px, (min-width: 481px) 706px, 100vw\" \/><\/p>\n","protected":false},"excerpt":{"rendered":"<p>El equipo de Apoyo Educativo lo forman: &#8211;&nbsp;&nbsp;ISABEL M\u00aa L\u00d3PEZ ROM\u00c1N\/ Educaci\u00f3n Primaria\/ Profesora de Refuerzo Educativo &#8211; FERNANDO RAM\u00d3N CORDOB\u00c9S \/ Educaci\u00f3n Infantil \/ Profesor de Apoyo Covid El n\u00famero de alumnos que son atendidos por aula suele ser cuatro, para que el tiempo que se dedica a cada uno\/a sea suficiente para poder [&hellip;]<\/p>\n","protected":false},"author":15030,"featured_media":0,"parent":0,"menu_order":0,"comment_status":"closed","ping_status":"closed","template":"","meta":{"_et_pb_use_builder":"","_et_pb_old_content":"","_et_gb_content_width":"","ngg_post_thumbnail":0,"footnotes":""},"aioseo_notices":[],"_links":{"self":[{"href":"https:\/\/blogsaverroes.juntadeandalucia.es\/ceipjupiter\/wp-json\/wp\/v2\/pages\/1118"}],"collection":[{"href":"https:\/\/blogsaverroes.juntadeandalucia.es\/ceipjupiter\/wp-json\/wp\/v2\/pages"}],"about":[{"href":"https:\/\/blogsaverroes.juntadeandalucia.es\/ceipjupiter\/wp-json\/wp\/v2\/types\/page"}],"author":[{"embeddable":true,"href":"https:\/\/blogsaverroes.juntadeandalucia.es\/ceipjupiter\/wp-json\/wp\/v2\/users\/15030"}],"replies":[{"embeddable":true,"href":"https:\/\/blogsaverroes.juntadeandalucia.es\/ceipjupiter\/wp-json\/wp\/v2\/comments?post=1118"}],"version-history":[{"count":7,"href":"https:\/\/blogsaverroes.juntadeandalucia.es\/ceipjupiter\/wp-json\/wp\/v2\/pages\/1118\/revisions"}],"predecessor-version":[{"id":1739,"href":"https:\/\/blogsaverroes.juntadeandalucia.es\/ceipjupiter\/wp-json\/wp\/v2\/pages\/1118\/revisions\/1739"}],"wp:attachment":[{"href":"https:\/\/blogsaverroes.juntadeandalucia.es\/ceipjupiter\/wp-json\/wp\/v2\/media?parent=1118"}],"curies":[{"name":"wp","href":"https:\/\/api.w.org\/{rel}","templated":true}]}}