{"id":141,"date":"2015-03-17T07:13:24","date_gmt":"2015-03-17T07:13:24","guid":{"rendered":"http:\/\/blogsaverroes.juntadeandalucia.es\/pre\/ceip\/?page_id=141"},"modified":"2018-12-11T20:58:46","modified_gmt":"2018-12-11T20:58:46","slug":"escolarizacion","status":"publish","type":"page","link":"https:\/\/blogsaverroes.juntadeandalucia.es\/ceiplaalcazaba\/escolarizacion\/","title":{"rendered":"Escolarizaci\u00f3n"},"content":{"rendered":"<p><a href=\"http:\/\/blogsaverroes.juntadeandalucia.es\/ceiplaalcazaba\/files\/2014\/12\/escolarizacion.png\"><img decoding=\"async\" class=\"aligncenter wp-image-540 size-medium\" src=\"http:\/\/blogsaverroes.juntadeandalucia.es\/ceiplaalcazaba\/files\/2014\/12\/escolarizacion-300x57.png\" alt=\"\" width=\"300\" height=\"57\" srcset=\"https:\/\/blogsaverroes.juntadeandalucia.es\/ceiplaalcazaba\/files\/2014\/12\/escolarizacion-300x57.png 300w, https:\/\/blogsaverroes.juntadeandalucia.es\/ceiplaalcazaba\/files\/2014\/12\/escolarizacion-332x63.png 332w, https:\/\/blogsaverroes.juntadeandalucia.es\/ceiplaalcazaba\/files\/2014\/12\/escolarizacion.png 625w\" sizes=\"(max-width: 300px) 100vw, 300px\" \/><\/a><\/p>\n<p>Esta secci\u00f3n puede contener cuanta informaci\u00f3n sea de utilidad para las familias a la hora de de iniciar el proceso de escolarizaci\u00f3n: plazos, documentos, normativa, enlaces, etc.<\/p>\n<p><a title=\"Portal escolarizaci\u00f3n\" href=\"http:\/\/www.juntadeandalucia.es\/educacion\/webportal\/web\/portal-escolarizacion\/infantil-primaria-eso-bachillerato\" target=\"_blank\" rel=\"noopener\">Enlace al portal de escolarizaci\u00f3n.<\/a><\/p>\n<p><a title=\"Procedimiento\" href=\"http:\/\/www.juntadeandalucia.es\/educacion\/portals\/web\/escolarizacion\" target=\"_blank\" rel=\"noopener\">Normativa<\/a>&nbsp;sobre el proceso de escolarizaci\u00f3n.<\/p>\n","protected":false},"excerpt":{"rendered":"<p>Esta secci\u00f3n puede contener cuanta informaci\u00f3n sea de utilidad para las familias a la hora de de iniciar el proceso de escolarizaci\u00f3n: plazos, documentos, normativa, enlaces, etc. Enlace al portal de escolarizaci\u00f3n. Normativa&nbsp;sobre el proceso de escolarizaci\u00f3n.<\/p>\n","protected":false},"author":1,"featured_media":0,"parent":0,"menu_order":0,"comment_status":"closed","ping_status":"open","template":"","meta":{"_exactmetrics_skip_tracking":false,"_exactmetrics_sitenote_active":false,"_exactmetrics_sitenote_note":"","_exactmetrics_sitenote_category":0,"ngg_post_thumbnail":0,"footnotes":"","_mc_calendar":[]},"aioseo_notices":[],"_links":{"self":[{"href":"https:\/\/blogsaverroes.juntadeandalucia.es\/ceiplaalcazaba\/wp-json\/wp\/v2\/pages\/141"}],"collection":[{"href":"https:\/\/blogsaverroes.juntadeandalucia.es\/ceiplaalcazaba\/wp-json\/wp\/v2\/pages"}],"about":[{"href":"https:\/\/blogsaverroes.juntadeandalucia.es\/ceiplaalcazaba\/wp-json\/wp\/v2\/types\/page"}],"author":[{"embeddable":true,"href":"https:\/\/blogsaverroes.juntadeandalucia.es\/ceiplaalcazaba\/wp-json\/wp\/v2\/users\/1"}],"replies":[{"embeddable":true,"href":"https:\/\/blogsaverroes.juntadeandalucia.es\/ceiplaalcazaba\/wp-json\/wp\/v2\/comments?post=141"}],"version-history":[{"count":2,"href":"https:\/\/blogsaverroes.juntadeandalucia.es\/ceiplaalcazaba\/wp-json\/wp\/v2\/pages\/141\/revisions"}],"predecessor-version":[{"id":3151,"href":"https:\/\/blogsaverroes.juntadeandalucia.es\/ceiplaalcazaba\/wp-json\/wp\/v2\/pages\/141\/revisions\/3151"}],"wp:attachment":[{"href":"https:\/\/blogsaverroes.juntadeandalucia.es\/ceiplaalcazaba\/wp-json\/wp\/v2\/media?parent=141"}],"curies":[{"name":"wp","href":"https:\/\/api.w.org\/{rel}","templated":true}]}}