{"id":2347,"date":"2015-12-08T18:56:21","date_gmt":"2015-12-08T18:56:21","guid":{"rendered":"http:\/\/blogsaverroes.juntadeandalucia.es\/ceiplaalcazaba\/?page_id=2347"},"modified":"2025-09-08T20:38:01","modified_gmt":"2025-09-08T20:38:01","slug":"profesorado","status":"publish","type":"page","link":"https:\/\/blogsaverroes.juntadeandalucia.es\/ceiplaalcazaba\/profesorado\/","title":{"rendered":"PROFESORADO"},"content":{"rendered":"<p style=\"text-align: center\"><strong>PROFESORADO DEL CENTRO<\/strong><\/p>\n<p>&nbsp;<\/p>\n<p><strong><u>EDUCACI\u00d3N INFANTIL:<\/u><\/strong><\/p>\n<p><strong><u>Tutoras:<\/u><\/strong><\/p>\n<p><span style=\"font-family: 'Open Sans', sans-serif;font-size: 15px;font-style: normal;font-weight: 400\">Infantil 3 a\u00f1os, Do\u00f1a &nbsp;Nuria Mart\u00edn Romera<\/span><\/p>\n<p>Infantil 4 a\u00f1os, Do\u00f1a Laura Escalante Berraquero<\/p>\n<p>Infantil 5 a\u00f1os,&nbsp;Do\u00f1a&nbsp;Pastora Delgado Acosta&nbsp;<\/p>\n<p><strong><u>Coordinadora:<\/u><\/strong> <span style=\"font-family: 'Open Sans', sans-serif;font-size: 15px;font-style: normal;font-weight: 400\">Do\u00f1a Pastora Delgado Acosta<\/span><strong><u><br \/>\n<\/u><\/strong><\/p>\n<p><strong><u>EDUCACI\u00d3N PRIMARIA:<\/u><\/strong><\/p>\n<p><strong><u>Tutores\/as<\/u>:<\/strong><\/p>\n<p>1\u00ba, Do\u00f1a Cristina Herrera G\u00f3mez<\/p>\n<p>2\u00ba, Do\u00f1a Silvia L\u00f3pez Gil<\/p>\n<p>3\u00ba, Do\u00f1a Elisa Guti\u00e9rrez Moreno<\/p>\n<p>4\u00ba,&nbsp; Do\u00f1a Mar\u00eda Isabel Alonso L\u00f3pez<\/p>\n<p>5\u00ba , <span style=\"font-family: 'Open Sans', sans-serif;font-size: 15px;font-style: normal;font-weight: 400\">Do\u00f1a Mar\u00eda Dolores Barba L\u00f3pez<\/span><\/p>\n<p>6\u00ba , Don Javier Reyes Padilla<\/p>\n<p><strong><u>Coordinadores\/as:<\/u><\/strong><\/p>\n<p><strong>Primer Ciclo:&nbsp; &nbsp; &nbsp; &nbsp; &nbsp; &nbsp; &nbsp;<\/strong> Do\u00f1a Silvia L\u00f3pez Gil<\/p>\n<p><strong>Segundo Ciclo<\/strong>:&nbsp; &nbsp; &nbsp; &nbsp; &nbsp;&nbsp;Do\u00f1a Elisa Guti\u00e9rrez Moreno<\/p>\n<p><strong>Tercer Ciclo<\/strong>:&nbsp; &nbsp; &nbsp; &nbsp; &nbsp; &nbsp; &nbsp;Do\u00f1a Aurora Ayala Ramos<\/p>\n<p><strong><u>Otro profesorado<\/u><\/strong><u>:<\/u><\/p>\n<p>Do\u00f1a Lorena N\u00fa\u00f1ez V\u00e1zquez&nbsp; y Do\u00f1a Mar\u00eda Isabel Alonso L\u00f3pez &nbsp; &nbsp; &nbsp; &nbsp; &nbsp; &nbsp; Ingl\u00e9s<\/p>\n<p>Do\u00f1a&nbsp; Mar\u00eda Dolores Barba L\u00f3pez&nbsp; &nbsp; &nbsp; &nbsp; &nbsp; &nbsp; &nbsp; &nbsp; &nbsp; &nbsp; &nbsp; &nbsp; &nbsp; &nbsp; &nbsp; &nbsp; &nbsp; &nbsp; &nbsp; &nbsp; &nbsp; &nbsp; &nbsp; &nbsp; &nbsp; &nbsp; &nbsp; &nbsp; &nbsp; &nbsp; &nbsp; &nbsp; &nbsp; &nbsp; Franc\u00e9s<\/p>\n<p>Do\u00f1a M\u00aa Auxiliadora Infante Infante&nbsp;&nbsp;&nbsp;&nbsp;&nbsp;&nbsp;&nbsp;&nbsp;&nbsp;&nbsp;&nbsp;&nbsp;&nbsp; Religi\u00f3n Cat\u00f3lica<\/p>\n<p>Do\u00f1a M\u00aa Blanca Aguillo Rodr\u00edguez&nbsp;&nbsp;&nbsp;&nbsp;&nbsp;&nbsp;&nbsp;&nbsp;&nbsp;&nbsp;&nbsp;&nbsp;&nbsp;&nbsp; Religi\u00f3n Evang\u00e9lica<\/p>\n<p>D. Javier Reyes Padilla&nbsp; &nbsp; &nbsp; &nbsp; &nbsp; &nbsp; &nbsp; &nbsp; &nbsp; &nbsp; &nbsp; &nbsp; &nbsp; &nbsp; &nbsp; &nbsp; &nbsp; &nbsp; Educaci\u00f3n F\u00edsica<\/p>\n<p>Do\u00f1a Elisa Guti\u00e9rrez Moreno&nbsp; &nbsp; &nbsp; &nbsp; &nbsp; &nbsp; &nbsp; &nbsp; &nbsp; &nbsp; &nbsp; &nbsp;M\u00fasica Biling\u00fce y Educaci\u00f3n Art\u00edstica<\/p>\n<p>Don Luis Miguel Morej\u00f3n \u00c1lvarez&nbsp; &nbsp; &nbsp; &nbsp; Pedagog\u00eda Terap\u00e9utica.<\/p>\n<p>Do\u00f1a&nbsp; &nbsp; &nbsp; &nbsp; &nbsp; &nbsp; &nbsp; &nbsp; &nbsp; &nbsp; &nbsp; &nbsp; &nbsp; &nbsp; &nbsp; &nbsp; &nbsp; &nbsp; &nbsp; &nbsp; &nbsp; &nbsp; &nbsp; &nbsp; &nbsp; &nbsp; &nbsp; &nbsp; &nbsp; &nbsp; Audici\u00f3n y Lenguaje<\/p>\n<p>Do\u00f1a Aurora Ayala Ramos&nbsp; &nbsp; &nbsp; &nbsp; &nbsp; &nbsp; &nbsp; &nbsp; &nbsp; Apoyo Ed. Primaria.<\/p>\n<p>Do\u00f1a Mari Carmen S\u00e1nchez Mar\u00edn&nbsp; &nbsp; &nbsp; &nbsp; &nbsp; &nbsp; &nbsp; &nbsp; &nbsp; Ed. Primaria-Biling\u00fce.<\/p>\n<p>Don Fernando de Lamo Velasco&nbsp;&nbsp;&nbsp;&nbsp;&nbsp; Ed. Primaria. Coordinador Tic.&nbsp; Coordinador TDE, Coordinador Plan Familia,&nbsp; Responsable CompDigEdu, coordinador PROA,&nbsp;<strong><u><br \/>\n<\/u><\/strong><\/p>\n<p><strong><u>TUTOR\u00cdAS DE PADRES Y MADRES:<\/u><\/strong><\/p>\n<p>Las tutor\u00edas ser\u00e1n solicitadas a los tutores\/as de sus hijos\/as con antelaci\u00f3n para poder tratar los asuntos relacionados con su educaci\u00f3n<\/p>\n<p><strong><u>PERSONAL DE ADMINISTRACI\u00d3N Y SERVICIOS<\/u><\/strong><\/p>\n<p>Monitora Escolar: Fermina Iglesias Garc\u00eda<\/p>\n<p>Empleado Municipal destinado al Centro:&nbsp; Don Mois\u00e9s Valle Ruano<\/p>\n<p><strong><u>HORARIO DE SECRETARIA<\/u><\/strong><\/p>\n<p>De Lunes a viernes de <em>10.00<\/em> a <em>13.00<\/em> horas.<\/p>\n","protected":false},"excerpt":{"rendered":"<p>PROFESORADO DEL CENTRO &nbsp; EDUCACI\u00d3N INFANTIL: Tutoras: Infantil 3 a\u00f1os, Do\u00f1a &nbsp;Nuria Mart\u00edn Romera Infantil 4 a\u00f1os, Do\u00f1a Laura Escalante Berraquero Infantil 5 a\u00f1os,&nbsp;Do\u00f1a&nbsp;Pastora Delgado Acosta&nbsp; Coordinadora: Do\u00f1a Pastora Delgado Acosta EDUCACI\u00d3N PRIMARIA: Tutores\/as: 1\u00ba, Do\u00f1a Cristina Herrera G\u00f3mez 2\u00ba, Do\u00f1a Silvia L\u00f3pez Gil 3\u00ba, Do\u00f1a Elisa Guti\u00e9rrez Moreno 4\u00ba,&nbsp; Do\u00f1a Mar\u00eda Isabel Alonso L\u00f3pez &hellip; <a href=\"https:\/\/blogsaverroes.juntadeandalucia.es\/ceiplaalcazaba\/profesorado\/\" class=\"more-link\">Sigue leyendo <span class=\"screen-reader-text\">PROFESORADO<\/span><\/a><\/p>\n","protected":false},"author":1941,"featured_media":0,"parent":0,"menu_order":0,"comment_status":"open","ping_status":"open","template":"","meta":{"_exactmetrics_skip_tracking":false,"_exactmetrics_sitenote_active":false,"_exactmetrics_sitenote_note":"","_exactmetrics_sitenote_category":0,"ngg_post_thumbnail":0,"footnotes":"","_mc_calendar":[]},"aioseo_notices":[],"_links":{"self":[{"href":"https:\/\/blogsaverroes.juntadeandalucia.es\/ceiplaalcazaba\/wp-json\/wp\/v2\/pages\/2347"}],"collection":[{"href":"https:\/\/blogsaverroes.juntadeandalucia.es\/ceiplaalcazaba\/wp-json\/wp\/v2\/pages"}],"about":[{"href":"https:\/\/blogsaverroes.juntadeandalucia.es\/ceiplaalcazaba\/wp-json\/wp\/v2\/types\/page"}],"author":[{"embeddable":true,"href":"https:\/\/blogsaverroes.juntadeandalucia.es\/ceiplaalcazaba\/wp-json\/wp\/v2\/users\/1941"}],"replies":[{"embeddable":true,"href":"https:\/\/blogsaverroes.juntadeandalucia.es\/ceiplaalcazaba\/wp-json\/wp\/v2\/comments?post=2347"}],"version-history":[{"count":18,"href":"https:\/\/blogsaverroes.juntadeandalucia.es\/ceiplaalcazaba\/wp-json\/wp\/v2\/pages\/2347\/revisions"}],"predecessor-version":[{"id":2482,"href":"https:\/\/blogsaverroes.juntadeandalucia.es\/ceiplaalcazaba\/wp-json\/wp\/v2\/pages\/2347\/revisions\/2482"}],"wp:attachment":[{"href":"https:\/\/blogsaverroes.juntadeandalucia.es\/ceiplaalcazaba\/wp-json\/wp\/v2\/media?parent=2347"}],"curies":[{"name":"wp","href":"https:\/\/api.w.org\/{rel}","templated":true}]}}