{"id":2350,"date":"2015-12-08T19:16:06","date_gmt":"2015-12-08T19:16:06","guid":{"rendered":"http:\/\/blogsaverroes.juntadeandalucia.es\/ceiplaalcazaba\/?page_id=2350"},"modified":"2025-10-02T15:19:48","modified_gmt":"2025-10-02T15:19:48","slug":"consejo-escolar","status":"publish","type":"page","link":"https:\/\/blogsaverroes.juntadeandalucia.es\/ceiplaalcazaba\/consejo-escolar\/","title":{"rendered":"CONSEJO ESCOLAR"},"content":{"rendered":"<p style=\"text-align: center\"><strong>CONSEJO ESCOLAR<\/strong><\/p>\n<p>ES EL \u00d3RGANO DE GOBIERNO DEL CENTRO EN EL QUE SE ENCUENTRAN REPRESENTADOS LOS DIFERENTES SECTORES DE LA COMUNIDAD EDUCATIVA.<\/p>\n<p><strong><u>COMPONENTES:<\/u><\/strong><\/p>\n<p><strong>Presidenta<\/strong>: &nbsp;&nbsp;&nbsp;&nbsp;&nbsp;&nbsp;&nbsp;&nbsp;&nbsp;&nbsp;&nbsp;&nbsp;&nbsp;&nbsp;&nbsp; D\u00aa M\u00aa del Carmen S\u00e1nchez Mar\u00edn<\/p>\n<p><strong>Secretario<\/strong>: &nbsp;&nbsp;&nbsp;&nbsp;&nbsp;&nbsp;&nbsp;&nbsp;&nbsp;&nbsp;&nbsp;&nbsp;&nbsp;&nbsp;&nbsp; D. Jos\u00e9 Fernando de Lamos Velasco<\/p>\n<p><strong>Jefa de Estudios<\/strong>: &nbsp;&nbsp;&nbsp;&nbsp;&nbsp; D\u00aa Lorena N\u00fa\u00f1ez V\u00e1zquez<\/p>\n<p><strong>&nbsp;Representantes del Profesorado&nbsp;&nbsp;&nbsp;&nbsp; <\/strong>&nbsp; &nbsp; &nbsp; &nbsp; &nbsp; &nbsp; &nbsp; &nbsp; &nbsp; &nbsp; &nbsp; &nbsp;&nbsp; &nbsp; &nbsp; &nbsp; &nbsp; &nbsp; &nbsp; &nbsp; &nbsp; &nbsp; &nbsp; &nbsp; &nbsp; &nbsp; &nbsp; &nbsp; &nbsp; &nbsp; &nbsp; &nbsp; &nbsp; &nbsp; &nbsp; &nbsp;<\/p>\n<table style=\"height: 144px;width: 100%\" width=\"541\">\n<tbody>\n<tr style=\"height: 24px\">\n<td style=\"width: 533.6px;text-align: left;height: 24px\">Ayala Ramos, Aurora<\/td>\n<\/tr>\n<tr style=\"height: 24px\">\n<td style=\"width: 533.6px;text-align: left;height: 24px\">Delgado Acosta, Pastora<\/p>\n<p>Guti\u00e9rrez Moreno, Elisa<\/td>\n<\/tr>\n<tr style=\"height: 24px\">\n<td style=\"width: 533.6px;text-align: left;height: 24px\">Infante Infante, Auxiliadora<\/td>\n<\/tr>\n<tr style=\"height: 24px\">\n<td style=\"width: 533.6px;text-align: left;height: 24px\">L\u00f3pez Gil, Silvia<\/td>\n<\/tr>\n<tr style=\"height: 24px\">\n<td style=\"width: 533.6px;text-align: left;height: 24px\">Mart\u00edn Romera, Nuria<\/td>\n<\/tr>\n<tr style=\"height: 24px\">\n<td style=\"width: 533.6px;text-align: left;height: 24px\">&nbsp;<\/td>\n<\/tr>\n<\/tbody>\n<\/table>\n<p><strong>Representantes Sector padres\/madres de alumnos\/as:<\/strong><\/p>\n<table width=\"706\">\n<tbody>\n<tr>\n<td style=\"text-align: left\" width=\"706\">Berm\u00fadez Jaro, Desir\u00e9e<\/p>\n<p>De la Calle Cabrera, Roc\u00edo<\/p>\n<p>Dom\u00ednguez Santos, Virginia<\/td>\n<\/tr>\n<tr>\n<td style=\"text-align: left\">Fern\u00e1ndez Moreno, Tamara<\/p>\n<p>Ja\u00e9n Ben\u00edtez, Carolina<\/td>\n<\/tr>\n<tr>\n<td style=\"text-align: left\">Soler Haro, Vanesa<\/td>\n<\/tr>\n<tr>\n<td style=\"text-align: left\">Vasco Solana, Marian<\/td>\n<\/tr>\n<tr>\n<td style=\"text-align: left\">&nbsp;<\/td>\n<\/tr>\n<tr>\n<td style=\"text-align: left\">&nbsp;<\/td>\n<\/tr>\n<tr>\n<td style=\"text-align: left\">&nbsp;<\/td>\n<\/tr>\n<\/tbody>\n<\/table>\n<p><strong>Representante del Personal de Adm. y Servicios<\/strong>:<\/p>\n<p>Valle Ruano, Mois\u00e9s<\/p>\n<p><strong>Representante del Excmo. Ayuntamiento<\/strong>:<\/p>\n<p style=\"text-align: left\">Lozano&nbsp;Carrero,&nbsp;Cristina<\/p>\n","protected":false},"excerpt":{"rendered":"<p>CONSEJO ESCOLAR ES EL \u00d3RGANO DE GOBIERNO DEL CENTRO EN EL QUE SE ENCUENTRAN REPRESENTADOS LOS DIFERENTES SECTORES DE LA COMUNIDAD EDUCATIVA. COMPONENTES: Presidenta: &nbsp;&nbsp;&nbsp;&nbsp;&nbsp;&nbsp;&nbsp;&nbsp;&nbsp;&nbsp;&nbsp;&nbsp;&nbsp;&nbsp;&nbsp; D\u00aa M\u00aa del Carmen S\u00e1nchez Mar\u00edn Secretario: &nbsp;&nbsp;&nbsp;&nbsp;&nbsp;&nbsp;&nbsp;&nbsp;&nbsp;&nbsp;&nbsp;&nbsp;&nbsp;&nbsp;&nbsp; D. Jos\u00e9 Fernando de Lamos Velasco Jefa de Estudios: &nbsp;&nbsp;&nbsp;&nbsp;&nbsp; D\u00aa Lorena N\u00fa\u00f1ez V\u00e1zquez &nbsp;Representantes del Profesorado&nbsp;&nbsp;&nbsp;&nbsp; &nbsp; &nbsp; &nbsp; &nbsp; &nbsp; &hellip; <a href=\"https:\/\/blogsaverroes.juntadeandalucia.es\/ceiplaalcazaba\/consejo-escolar\/\" class=\"more-link\">Sigue leyendo <span class=\"screen-reader-text\">CONSEJO ESCOLAR<\/span><\/a><\/p>\n","protected":false},"author":1941,"featured_media":0,"parent":0,"menu_order":0,"comment_status":"open","ping_status":"open","template":"","meta":{"_exactmetrics_skip_tracking":false,"_exactmetrics_sitenote_active":false,"_exactmetrics_sitenote_note":"","_exactmetrics_sitenote_category":0,"ngg_post_thumbnail":0,"footnotes":"","_mc_calendar":[]},"aioseo_notices":[],"_links":{"self":[{"href":"https:\/\/blogsaverroes.juntadeandalucia.es\/ceiplaalcazaba\/wp-json\/wp\/v2\/pages\/2350"}],"collection":[{"href":"https:\/\/blogsaverroes.juntadeandalucia.es\/ceiplaalcazaba\/wp-json\/wp\/v2\/pages"}],"about":[{"href":"https:\/\/blogsaverroes.juntadeandalucia.es\/ceiplaalcazaba\/wp-json\/wp\/v2\/types\/page"}],"author":[{"embeddable":true,"href":"https:\/\/blogsaverroes.juntadeandalucia.es\/ceiplaalcazaba\/wp-json\/wp\/v2\/users\/1941"}],"replies":[{"embeddable":true,"href":"https:\/\/blogsaverroes.juntadeandalucia.es\/ceiplaalcazaba\/wp-json\/wp\/v2\/comments?post=2350"}],"version-history":[{"count":16,"href":"https:\/\/blogsaverroes.juntadeandalucia.es\/ceiplaalcazaba\/wp-json\/wp\/v2\/pages\/2350\/revisions"}],"predecessor-version":[{"id":4051,"href":"https:\/\/blogsaverroes.juntadeandalucia.es\/ceiplaalcazaba\/wp-json\/wp\/v2\/pages\/2350\/revisions\/4051"}],"wp:attachment":[{"href":"https:\/\/blogsaverroes.juntadeandalucia.es\/ceiplaalcazaba\/wp-json\/wp\/v2\/media?parent=2350"}],"curies":[{"name":"wp","href":"https:\/\/api.w.org\/{rel}","templated":true}]}}