{"id":2361,"date":"2015-12-08T21:20:19","date_gmt":"2015-12-08T21:20:19","guid":{"rendered":"http:\/\/blogsaverroes.juntadeandalucia.es\/ceiplaalcazaba\/?page_id=2361"},"modified":"2018-12-04T17:58:30","modified_gmt":"2018-12-04T17:58:30","slug":"bienvenida","status":"publish","type":"page","link":"https:\/\/blogsaverroes.juntadeandalucia.es\/ceiplaalcazaba\/bienvenida\/","title":{"rendered":"Bienvenida"},"content":{"rendered":"<p style=\"text-align: center\"><a href=\"http:\/\/blogsaverroes.juntadeandalucia.es\/ceiplaalcazaba\/files\/2015\/12\/diseno-web.jpg\"><img decoding=\"async\" class=\"aligncenter size-medium wp-image-2363\" src=\"http:\/\/blogsaverroes.juntadeandalucia.es\/ceiplaalcazaba\/files\/2015\/12\/diseno-web-300x113.jpg\" alt=\"diseno-web\" width=\"300\" height=\"113\" srcset=\"https:\/\/blogsaverroes.juntadeandalucia.es\/ceiplaalcazaba\/files\/2015\/12\/diseno-web-300x113.jpg 300w, https:\/\/blogsaverroes.juntadeandalucia.es\/ceiplaalcazaba\/files\/2015\/12\/diseno-web-1024x387.jpg 1024w, https:\/\/blogsaverroes.juntadeandalucia.es\/ceiplaalcazaba\/files\/2015\/12\/diseno-web-700x264.jpg 700w, https:\/\/blogsaverroes.juntadeandalucia.es\/ceiplaalcazaba\/files\/2015\/12\/diseno-web.jpg 1600w\" sizes=\"(max-width: 300px) 100vw, 300px\" \/><\/a><strong>Bienvenida a la p\u00e1gina Web del centro.<\/strong><\/p>\n<p style=\"text-align: center\">Una p\u00e1gina Web para el centro moderna, din\u00e1mica, con m\u00e1s informaci\u00f3n, &#8230;&nbsp; con el mismo objetivo de&nbsp; mantener informados a toda la Comunidad Educativa de nuestro Centro.&nbsp;<\/p>\n<p style=\"text-align: center\">Nuestra p\u00e1gina Web pretende ser un canal fluido y eficaz de informaci\u00f3n, eso s\u00ed, sin olvidar que el mantenimiento de la misma corre a cargo del profesorado del centro que de manera voluntaria la lleva a cabo.<\/p>\n<p style=\"text-align: center\">Desde aqu\u00ed reiterar nuestra bienvenida a los que visitan por primera vez esta Web y a los que ya lo ven\u00edan haciendo animarles para que hagan las aportaciones que consideren oportunas.<\/p>\n<p style=\"text-align: center\">Gracias.<\/p>\n<p style=\"text-align: center\">El Equipo Directivo.<\/p>\n","protected":false},"excerpt":{"rendered":"<p>Bienvenida a la p\u00e1gina Web del centro. Una p\u00e1gina Web para el centro moderna, din\u00e1mica, con m\u00e1s informaci\u00f3n, &#8230;&nbsp; con el mismo objetivo de&nbsp; mantener informados a toda la Comunidad Educativa de nuestro Centro.&nbsp; Nuestra p\u00e1gina Web pretende ser un canal fluido y eficaz de informaci\u00f3n, eso s\u00ed, sin olvidar que el mantenimiento de la &hellip; <a href=\"https:\/\/blogsaverroes.juntadeandalucia.es\/ceiplaalcazaba\/bienvenida\/\" class=\"more-link\">Sigue leyendo <span class=\"screen-reader-text\">Bienvenida<\/span><\/a><\/p>\n","protected":false},"author":1941,"featured_media":0,"parent":0,"menu_order":0,"comment_status":"open","ping_status":"open","template":"","meta":{"_exactmetrics_skip_tracking":false,"_exactmetrics_sitenote_active":false,"_exactmetrics_sitenote_note":"","_exactmetrics_sitenote_category":0,"ngg_post_thumbnail":0,"footnotes":"","_mc_calendar":[]},"aioseo_notices":[],"_links":{"self":[{"href":"https:\/\/blogsaverroes.juntadeandalucia.es\/ceiplaalcazaba\/wp-json\/wp\/v2\/pages\/2361"}],"collection":[{"href":"https:\/\/blogsaverroes.juntadeandalucia.es\/ceiplaalcazaba\/wp-json\/wp\/v2\/pages"}],"about":[{"href":"https:\/\/blogsaverroes.juntadeandalucia.es\/ceiplaalcazaba\/wp-json\/wp\/v2\/types\/page"}],"author":[{"embeddable":true,"href":"https:\/\/blogsaverroes.juntadeandalucia.es\/ceiplaalcazaba\/wp-json\/wp\/v2\/users\/1941"}],"replies":[{"embeddable":true,"href":"https:\/\/blogsaverroes.juntadeandalucia.es\/ceiplaalcazaba\/wp-json\/wp\/v2\/comments?post=2361"}],"version-history":[{"count":5,"href":"https:\/\/blogsaverroes.juntadeandalucia.es\/ceiplaalcazaba\/wp-json\/wp\/v2\/pages\/2361\/revisions"}],"predecessor-version":[{"id":3118,"href":"https:\/\/blogsaverroes.juntadeandalucia.es\/ceiplaalcazaba\/wp-json\/wp\/v2\/pages\/2361\/revisions\/3118"}],"wp:attachment":[{"href":"https:\/\/blogsaverroes.juntadeandalucia.es\/ceiplaalcazaba\/wp-json\/wp\/v2\/media?parent=2361"}],"curies":[{"name":"wp","href":"https:\/\/api.w.org\/{rel}","templated":true}]}}