{"id":35,"date":"2015-03-13T08:21:43","date_gmt":"2015-03-13T08:21:43","guid":{"rendered":"http:\/\/blogsaverroes.juntadeandalucia.es\/pre\/ceip\/?page_id=35"},"modified":"2018-12-04T18:01:25","modified_gmt":"2018-12-04T18:01:25","slug":"el-centro-2","status":"publish","type":"page","link":"https:\/\/blogsaverroes.juntadeandalucia.es\/ceiplaalcazaba\/el-centro-2\/","title":{"rendered":"Datos del centro"},"content":{"rendered":"<p>&nbsp;<\/p>\n<h4><strong>Datos de contacto<\/strong><\/h4>\n<p>C.E.I.P. \u201cLA ALCAZABA\u201d&nbsp;&nbsp;&nbsp;&nbsp;&nbsp;&nbsp;&nbsp;&nbsp;&nbsp;&nbsp;&nbsp;&nbsp;&nbsp;&nbsp;&nbsp;&nbsp;&nbsp;&nbsp;&nbsp;&nbsp;&nbsp;&nbsp;&nbsp;&nbsp;&nbsp;&nbsp;&nbsp; C\u00f3digo.: 11008288<\/p>\n<p>C\/ Almer\u00eda s\/n Barriada la Granja.<\/p>\n<p>11405 \u2013 JEREZ DE LA FRONTERA. (CADIZ).<\/p>\n<p>Tel.: 856811586.&nbsp;&nbsp;&nbsp;&nbsp;&nbsp;&nbsp; FAX: 856811591<\/p>\n<p>PAGINA WEB: <a href=\"https:\/\/blogsaverroes.juntadeandalucia.es\/ceiplaalcazaba\/\">blogsaverroes.juntadeandalucia.es\/ceiplalacazaba\/<\/a><\/p>\n<p>SECRETAR\u00cdA DE LUNES A VIERNES DE 13:00 A 14:00 HORAS.<\/p>\n<p>E-MAIL: 11008288.edu@juntadeandalucia.es<\/p>\n<h4><strong>Horarios<\/strong><\/h4>\n<p>El horario Regular del centro es de lunes a viernes de 9:00 a 14:00 horas.<\/p>\n<p><strong>Oferta educativa<\/strong><\/p>\n<p>El centro ofrece las siguientes ense\u00f1anzas: 2\u00ba Ciclo de Ed. Infantil y Ed. Primaria. A partir del curso 2017\/18 el centro es biling\u00fce. As\u00ed mismo, la implantaci\u00f3n del franc\u00e9s se ha realizado en los cursos de &nbsp;3\u00ba, 4\u00ba, 5\u00ba y 6\u00ba. Tambi\u00e9n contamos con el Plan de Apoyo a las Familias: &nbsp;Aula Matinal y Actividades Extraescolares.<\/p>\n<p>&nbsp;<\/p>\n","protected":false},"excerpt":{"rendered":"<p>&nbsp; Datos de contacto C.E.I.P. \u201cLA ALCAZABA\u201d&nbsp;&nbsp;&nbsp;&nbsp;&nbsp;&nbsp;&nbsp;&nbsp;&nbsp;&nbsp;&nbsp;&nbsp;&nbsp;&nbsp;&nbsp;&nbsp;&nbsp;&nbsp;&nbsp;&nbsp;&nbsp;&nbsp;&nbsp;&nbsp;&nbsp;&nbsp;&nbsp; C\u00f3digo.: 11008288 C\/ Almer\u00eda s\/n Barriada la Granja. 11405 \u2013 JEREZ DE LA FRONTERA. (CADIZ). Tel.: 856811586.&nbsp;&nbsp;&nbsp;&nbsp;&nbsp;&nbsp; FAX: 856811591 PAGINA WEB: blogsaverroes.juntadeandalucia.es\/ceiplalacazaba\/ SECRETAR\u00cdA DE LUNES A VIERNES DE 13:00 A 14:00 HORAS. E-MAIL: 11008288.edu@juntadeandalucia.es Horarios El horario Regular del centro es de lunes a viernes de 9:00 a &hellip; <a href=\"https:\/\/blogsaverroes.juntadeandalucia.es\/ceiplaalcazaba\/el-centro-2\/\" class=\"more-link\">Sigue leyendo <span class=\"screen-reader-text\">Datos del centro<\/span><\/a><\/p>\n","protected":false},"author":1,"featured_media":0,"parent":0,"menu_order":0,"comment_status":"closed","ping_status":"open","template":"","meta":{"_exactmetrics_skip_tracking":false,"_exactmetrics_sitenote_active":false,"_exactmetrics_sitenote_note":"","_exactmetrics_sitenote_category":0,"ngg_post_thumbnail":0,"footnotes":"","_mc_calendar":[]},"aioseo_notices":[],"_links":{"self":[{"href":"https:\/\/blogsaverroes.juntadeandalucia.es\/ceiplaalcazaba\/wp-json\/wp\/v2\/pages\/35"}],"collection":[{"href":"https:\/\/blogsaverroes.juntadeandalucia.es\/ceiplaalcazaba\/wp-json\/wp\/v2\/pages"}],"about":[{"href":"https:\/\/blogsaverroes.juntadeandalucia.es\/ceiplaalcazaba\/wp-json\/wp\/v2\/types\/page"}],"author":[{"embeddable":true,"href":"https:\/\/blogsaverroes.juntadeandalucia.es\/ceiplaalcazaba\/wp-json\/wp\/v2\/users\/1"}],"replies":[{"embeddable":true,"href":"https:\/\/blogsaverroes.juntadeandalucia.es\/ceiplaalcazaba\/wp-json\/wp\/v2\/comments?post=35"}],"version-history":[{"count":14,"href":"https:\/\/blogsaverroes.juntadeandalucia.es\/ceiplaalcazaba\/wp-json\/wp\/v2\/pages\/35\/revisions"}],"predecessor-version":[{"id":3119,"href":"https:\/\/blogsaverroes.juntadeandalucia.es\/ceiplaalcazaba\/wp-json\/wp\/v2\/pages\/35\/revisions\/3119"}],"wp:attachment":[{"href":"https:\/\/blogsaverroes.juntadeandalucia.es\/ceiplaalcazaba\/wp-json\/wp\/v2\/media?parent=35"}],"curies":[{"name":"wp","href":"https:\/\/api.w.org\/{rel}","templated":true}]}}