{"id":871,"date":"2015-03-16T07:25:46","date_gmt":"2015-03-16T07:25:46","guid":{"rendered":"http:\/\/blogsaverroes.juntadeandalucia.es\/pre\/ceip\/?page_id=106"},"modified":"2025-09-08T20:52:01","modified_gmt":"2025-09-08T20:52:01","slug":"actividades-extraescolares","status":"publish","type":"page","link":"https:\/\/blogsaverroes.juntadeandalucia.es\/ceiplaalcazaba\/actividades-extraescolares\/","title":{"rendered":"Actividades extraescolares"},"content":{"rendered":"<p><img fetchpriority=\"high\" decoding=\"async\" class=\"aligncenter size-medium wp-image-556\" src=\"http:\/\/blogsaverroes.juntadeandalucia.es\/ceiplaalcazaba\/files\/2014\/12\/talleres-300x200.jpg\" alt=\"talleres\" width=\"300\" height=\"200\" srcset=\"https:\/\/blogsaverroes.juntadeandalucia.es\/ceiplaalcazaba\/files\/2014\/12\/talleres-300x200.jpg 300w, https:\/\/blogsaverroes.juntadeandalucia.es\/ceiplaalcazaba\/files\/2014\/12\/talleres-1024x682.jpg 1024w, https:\/\/blogsaverroes.juntadeandalucia.es\/ceiplaalcazaba\/files\/2014\/12\/talleres-700x466.jpg 700w, https:\/\/blogsaverroes.juntadeandalucia.es\/ceiplaalcazaba\/files\/2014\/12\/talleres-332x221.jpg 332w, https:\/\/blogsaverroes.juntadeandalucia.es\/ceiplaalcazaba\/files\/2014\/12\/talleres.jpg 1280w\" sizes=\"(max-width: 300px) 100vw, 300px\" \/><\/p>\n<p>&nbsp;<\/p>\n<p>Para hacer posible la realizaci\u00f3n de estas actividades fuera del horario lectivo, los centros pueden abrir sus instalaciones hasta las 18.00 todos los d\u00edas lectivos con excepci\u00f3n de los viernes, en los que el cierre se establece a las 16.00.<\/p>\n<p>Los talleres organizados&nbsp;para este curso&nbsp;son:<\/p>\n<p>Dibujo y Pintura (Infantil)<\/p>\n<p>Dibujo y Pintura (Primaria)<\/p>\n<p>Multideportes (Primaria).<\/p>\n<p>El precio por taller se establece en 16.81 euros pero a este precio hay que aplicarle la bonificaci\u00f3n a la que cada familia tenga derecho seg\u00fan sus ingresos.<\/p>\n","protected":false},"excerpt":{"rendered":"<p>&nbsp; Para hacer posible la realizaci\u00f3n de estas actividades fuera del horario lectivo, los centros pueden abrir sus instalaciones hasta las 18.00 todos los d\u00edas lectivos con excepci\u00f3n de los viernes, en los que el cierre se establece a las 16.00. Los talleres organizados&nbsp;para este curso&nbsp;son: Dibujo y Pintura (Infantil) Dibujo y Pintura (Primaria) Multideportes &hellip; <a href=\"https:\/\/blogsaverroes.juntadeandalucia.es\/ceiplaalcazaba\/actividades-extraescolares\/\" class=\"more-link\">Sigue leyendo <span class=\"screen-reader-text\">Actividades extraescolares<\/span><\/a><\/p>\n","protected":false},"author":1,"featured_media":0,"parent":0,"menu_order":0,"comment_status":"closed","ping_status":"open","template":"","meta":{"_exactmetrics_skip_tracking":false,"_exactmetrics_sitenote_active":false,"_exactmetrics_sitenote_note":"","_exactmetrics_sitenote_category":0,"ngg_post_thumbnail":0,"footnotes":"","_mc_calendar":[]},"aioseo_notices":[],"_links":{"self":[{"href":"https:\/\/blogsaverroes.juntadeandalucia.es\/ceiplaalcazaba\/wp-json\/wp\/v2\/pages\/871"}],"collection":[{"href":"https:\/\/blogsaverroes.juntadeandalucia.es\/ceiplaalcazaba\/wp-json\/wp\/v2\/pages"}],"about":[{"href":"https:\/\/blogsaverroes.juntadeandalucia.es\/ceiplaalcazaba\/wp-json\/wp\/v2\/types\/page"}],"author":[{"embeddable":true,"href":"https:\/\/blogsaverroes.juntadeandalucia.es\/ceiplaalcazaba\/wp-json\/wp\/v2\/users\/1"}],"replies":[{"embeddable":true,"href":"https:\/\/blogsaverroes.juntadeandalucia.es\/ceiplaalcazaba\/wp-json\/wp\/v2\/comments?post=871"}],"version-history":[{"count":10,"href":"https:\/\/blogsaverroes.juntadeandalucia.es\/ceiplaalcazaba\/wp-json\/wp\/v2\/pages\/871\/revisions"}],"predecessor-version":[{"id":4044,"href":"https:\/\/blogsaverroes.juntadeandalucia.es\/ceiplaalcazaba\/wp-json\/wp\/v2\/pages\/871\/revisions\/4044"}],"wp:attachment":[{"href":"https:\/\/blogsaverroes.juntadeandalucia.es\/ceiplaalcazaba\/wp-json\/wp\/v2\/media?parent=871"}],"curies":[{"name":"wp","href":"https:\/\/api.w.org\/{rel}","templated":true}]}}