{"id":99,"date":"2015-03-16T07:22:54","date_gmt":"2015-03-16T07:22:54","guid":{"rendered":"http:\/\/blogsaverroes.juntadeandalucia.es\/pre\/ceip\/?page_id=99"},"modified":"2025-09-08T20:49:44","modified_gmt":"2025-09-08T20:49:44","slug":"comedor-escolar","status":"publish","type":"page","link":"https:\/\/blogsaverroes.juntadeandalucia.es\/ceiplaalcazaba\/comedor-escolar\/","title":{"rendered":"Comedor escolar"},"content":{"rendered":"<h4>COMEDOR ESCOLAR<\/h4>\n<h4><a href=\"http:\/\/blogsaverroes.juntadeandalucia.es\/ceiplaalcazaba\/files\/2015\/03\/comida.jpg\"><img fetchpriority=\"high\" decoding=\"async\" class=\"aligncenter wp-image-238 \" src=\"http:\/\/blogsaverroes.juntadeandalucia.es\/ceiplaalcazaba\/files\/2015\/03\/comida.jpg\" alt=\"\" width=\"582\" height=\"341\"><\/a><\/h4>\n<p>Este curso se nos ha concedido el servicio de comedor escolar tras varios a\u00f1os de solicitudes por nuestra parte. Tan pronto como se nos informe del comienzo de este servicio se lo haremos saber inmediatamente.<\/p>\n<p>Los comedores escolares son un servicio complementario que resulta de gran utilidad a padres y madres para ayudarles a&nbsp;conciliar la vida laboral y familiar. Tienen una duraci\u00f3n de hasta dos horas desde que acaba la jornada escolar de la ma\u00f1ana (de 14.00 a 16.00 horas).<\/p>\n<p>Los comedores son adem\u00e1s una pieza importante&nbsp;en todas las medidas dirigidas a mejorar los h\u00e1bitos alimenticios de los ni\u00f1os y ni\u00f1as y prevenir problemas de salud como la obesidad.<\/p>\n<p>Los comedores escolares de los centros p\u00fablicos andaluces promueven una alimentaci\u00f3n saludable que est\u00e1 supervisada por nutricionistas y que, entre otros aspectos, se caracteriza por:<\/p>\n<p>Una mayor proporci\u00f3n de verdura en los men\u00fas<\/p>\n<p>Fruta fresca como postre al menos cuatro d\u00edas a la semana<\/p>\n<p>Uso de aceite de oliva virgen extra<\/p>\n<p>M\u00e1s pescado que carne, que debe ser magra<\/p>\n<p>Prohibici\u00f3n de los alimentos precocinados y limitaci\u00f3n de los fritos<\/p>\n<p>Apuesta por la dieta mediterr\u00e1nea y los productos ecol\u00f3gicos<\/p>\n<p>&nbsp;<\/p>\n","protected":false},"excerpt":{"rendered":"<p>COMEDOR ESCOLAR Este curso se nos ha concedido el servicio de comedor escolar tras varios a\u00f1os de solicitudes por nuestra parte. Tan pronto como se nos informe del comienzo de este servicio se lo haremos saber inmediatamente. Los comedores escolares son un servicio complementario que resulta de gran utilidad a padres y madres para ayudarles &hellip; <a href=\"https:\/\/blogsaverroes.juntadeandalucia.es\/ceiplaalcazaba\/comedor-escolar\/\" class=\"more-link\">Sigue leyendo <span class=\"screen-reader-text\">Comedor escolar<\/span><\/a><\/p>\n","protected":false},"author":1,"featured_media":0,"parent":0,"menu_order":0,"comment_status":"closed","ping_status":"open","template":"","meta":{"_exactmetrics_skip_tracking":false,"_exactmetrics_sitenote_active":false,"_exactmetrics_sitenote_note":"","_exactmetrics_sitenote_category":0,"ngg_post_thumbnail":0,"footnotes":"","_mc_calendar":[]},"aioseo_notices":[],"_links":{"self":[{"href":"https:\/\/blogsaverroes.juntadeandalucia.es\/ceiplaalcazaba\/wp-json\/wp\/v2\/pages\/99"}],"collection":[{"href":"https:\/\/blogsaverroes.juntadeandalucia.es\/ceiplaalcazaba\/wp-json\/wp\/v2\/pages"}],"about":[{"href":"https:\/\/blogsaverroes.juntadeandalucia.es\/ceiplaalcazaba\/wp-json\/wp\/v2\/types\/page"}],"author":[{"embeddable":true,"href":"https:\/\/blogsaverroes.juntadeandalucia.es\/ceiplaalcazaba\/wp-json\/wp\/v2\/users\/1"}],"replies":[{"embeddable":true,"href":"https:\/\/blogsaverroes.juntadeandalucia.es\/ceiplaalcazaba\/wp-json\/wp\/v2\/comments?post=99"}],"version-history":[{"count":6,"href":"https:\/\/blogsaverroes.juntadeandalucia.es\/ceiplaalcazaba\/wp-json\/wp\/v2\/pages\/99\/revisions"}],"predecessor-version":[{"id":4043,"href":"https:\/\/blogsaverroes.juntadeandalucia.es\/ceiplaalcazaba\/wp-json\/wp\/v2\/pages\/99\/revisions\/4043"}],"wp:attachment":[{"href":"https:\/\/blogsaverroes.juntadeandalucia.es\/ceiplaalcazaba\/wp-json\/wp\/v2\/media?parent=99"}],"curies":[{"name":"wp","href":"https:\/\/api.w.org\/{rel}","templated":true}]}}