{"id":141,"date":"2015-03-17T07:13:24","date_gmt":"2015-03-17T07:13:24","guid":{"rendered":"http:\/\/blogsaverroes.juntadeandalucia.es\/pre\/ceip\/?page_id=141"},"modified":"2026-03-01T18:07:34","modified_gmt":"2026-03-01T17:07:34","slug":"escolarizacion","status":"publish","type":"page","link":"https:\/\/blogsaverroes.juntadeandalucia.es\/ceiplaalmohada\/escolarizacion\/","title":{"rendered":"Admisi\u00f3n-Escolarizaci\u00f3n"},"content":{"rendered":"<p style=\"text-align: center\"><a href=\"https:\/\/www.juntadeandalucia.es\/educacion\/portales\/web\/escolarizacion\/infantil-a-bachillerato\" target=\"_blank\" rel=\"noopener noreferrer\"><img loading=\"lazy\" decoding=\"async\" class=\"alignnone wp-image-2480 size-medium\" src=\"https:\/\/blogsaverroes.juntadeandalucia.es\/ceiplaalmohada\/files\/2021\/03\/admisi\u00f3n-2021_2022-300x111.jpg\" alt=\"Proceso Admisi\u00f3n curso 2024_2025\" width=\"300\" height=\"111\" srcset=\"https:\/\/blogsaverroes.juntadeandalucia.es\/ceiplaalmohada\/files\/2021\/03\/admisi\u00f3n-2021_2022-300x111.jpg 300w, https:\/\/blogsaverroes.juntadeandalucia.es\/ceiplaalmohada\/files\/2021\/03\/admisi\u00f3n-2021_2022-768x284.jpg 768w, https:\/\/blogsaverroes.juntadeandalucia.es\/ceiplaalmohada\/files\/2021\/03\/admisi\u00f3n-2021_2022-600x220.jpg 600w, https:\/\/blogsaverroes.juntadeandalucia.es\/ceiplaalmohada\/files\/2021\/03\/admisi\u00f3n-2021_2022.jpg 851w\" sizes=\"(max-width: 300px) 100vw, 300px\" \/><\/a><\/p>\n<p>Esta secci\u00f3n contiene informaci\u00f3n de utilidad para las familias a la hora de de iniciar el proceso de escolarizaci\u00f3n: plazos, documentos, normativa, enlaces, etc.<\/p>\n<header class=\"entry-header cf\">\n<h1 class=\"entry-title\"><a href=\"https:\/\/www.juntadeandalucia.es\/organismos\/educacionydeporte\/areas\/ensenanzas-escolarizacion\/educacion-primaria.html\">Admisi\u00f3n Curso 2026-2027<\/a><\/h1>\n<\/header>\n<div class=\"entry-content cf\">\n<h4><strong>Documentaci\u00f3n inicial (Marzo 2026)<\/strong><\/h4>\n<ul>\n<li><a href=\"https:\/\/blogsaverroes.juntadeandalucia.es\/ceiplaalmohada\/files\/2025\/03\/mapa-area-influencia_2025_18911_I_P_01.pdf\">mapa_del_area_de_influencia<\/a><\/li>\n<li><a href=\"https:\/\/blogsaverroes.juntadeandalucia.es\/ceiplaalmohada\/files\/2025\/03\/callejero_area_influencia_2025_18911_I_P_01_VIALES.pdf\">Callejero_del_area_de_influencia.<\/a><\/li>\n<li>Informaci\u00f3n inicial y oferta de vacantes .<\/li>\n<\/ul>\n<h4><strong>Solicitudes y Baremo<br \/>\n<\/strong><\/h4>\n<ul>\n<li><a href=\"https:\/\/www.juntadeandalucia.es\/educacion\/portales\/web\/escolarizacion\/infantil-a-bachillerato\/autobaremo\" target=\"_blank\" rel=\"noopener noreferrer\">Autobaremo<\/a>.<\/li>\n<li>Publicaci\u00f3n relaci\u00f3n baremada de alumnos y alumnas solicitantes<strong>: 17 al 20 de abril<\/strong>. Consultar en el tabl\u00f3n de informaci\u00f3n del centro.<\/li>\n<\/ul>\n<h6>De conformidad con lo establecido en el art\u00edculo 23.1 de la Orden de 20 de febrero de 2020, por la que se desarrolla el procedimiento de admisi\u00f3n del alumnado en los centros docentes p\u00fablicos y privados concertados para cursar las ense\u00f1anzas de segundo ciclo de educaci\u00f3n infantil, educaci\u00f3n primaria, educaci\u00f3n especial, educaci\u00f3n secundaria obligatoria y bachillerato, se tendr\u00e1 10 d\u00edas lectivos <strong>desde el 21 de abril de 2025 para proceder al tr\u00e1mite de audiencia<\/strong>, pudiendo las personas interesadas formular las alegaciones que estimen conveniente ante el Director de este Centro.<\/h6>\n<h4><strong>Resoluci\u00f3n de adjudicaci\u00f3n del procedimiento de admisi\u00f3n<br \/>\n<\/strong><\/h4>\n<ul>\n<li><a title=\"Calendario Portal Escolarizaci\u00f3n Junta de Andaluc\u00eda\" href=\"https:\/\/www.juntadeandalucia.es\/educacion\/portales\/web\/escolarizacion\/infantil-a-bachillerato\/calendario\" target=\"_blank\" rel=\"noopener noreferrer\">Calendario<\/a><\/li>\n<li>Publicaci\u00f3n resultado del sorteo p\u00fablico para dirimir empates: <strong>13 mayo 2026.<br \/>\n<\/strong><\/li>\n<li>Publicaci\u00f3n resoluci\u00f3n del procedimiento de admisi\u00f3n: <strong>14 mayo 2026.<\/strong><\/li>\n<li>Publicaci\u00f3n adjudicaci\u00f3n de plaza escolar al alumnado no admitido en el centro docente elegido como prioritario: <strong>25 mayo 2026.<\/strong><\/li>\n<li>Plazo para la presentaci\u00f3n de recursos de alzada y reclamaciones establecido en el art\u00edculo 48 del Decreto 21\/2020, de 17 de febrero: <strong>Del 26 mayo al 26 de junio de 2026.<\/strong><\/li>\n<\/ul>\n<p>Toda la informaci\u00f3n aportada a continuaci\u00f3n ha sido recopilada del <a href=\"https:\/\/www.juntadeandalucia.es\/educacion\/portales\/web\/escolarizacion\" target=\"_blank\" rel=\"noopener noreferrer\">Portal de Escolarizaci\u00f3n de la Junta de Andaluc\u00eda<\/a>, donde se puede acceder para ampliarla.<\/p>\n<p>Si tiene cualquier duda y no encuentra su respuesta en la secci\u00f3n <a href=\"https:\/\/www.juntadeandalucia.es\/educacion\/portales\/web\/escolarizacion\/infantil-a-bachillerato\/preguntas-frecuentes\" target=\"_blank\" rel=\"noopener noreferrer\">Preguntas frecuentes <\/a>del portal de escolarizaci\u00f3n, puede contactar con nosotros envi\u00e1ndonos un correo electr\u00f3nico&nbsp;&nbsp; con el asunto: \u00abDuda Escolarizaci\u00f3n\u00bb a los correos:<\/p>\n<p style=\"text-align: center\"><span style=\"color: #ff0000\"><strong>18001196.edu@juntadeandalucia.es<\/strong>&nbsp;<\/span><\/p>\n<p style=\"text-align: center\"><span style=\"color: #ff0000\"><strong>secretaria@ceipalmohada.es<\/strong><\/span><\/p>\n<h1>Impresos de admisi\u00f3n:<\/h1>\n<div id=\"yui_patched_v3_11_0_1_1456394651372_392\">\n<div id=\"yui_patched_v3_11_0_1_1456394651372_391\">\n<div id=\"yui_patched_v3_11_0_1_1456394651372_390\">\n<div id=\"yui_patched_v3_11_0_1_1456394651372_389\">\n<div id=\"yui_patched_v3_11_0_1_1456394651372_388\">\n<div id=\"yui_patched_v3_11_0_1_1456394651372_387\">\n<div id=\"yui_patched_v3_11_0_1_1456394651372_386\">\n<ul id=\"yui_patched_v3_11_0_1_1456394651372_385\">\n<li>\n<h1 class=\"titulo\">Tramitaci\u00f3n telem\u00e1tica: <a class=\"ico_enlaceExt\" title=\"Se abre en una nueva ventana\" href=\"https:\/\/www.juntadeandalucia.es\/educacion\/secretariavirtual\/\" target=\"_blank\" rel=\"noopener noreferrer\">Acceso a la Secretar\u00eda Virtual<\/a><\/h1>\n<\/li>\n<li id=\"yui_patched_v3_11_0_1_1456394651372_384\">\n<p id=\"yui_patched_v3_11_0_1_1456394651372_383\"><a href=\"https:\/\/www.juntadeandalucia.es\/educacion\/portales\/web\/escolarizacion\/infantil-a-bachillerato\/impresos\" target=\"_blank\" rel=\"noopener noreferrer\">ANEXO III \u2013 Solicitud de admisi\u00f3n en segundo ciclo de Educaci\u00f3n Infantil, E. Primaria, E,E. Especial, ESO y Bachillerato Impreso_Solicitud_Admision_Anexo_III<\/a><\/p>\n<\/li>\n<li><a href=\"https:\/\/www.juntadeandalucia.es\/educacion\/portales\/web\/escolarizacion\/infantil-a-bachillerato\/impresos\" target=\"_blank\" rel=\"noopener noreferrer\">ANEXO IX \u2013 Solicitud Procedimiento Extraordinario de Admisi\u00f3n. Impreso_proceso_extrordinario_admision<\/a><\/li>\n<li><a href=\"https:\/\/www.juntadeandalucia.es\/educacion\/portales\/web\/escolarizacion\/infantil-a-bachillerato\/impresos\" target=\"_blank\" rel=\"noopener noreferrer\">Todos los IMPRESOS.<\/a><\/li>\n<li>Ante la proximidad del periodo de admisi\u00f3n y matriculaci\u00f3n en nuestro Centro les informamos que la Consejer\u00eda de Educaci\u00f3n y Deporte ha puesto a su disposici\u00f3n para la <strong><span style=\"color: #008000\">TRAMITACI\u00d3N TELEM\u00c1TICA<\/span> <\/strong>en la Secretar\u00eda virtual de los Centros docentes (<a href=\"https:\/\/www.juntadeandalucia.es\/educacion\/secretariavirtual\/accesoTramite\/543\/\" target=\"_blank\" rel=\"noopener noreferrer\">https:\/\/www.juntadeandalucia.es\/educacion\/secretariavirtual\/<\/a>) el acceso para realizar todos los tr\u00e1mites necesarios sin tener que acudir al Centro educativo. Pueden realizarlo mediante el C\u00d3DIGO IANDE que lo tienen en el apartado de mensajes de la aplicaci\u00f3n IPASEN.<\/li>\n<\/ul>\n<\/div>\n<\/div>\n<\/div>\n<\/div>\n<\/div>\n<\/div>\n<\/div>\n<h1 class=\"entry-title\"><a href=\"https:\/\/www.juntadeandalucia.es\/temas\/estudiar\/primaria-eso\/matriculacion.html\">Matriculaci\u00f3n curso 2026-2027&nbsp;<\/a><\/h1>\n<\/div>\n<ul>\n<li>Plazo de matriculaci\u00f3n del alumnado en colegios, para el alumnado de nuevo ingreso o que haya participado en el procedimiento de admisi\u00f3n: del 1 al 8 de junio inclusive.<\/li>\n<li>El plazo para la solicitud de los servicios de Aula Matinal y Comedor, comprender\u00e1 del 1 al 8 junio.<\/li>\n<\/ul>\n<div class=\"entry-content cf\">\n<h1 class=\"titulo\">Tramitaci\u00f3n telem\u00e1tica: <a class=\"ico_enlaceExt\" title=\"Se abre en una nueva ventana\" href=\"https:\/\/www.juntadeandalucia.es\/educacion\/secretariavirtual\/\" target=\"_blank\" rel=\"noopener noreferrer\">Acceso a la Secretar\u00eda Virtual<\/a><\/h1>\n<h1><a href=\"http:\/\/www.juntadeandalucia.es\/educacion\/portals\/web\/escolarizacion\/infantil-a-bachillerato\/sobre-matricula\">Sobre Matr\u00edcula Electr\u00f3nico.<\/a><\/h1>\n<div class=\"inner-item\">\n<div class=\"miniportlet_contenidoweb\">\n<div class=\"inner_cuerpo\">\n<h4>Descargue la app iEscolariza&nbsp;<\/h4>\n<ul>\n<li><a href=\"https:\/\/itunes.apple.com\/es\/app\/iescolariza\/id606516551?mt=8\" target=\"_blank\" rel=\"noopener noreferrer\">iEscolariza App Store<\/a><\/li>\n<li><a href=\"https:\/\/play.google.com\/store\/apps\/details?id=es.juntadeandalucia.ced.escolarizacion&amp;hl=es\" target=\"_blank\" rel=\"noopener noreferrer\">iEscolariza Google Play<\/a><\/li>\n<\/ul>\n<h4>Consulte centros y \u00e1reas de influencia<\/h4>\n<\/div>\n<\/div>\n<\/div>\n<ul>\n<li><a href=\"http:\/\/www.juntadeandalucia.es\/educacion\/educasig\/escolarizacion\/\" target=\"_blank\" rel=\"noopener noreferrer\">Enlace a EducaSIG.<\/a><\/li>\n<\/ul>\n<p><strong>Normativa<\/strong><\/p>\n<ul class=\"listado\">\n<li>\n<p style=\"text-align: justify\"><a href=\"https:\/\/www.juntadeandalucia.es\/educacion\/portales\/documents\/270701\/3360816\/Instrucciones%20escolarizaci%C3%B3n%202026-2027.pdf\/510b87f0-49ee-ccde-19ce-d6690cc84e89?version=1.0\">Instrucciones de 23 de febrero de 2026, de la viceconsejer\u00eda, sobre los procedimientos de admisi\u00f3n y matriculaci\u00f3n del alumnado en los centros&nbsp; docentes sostenidos con fondos p\u00fablicos para el curso escolar 2026\/27.<\/a><\/p>\n<\/li>\n<li style=\"text-align: justify\"><a href=\"https:\/\/www.juntadeandalucia.es\/educacion\/portales\/web\/inspeccion-educativa\/w\/instrucciones-de-25-de-febrero-de-2025-de-la-viceconsejeria-sobre-los-procedimientos-de-admision-y-matriculacion-del-alumnado-en-los-centros-docentes-sostenidos-con-fondos-publicos-para-el-curso-2025\/26?redirect=%2Feducacion%2Fportales%2Fweb%2Fescolarizacion%2Finfantil-a-bachillerato%2Fnormativa\">Instrucciones de 25 de febrero de 2025, de la Viceconsejer\u00eda, sobre los procedimientos de admisi\u00f3n y matriculaci\u00f3n del alumnado en los centros docentes sostenidos con fondos p\u00fablicos para el curso 2025\/26<\/a><\/li>\n<li><a href=\"https:\/\/blogsaverroes.juntadeandalucia.es\/ceiplaalmohada\/files\/2024\/03\/BOJA24-029-00001-40624-01_00296755.pdf\">Resoluci\u00f3n de 2 de febrero de 2024,<\/a> de la Direcci\u00f3n General de Planificaci\u00f3n, Centros y Ense\u00f1anza Concertada, por la que se establece el calendario de actuaciones del procedimiento ordinario de admisi\u00f3n del alumnado en los centros docentes p\u00fablicos y privados concertados para cursar las ense\u00f1anzas<br \/>\nde segundo ciclo de educaci\u00f3n infantil, educaci\u00f3n primaria, educaci\u00f3n especial, educaci\u00f3n secundaria obligatoria y bachillerato para el curso escolar 2024\/25.<\/li>\n<li><a title=\"Instrucciones de 19 de mayo de 2021, de la Direcci\u00f3n General de Planificaci\u00f3n y Centros, sobre la matriculaci\u00f3n del alumnado en Segundo Ciclo de Educaci\u00f3n Infantil, Educaci\u00f3n Primaria, Educaci\u00f3n Especial, Educaci\u00f3n Secundaria Obligatoria y Bachillerato en los centros docentes p\u00fablicos y privados concertados para el curso escolar 2021\/22\" href=\"https:\/\/www.juntadeandalucia.es\/educacion\/portals\/web\/escolarizacion\/novedades\/-\/normativas\/detalle\/instrucciones-de-19-de-mayo-de-2021-de-la-direccion-general-de-planificacion-y-centros-sobre-la-matriculacion-del\">Instrucciones de 19 de mayo de 2021, de la Direcci\u00f3n General de Planificaci\u00f3n y Centros, sobre la matriculaci\u00f3n del alumnado en Segundo Ciclo de Educaci\u00f3n Infantil, Educaci\u00f3n Primaria, Educaci\u00f3n Especial, Educaci\u00f3n Secundaria Obligatoria y Bachillerato en los centros docentes p\u00fablicos y privados concertados para el curso escolar 2021\/22 <\/a><\/li>\n<li><a href=\"https:\/\/blogsaverroes.juntadeandalucia.es\/ceiplaalmohada\/files\/2021\/03\/Resolucion15febrero2021CalendarioEscolarizacion.pdf\">Resoluci\u00f3n de 15 de febrero de 2021,<\/a> de la Direcci\u00f3n General de Planificaci\u00f3n y Centros, por la que se establece el calendario de actuaciones del procedimiento ordinario de admisi\u00f3n del alumnado en los centros docentes p\u00fablicos y privados concertados para cursar las ense\u00f1anzas de segundo ciclo de educaci\u00f3n infantil, educaci\u00f3n primaria, educaci\u00f3n especial, educaci\u00f3n secundaria obligatoria y bachillerato para el curso escolar 2021\/22, y se modifica el modelo de solicitud.<\/li>\n<li><a href=\"https:\/\/www.adideandalucia.es\/normas\/ordenes\/Orden20febrero2020Escolarizacion.pdf\" target=\"_blank\" rel=\"noopener noreferrer\">ORDEN de 20 de febrero de 2020<\/a>, por la que se desarrolla el procedimiento de admisi\u00f3n del alumnado en los centros docentes p\u00fablicos y privados concertados para cursar las ense\u00f1anzas de segundo ciclo de educaci\u00f3n infantil, educaci\u00f3n primaria, educaci\u00f3n especial, educaci\u00f3n secundaria obligatoria y bachillerato (BOJA 29-02-2020).<\/li>\n<li><a title=\"Decreto 9\/2017, de 31 de enero, por el que se modifica el Decreto 40\/2011, de 22 de febrero, por el que se regulan los criterios y el procedimiento de admisi\u00f3n del alumnado en los centros docentes p\u00fablicos y privados concertados para cursar las ense\u00f1anzas de segundo ciclo de educaci\u00f3n infantil, educaci\u00f3n primaria, educaci\u00f3n especial, educaci\u00f3n secundaria obligatoria y bachillerato.\" href=\"https:\/\/www.juntadeandalucia.es\/boja\/2020\/34\/1\">Decreto 21\/2020, de 17 de febrero por el que se regulan los criterios y el procedimiento de admisi\u00f3n del alumnado en los centros docentes p\u00fablicos y privados concertados para cursar las ense\u00f1anzas de segundo ciclo de educaci\u00f3n infantil, educaci\u00f3n primaria, educaci\u00f3n especial, educaci\u00f3n secundaria obligatoria y bachillerato. <\/a><\/li>\n<li class=\"item item_listado clearfix item\">\n<p class=\"titulo\"><a title=\"20180301_Resolucion15enero18\" href=\"http:\/\/www.juntadeandalucia.es\/averroes\/centros-tic\/18700013\/helvia\/sitio\/upload\/20180301_Resolucion_15_enero_2018.pdf\" target=\"_blank\" rel=\"noopener noreferrer\">Resoluci\u00f3n de 15 de enero de 2018, de la Direcci\u00f3n General de Planificaci\u00f3n y Centros, por la que se establece el calendario de actuaciones del procedimiento ordinario de admisi\u00f3n del alumnado en los centros docentes p\u00fablicos y privados concertados para cursar las ense\u00f1anzas de segundo ciclo de educaci\u00f3n infantil, educaci\u00f3n primaria, educaci\u00f3n especial, educaci\u00f3n secundaria obligatoria y bachillerato para el curso escolar 2018\/19.<\/a><\/p>\n<div class=\"inner-item\">\n<p class=\"titulo\">&nbsp;<\/p>\n<\/div>\n<\/li>\n<\/ul>\n<p><strong>Normativa adicional<\/strong><\/p>\n<ul class=\"listado\">\n<li class=\"item item_listado clearfix item\">\n<div class=\"inner-item\">\n<p class=\"titulo\"><a title=\"Esta normativa ha sido modificada: Orden de 24 de febrero de 2011, por la que se desarrolla el procedimiento de admisi\u00f3n del alumnado en los centros docentes p\u00fablicos y privados concertados para cursar las ense\u00f1anzas de segundo ciclo de educaci\u00f3n infantil, educaci\u00f3n primaria, educaci\u00f3n especial, educaci\u00f3n secundaria obligatoria y bachillerato.\" href=\"http:\/\/portals.ced.junta-andalucia.es\/educacion\/portals\/web\/escolarizacion\/infantil-a-bachillerato\/normativa\/-\/normativas\/detalle\/orden-de-24-de-febrero-de-2011-por-la-que-se-desarrolla-el-procedimiento-de-admision-del-alumnado-3\"> Orden de 24 de febrero de 2011, por la que se desarrolla el procedimiento de admisi\u00f3n del alumnado en los centros docentes p\u00fablicos y privados concertados para cursar las ense\u00f1anzas de segundo ciclo de educaci\u00f3n infantil, educaci\u00f3n primaria, educaci\u00f3n especial, educaci\u00f3n secundaria obligatoria y bachillerato. <\/a><\/p>\n<\/div>\n<\/li>\n<li class=\"item item_listado clearfix item\">\n<div class=\"inner-item\">\n<p class=\"titulo\"><a title=\"Correcci\u00f3n de errores de la Orden de 24 de febrero de 2011, por la que se desarrolla el procedimiento de admisi\u00f3n del alumnado en los centros docentes p\u00fablicos y privados concertados para cursar las ense\u00f1anzas de segundo ciclo de educaci\u00f3n infantil, educaci\u00f3n primaria, educaci\u00f3n especial, educaci\u00f3n secundaria obligatoria y bachillerato (BOJA n\u00fam. 40, de 25.2.2011).\" href=\"http:\/\/portals.ced.junta-andalucia.es\/educacion\/portals\/web\/escolarizacion\/infantil-a-bachillerato\/normativa\/-\/normativas\/detalle\/correccion-de-errores-de-la-orden-de-24-de-febrero-de-2011-por-la-que-se-desarrolla-el\">Correcci\u00f3n de errores de la Orden de 24 de febrero de 2011, por la que se desarrolla el procedimiento de admisi\u00f3n del alumnado en los centros docentes p\u00fablicos y privados concertados para cursar las ense\u00f1anzas de segundo ciclo de educaci\u00f3n infantil, educaci\u00f3n primaria, educaci\u00f3n especial, educaci\u00f3n secundaria obligatoria y bachillerato (BOJA n\u00fam. 40, de 25.2.2011). <\/a><\/p>\n<\/div>\n<\/li>\n<li class=\"item item_listado clearfix item\">\n<div class=\"inner-item\">\n<p class=\"titulo\"><a title=\"Esta normativa ha sido modificada: Decreto 40\/2011, de 22 de febrero, por el que se regulan los criterios y el procedimiento de admisi\u00f3n del alumnado en los centros docentes p\u00fablicos y privados concertados para cursar las ense\u00f1anzas de segundo ciclo de educaci\u00f3n infantil, educaci\u00f3n primaria, educaci\u00f3n especial, educaci\u00f3n secundaria obligatoria y bachillerato. (BOJA 25-02-2011)\" href=\"http:\/\/portals.ced.junta-andalucia.es\/educacion\/portals\/web\/escolarizacion\/infantil-a-bachillerato\/normativa\/-\/normativas\/detalle\/decreto-40-2011-de-22-de-febrero-por-el-que-se-regulan-los-criterios-y-el-procedimiento-de-3\">Decreto 40\/2011, de 22 de febrero, por el que se regulan los criterios y el procedimiento de admisi\u00f3n del alumnado en los centros docentes p\u00fablicos y privados concertados para cursar las ense\u00f1anzas de segundo ciclo de educaci\u00f3n infantil, educaci\u00f3n primaria, educaci\u00f3n especial, educaci\u00f3n secundaria obligatoria y bachillerato. (BOJA 25-02-2011) <\/a><\/p>\n<\/div>\n<\/li>\n<li class=\"item item_listado clearfix item\">\n<div class=\"inner-item\">\n<p class=\"titulo\"><a title=\"Correcci\u00f3n de errores al Decreto 40\/2011, de 22 de febrero, por el que se regulan los criterios y el procedimiento de admisi\u00f3n del alumnado en los centros docentes p\u00fablicos y privados concertados para cursar las ense\u00f1anzas de segundo ciclo de educaci\u00f3n infantil, educaci\u00f3n primaria, educaci\u00f3n especial, educaci\u00f3n secundaria obligatoria y bachillerato (BOJA n\u00fam. 40, de 25.2.2011)\" href=\"http:\/\/portals.ced.junta-andalucia.es\/educacion\/portals\/web\/escolarizacion\/infantil-a-bachillerato\/normativa\/-\/normativas\/detalle\/correccion-de-errores-al-decreto-40-2011-de-22-de-febrero-por-el-que-se-regulan-los-criterios-y\"> Correcci\u00f3n de errores al Decreto 40\/2011, de 22 de febrero, por el que se regulan los criterios y el procedimiento de admisi\u00f3n del alumnado en los centros docentes p\u00fablicos y privados concertados para cursar las ense\u00f1anzas de segundo ciclo de educaci\u00f3n infantil, educaci\u00f3n primaria, educaci\u00f3n especial, educaci\u00f3n secundaria obligatoria y bachillerato (BOJA n\u00fam. 40, de 25.2.2011) <\/a><\/p>\n<\/div>\n<\/li>\n<\/ul>\n<\/div>\n<div id=\"ventanamailtotoMail\">\n<div id=\"ventanamailtomodalMail\">\n<div id=\"ventanamailtopopupToModalClose\">&nbsp;<\/div>\n<div id=\"ventanamailtoquestionToModalMailPopup\">What do you want to do ?<\/div>\n<p><a id=\"ventanamailtoopenAppCreateNew\"><\/a>New mail<button id=\"ventanamailtocopyButtonEmailClipboard\">Copy<\/button><textarea id=\"ventanamailtotextCopy\"><\/textarea><\/p>\n<\/div>\n<\/div>\n<div><img><\/div>\n<div id=\"ventanamailtotoMail\">\n<div id=\"ventanamailtomodalMail\">\n<div id=\"ventanamailtopopupToModalClose\">&nbsp;<\/div>\n<div id=\"ventanamailtoquestionToModalMailPopup\">What do you want to do ?<\/div>\n<p><a id=\"ventanamailtoopenAppCreateNew\"><\/a>New mail<button id=\"ventanamailtocopyButtonEmailClipboard\">Copy<\/button><textarea id=\"ventanamailtotextCopy\"><\/textarea><\/p>\n<\/div>\n<\/div>\n<div><img><\/div>\n","protected":false},"excerpt":{"rendered":"<p>Esta secci\u00f3n contiene informaci\u00f3n de utilidad para las familias a la hora de de iniciar el proceso de escolarizaci\u00f3n: plazos, documentos, normativa, enlaces, etc. Admisi\u00f3n Curso 2026-2027 Documentaci\u00f3n inicial (Marzo 2026) mapa_del_area_de_influencia Callejero_del_area_de_influencia. Informaci\u00f3n&#46;&#46;&#46;<\/p>\n","protected":false},"author":1,"featured_media":2773,"parent":0,"menu_order":0,"comment_status":"closed","ping_status":"open","template":"","meta":{"ngg_post_thumbnail":0,"footnotes":"","_mc_calendar":[]},"aioseo_notices":[],"_links":{"self":[{"href":"https:\/\/blogsaverroes.juntadeandalucia.es\/ceiplaalmohada\/wp-json\/wp\/v2\/pages\/141"}],"collection":[{"href":"https:\/\/blogsaverroes.juntadeandalucia.es\/ceiplaalmohada\/wp-json\/wp\/v2\/pages"}],"about":[{"href":"https:\/\/blogsaverroes.juntadeandalucia.es\/ceiplaalmohada\/wp-json\/wp\/v2\/types\/page"}],"author":[{"embeddable":true,"href":"https:\/\/blogsaverroes.juntadeandalucia.es\/ceiplaalmohada\/wp-json\/wp\/v2\/users\/1"}],"replies":[{"embeddable":true,"href":"https:\/\/blogsaverroes.juntadeandalucia.es\/ceiplaalmohada\/wp-json\/wp\/v2\/comments?post=141"}],"version-history":[{"count":35,"href":"https:\/\/blogsaverroes.juntadeandalucia.es\/ceiplaalmohada\/wp-json\/wp\/v2\/pages\/141\/revisions"}],"predecessor-version":[{"id":2817,"href":"https:\/\/blogsaverroes.juntadeandalucia.es\/ceiplaalmohada\/wp-json\/wp\/v2\/pages\/141\/revisions\/2817"}],"wp:featuredmedia":[{"embeddable":true,"href":"https:\/\/blogsaverroes.juntadeandalucia.es\/ceiplaalmohada\/wp-json\/wp\/v2\/media\/2773"}],"wp:attachment":[{"href":"https:\/\/blogsaverroes.juntadeandalucia.es\/ceiplaalmohada\/wp-json\/wp\/v2\/media?parent=141"}],"curies":[{"name":"wp","href":"https:\/\/api.w.org\/{rel}","templated":true}]}}